{"id":147437,"date":"2023-09-26T13:08:20","date_gmt":"2023-09-26T11:08:20","guid":{"rendered":"https:\/\/secureus.se\/elslutbleck-step-18-hoger-rattvand-24v-12mm-regel\/"},"modified":"2026-04-23T12:29:29","modified_gmt":"2026-04-23T10:29:29","slug":"elslutbleck-step-18-hoger-rattvand-24v-12mm-regel","status":"publish","type":"product","link":"https:\/\/secureus.se\/no\/elslutbleck-step-18-hoger-rattvand-24v-12mm-regel\/","title":{"rendered":"Elektrisk sluttplate TRINN 18 H\u00f8yre Rett 24V 12mm Rulle"},"content":{"rendered":"<h1>Elektrisk sluttplate TRINN 18 H\u00f8yre Rett 24V 12mm Rulle<\/h1>\n<p>TRINN 18 Secure er en h\u00f8ysikkerhets elektrisk endeplate med h\u00f8yrevendt funksjon for h\u00f8yrehengte d\u00f8rer med 12 mm Modul linjal. Brannklasse E\/EI60, stempelkontakt og 5 meter halogenfri kabel medf\u00f8lger. Bruddstyrke 15 kN.<\/p>\n<p>Elektrisk termineringsplate STEP 18 STEP 18 Secure fra STEPs Secure-serie er en h\u00f8ysikkerhets elektrisk termineringsplate designet for d\u00f8rmilj\u00f8er hvor krav til innbruddsbeskyttelse, brannsikkerhet og driftssikkerhet kombineres.<\/p>\n<p>Denne modellen er tilpasset h\u00f8yrehengte d\u00f8rer og brukes med reguleringsl\u00e5ser med 12 mm stempler i Modul-serien.<\/p>\n<p class=\"\" data-start=\"841\" data-end=\"1171\">Med sin h\u00f8yrevendte funksjon l\u00e5ses den elektriske endeplaten ved str\u00f8mbrudd, noe som gir sikker l\u00e5sing ogs\u00e5 ved str\u00f8mbrudd.<\/p>\n<p class=\"\" data-start=\"841\" data-end=\"1171\">Den er brannklassifisert opp til E\/EI60 og godkjent for l\u00e5sing av sikkerhetsd\u00f8rer opp til RC4, noe som gj\u00f8r den egnet for for eksempel banker, fengsler og offentlige bygg med h\u00f8ye sikkerhetskrav.<\/p>\n<p class=\"\" data-start=\"1173\" data-end=\"1509\">Den elektriske lukkeplaten er utstyrt med en stempelkontakt og en l\u00e5sekontakt som muliggj\u00f8r indikasjon p\u00e5 om d\u00f8ren er \u00e5pen\/lukket og l\u00e5st\/ul\u00e5st, perfekt for integrering i adgangssystemer og alarml\u00f8sninger.<\/p>\n<p class=\"\" data-start=\"1173\" data-end=\"1509\">Den innebygde beskyttelsesdioden, bankesikringen og den medf\u00f8lgende 5 meter halogenfri kabelen s\u00f8rger for en holdbar og sikker installasjon.<\/p>\n<p class=\"\" data-start=\"1511\" data-end=\"1698\">Med en bruddstyrke p\u00e5 15 kN (ca. 1500 kg) og evne til \u00e5 \u00e5pne til tross for listtrykk p\u00e5 opptil 500 kg, tilbyr STEP 18 b\u00e5de sikkerhet og ytelse i h\u00f8ybelastningsd\u00f8rmilj\u00f8er.<\/p>\n<p class=\"\" data-start=\"1700\" data-end=\"1726\"><strong data-start=\"1700\" data-end=\"1726\">Funksjoner og fordeler:<\/strong><\/p>\n<ul data-start=\"1727\" data-end=\"2030\">\n<li class=\"\" data-start=\"1727\" data-end=\"1771\">\n<p class=\"\" data-start=\"1729\" data-end=\"1771\">For kontrolll\u00e5s med 12 mm stempel (Modul-serien)<\/p>\n<\/li>\n<li class=\"\" data-start=\"1772\" data-end=\"1816\">\n<p class=\"\" data-start=\"1774\" data-end=\"1816\">H\u00f8yrevendt funksjon \u2013 l\u00e5ses ved str\u00f8mbrudd<\/p>\n<\/li>\n<li class=\"\" data-start=\"1817\" data-end=\"1834\">\n<p class=\"\" data-start=\"1819\" data-end=\"1834\">H\u00f8yrehengslet d\u00f8r<\/p>\n<\/li>\n<li class=\"\" data-start=\"1835\" data-end=\"1870\">\n<p class=\"\" data-start=\"1837\" data-end=\"1870\">Brannklasse E\/EI60 \u2013 testet 60 min<\/p>\n<\/li>\n<li class=\"\" data-start=\"1871\" data-end=\"1895\">\n<p class=\"\" data-start=\"1873\" data-end=\"1895\">Stempel og sperrebryter<\/p>\n<\/li>\n<li class=\"\" data-start=\"1896\" data-end=\"1930\">\n<p class=\"\" data-start=\"1898\" data-end=\"1930\">T\u00e5ler st\u00f8petrykk opp til 500 kg<\/p>\n<\/li>\n<li class=\"\" data-start=\"1931\" data-end=\"1954\">\n<p class=\"\" data-start=\"1933\" data-end=\"1954\">Bruddstyrke 15 kN<\/p>\n<\/li>\n<li class=\"\" data-start=\"1955\" data-end=\"1989\">\n<p class=\"\" data-start=\"1957\" data-end=\"1989\">Innebygd beskyttelsesdiode, bankebeskyttelse<\/p>\n<\/li>\n<li class=\"\" data-start=\"1990\" data-end=\"2030\">\n<p class=\"\" data-start=\"1992\" data-end=\"2030\">Leveres med 5 meter halogenfri kabel<\/p>\n<\/li>\n<\/ul>\n<p class=\"\" data-start=\"2032\" data-end=\"2207\"><strong data-start=\"2032\" data-end=\"2055\">Bruksomr\u00e5der:<\/strong><br data-start=\"2055\" data-end=\"2058\" \/>Ideell for sikkerhetsklassifiserte d\u00f8rmilj\u00f8er i offentlige bygninger, industrier, kriminalomsorger og steder hvor h\u00f8y sikkerhet og hyppig passasje er n\u00f8dvendig.<\/p>\n<p class=\"\" data-start=\"2209\" data-end=\"2238\"><strong data-start=\"2209\" data-end=\"2238\">Tekniske spesifikasjoner:<\/strong><\/p>\n<ul data-start=\"2239\" data-end=\"2583\">\n<li class=\"\" data-start=\"2239\" data-end=\"2277\">\n<p class=\"\" data-start=\"2241\" data-end=\"2277\">Driftsspenning: 24 V DC (21,6-27,6 V)<\/p>\n<\/li>\n<li class=\"\" data-start=\"2278\" data-end=\"2310\">\n<p class=\"\" data-start=\"2280\" data-end=\"2310\">Str\u00f8mforbruk: 313 mA ul\u00e5st<\/p>\n<\/li>\n<li class=\"\" data-start=\"2311\" data-end=\"2332\">\n<p class=\"\" data-start=\"2313\" data-end=\"2332\">D\u00f8rhengsel: H\u00f8yre<\/p>\n<\/li>\n<li class=\"\" data-start=\"2333\" data-end=\"2354\">\n<p class=\"\" data-start=\"2335\" data-end=\"2354\">Kabellengde: 5 meter<\/p>\n<\/li>\n<li class=\"\" data-start=\"2355\" data-end=\"2381\">\n<p class=\"\" data-start=\"2357\" data-end=\"2381\">Bruddstyrke: 1500 kg<\/p>\n<\/li>\n<li class=\"\" data-start=\"2382\" data-end=\"2401\">\n<p class=\"\" data-start=\"2384\" data-end=\"2401\">Listetrykk: 500 kg<\/p>\n<\/li>\n<li class=\"\" data-start=\"2402\" data-end=\"2434\">\n<p class=\"\" data-start=\"2404\" data-end=\"2434\">M\u00e5l (BxDxH): 35 x 40 x 230 mm<\/p>\n<\/li>\n<li class=\"\" data-start=\"2435\" data-end=\"2466\">\n<p class=\"\" data-start=\"2437\" data-end=\"2466\">L\u00e5stype: Krokl\u00e5s, L\u00e5sel\u00e5s<\/p>\n<\/li>\n<li class=\"\" data-start=\"2467\" data-end=\"2514\">\n<p class=\"\" data-start=\"2469\" data-end=\"2514\">Stempelkontakt: Mikrobryter, maks. 30V DC \/ 1A<\/p>\n<\/li>\n<li class=\"\" data-start=\"2515\" data-end=\"2543\">\n<p class=\"\" data-start=\"2517\" data-end=\"2543\">Farge\/finish: Rustfritt st\u00e5l<\/p>\n<\/li>\n<li class=\"\" data-start=\"2544\" data-end=\"2583\">\n<p class=\"\" data-start=\"2546\" data-end=\"2583\">Vurderinger: SundaHus, Byggevarevurdering<\/p>\n<\/li>\n<\/ul>","protected":false},"excerpt":{"rendered":"<p>Her kan du se hvilke stolper og modeller som passer sammen fra STEP-serien med elektriske d\u00f8rstoppere.<\/p>\n<h5><strong><a href=\"https:\/\/steplock.com\/sv\/stolpguide\/#!?lang=sv&amp;blog_id=1&amp;paged=1&amp;number=50\" target=\"_blank\" rel=\"noopener\">TRINN Postveiledning\u00a0<\/a><\/strong><\/h5>\n<h5><strong><a href=\"https:\/\/steplock.com\/sv\/projekteringsguide\/#!?lang=sv&amp;blog_id=1&amp;paged=1&amp;number=999\" target=\"_blank\" rel=\"noopener\">STEP design guide<\/a><\/strong><\/h5>","protected":false},"featured_media":147435,"template":"","meta":{"_acf_changed":false},"product_brand":[],"product_cat":[3355],"product_tag":[4198,4200],"class_list":{"0":"post-147437","1":"product","2":"type-product","3":"status-publish","4":"has-post-thumbnail","6":"product_cat-elslutbleck","7":"product_tag-12v","8":"product_tag-rattvand","9":"product_shipping_class-tunga-paket","10":"pa_brands-step","11":"tm-no-options","13":"first","14":"instock","15":"sale","16":"taxable","17":"shipping-taxable","18":"purchasable","19":"product-type-simple"},"acf":[],"_links":{"self":[{"href":"https:\/\/secureus.se\/no\/wp-json\/wp\/v2\/product\/147437","targetHints":{"allow":["GET"]}}],"collection":[{"href":"https:\/\/secureus.se\/no\/wp-json\/wp\/v2\/product"}],"about":[{"href":"https:\/\/secureus.se\/no\/wp-json\/wp\/v2\/types\/product"}],"wp:featuredmedia":[{"embeddable":true,"href":"https:\/\/secureus.se\/no\/wp-json\/wp\/v2\/media\/147435"}],"wp:attachment":[{"href":"https:\/\/secureus.se\/no\/wp-json\/wp\/v2\/media?parent=147437"}],"wp:term":[{"taxonomy":"product_brand","embeddable":true,"href":"https:\/\/secureus.se\/no\/wp-json\/wp\/v2\/product_brand?post=147437"},{"taxonomy":"product_cat","embeddable":true,"href":"https:\/\/secureus.se\/no\/wp-json\/wp\/v2\/product_cat?post=147437"},{"taxonomy":"product_tag","embeddable":true,"href":"https:\/\/secureus.se\/no\/wp-json\/wp\/v2\/product_tag?post=147437"}],"curies":[{"name":"wp","href":"https:\/\/api.w.org\/{rel}","templated":true}]}}