{"id":147440,"date":"2023-09-26T13:09:58","date_gmt":"2023-09-26T11:09:58","guid":{"rendered":"https:\/\/secureus.se\/elslutbleck-step-60-omvand-24v-kolvkontakt-10m-kabel\/"},"modified":"2026-04-08T16:03:24","modified_gmt":"2026-04-08T14:03:24","slug":"elslutbleck-step-60-omvand-24v-kolvkontakt-10m-kabel","status":"publish","type":"product","link":"https:\/\/secureus.se\/no\/elslutbleck-step-60-omvand-24v-kolvkontakt-10m-kabel\/","title":{"rendered":"Elektrisk sluttstykke STEP 60 Revers 24V Stempelkontakt 10m Kabel"},"content":{"rendered":"<h1>Elektrisk sluttstykke STEP 60 Revers 24V Stempelkontakt 10m Kabel<\/h1>\n<p>STEP 60 Silent er et stilleg\u00e5ende og kraftig elektrisk sluttstykke med reversfunksjon og 10 m kabel. Med stempelkontakt, brannklasse E\/EI120 og h\u00f8y bruddstyrke er den perfekt for d\u00f8rer som brukes ofte og krever lavt st\u00f8yniv\u00e5.<\/p>\n<p>STEP 60 Silent elektrisk sluttstykke er et avansert elektrisk sluttstykke fra STEPs Silent-serie, spesielt utviklet for milj\u00f8er hvor stille og jevn drift er et krav.<\/p>\n<p>Takket v\u00e6re sin robuste konstruksjon og STEPs patenterte Silent-teknologi, leverer den praktisk talt lydl\u00f8s drift, noe som gj\u00f8r den ideell for skoler, kontorer, sykehus eller flerfamilieeiendommer.<\/p>\n<p class=\"\" data-start=\"901\" data-end=\"1236\">Med reversfunksjon \u2013 noe som betyr at d\u00f8ren er ul\u00e5st i spenningsl\u00f8s posisjon \u2013 oppfyller STEP 60 viktige krav til r\u00f8mningsveier og adgangskontrollsystemer.<\/p>\n<p class=\"\" data-start=\"901\" data-end=\"1236\">Produktet er brannklassifisert opp til E\/EI120 og testet i henhold til SS-EN 14846:2008. Den t\u00e5ler stripetrykk p\u00e5 opptil 100 kg og har en imponerende bruddstyrke p\u00e5 16 kN (ca. 1600 kg).<\/p>\n<p class=\"\" data-start=\"1238\" data-end=\"1552\">Den er utstyrt med innebygd stempel og l\u00e5sekontakt, som gir statusindikasjon for \u00e5pne\/lukkede og l\u00e5ste\/ul\u00e5ste posisjoner \u2013 perfekt for integrasjon med alarmer eller adgangskontroll.<\/p>\n<p class=\"\" data-start=\"1238\" data-end=\"1552\">Den er manipulasjonssikker, har innebygget beskyttelsesdiode og leveres med 10 meter halogenfri tilkoblingskabel for fleksibel installasjon.<\/p>\n<p class=\"\" data-start=\"1554\" data-end=\"1580\"><strong data-start=\"1554\" data-end=\"1580\">Funksjoner og fordeler:<\/strong><\/p>\n<ul data-start=\"1581\" data-end=\"1911\">\n<li class=\"\" data-start=\"1581\" data-end=\"1617\">\n<p class=\"\" data-start=\"1583\" data-end=\"1617\">Reverseringsfunksjon (l\u00e5st opp uten str\u00f8m)<\/p>\n<\/li>\n<li class=\"\" data-start=\"1618\" data-end=\"1656\">\n<p class=\"\" data-start=\"1620\" data-end=\"1656\">Stilleg\u00e5ende teknologi for stille og jevn kj\u00f8ring<\/p>\n<\/li>\n<li class=\"\" data-start=\"1657\" data-end=\"1677\">\n<p class=\"\" data-start=\"1659\" data-end=\"1677\">Brannklasse E\/EI120<\/p>\n<\/li>\n<li class=\"\" data-start=\"1678\" data-end=\"1708\">\n<p class=\"\" data-start=\"1680\" data-end=\"1708\">Stempelkontakt og l\u00e5sekontakt<\/p>\n<\/li>\n<li class=\"\" data-start=\"1709\" data-end=\"1732\">\n<p class=\"\" data-start=\"1711\" data-end=\"1732\">Bruddstyrke 16 kN<\/p>\n<\/li>\n<li class=\"\" data-start=\"1733\" data-end=\"1767\">\n<p class=\"\" data-start=\"1735\" data-end=\"1767\">Klarer stripetrykk opp til 100 kg<\/p>\n<\/li>\n<li class=\"\" data-start=\"1768\" data-end=\"1805\">\n<p class=\"\" data-start=\"1770\" data-end=\"1805\">Innebygd beskyttelsesdiode og bankebeskyttelse<\/p>\n<\/li>\n<li class=\"\" data-start=\"1806\" data-end=\"1839\">\n<p class=\"\" data-start=\"1808\" data-end=\"1839\">10 meter halogenfri kabel f\u00f8lger med<\/p>\n<\/li>\n<li class=\"\" data-start=\"1840\" data-end=\"1872\">\n<p class=\"\" data-start=\"1842\" data-end=\"1872\">Passer til enkle og doble falll\u00e5ser<\/p>\n<\/li>\n<li class=\"\" data-start=\"1873\" data-end=\"1911\">\n<p class=\"\" data-start=\"1875\" data-end=\"1911\">Vendbar for h\u00f8yre og venstre d\u00f8r<\/p>\n<\/li>\n<\/ul>\n<p class=\"\" data-start=\"1913\" data-end=\"2072\"><strong data-start=\"1913\" data-end=\"1936\">Bruksomr\u00e5der:<\/strong><br data-start=\"1936\" data-end=\"1939\" \/>Egnet for milj\u00f8er med h\u00f8ye krav til lavt st\u00f8yniv\u00e5 og sikkerhet \u2013 for eksempel kontorer, skoler, helseinstitusjoner og innganger til leilighetsbygg.<\/p>\n<p class=\"\" data-start=\"2074\" data-end=\"2103\"><strong data-start=\"2074\" data-end=\"2103\">Tekniske spesifikasjoner:<\/strong><\/p>\n<ul data-start=\"2104\" data-end=\"2478\">\n<li class=\"\" data-start=\"2104\" data-end=\"2142\">\n<p class=\"\" data-start=\"2106\" data-end=\"2142\">Driftsspenning: 24 V DC (21,6-27,6 V)<\/p>\n<\/li>\n<li class=\"\" data-start=\"2143\" data-end=\"2187\">\n<p class=\"\" data-start=\"2145\" data-end=\"2187\">Str\u00f8mforbruk: 121 mA ul\u00e5st, maks 250 mA<\/p>\n<\/li>\n<li class=\"\" data-start=\"2188\" data-end=\"2227\">\n<p class=\"\" data-start=\"2190\" data-end=\"2227\">D\u00f8rhengsel: H\u00f8yre\/Venstre (vendbar)<\/p>\n<\/li>\n<li class=\"\" data-start=\"2228\" data-end=\"2250\">\n<p class=\"\" data-start=\"2230\" data-end=\"2250\">Kabellengde: 10 meter<\/p>\n<\/li>\n<li class=\"\" data-start=\"2251\" data-end=\"2277\">\n<p class=\"\" data-start=\"2253\" data-end=\"2277\">Bruddstyrke: 1600 kg<\/p>\n<\/li>\n<li class=\"\" data-start=\"2278\" data-end=\"2297\">\n<p class=\"\" data-start=\"2280\" data-end=\"2297\">Listetrykk: 100 kg<\/p>\n<\/li>\n<li class=\"\" data-start=\"2298\" data-end=\"2332\">\n<p class=\"\" data-start=\"2300\" data-end=\"2332\">Dimensjoner (BxDxH): 28 x 34 x 149,5 mm<\/p>\n<\/li>\n<li class=\"\" data-start=\"2333\" data-end=\"2366\">\n<p class=\"\" data-start=\"2335\" data-end=\"2366\">L\u00e5stype: Enkel og dobbel fold l\u00e5s<\/p>\n<\/li>\n<li class=\"\" data-start=\"2367\" data-end=\"2409\">\n<p class=\"\" data-start=\"2369\" data-end=\"2409\">Stempelkontakt: Mikrobryter, 30 V DC \/ 1 A<\/p>\n<\/li>\n<li class=\"\" data-start=\"2410\" data-end=\"2438\">\n<p class=\"\" data-start=\"2412\" data-end=\"2438\">Farge\/finish: Rustfritt st\u00e5l<\/p>\n<\/li>\n<li class=\"\" data-start=\"2439\" data-end=\"2478\">\n<p class=\"\" data-start=\"2441\" data-end=\"2478\">Vurderinger: SundaHus, Byggevarevurdering<\/p>\n<\/li>\n<\/ul>","protected":false},"excerpt":{"rendered":"<p>Her kan du se hvilke stolper og modeller som passer sammen fra STEP-serien med elektriske d\u00f8rstoppere.<\/p>\n<h5><strong><a href=\"https:\/\/steplock.com\/sv\/stolpguide\/#!?lang=sv&amp;blog_id=1&amp;paged=1&amp;number=50\" target=\"_blank\" rel=\"noopener\">TRINN Postveiledning\u00a0<\/a><\/strong><\/h5>\n<h5><strong><a href=\"https:\/\/steplock.com\/sv\/projekteringsguide\/#!?lang=sv&amp;blog_id=1&amp;paged=1&amp;number=999\" target=\"_blank\" rel=\"noopener\">STEP design guide<\/a><\/strong><\/h5>","protected":false},"featured_media":147439,"template":"","meta":{"_acf_changed":false},"product_brand":[],"product_cat":[3355],"product_tag":[4197,4201],"class_list":{"0":"post-147440","1":"product","2":"type-product","3":"status-publish","4":"has-post-thumbnail","6":"product_cat-elslutbleck","7":"product_tag-24v","8":"product_tag-omvand","9":"product_shipping_class-tunga-paket","10":"pa_brands-step","11":"tm-no-options","13":"first","14":"onbackorder","15":"sale","16":"taxable","17":"shipping-taxable","18":"purchasable","19":"product-type-simple"},"acf":[],"_links":{"self":[{"href":"https:\/\/secureus.se\/no\/wp-json\/wp\/v2\/product\/147440","targetHints":{"allow":["GET"]}}],"collection":[{"href":"https:\/\/secureus.se\/no\/wp-json\/wp\/v2\/product"}],"about":[{"href":"https:\/\/secureus.se\/no\/wp-json\/wp\/v2\/types\/product"}],"wp:featuredmedia":[{"embeddable":true,"href":"https:\/\/secureus.se\/no\/wp-json\/wp\/v2\/media\/147439"}],"wp:attachment":[{"href":"https:\/\/secureus.se\/no\/wp-json\/wp\/v2\/media?parent=147440"}],"wp:term":[{"taxonomy":"product_brand","embeddable":true,"href":"https:\/\/secureus.se\/no\/wp-json\/wp\/v2\/product_brand?post=147440"},{"taxonomy":"product_cat","embeddable":true,"href":"https:\/\/secureus.se\/no\/wp-json\/wp\/v2\/product_cat?post=147440"},{"taxonomy":"product_tag","embeddable":true,"href":"https:\/\/secureus.se\/no\/wp-json\/wp\/v2\/product_tag?post=147440"}],"curies":[{"name":"wp","href":"https:\/\/api.w.org\/{rel}","templated":true}]}}