{"id":147443,"date":"2023-09-26T13:08:18","date_gmt":"2023-09-26T11:08:18","guid":{"rendered":"https:\/\/secureus.se\/elslutbleck-step-92-omstallbar-12v-kolvkontakt\/"},"modified":"2026-03-26T09:46:14","modified_gmt":"2026-03-26T08:46:14","slug":"elslutbleck-step-92-omstallbar-12v-kolvkontakt","status":"publish","type":"product","link":"https:\/\/secureus.se\/no\/elslutbleck-step-92-omstallbar-12v-kolvkontakt\/","title":{"rendered":"Elektrisk sluttstykke TRINN 92 Justerbar 12V Stempelkontakt"},"content":{"rendered":"<h1>Elektrisk sluttstykke TRINN 92 Justerbar 12V Stempelkontakt<\/h1>\n<p class=\"\" data-start=\"465\" data-end=\"921\">STEP 92 er en avansert elektrisk sluttplate fra STEPs Preload-serie, spesialdesignet for d\u00f8rer med dobbeltfallsl\u00e5s.<\/p>\n<p class=\"\" data-start=\"465\" data-end=\"921\">Takket v\u00e6re de to separate dreiepunktene justert for trykkfall og sylinderfall, tilbyr den fleksibel kontroll og elektrisk l\u00e5sing \u2013 perfekt for d\u00f8rer med d\u00f8rautomatikk, brannkrav og trekkh\u00e5ndtak.<\/p>\n<p class=\"\" data-start=\"923\" data-end=\"1272\">Den unike egenskapen til STEP 92 er den individuelt justerbare dreiekassen, der hver del kan konfigureres for h\u00f8yrevendt eller revers funksjon.<\/p>\n<p class=\"\" data-start=\"923\" data-end=\"1272\">Det muliggj\u00f8r f.eks. at d\u00f8ren kan st\u00e5 \u00e5pen i kontortiden og samtidig v\u00e6re branngodkjent opp til klasse E\/EI120 - noe som gj\u00f8r den ideell i f.eks. skoler, sykehus, kontorer og offentlige milj\u00f8er.<\/p>\n<p class=\"\" data-start=\"1274\" data-end=\"1614\">Med innebygget stempelkontakt i begge svingkassene kan statusen til d\u00f8ren overv\u00e5kes (\u00e5pne\/lukkes), noe som gj\u00f8r STEP 92 kompatibel med adgangssystemer og brannalarmer.<\/p>\n<p class=\"\" data-start=\"1274\" data-end=\"1614\">Den har en bruddstyrke p\u00e5 1200 kg, HPR\u00ae stripetrykkteknologi som h\u00e5ndterer trykk opp til 250 kg og leverer langsiktig ytelse med fabrikktestet 1,5 millioner sykluser.<\/p>\n<p class=\"\" data-start=\"1616\" data-end=\"1743\">STEP 92 er vendbar, slagsikker, har innebygget beskyttelsesdiode og passer til l\u00e5sehus i Connect, Modul og Narrow Profile-serien.<\/p>\n<p class=\"\" data-start=\"1750\" data-end=\"1776\"><strong data-start=\"1750\" data-end=\"1776\">Funksjoner og fordeler:<\/strong><\/p>\n<ul data-start=\"1777\" data-end=\"2121\">\n<li class=\"\" data-start=\"1777\" data-end=\"1828\">\n<p class=\"\" data-start=\"1779\" data-end=\"1828\">To separate vrikasser - tilpasset doble koffertl\u00e5ser<\/p>\n<\/li>\n<li class=\"\" data-start=\"1829\" data-end=\"1868\">\n<p class=\"\" data-start=\"1831\" data-end=\"1868\">Byttbar funksjon (forover\/bakover)<\/p>\n<\/li>\n<li class=\"\" data-start=\"1869\" data-end=\"1900\">\n<p class=\"\" data-start=\"1871\" data-end=\"1900\">Brannklassifisert opp til E\/EI120<\/p>\n<\/li>\n<li class=\"\" data-start=\"1901\" data-end=\"1932\">\n<p class=\"\" data-start=\"1903\" data-end=\"1932\">Stempelkontakt i begge dreiekasser<\/p>\n<\/li>\n<li class=\"\" data-start=\"1933\" data-end=\"1967\">\n<p class=\"\" data-start=\"1935\" data-end=\"1967\">H\u00e5ndterer stripetrykk opp til 250 kg<\/p>\n<\/li>\n<li class=\"\" data-start=\"1968\" data-end=\"1995\">\n<p class=\"\" data-start=\"1970\" data-end=\"1995\">Bruddstyrke: 1.200 kg<\/p>\n<\/li>\n<li class=\"\" data-start=\"1996\" data-end=\"2010\">\n<p class=\"\" data-start=\"1998\" data-end=\"2010\">12V DC drift<\/p>\n<\/li>\n<li class=\"\" data-start=\"2011\" data-end=\"2036\">\n<p class=\"\" data-start=\"2013\" data-end=\"2036\">Beskyttelsesdiode, anti-banke<\/p>\n<\/li>\n<li class=\"\" data-start=\"2037\" data-end=\"2070\">\n<p class=\"\" data-start=\"2039\" data-end=\"2070\">Passer h\u00f8yre og venstre d\u00f8rer<\/p>\n<\/li>\n<li class=\"\" data-start=\"2071\" data-end=\"2121\">\n<p class=\"\" data-start=\"2073\" data-end=\"2121\">Dobbel falll\u00e5s i Connect, Modul, Smalprofil-serien<\/p>\n<\/li>\n<\/ul>\n<p class=\"\" data-start=\"2128\" data-end=\"2345\"><strong data-start=\"2128\" data-end=\"2151\">Bruksomr\u00e5der:<\/strong><br data-start=\"2151\" data-end=\"2154\" \/>Ideell for d\u00f8rer med d\u00f8rautomatikk i milj\u00f8er hvor brannklassifisering og r\u00f8mningsfunksjon kombineres med krav til fleksibilitet, f.eks. kontorer, skoler, helseinstitusjoner og offentlige bygg.<\/p>\n<p class=\"\" data-start=\"2352\" data-end=\"2381\"><strong data-start=\"2352\" data-end=\"2381\">Tekniske spesifikasjoner:<\/strong><\/p>\n<ul data-start=\"2382\" data-end=\"2749\">\n<li class=\"\" data-start=\"2382\" data-end=\"2420\">\n<p class=\"\" data-start=\"2384\" data-end=\"2420\">Driftsspenning: 12 V DC (10,8-13,8 V)<\/p>\n<\/li>\n<li class=\"\" data-start=\"2421\" data-end=\"2465\">\n<p class=\"\" data-start=\"2423\" data-end=\"2465\">Str\u00f8mforbruk: 220 mA ul\u00e5st, maks 600 mA<\/p>\n<\/li>\n<li class=\"\" data-start=\"2466\" data-end=\"2493\">\n<p class=\"\" data-start=\"2468\" data-end=\"2493\">Bruddstyrke: 1.200 kg<\/p>\n<\/li>\n<li class=\"\" data-start=\"2494\" data-end=\"2513\">\n<p class=\"\" data-start=\"2496\" data-end=\"2513\">Strimmeltrykk: 250 kg<\/p>\n<\/li>\n<li class=\"\" data-start=\"2514\" data-end=\"2553\">\n<p class=\"\" data-start=\"2516\" data-end=\"2553\">D\u00f8rhengsel: H\u00f8yre\/Venstre (vendbar)<\/p>\n<\/li>\n<li class=\"\" data-start=\"2554\" data-end=\"2606\">\n<p class=\"\" data-start=\"2556\" data-end=\"2606\">Stempelkontakt: Ja (mikrobryter, maks. 30 V DC \/ 1 A)<\/p>\n<\/li>\n<li class=\"\" data-start=\"2607\" data-end=\"2629\">\n<p class=\"\" data-start=\"2609\" data-end=\"2629\">L\u00e5stype: Dobbel falll\u00e5s<\/p>\n<\/li>\n<li class=\"\" data-start=\"2630\" data-end=\"2662\">\n<p class=\"\" data-start=\"2632\" data-end=\"2662\">M\u00e5l (BxDxH): 25 x 28 x 133 mm<\/p>\n<\/li>\n<li class=\"\" data-start=\"2663\" data-end=\"2691\">\n<p class=\"\" data-start=\"2665\" data-end=\"2691\">Farge\/finish: Rustfritt st\u00e5l<\/p>\n<\/li>\n<li class=\"\" data-start=\"2692\" data-end=\"2709\">\n<p class=\"\" data-start=\"2694\" data-end=\"2709\">Kabel: Ikke inkludert<\/p>\n<\/li>\n<li class=\"\" data-start=\"2710\" data-end=\"2749\">\n<p class=\"\" data-start=\"2712\" data-end=\"2749\">Vurderinger: SundaHus, Byggevarevurdering<\/p>\n<\/li>\n<\/ul>","protected":false},"excerpt":{"rendered":"<p>Her kan du se hvilke stolper og modeller som passer sammen fra STEP-serien med elektriske d\u00f8rstoppere.<\/p>\n<h5><strong><a href=\"https:\/\/steplock.com\/sv\/stolpguide\/#!?lang=sv&amp;blog_id=1&amp;paged=1&amp;number=50\" target=\"_blank\" rel=\"noopener\">TRINN Postveiledning\u00a0<\/a><\/strong><\/h5>\n<h5><strong><a href=\"https:\/\/steplock.com\/sv\/projekteringsguide\/#!?lang=sv&amp;blog_id=1&amp;paged=1&amp;number=999\" target=\"_blank\" rel=\"noopener\">STEP design guide<\/a><\/strong><\/h5>","protected":false},"featured_media":147438,"template":"","meta":{"_acf_changed":false},"product_brand":[],"product_cat":[3355],"product_tag":[4198,4202],"class_list":{"0":"post-147443","1":"product","2":"type-product","3":"status-publish","4":"has-post-thumbnail","6":"product_cat-elslutbleck","7":"product_tag-12v","8":"product_tag-omstallbar-rattvand-omvand","9":"product_shipping_class-tunga-paket","10":"pa_brands-step","11":"tm-no-options","13":"first","14":"instock","15":"sale","16":"taxable","17":"shipping-taxable","18":"purchasable","19":"product-type-simple"},"acf":[],"_links":{"self":[{"href":"https:\/\/secureus.se\/no\/wp-json\/wp\/v2\/product\/147443","targetHints":{"allow":["GET"]}}],"collection":[{"href":"https:\/\/secureus.se\/no\/wp-json\/wp\/v2\/product"}],"about":[{"href":"https:\/\/secureus.se\/no\/wp-json\/wp\/v2\/types\/product"}],"wp:featuredmedia":[{"embeddable":true,"href":"https:\/\/secureus.se\/no\/wp-json\/wp\/v2\/media\/147438"}],"wp:attachment":[{"href":"https:\/\/secureus.se\/no\/wp-json\/wp\/v2\/media?parent=147443"}],"wp:term":[{"taxonomy":"product_brand","embeddable":true,"href":"https:\/\/secureus.se\/no\/wp-json\/wp\/v2\/product_brand?post=147443"},{"taxonomy":"product_cat","embeddable":true,"href":"https:\/\/secureus.se\/no\/wp-json\/wp\/v2\/product_cat?post=147443"},{"taxonomy":"product_tag","embeddable":true,"href":"https:\/\/secureus.se\/no\/wp-json\/wp\/v2\/product_tag?post=147443"}],"curies":[{"name":"wp","href":"https:\/\/api.w.org\/{rel}","templated":true}]}}