{"id":147447,"date":"2023-09-26T13:08:17","date_gmt":"2023-09-26T11:08:17","guid":{"rendered":"https:\/\/secureus.se\/elslutbleck-step-40-omvand-12v\/"},"modified":"2026-04-23T12:32:21","modified_gmt":"2026-04-23T10:32:21","slug":"elslutbleck-step-40-omvand-12v","status":"publish","type":"product","link":"https:\/\/secureus.se\/no\/elslutbleck-step-40-omvand-12v\/","title":{"rendered":"Elektrisk sluttstykke STEP 40 Revers 12V"},"content":{"rendered":"<h1>Elektrisk sluttstykke STEP 40 Revers 12V<\/h1>\n<p class=\"\" data-start=\"403\" data-end=\"872\">STEP 40 Preload fra STEPs Preload-serie er et kompakt, p\u00e5litelig elektrisk sluttstykke som er perfekt for dagl\u00e5sing i d\u00f8rmilj\u00f8er med h\u00f8y \u00e5pningsfrekvens.<\/p>\n<p class=\"\" data-start=\"403\" data-end=\"872\">Denne versjonen har en reversfunksjon, som betyr at det elektriske sluttstykket l\u00e5ses opp i spenningsl\u00f8s stilling \u2013 en funksjon som gj\u00f8r den spesielt egnet for r\u00f8mningsveier og tilgjengelige d\u00f8rer.<\/p>\n<p class=\"\" data-start=\"874\" data-end=\"1218\">Den integrerte HPR\u00ae-teknologien (High Preload Release) garanterer sikker oppl\u00e5sing selv ved stripetrykk p\u00e5 opptil 250 kg, noe som muliggj\u00f8r p\u00e5litelig drift selv med d\u00f8rer under trykk.<\/p>\n<p class=\"\" data-start=\"874\" data-end=\"1218\">Den elektriske sluttplaten har ogs\u00e5 en bruddstyrke p\u00e5 1 200 kg (12 kN) og er testet til 1 500 000 sykluser, noe som garanterer lang levetid.<\/p>\n<p class=\"\" data-start=\"1220\" data-end=\"1430\">Elektrisk sluttplate STEP 40 STEP 40 er vendbar for h\u00f8yre- og venstrehengte d\u00f8rer, manipulasjonssikker og har innebygget beskyttelsesdiode for \u00f8kt holdbarhet.<\/p>\n<p class=\"\" data-start=\"1220\" data-end=\"1430\">Den fleksible utformingen gj\u00f8r monteringen enkel, selv i eksisterende d\u00f8rseksjoner.<\/p>\n<p class=\"\" data-start=\"1437\" data-end=\"1463\"><strong data-start=\"1437\" data-end=\"1463\">Funksjoner og fordeler:<\/strong><\/p>\n<ul data-start=\"1464\" data-end=\"1756\">\n<li class=\"\" data-start=\"1464\" data-end=\"1507\">\n<p class=\"\" data-start=\"1466\" data-end=\"1507\">Reverseringsfunksjon \u2013 l\u00e5ses opp ved str\u00f8mbrudd<\/p>\n<\/li>\n<li class=\"\" data-start=\"1508\" data-end=\"1527\">\n<p class=\"\" data-start=\"1510\" data-end=\"1527\">12V driftsspenning<\/p>\n<\/li>\n<li class=\"\" data-start=\"1528\" data-end=\"1570\">\n<p class=\"\" data-start=\"1530\" data-end=\"1570\">Kompakt format \u2013 ideell for dagl\u00e5sing<\/p>\n<\/li>\n<li class=\"\" data-start=\"1571\" data-end=\"1616\">\n<p class=\"\" data-start=\"1573\" data-end=\"1616\">HPR\u00ae-teknologi \u2013 \u00e5pner til tross for 250 kg stripetrykk<\/p>\n<\/li>\n<li class=\"\" data-start=\"1617\" data-end=\"1644\">\n<p class=\"\" data-start=\"1619\" data-end=\"1644\">Bruddstyrke: 1.200 kg<\/p>\n<\/li>\n<li class=\"\" data-start=\"1645\" data-end=\"1681\">\n<p class=\"\" data-start=\"1647\" data-end=\"1681\">Sl\u00e5sikker med innebygd beskyttelsesdiode<\/p>\n<\/li>\n<li class=\"\" data-start=\"1682\" data-end=\"1718\">\n<p class=\"\" data-start=\"1684\" data-end=\"1718\">Vendbare \u2013 h\u00f8yre og venstre d\u00f8rer<\/p>\n<\/li>\n<li class=\"\" data-start=\"1719\" data-end=\"1756\">\n<p class=\"\" data-start=\"1721\" data-end=\"1756\">Passer b\u00e5de enkelt- og tofl\u00f8yede l\u00e5ser<\/p>\n<\/li>\n<\/ul>\n<p class=\"\" data-start=\"1763\" data-end=\"1938\"><strong data-start=\"1763\" data-end=\"1786\">Bruksomr\u00e5der:<\/strong><br data-start=\"1786\" data-end=\"1789\" \/>Perfekt for d\u00f8rer i kontormilj\u00f8er, helseinstitusjoner, inngangspartier og r\u00f8mningsveier hvor det stilles krav til h\u00f8y tilgjengelighet, sikkerhet og smidig passasje.<\/p>\n<p class=\"\" data-start=\"1945\" data-end=\"1974\"><strong data-start=\"1945\" data-end=\"1974\">Tekniske spesifikasjoner:<\/strong><\/p>\n<ul data-start=\"1975\" data-end=\"2320\">\n<li class=\"\" data-start=\"1975\" data-end=\"2013\">\n<p class=\"\" data-start=\"1977\" data-end=\"2013\">Driftsspenning: 12 V DC (10,8-13,8 V)<\/p>\n<\/li>\n<li class=\"\" data-start=\"2014\" data-end=\"2058\">\n<p class=\"\" data-start=\"2016\" data-end=\"2058\">Str\u00f8mforbruk: 220 mA ul\u00e5st, maks 600 mA<\/p>\n<\/li>\n<li class=\"\" data-start=\"2059\" data-end=\"2098\">\n<p class=\"\" data-start=\"2061\" data-end=\"2098\">D\u00f8rhengsel: H\u00f8yre\/Venstre (vendbar)<\/p>\n<\/li>\n<li class=\"\" data-start=\"2099\" data-end=\"2126\">\n<p class=\"\" data-start=\"2101\" data-end=\"2126\">Bruddstyrke: 1.200 kg<\/p>\n<\/li>\n<li class=\"\" data-start=\"2127\" data-end=\"2146\">\n<p class=\"\" data-start=\"2129\" data-end=\"2146\">Strimmeltrykk: 250 kg<\/p>\n<\/li>\n<li class=\"\" data-start=\"2147\" data-end=\"2182\">\n<p class=\"\" data-start=\"2149\" data-end=\"2182\">L\u00e5stype: Enkel l\u00e5s, Dobbel l\u00e5s<\/p>\n<\/li>\n<li class=\"\" data-start=\"2183\" data-end=\"2214\">\n<p class=\"\" data-start=\"2185\" data-end=\"2214\">M\u00e5l (BxDxH): 25 x 28 x 90 mm<\/p>\n<\/li>\n<li class=\"\" data-start=\"2215\" data-end=\"2233\">\n<p class=\"\" data-start=\"2217\" data-end=\"2233\">Stempelkontakt: Nei<\/p>\n<\/li>\n<li class=\"\" data-start=\"2234\" data-end=\"2251\">\n<p class=\"\" data-start=\"2236\" data-end=\"2251\">Kabel: Ikke inkludert<\/p>\n<\/li>\n<li class=\"\" data-start=\"2252\" data-end=\"2280\">\n<p class=\"\" data-start=\"2254\" data-end=\"2280\">Farge\/finish: Rustfritt st\u00e5l<\/p>\n<\/li>\n<li class=\"\" data-start=\"2281\" data-end=\"2320\">\n<p class=\"\" data-start=\"2283\" data-end=\"2320\">Vurderinger: SundaHus, Byggevarevurdering<\/p>\n<\/li>\n<\/ul>","protected":false},"excerpt":{"rendered":"<p>Her kan du se hvilke stolper og modeller som passer sammen fra STEP-serien med elektriske d\u00f8rstoppere.<\/p>\n<h5><strong><a href=\"https:\/\/steplock.com\/sv\/stolpguide\/#!?lang=sv&amp;blog_id=1&amp;paged=1&amp;number=50\" target=\"_blank\" rel=\"noopener\">TRINN Postveiledning\u00a0<\/a><\/strong><\/h5>\n<h5><strong><a href=\"https:\/\/steplock.com\/sv\/projekteringsguide\/#!?lang=sv&amp;blog_id=1&amp;paged=1&amp;number=999\" target=\"_blank\" rel=\"noopener\">STEP design guide<\/a><\/strong><\/h5>","protected":false},"featured_media":147444,"template":"","meta":{"_acf_changed":false},"product_brand":[],"product_cat":[3355],"product_tag":[4198,4201],"class_list":{"0":"post-147447","1":"product","2":"type-product","3":"status-publish","4":"has-post-thumbnail","6":"product_cat-elslutbleck","7":"product_tag-12v","8":"product_tag-omvand","9":"product_shipping_class-tunga-paket","10":"pa_brands-step","11":"tm-no-options","13":"first","14":"instock","15":"sale","16":"taxable","17":"shipping-taxable","18":"purchasable","19":"product-type-simple"},"acf":[],"_links":{"self":[{"href":"https:\/\/secureus.se\/no\/wp-json\/wp\/v2\/product\/147447","targetHints":{"allow":["GET"]}}],"collection":[{"href":"https:\/\/secureus.se\/no\/wp-json\/wp\/v2\/product"}],"about":[{"href":"https:\/\/secureus.se\/no\/wp-json\/wp\/v2\/types\/product"}],"wp:featuredmedia":[{"embeddable":true,"href":"https:\/\/secureus.se\/no\/wp-json\/wp\/v2\/media\/147444"}],"wp:attachment":[{"href":"https:\/\/secureus.se\/no\/wp-json\/wp\/v2\/media?parent=147447"}],"wp:term":[{"taxonomy":"product_brand","embeddable":true,"href":"https:\/\/secureus.se\/no\/wp-json\/wp\/v2\/product_brand?post=147447"},{"taxonomy":"product_cat","embeddable":true,"href":"https:\/\/secureus.se\/no\/wp-json\/wp\/v2\/product_cat?post=147447"},{"taxonomy":"product_tag","embeddable":true,"href":"https:\/\/secureus.se\/no\/wp-json\/wp\/v2\/product_tag?post=147447"}],"curies":[{"name":"wp","href":"https:\/\/api.w.org\/{rel}","templated":true}]}}