{"id":147462,"date":"2023-09-26T13:08:25","date_gmt":"2023-09-26T11:08:25","guid":{"rendered":"https:\/\/secureus.se\/elslutbleck-step-30-rattvand-24v\/"},"modified":"2026-03-26T09:45:40","modified_gmt":"2026-03-26T08:45:40","slug":"elslutbleck-step-30-rattvand-24v","status":"publish","type":"product","link":"https:\/\/secureus.se\/no\/elslutbleck-step-30-rattvand-24v\/","title":{"rendered":"Elektrisk sluttplate TRINN 30 H\u00f8yrevendt 24V"},"content":{"rendered":"<h1>Elektrisk sluttplate TRINN 30 H\u00f8yrevendt 24V<\/h1>\n<p>STEP 30 Preload er en kompakt elektrisk endeplate med h\u00f8yrevendt funksjon, spesielt tilpasset for \u00e5 erstatte enklere elektriske endeplater i eldre d\u00f8rmilj\u00f8er. Med stripetrykkteknologi, 24V-drift og 500 kg bruddstyrke.<\/p>\n<p>Elektrisk endeplate STEP 30 Preload er en minimal elektrisk endeplate fra STEPs Preload-serie, designet for \u00e5 kunne erstatte enklere elektriske endeplater i eksisterende d\u00f8rmilj\u00f8er uten st\u00f8rre inngrep.<\/p>\n<p>Den kompakte utformingen gj\u00f8r den enkel \u00e5 montere i eldre d\u00f8rseksjoner eller smale utsparinger, mens STEPs patenterte formpressteknologi s\u00f8rger for at d\u00f8ren \u00e5pnes selv n\u00e5r den presses mot d\u00f8rbladet.<\/p>\n<p class=\"\" data-start=\"869\" data-end=\"1170\">Med h\u00f8yrevendt funksjon \u2013 som betyr at l\u00e5sen l\u00e5ses ved str\u00f8mbrudd \u2013 er STEP 30 egnet for rom hvor sikker l\u00e5sing er prioritert.<\/p>\n<p class=\"\" data-start=\"869\" data-end=\"1170\">Den kan h\u00e5ndtere stripetrykk p\u00e5 opptil 40 kg og har en bruddstyrke p\u00e5 5 kN (500 kg), noe som gj\u00f8r den til et p\u00e5litelig valg for enklere indre sikkerhetssoner.<\/p>\n<p class=\"\" data-start=\"1172\" data-end=\"1415\">Den elektriske endeplaten er vendbar for h\u00f8yre- og venstred\u00f8rer og har innebygget beskyttelsesdiode og bankebeskyttelse.<\/p>\n<p class=\"\" data-start=\"1172\" data-end=\"1415\">Den leveres uten stempelkontakt, noe som gj\u00f8r STEP 30 til et fleksibelt og kostnadseffektivt alternativ n\u00e5r indikasjon ikke er n\u00f8dvendig.<\/p>\n<p class=\"\" data-start=\"1417\" data-end=\"1443\"><strong data-start=\"1417\" data-end=\"1443\">Funksjoner og fordeler:<\/strong><\/p>\n<ul data-start=\"1444\" data-end=\"1761\">\n<li class=\"\" data-start=\"1444\" data-end=\"1497\">\n<p class=\"\" data-start=\"1446\" data-end=\"1497\">Kompakt design \u2013 passer til eldre d\u00f8rdeler og utsparinger<\/p>\n<\/li>\n<li class=\"\" data-start=\"1498\" data-end=\"1542\">\n<p class=\"\" data-start=\"1500\" data-end=\"1542\">H\u00f8yrevendt funksjon \u2013 l\u00e5ses ved str\u00f8mbrudd<\/p>\n<\/li>\n<li class=\"\" data-start=\"1543\" data-end=\"1562\">\n<p class=\"\" data-start=\"1545\" data-end=\"1562\">24V driftsspenning<\/p>\n<\/li>\n<li class=\"\" data-start=\"1563\" data-end=\"1608\">\n<p class=\"\" data-start=\"1565\" data-end=\"1608\">Striptrykkteknologi \u2013 \u00e5pner til tross for 40 kg trykk<\/p>\n<\/li>\n<li class=\"\" data-start=\"1609\" data-end=\"1640\">\n<p class=\"\" data-start=\"1611\" data-end=\"1640\">Bruddstyrke 5 kN (500 kg)<\/p>\n<\/li>\n<li class=\"\" data-start=\"1641\" data-end=\"1680\">\n<p class=\"\" data-start=\"1643\" data-end=\"1680\">Antibankbeskyttelse og beskyttelsesdiode integrert<\/p>\n<\/li>\n<li class=\"\" data-start=\"1681\" data-end=\"1723\">\n<p class=\"\" data-start=\"1683\" data-end=\"1723\">Vendbare \u2013 h\u00f8yre- og venstrehengslede d\u00f8rer<\/p>\n<\/li>\n<li class=\"\" data-start=\"1724\" data-end=\"1761\">\n<p class=\"\" data-start=\"1726\" data-end=\"1761\">Egnet for enkle og doble falll\u00e5ser<\/p>\n<\/li>\n<\/ul>\n<p class=\"\" data-start=\"1763\" data-end=\"1934\"><strong data-start=\"1763\" data-end=\"1786\">Bruksomr\u00e5der:<\/strong><br data-start=\"1786\" data-end=\"1789\" \/>Perfekt for kontorer, lager og eldre bygninger hvor det er behov for en enkel oppgradering av eksisterende elektrisk endeplate uten at det g\u00e5r p\u00e5 bekostning av driftssikkerheten.<\/p>\n<p class=\"\" data-start=\"1936\" data-end=\"1965\"><strong data-start=\"1936\" data-end=\"1965\">Tekniske spesifikasjoner:<\/strong><\/p>\n<ul data-start=\"1966\" data-end=\"2308\">\n<li class=\"\" data-start=\"1966\" data-end=\"2004\">\n<p class=\"\" data-start=\"1968\" data-end=\"2004\">Driftsspenning: 24 V DC (21,6-27,6 V)<\/p>\n<\/li>\n<li class=\"\" data-start=\"2005\" data-end=\"2049\">\n<p class=\"\" data-start=\"2007\" data-end=\"2049\">Str\u00f8mforbruk: 110 mA ul\u00e5st, maks 300 mA<\/p>\n<\/li>\n<li class=\"\" data-start=\"2050\" data-end=\"2089\">\n<p class=\"\" data-start=\"2052\" data-end=\"2089\">D\u00f8rhengsel: H\u00f8yre\/Venstre (vendbar)<\/p>\n<\/li>\n<li class=\"\" data-start=\"2090\" data-end=\"2123\">\n<p class=\"\" data-start=\"2092\" data-end=\"2123\">Dimensjoner (BxDxH): 20,5 x 28 x 99 mm<\/p>\n<\/li>\n<li class=\"\" data-start=\"2124\" data-end=\"2149\">\n<p class=\"\" data-start=\"2126\" data-end=\"2149\">Bruddstyrke: 500 kg<\/p>\n<\/li>\n<li class=\"\" data-start=\"2150\" data-end=\"2168\">\n<p class=\"\" data-start=\"2152\" data-end=\"2168\">Listetrykk: 40 kg<\/p>\n<\/li>\n<li class=\"\" data-start=\"2169\" data-end=\"2187\">\n<p class=\"\" data-start=\"2171\" data-end=\"2187\">Stempelkontakt: Nei<\/p>\n<\/li>\n<li class=\"\" data-start=\"2188\" data-end=\"2205\">\n<p class=\"\" data-start=\"2190\" data-end=\"2205\">Kabel: Ikke inkludert<\/p>\n<\/li>\n<li class=\"\" data-start=\"2206\" data-end=\"2239\">\n<p class=\"\" data-start=\"2208\" data-end=\"2239\">L\u00e5stype: Enkel og dobbel fold l\u00e5s<\/p>\n<\/li>\n<li class=\"\" data-start=\"2240\" data-end=\"2268\">\n<p class=\"\" data-start=\"2242\" data-end=\"2268\">Farge\/finish: Rustfritt st\u00e5l<\/p>\n<\/li>\n<li class=\"\" data-start=\"2269\" data-end=\"2308\">\n<p class=\"\" data-start=\"2271\" data-end=\"2308\">Vurderinger: SundaHus, Byggevarevurdering<\/p>\n<\/li>\n<\/ul>","protected":false},"excerpt":{"rendered":"<p>Her kan du se hvilke stolper og modeller som passer sammen fra STEP-serien med elektriske d\u00f8rstoppere.<\/p>\n<h5><strong><a href=\"https:\/\/steplock.com\/sv\/stolpguide\/#!?lang=sv&amp;blog_id=1&amp;paged=1&amp;number=50\" target=\"_blank\" rel=\"noopener\">TRINN Postveiledning\u00a0<\/a><\/strong><\/h5>\n<h5><strong><a href=\"https:\/\/steplock.com\/sv\/projekteringsguide\/#!?lang=sv&amp;blog_id=1&amp;paged=1&amp;number=999\" target=\"_blank\" rel=\"noopener\">STEP design guide<\/a><\/strong><\/h5>","protected":false},"featured_media":147461,"template":"","meta":{"_acf_changed":false},"product_brand":[],"product_cat":[3355],"product_tag":[4197,4200],"class_list":{"0":"post-147462","1":"product","2":"type-product","3":"status-publish","4":"has-post-thumbnail","6":"product_cat-elslutbleck","7":"product_tag-24v","8":"product_tag-rattvand","9":"product_shipping_class-tunga-paket","10":"pa_brands-step","11":"tm-no-options","13":"first","14":"instock","15":"sale","16":"taxable","17":"shipping-taxable","18":"purchasable","19":"product-type-simple"},"acf":[],"_links":{"self":[{"href":"https:\/\/secureus.se\/no\/wp-json\/wp\/v2\/product\/147462","targetHints":{"allow":["GET"]}}],"collection":[{"href":"https:\/\/secureus.se\/no\/wp-json\/wp\/v2\/product"}],"about":[{"href":"https:\/\/secureus.se\/no\/wp-json\/wp\/v2\/types\/product"}],"wp:featuredmedia":[{"embeddable":true,"href":"https:\/\/secureus.se\/no\/wp-json\/wp\/v2\/media\/147461"}],"wp:attachment":[{"href":"https:\/\/secureus.se\/no\/wp-json\/wp\/v2\/media?parent=147462"}],"wp:term":[{"taxonomy":"product_brand","embeddable":true,"href":"https:\/\/secureus.se\/no\/wp-json\/wp\/v2\/product_brand?post=147462"},{"taxonomy":"product_cat","embeddable":true,"href":"https:\/\/secureus.se\/no\/wp-json\/wp\/v2\/product_cat?post=147462"},{"taxonomy":"product_tag","embeddable":true,"href":"https:\/\/secureus.se\/no\/wp-json\/wp\/v2\/product_tag?post=147462"}],"curies":[{"name":"wp","href":"https:\/\/api.w.org\/{rel}","templated":true}]}}