{"id":147466,"date":"2023-09-26T13:08:24","date_gmt":"2023-09-26T11:08:24","guid":{"rendered":"https:\/\/secureus.se\/elslutbleck-step-40-omstallbar-12v\/"},"modified":"2026-04-08T16:17:13","modified_gmt":"2026-04-08T14:17:13","slug":"elslutbleck-step-40-omstallbar-12v","status":"publish","type":"product","link":"https:\/\/secureus.se\/no\/elslutbleck-step-40-omstallbar-12v\/","title":{"rendered":"Elektrisk sluttstykke STEP 40 Justerbar 12V"},"content":{"rendered":"<h1>Elektrisk sluttstykke STEP 40 Justerbar 12V<\/h1>\n<p>STEP 40 Preload er et kompakt og justerbart elektrisk sluttstykke med 12V-drift, HPR-teknologi og h\u00f8y bruddstyrke. Fleksibel funksjon som kan stilles forover eller bakover. Perfekt for d\u00f8rer med h\u00f8ye krav til driftssikkerhet.<\/p>\n<p>STEP 40 Preload elektrisk sluttstykke er et allsidig og p\u00e5litelig elektrisk sluttstykke i STEPs Preload-serie, designet for \u00e5 fungere i krevende d\u00f8rmilj\u00f8er hvor h\u00f8y \u00e5pningsfrekvens og sikker funksjon er viktig.<\/p>\n<p>Denne versjonen kan byttes mellom forover- og reversfunksjon, noe som gj\u00f8r at du enkelt kan velge om l\u00e5sen skal l\u00e5ses eller l\u00e5ses opp ved str\u00f8mbrudd \u2013 uten \u00e5 m\u00e5tte bytte produkt.<\/p>\n<p data-start=\"910\" data-end=\"1301\">STEP 40 er utstyrt med patentert HPR\u00ae-teknologi, som muliggj\u00f8r oppl\u00e5sing selv n\u00e5r d\u00f8ren utsettes for listtrykk p\u00e5 opptil 250 kg. Med en bruddstyrke p\u00e5 1200 kg er den elektriske strikken designet for \u00e5 levere langvarig, sikker funksjon selv under intensiv bruk.<\/p>\n<p data-start=\"910\" data-end=\"1301\">Produktet er fabrikktestet for 1 500 000 sykluser, noe som gj\u00f8r det ideelt for d\u00f8rer med h\u00f8y gjennomstr\u00f8mning.<\/p>\n<p data-start=\"1303\" data-end=\"1529\">Det kompakte formatet og vendbare designen gj\u00f8r monteringen enkel i b\u00e5de h\u00f8yre- og venstrehengte d\u00f8rer.<\/p>\n<p data-start=\"1303\" data-end=\"1529\">Den elektriske sluttplaten er ogs\u00e5 manipulasjonssikker, har innebygget beskyttelsesdiode og passer b\u00e5de enkelt- og dobbell\u00e5s.<\/p>\n<p class=\"\" data-start=\"1531\" data-end=\"1557\"><strong data-start=\"1531\" data-end=\"1557\">Funksjoner og fordeler:<\/strong><\/p>\n<ul data-start=\"1558\" data-end=\"1875\">\n<li class=\"\" data-start=\"1558\" data-end=\"1608\">\n<p class=\"\" data-start=\"1560\" data-end=\"1608\">Vendbar funksjon \u2013 velg forover eller bakover<\/p>\n<\/li>\n<li class=\"\" data-start=\"1609\" data-end=\"1654\">\n<p class=\"\" data-start=\"1611\" data-end=\"1654\">Kompakt og vendbar for h\u00f8yre\/venstre d\u00f8rer<\/p>\n<\/li>\n<li class=\"\" data-start=\"1655\" data-end=\"1674\">\n<p class=\"\" data-start=\"1657\" data-end=\"1674\">12V driftsspenning<\/p>\n<\/li>\n<li class=\"\" data-start=\"1675\" data-end=\"1709\">\n<p class=\"\" data-start=\"1677\" data-end=\"1709\">H\u00e5ndterer stripetrykk opp til 250 kg<\/p>\n<\/li>\n<li class=\"\" data-start=\"1710\" data-end=\"1736\">\n<p class=\"\" data-start=\"1712\" data-end=\"1736\">Bruddstyrke 1.200 kg<\/p>\n<\/li>\n<li class=\"\" data-start=\"1737\" data-end=\"1782\">\n<p class=\"\" data-start=\"1739\" data-end=\"1782\">HPR\u00ae-teknologi \u2013 p\u00e5litelig funksjon selv under press<\/p>\n<\/li>\n<li class=\"\" data-start=\"1783\" data-end=\"1812\">\n<p class=\"\" data-start=\"1785\" data-end=\"1812\">Testet i 1 500 000 sykluser<\/p>\n<\/li>\n<li class=\"\" data-start=\"1813\" data-end=\"1842\">\n<p class=\"\" data-start=\"1815\" data-end=\"1842\">Beskyttelsesdiode og bankebeskyttelse<\/p>\n<\/li>\n<li class=\"\" data-start=\"1843\" data-end=\"1875\">\n<p class=\"\" data-start=\"1845\" data-end=\"1875\">Passer til enkle og doble falll\u00e5ser<\/p>\n<\/li>\n<\/ul>\n<p class=\"\" data-start=\"1877\" data-end=\"2078\"><strong data-start=\"1877\" data-end=\"1900\">Bruksomr\u00e5der:<\/strong><br data-start=\"1900\" data-end=\"1903\" \/>Perfekt for kontorer, offentlige milj\u00f8er og leilighetsbygg der det kreves et kompakt, fleksibelt og p\u00e5litelig elektrisk sluttstykke. Enkel l\u00f8sning for b\u00e5de nyinstallasjon og ettermontering.<\/p>\n<p class=\"\" data-start=\"2080\" data-end=\"2109\"><strong data-start=\"2080\" data-end=\"2109\">Tekniske spesifikasjoner:<\/strong><\/p>\n<ul data-start=\"2110\" data-end=\"2453\">\n<li class=\"\" data-start=\"2110\" data-end=\"2148\">\n<p class=\"\" data-start=\"2112\" data-end=\"2148\">Driftsspenning: 12 V DC (10,8-13,8 V)<\/p>\n<\/li>\n<li class=\"\" data-start=\"2149\" data-end=\"2193\">\n<p class=\"\" data-start=\"2151\" data-end=\"2193\">Str\u00f8mforbruk: 220 mA ul\u00e5st, maks 600 mA<\/p>\n<\/li>\n<li class=\"\" data-start=\"2194\" data-end=\"2233\">\n<p class=\"\" data-start=\"2196\" data-end=\"2233\">D\u00f8rhengsel: H\u00f8yre\/Venstre (vendbar)<\/p>\n<\/li>\n<li class=\"\" data-start=\"2234\" data-end=\"2265\">\n<p class=\"\" data-start=\"2236\" data-end=\"2265\">M\u00e5l (BxDxH): 25 x 28 x 90 mm<\/p>\n<\/li>\n<li class=\"\" data-start=\"2266\" data-end=\"2293\">\n<p class=\"\" data-start=\"2268\" data-end=\"2293\">Bruddstyrke: 1.200 kg<\/p>\n<\/li>\n<li class=\"\" data-start=\"2294\" data-end=\"2313\">\n<p class=\"\" data-start=\"2296\" data-end=\"2313\">Strimmeltrykk: 250 kg<\/p>\n<\/li>\n<li class=\"\" data-start=\"2314\" data-end=\"2331\">\n<p class=\"\" data-start=\"2316\" data-end=\"2331\">Kabel: Ikke inkludert<\/p>\n<\/li>\n<li class=\"\" data-start=\"2332\" data-end=\"2350\">\n<p class=\"\" data-start=\"2334\" data-end=\"2350\">Stempelkontakt: Nei<\/p>\n<\/li>\n<li class=\"\" data-start=\"2351\" data-end=\"2384\">\n<p class=\"\" data-start=\"2353\" data-end=\"2384\">L\u00e5stype: Enkel og dobbel fold l\u00e5s<\/p>\n<\/li>\n<li class=\"\" data-start=\"2385\" data-end=\"2413\">\n<p class=\"\" data-start=\"2387\" data-end=\"2413\">Farge\/finish: Rustfritt st\u00e5l<\/p>\n<\/li>\n<li class=\"\" data-start=\"2414\" data-end=\"2453\">\n<p class=\"\" data-start=\"2416\" data-end=\"2453\">Vurderinger: SundaHus, Byggevarevurdering<\/p>\n<\/li>\n<\/ul>","protected":false},"excerpt":{"rendered":"<p>Her kan du se hvilke stolper og modeller som passer sammen fra STEP-serien med elektriske d\u00f8rstoppere.<\/p>\n<h5><strong><a href=\"https:\/\/steplock.com\/sv\/stolpguide\/#!?lang=sv&amp;blog_id=1&amp;paged=1&amp;number=50\" target=\"_blank\" rel=\"noopener\">TRINN Postveiledning\u00a0<\/a><\/strong><\/h5>\n<h5><strong><a href=\"https:\/\/steplock.com\/sv\/projekteringsguide\/#!?lang=sv&amp;blog_id=1&amp;paged=1&amp;number=999\" target=\"_blank\" rel=\"noopener\">STEP design guide<\/a><\/strong><\/h5>","protected":false},"featured_media":147463,"template":"","meta":{"_acf_changed":false},"product_brand":[],"product_cat":[3355],"product_tag":[4198,4202],"class_list":{"0":"post-147466","1":"product","2":"type-product","3":"status-publish","4":"has-post-thumbnail","6":"product_cat-elslutbleck","7":"product_tag-12v","8":"product_tag-omstallbar-rattvand-omvand","9":"product_shipping_class-tunga-paket","10":"pa_brands-step","11":"tm-no-options","13":"first","14":"onbackorder","15":"sale","16":"taxable","17":"shipping-taxable","18":"purchasable","19":"product-type-simple"},"acf":[],"_links":{"self":[{"href":"https:\/\/secureus.se\/no\/wp-json\/wp\/v2\/product\/147466","targetHints":{"allow":["GET"]}}],"collection":[{"href":"https:\/\/secureus.se\/no\/wp-json\/wp\/v2\/product"}],"about":[{"href":"https:\/\/secureus.se\/no\/wp-json\/wp\/v2\/types\/product"}],"wp:featuredmedia":[{"embeddable":true,"href":"https:\/\/secureus.se\/no\/wp-json\/wp\/v2\/media\/147463"}],"wp:attachment":[{"href":"https:\/\/secureus.se\/no\/wp-json\/wp\/v2\/media?parent=147466"}],"wp:term":[{"taxonomy":"product_brand","embeddable":true,"href":"https:\/\/secureus.se\/no\/wp-json\/wp\/v2\/product_brand?post=147466"},{"taxonomy":"product_cat","embeddable":true,"href":"https:\/\/secureus.se\/no\/wp-json\/wp\/v2\/product_cat?post=147466"},{"taxonomy":"product_tag","embeddable":true,"href":"https:\/\/secureus.se\/no\/wp-json\/wp\/v2\/product_tag?post=147466"}],"curies":[{"name":"wp","href":"https:\/\/api.w.org\/{rel}","templated":true}]}}