{"id":147484,"date":"2023-09-26T13:08:09","date_gmt":"2023-09-26T11:08:09","guid":{"rendered":"https:\/\/secureus.se\/elslutbleck-step-28e-vanster-rattvand-24v-7mm-regel\/"},"modified":"2026-04-23T12:38:59","modified_gmt":"2026-04-23T10:38:59","slug":"elslutbleck-step-28e-vanster-rattvand-24v-7mm-regel","status":"publish","type":"product","link":"https:\/\/secureus.se\/no\/elslutbleck-step-28e-vanster-rattvand-24v-7mm-regel\/","title":{"rendered":"Elektrisk sluttstykke STEP 28E Venstre H\u00f8yre 24V 7mm Rulle"},"content":{"rendered":"<h1>Elektrisk sluttstykke STEP 28E Venstre H\u00f8yre 24V 7mm Rulle<\/h1>\n<p>TRINN 28E Sikker elektrisk sluttstykke med h\u00f8yrehendt funksjon for venstrehengte d\u00f8rer. For 7 mm Koblingsbolt, brannklasse E\/EI60, stempelkontakt og 5 m halogenfri kabel.<\/p>\n<p class=\"\" data-start=\"247\" data-end=\"625\">STEP 28E Secure elektrisk sluttstykke er et avansert elektrisk sluttstykke som kombinerer h\u00f8y sikkerhet med funksjonalitet for r\u00f8mningsd\u00f8rer og d\u00f8rautomatikk.<\/p>\n<p class=\"\" data-start=\"247\" data-end=\"625\">Produktet brukes sammen med en l\u00e5sel\u00e5s eller l\u00e5sel\u00e5s hvor skyvel\u00e5sen s\u00f8rger for at d\u00f8ren alltid holdes lukket.<\/p>\n<p class=\"\" data-start=\"247\" data-end=\"625\">Den er spesielt tilpasset venstrehengte d\u00f8rer med 7 mm bolt i Connect-serien.<\/p>\n<p class=\"\" data-start=\"627\" data-end=\"896\">Med h\u00f8yreh\u00e5ndsfunksjonen l\u00e5ses den elektriske sluttplaten i spenningsl\u00f8s stilling, noe som gir h\u00f8y sikkerhet mot inntrenging ogs\u00e5 ved str\u00f8mbrudd.<\/p>\n<p class=\"\" data-start=\"627\" data-end=\"896\">STEP 28E er godkjent etter brannklasse E\/EI60 og monteres ofte sammen med r\u00f8mningsl\u00e5s etter SS-EN 179 \u2013 et krav i mange moderne d\u00f8rmilj\u00f8er.<\/p>\n<p class=\"\" data-start=\"898\" data-end=\"1181\">Innebygd stempelkontakt og l\u00e5sekontakt muliggj\u00f8r statusoverv\u00e5king av d\u00f8rens posisjon og l\u00e5sestatus, noe som gj\u00f8r den enkel \u00e5 integrere med adgangskontrollsystemer og alarmsystemer.<\/p>\n<p class=\"\" data-start=\"898\" data-end=\"1181\">Produktet har en bruddstyrke p\u00e5 over 15 kN og t\u00e5ler et stripetrykk p\u00e5 500 kg i b\u00e5de forover- og reversfunksjon.<\/p>\n<p class=\"\" data-start=\"1183\" data-end=\"1332\">Bankebeskyttelse, beskyttelsesdiode og medf\u00f8lgende 5 meter halogenfri kabel gj\u00f8r STEP 28E Secure til et profesjonelt valg i sikkerhetsklassifiserte installasjoner.<\/p>\n<p class=\"\" data-start=\"1334\" data-end=\"1362\"><strong data-start=\"1334\" data-end=\"1360\">Funksjoner og fordeler:<\/strong><\/p>\n<ul data-start=\"1363\" data-end=\"1682\">\n<li class=\"\" data-start=\"1363\" data-end=\"1398\">\n<p class=\"\" data-start=\"1365\" data-end=\"1398\">For 7 mm tommestokk i Connect-serien<\/p>\n<\/li>\n<li class=\"\" data-start=\"1399\" data-end=\"1438\">\n<p class=\"\" data-start=\"1401\" data-end=\"1438\">H\u00f8yrevendt funksjon - l\u00e5st uten str\u00f8m<\/p>\n<\/li>\n<li class=\"\" data-start=\"1439\" data-end=\"1460\">\n<p class=\"\" data-start=\"1441\" data-end=\"1460\">Venstrehengslet d\u00f8r<\/p>\n<\/li>\n<li class=\"\" data-start=\"1461\" data-end=\"1493\">\n<p class=\"\" data-start=\"1463\" data-end=\"1493\">Brannklassifisert opp til E\/EI60<\/p>\n<\/li>\n<li class=\"\" data-start=\"1494\" data-end=\"1550\">\n<p class=\"\" data-start=\"1496\" data-end=\"1550\">Innebygget stempel og l\u00e5sekontakt for adgangskontroll\/alarm<\/p>\n<\/li>\n<li class=\"\" data-start=\"1551\" data-end=\"1581\">\n<p class=\"\" data-start=\"1553\" data-end=\"1581\">Klarer et listetrykk p\u00e5 500 kg<\/p>\n<\/li>\n<li class=\"\" data-start=\"1582\" data-end=\"1612\">\n<p class=\"\" data-start=\"1584\" data-end=\"1612\">Bruddstyrke over 15 kN<\/p>\n<\/li>\n<li class=\"\" data-start=\"1613\" data-end=\"1647\">\n<p class=\"\" data-start=\"1615\" data-end=\"1647\">Sl\u00e5sikker og med beskyttelsesdiode<\/p>\n<\/li>\n<li class=\"\" data-start=\"1648\" data-end=\"1682\">\n<p class=\"\" data-start=\"1650\" data-end=\"1682\">5 meter halogenfri kabel f\u00f8lger med<\/p>\n<\/li>\n<\/ul>\n<p class=\"\" data-start=\"1684\" data-end=\"1858\"><strong data-start=\"1684\" data-end=\"1707\">Bruksomr\u00e5der:<\/strong><br data-start=\"1707\" data-end=\"1710\" \/>Ideell for d\u00f8rmilj\u00f8er i for eksempel sykehus, skoler, kontorer og offentlige bygg hvor det kreves brannkrav, evakueringsfunksjon og h\u00f8y driftssikkerhet.<\/p>\n<p class=\"\" data-start=\"1860\" data-end=\"2268\"><strong data-start=\"1860\" data-end=\"1889\">Tekniske spesifikasjoner:<\/strong><br data-start=\"1889\" data-end=\"1892\" \/>Driftsspenning: 24 V DC (21,6-27,6 V)<br data-start=\"1928\" data-end=\"1931\" \/>Str\u00f8mforbruk: 500 mA ul\u00e5st<br data-start=\"1961\" data-end=\"1964\" \/>Stempelkontakt: Mikrobryter, maks. 30V DC \/ 1A<br data-start=\"2009\" data-end=\"2012\" \/>D\u00f8rhengsel: Venstre<br data-start=\"2033\" data-end=\"2036\" \/>Kabellengde: 5 meter halogenfri<br data-start=\"2066\" data-end=\"2069\" \/>Bruddstyrke: 1500 kg<br data-start=\"2093\" data-end=\"2096\" \/>Listetrykk: 500 kg<br data-start=\"2113\" data-end=\"2116\" data-is-only-node=\"\" \/>L\u00e5stype: Krokl\u00e5s, L\u00e5sel\u00e5s<br data-start=\"2145\" data-end=\"2148\" \/>Dobbel vri sak: Ja<br data-start=\"2167\" data-end=\"2170\" \/>M\u00e5l (BxDxH): 35 x 40 x 230 mm<br data-start=\"2200\" data-end=\"2203\" \/>Overflatebehandling: Rustfritt st\u00e5l<br data-start=\"2224\" data-end=\"2227\" \/>Byggeprodukt vurdert: Ja<br data-start=\"2245\" data-end=\"2248\" \/>SundaHouse vurdert: Ja<\/p>","protected":false},"excerpt":{"rendered":"<p>Her kan du se hvilke stolper og modeller som passer sammen fra STEP-serien med elektriske d\u00f8rstoppere.<\/p>\n<h5><strong><a href=\"https:\/\/steplock.com\/sv\/stolpguide\/#!?lang=sv&amp;blog_id=1&amp;paged=1&amp;number=50\" target=\"_blank\" rel=\"noopener\">TRINN Postveiledning\u00a0<\/a><\/strong><\/h5>\n<h5><strong><a href=\"https:\/\/steplock.com\/sv\/projekteringsguide\/#!?lang=sv&amp;blog_id=1&amp;paged=1&amp;number=999\" target=\"_blank\" rel=\"noopener\">STEP design guide<\/a><\/strong><\/h5>","protected":false},"featured_media":147480,"template":"","meta":{"_acf_changed":false},"product_brand":[],"product_cat":[3355],"product_tag":[4197,4200],"class_list":{"0":"post-147484","1":"product","2":"type-product","3":"status-publish","4":"has-post-thumbnail","6":"product_cat-elslutbleck","7":"product_tag-24v","8":"product_tag-rattvand","9":"product_shipping_class-tunga-paket","10":"pa_brands-step","11":"tm-no-options","13":"first","14":"instock","15":"sale","16":"taxable","17":"shipping-taxable","18":"purchasable","19":"product-type-simple"},"acf":[],"_links":{"self":[{"href":"https:\/\/secureus.se\/no\/wp-json\/wp\/v2\/product\/147484","targetHints":{"allow":["GET"]}}],"collection":[{"href":"https:\/\/secureus.se\/no\/wp-json\/wp\/v2\/product"}],"about":[{"href":"https:\/\/secureus.se\/no\/wp-json\/wp\/v2\/types\/product"}],"wp:featuredmedia":[{"embeddable":true,"href":"https:\/\/secureus.se\/no\/wp-json\/wp\/v2\/media\/147480"}],"wp:attachment":[{"href":"https:\/\/secureus.se\/no\/wp-json\/wp\/v2\/media?parent=147484"}],"wp:term":[{"taxonomy":"product_brand","embeddable":true,"href":"https:\/\/secureus.se\/no\/wp-json\/wp\/v2\/product_brand?post=147484"},{"taxonomy":"product_cat","embeddable":true,"href":"https:\/\/secureus.se\/no\/wp-json\/wp\/v2\/product_cat?post=147484"},{"taxonomy":"product_tag","embeddable":true,"href":"https:\/\/secureus.se\/no\/wp-json\/wp\/v2\/product_tag?post=147484"}],"curies":[{"name":"wp","href":"https:\/\/api.w.org\/{rel}","templated":true}]}}