{"id":147575,"date":"2025-02-04T10:34:59","date_gmt":"2025-02-04T09:34:59","guid":{"rendered":"https:\/\/secureus.se\/styrenhet-st300c\/"},"modified":"2026-04-08T15:28:48","modified_gmt":"2026-04-08T13:28:48","slug":"styrenhet-st300c","status":"publish","type":"product","link":"https:\/\/secureus.se\/no\/styrenhet-st300c\/","title":{"rendered":"ST300C kontrollenhet"},"content":{"rendered":"<p>STEP ST300C er en kontrollenhet som styrer en motorl\u00e5s for tilkobling til adgangskontrollsystemer, alarmer og andre viktige funksjoner. ST300C er inkludert som standard ved kj\u00f8p av STEP 300 serie motorl\u00e5ser i KPL emballasje. Kan ogs\u00e5 kj\u00f8pes separat.<\/p>\n<div><b>Kjennetegn:<\/b><\/div>\n<div>\n<ul>\n<li>Styrer gjenhus.<\/li>\n<li>Kryptert kommunikasjon AES-128 for l\u00e5sing, oppl\u00e5sing og statusindikasjoner.<\/li>\n<li>Tilkoblingskabelen mellom l\u00e5sehuset og styreenheten kobles via en rekkeklemme i bakkant av l\u00e5sehuset.<\/li>\n<li>Str\u00f8mforsyning +\/- og kommunikasjon A og B kobles via en rekkeklemme p\u00e5 styreenheten.<\/li>\n<li>Tilkobling til motorl\u00e5s skjer via RS-485.<\/li>\n<\/ul>\n<\/div>\n<div><\/div>","protected":false},"excerpt":{"rendered":"<p>STEP ST300C er en kontrollenhet som styrer en motorl\u00e5s for tilkobling til adgangskontrollsystemer, alarmer og andre viktige funksjoner. ST300C f\u00f8lger med som standard ved kj\u00f8p av STEP 300 serie motorl\u00e5ser inn<\/p>","protected":false},"featured_media":147572,"template":"","meta":{"_acf_changed":false},"product_brand":[],"product_cat":[2834],"product_tag":[],"class_list":{"0":"post-147575","1":"product","2":"type-product","3":"status-publish","4":"has-post-thumbnail","6":"product_cat-ellas-motorlastillbehor","7":"product_shipping_class-tunga-paket","8":"pa_brands-step","9":"tm-no-options","11":"first","12":"instock","13":"sale","14":"taxable","15":"shipping-taxable","16":"purchasable","17":"product-type-simple"},"acf":[],"_links":{"self":[{"href":"https:\/\/secureus.se\/no\/wp-json\/wp\/v2\/product\/147575","targetHints":{"allow":["GET"]}}],"collection":[{"href":"https:\/\/secureus.se\/no\/wp-json\/wp\/v2\/product"}],"about":[{"href":"https:\/\/secureus.se\/no\/wp-json\/wp\/v2\/types\/product"}],"wp:featuredmedia":[{"embeddable":true,"href":"https:\/\/secureus.se\/no\/wp-json\/wp\/v2\/media\/147572"}],"wp:attachment":[{"href":"https:\/\/secureus.se\/no\/wp-json\/wp\/v2\/media?parent=147575"}],"wp:term":[{"taxonomy":"product_brand","embeddable":true,"href":"https:\/\/secureus.se\/no\/wp-json\/wp\/v2\/product_brand?post=147575"},{"taxonomy":"product_cat","embeddable":true,"href":"https:\/\/secureus.se\/no\/wp-json\/wp\/v2\/product_cat?post=147575"},{"taxonomy":"product_tag","embeddable":true,"href":"https:\/\/secureus.se\/no\/wp-json\/wp\/v2\/product_tag?post=147575"}],"curies":[{"name":"wp","href":"https:\/\/api.w.org\/{rel}","templated":true}]}}