{"id":147711,"date":"2025-02-10T10:33:26","date_gmt":"2025-02-10T09:33:26","guid":{"rendered":"https:\/\/secureus.se\/mifare-desfire-4k-ev3-kort-1000p-2\/"},"modified":"2026-01-06T21:11:42","modified_gmt":"2026-01-06T20:11:42","slug":"mifare-desfire-4k-ev3-kort-1000p-2","status":"publish","type":"product","link":"https:\/\/secureus.se\/no\/mifare-desfire-4k-ev3-kort-1000p-2\/","title":{"rendered":"Mifare DESFire 4K NXP EV3-kort \u2013 (1000 pakke)"},"content":{"rendered":"<h1>Mifare DESFire 4K NXP EV3-kort - kontaktl\u00f8s RFID<\/h1>\n<p><span style=\"text-decoration: underline\"><strong>Dette produktet leveres i pakker med 1000 kort til en ekstra lav pris.<\/strong><\/span><\/p>\n<p>Mifare DESFire 4K NXP EV3-kort tilbyr en sikker og effektiv l\u00f8sning for kontaktl\u00f8s datalagring og overf\u00f8ring. Utstyrt med en ekte NXP-brikke og en minnekapasitet p\u00e5 4 Kbyte, er disse kortene perfekte for ulike applikasjoner, som identitetsh\u00e5ndtering, tilgangskontroll og mikrobetalinger.<\/p>\n<p>Kortene har en standard CR80-st\u00f8rrelse (86 mm x 54 mm), noe som gj\u00f8r dem enkle \u00e5 bruke og integrere i eksisterende systemer. De opererer med en frekvens p\u00e5 13,56 MHz, noe som garanterer rask og sikker kommunikasjon. Enten du forvalter eiendeler i en bygning eller foretar betalinger, tilbyr Mifare DESFire 4K-kort en p\u00e5litelig og fleksibel l\u00f8sning.<\/p>\n<p>Hver pakke inneholder 100 kort, noe som gj\u00f8r dem til et kostnadseffektivt alternativ for b\u00e5de sm\u00e5 og store bedrifter som trenger h\u00f8y sikkerhet og brukervennlighet i systemene sine.<\/p>\n<p><strong>Funksjoner og fordeler<\/strong>:<\/p>\n<ul>\n<li>Kontaktl\u00f8se kort med ekte NXP-brikke<\/li>\n<li>4 Kbyte minnekapasitet for omfattende lagring<\/li>\n<li>Standard CR80-st\u00f8rrelse for enkel bruk<\/li>\n<li>Fungerer p\u00e5 13,56 MHz for rask kommunikasjon<\/li>\n<li>Ideell for identitet, tilgangskontroll og mikrobetalinger<\/li>\n<\/ul>\n<p><strong>Teknisk spesifikasjon<\/strong>:<\/p>\n<ul>\n<li><strong>Minnekapasitet<\/strong>: 4 kbyte<\/li>\n<li><strong>Hyppighet<\/strong>: 13,56 MHz<\/li>\n<li><strong>St\u00f8rrelse<\/strong>: Standard CR80 (86 mm x 54 mm)<\/li>\n<li><strong>Vekt (emballasje)<\/strong>: 2500 gram<\/li>\n<\/ul>","protected":false},"excerpt":{"rendered":"<p>Mifare DESFire 4K NXP EV3-kort \u2013 kontaktl\u00f8s RFID Dette produktet leveres i pakker med 1000 kort til en ekstra lav pris. Mifare DESFire 4K NXP EV3-kort tilbyr en sikker og<\/p>","protected":false},"featured_media":147710,"template":"","meta":{"_acf_changed":false},"product_brand":[],"product_cat":[4233],"product_tag":[3143,3077,2958],"class_list":{"0":"post-147711","1":"product","2":"type-product","3":"status-publish","4":"has-post-thumbnail","6":"product_cat-rfid-kort-desfire","7":"product_tag-desfire-ev3-4k","8":"product_tag-rfid-desfire","9":"product_tag-stonehouse-produkt","10":"pa_brands-stonehouse-security","11":"pa_farg-vit","12":"pa_plastkort-teknik-desfire","13":"tm-has-options","15":"first","16":"onbackorder","17":"sale","18":"taxable","19":"shipping-taxable","20":"purchasable","21":"product-type-simple"},"acf":[],"_links":{"self":[{"href":"https:\/\/secureus.se\/no\/wp-json\/wp\/v2\/product\/147711","targetHints":{"allow":["GET"]}}],"collection":[{"href":"https:\/\/secureus.se\/no\/wp-json\/wp\/v2\/product"}],"about":[{"href":"https:\/\/secureus.se\/no\/wp-json\/wp\/v2\/types\/product"}],"wp:featuredmedia":[{"embeddable":true,"href":"https:\/\/secureus.se\/no\/wp-json\/wp\/v2\/media\/147710"}],"wp:attachment":[{"href":"https:\/\/secureus.se\/no\/wp-json\/wp\/v2\/media?parent=147711"}],"wp:term":[{"taxonomy":"product_brand","embeddable":true,"href":"https:\/\/secureus.se\/no\/wp-json\/wp\/v2\/product_brand?post=147711"},{"taxonomy":"product_cat","embeddable":true,"href":"https:\/\/secureus.se\/no\/wp-json\/wp\/v2\/product_cat?post=147711"},{"taxonomy":"product_tag","embeddable":true,"href":"https:\/\/secureus.se\/no\/wp-json\/wp\/v2\/product_tag?post=147711"}],"curies":[{"name":"wp","href":"https:\/\/api.w.org\/{rel}","templated":true}]}}