{"id":147751,"date":"2025-02-11T13:27:30","date_gmt":"2025-02-11T12:27:30","guid":{"rendered":"https:\/\/secureus.se\/kodlas-v44duo\/"},"modified":"2026-04-23T10:19:36","modified_gmt":"2026-04-23T08:19:36","slug":"kodlas-v44duo","status":"publish","type":"product","link":"https:\/\/secureus.se\/no\/kodlas-v44duo\/","title":{"rendered":"KODE L\u00c5S V44DUO"},"content":{"rendered":"<h1 data-start=\"227\" data-end=\"777\">KODEL\u00c5S V44DUO er en allsidig og lett programmerbar kodel\u00e5s som tilbyr styring av to d\u00f8rer via ett og samme tastatur.<\/h1>\n<p data-start=\"227\" data-end=\"777\">Hver kode kan programmeres til \u00e5 \u00e5pne ett eller begge releer.<\/p>\n<p data-start=\"227\" data-end=\"777\">For ekstra sikkerhet har den en l\u00e5sefunksjon, som betyr at d\u00f8r 2 ikke kan \u00e5pnes f\u00f8r d\u00f8r 1 er lukket.<\/p>\n<p data-start=\"227\" data-end=\"777\">Det finnes ogs\u00e5 muligheter for d\u00f8rstyring og alarmutgang med justerbar varslingstid, samt integrert ringeklokkefunksjon.<\/p>\n<p data-start=\"227\" data-end=\"777\">Koder kan tidsstyres via to eksterne innganger og systemet kan settes opp for dagdrift.<\/p>\n<p data-start=\"779\" data-end=\"1208\">Med IP54-beskyttelsesgrad og en st\u00f8pt metallbyggekvalitet med knapper i rustfritt st\u00e5l, er V44DUO egnet for b\u00e5de innend\u00f8rs og utend\u00f8rs bruk, med en driftstemperatur fra -35\u00b0C til +55\u00b0C.<\/p>\n<p data-start=\"779\" data-end=\"1208\">For utend\u00f8rs installasjon p\u00e5 utsatte steder anbefales bruk av regnbeskyttelse som SH1 eller SH2.<\/p>\n<p data-start=\"779\" data-end=\"1208\">Denne kodel\u00e5sen er spesielt nyttig for sikkerhetsl\u00f8sninger hvor flere d\u00f8rer skal kontrolleres og kodeh\u00e5ndtering kreves for b\u00e5de enkel og sikker bruk.<\/p>\n<p data-start=\"1210\" data-end=\"1239\"><strong data-start=\"1210\" data-end=\"1239\">Tekniske spesifikasjoner:<\/strong><\/p>\n<ul data-start=\"1240\" data-end=\"1739\">\n<li data-start=\"1256\" data-end=\"1282\"><strong data-start=\"1258\" data-end=\"1277\">Beskyttelses klasse:<\/strong> IP54<\/li>\n<li data-start=\"1283\" data-end=\"1352\"><strong data-start=\"1285\" data-end=\"1306\">Hylsemateriale:<\/strong> St\u00f8pt metall, knapper i rustfritt st\u00e5l, sikkerhetsl\u00e5s<\/li>\n<li data-start=\"1353\" data-end=\"1372\"><strong data-start=\"1355\" data-end=\"1364\">Vekt:<\/strong> 0,75 kg<\/li>\n<li data-start=\"1373\" data-end=\"1426\"><strong data-start=\"1375\" data-end=\"1385\">Milj\u00f8:<\/strong> Innend\u00f8rs eller utend\u00f8rs bruk (IP54 design)<\/li>\n<li data-start=\"1427\" data-end=\"1466\"><strong data-start=\"1429\" data-end=\"1450\">Arbeidstemperatur:<\/strong> -35 til +55\u00b0C<\/li>\n<li data-start=\"1467\" data-end=\"1529\"><strong data-start=\"1469\" data-end=\"1486\">Kodekapasitet:<\/strong> 20 firesifrede koder, 10 sekssifrede koder<\/li>\n<li data-start=\"1530\" data-end=\"1547\"><strong data-start=\"1532\" data-end=\"1543\">D\u00f8rer:<\/strong> To<\/li>\n<li data-start=\"1548\" data-end=\"1595\"><strong data-start=\"1550\" data-end=\"1566\">\u00c5pningstider:<\/strong> 1-99 sekunder, programmerbar<\/li>\n<li data-start=\"1596\" data-end=\"1646\"><strong data-start=\"1598\" data-end=\"1611\">Utganger:<\/strong> To rel\u00e9kontakter, maks 2 A, 28 VDC<\/li>\n<li data-start=\"1647\" data-end=\"1688\"><strong data-start=\"1649\" data-end=\"1670\">Str\u00f8mforbruk:<\/strong> 75 mA i standby-modus<\/li>\n<li data-start=\"1689\" data-end=\"1739\"><strong data-start=\"1691\" data-end=\"1709\">Driftsspenning:<\/strong> 10 til 35 VDC, 8 til 24 VAC<\/li>\n<\/ul>\n<p data-start=\"1741\" data-end=\"1835\">","protected":false},"excerpt":{"rendered":"<p data-start=\"25\" data-end=\"225\">KODEL\u00c5S V44DUO er en programmerbar kodel\u00e5s med to releer for styring av to d\u00f8rer fra samme tastatur.<\/p>\n<p data-start=\"25\" data-end=\"225\">Innebygd l\u00e5sefunksjon og d\u00f8rkontroll gj\u00f8r den fleksibel og sikker.<\/p>\n<p data-start=\"227\" data-end=\"777\">","protected":false},"featured_media":147750,"template":"","meta":{"_acf_changed":false},"product_brand":[],"product_cat":[1481],"product_tag":[],"class_list":{"0":"post-147751","1":"product","2":"type-product","3":"status-publish","4":"has-post-thumbnail","6":"product_cat-kodlas-kodlas","7":"pa_brands-6vanderbilt","8":"tm-no-options","10":"first","11":"instock","12":"sale","13":"taxable","14":"shipping-taxable","15":"purchasable","16":"product-type-simple"},"acf":[],"_links":{"self":[{"href":"https:\/\/secureus.se\/no\/wp-json\/wp\/v2\/product\/147751","targetHints":{"allow":["GET"]}}],"collection":[{"href":"https:\/\/secureus.se\/no\/wp-json\/wp\/v2\/product"}],"about":[{"href":"https:\/\/secureus.se\/no\/wp-json\/wp\/v2\/types\/product"}],"wp:featuredmedia":[{"embeddable":true,"href":"https:\/\/secureus.se\/no\/wp-json\/wp\/v2\/media\/147750"}],"wp:attachment":[{"href":"https:\/\/secureus.se\/no\/wp-json\/wp\/v2\/media?parent=147751"}],"wp:term":[{"taxonomy":"product_brand","embeddable":true,"href":"https:\/\/secureus.se\/no\/wp-json\/wp\/v2\/product_brand?post=147751"},{"taxonomy":"product_cat","embeddable":true,"href":"https:\/\/secureus.se\/no\/wp-json\/wp\/v2\/product_cat?post=147751"},{"taxonomy":"product_tag","embeddable":true,"href":"https:\/\/secureus.se\/no\/wp-json\/wp\/v2\/product_tag?post=147751"}],"curies":[{"name":"wp","href":"https:\/\/api.w.org\/{rel}","templated":true}]}}