{"id":147753,"date":"2025-02-11T13:27:34","date_gmt":"2025-02-11T12:27:34","guid":{"rendered":"https:\/\/secureus.se\/kodlas-22cl-svart\/"},"modified":"2026-04-23T10:19:36","modified_gmt":"2026-04-23T08:19:36","slug":"kodlas-22cl-svart","status":"publish","type":"product","link":"https:\/\/secureus.se\/no\/kodlas-22cl-svart\/","title":{"rendered":"KODEL\u00c5S 22CL SVART"},"content":{"rendered":"<h1 data-start=\"0\" data-end=\"62\">KODEL\u00c5S 22CL SVART \u2013 FLEKSIBEL OG SIKKER KODEL\u00c5S FOR D\u00d8RER<\/h1>\n<p data-start=\"64\" data-end=\"469\">Med sin holdbare konstruksjon og IP54-klassifisering kan kodel\u00e5sen brukes b\u00e5de innend\u00f8rs og utend\u00f8rs, noe som gj\u00f8r den til en fleksibel l\u00f8sning for ulike milj\u00f8er.<\/p>\n<p data-start=\"471\" data-end=\"782\">Kodel\u00e5sen er utstyrt med knapper som har en tydelig trykkf\u00f8lelse og bl\u00e5tt bakgrunnsbelysning, noe som gj\u00f8r den enkel \u00e5 bruke selv i m\u00f8rke omgivelser.<\/p>\n<p data-start=\"471\" data-end=\"782\">Ved tilkopling til elektrisk sluttstykke med stempelkontakt, l\u00e5ses d\u00f8ren automatisk n\u00e5r den er lukket, takket v\u00e6re den innebygde bryterfunksjonen til d\u00f8rrel\u00e9utgangen.<\/p>\n<h3 data-start=\"784\" data-end=\"800\">Kjennetegn<\/h3>\n<ul data-start=\"802\" data-end=\"1636\">\n<li data-start=\"802\" data-end=\"923\"><strong data-start=\"804\" data-end=\"826\">Bruksomr\u00e5de:<\/strong> Egnet for lokaler med begrensede sikkerhetskrav, som lagerrom, inngangspartier og fellesarealer.<\/li>\n<li data-start=\"924\" data-end=\"1021\"><strong data-start=\"926\" data-end=\"954\">Innend\u00f8rs og utend\u00f8rs bruk:<\/strong> IP54-klassifisert konstruksjon for motstand mot st\u00f8v og vannsprut.<\/li>\n<li data-start=\"1022\" data-end=\"1131\"><strong data-start=\"1024\" data-end=\"1047\">Automatisk l\u00e5sing:<\/strong> Hvis et elektrisk sluttstykke med stempelkontakt er tilkoblet, vil d\u00f8ren l\u00e5ses umiddelbart n\u00e5r den lukkes.<\/li>\n<li data-start=\"1132\" data-end=\"1224\"><strong data-start=\"1134\" data-end=\"1154\">Opplyste knapper:<\/strong> Tallene har en bl\u00e5 tone for klar synlighet selv i m\u00f8rke omgivelser.<\/li>\n<li data-start=\"1225\" data-end=\"1304\"><strong data-start=\"1227\" data-end=\"1251\">Enkel programmering:<\/strong> Innstillinger kan justeres direkte via tastaturet.<\/li>\n<li data-start=\"1305\" data-end=\"1389\"><strong data-start=\"1307\" data-end=\"1330\">Sikker kodeadministrasjon:<\/strong> Mulighet for \u00e5 velge mellom 4- eller 6-sifret passord.<\/li>\n<li data-start=\"1390\" data-end=\"1511\"><strong data-start=\"1392\" data-end=\"1415\">Uavhengig kodeminne:<\/strong> Beholder programmerte koder selv under str\u00f8mbrudd, og muliggj\u00f8r str\u00f8mforsyning via timer.<\/li>\n<li data-start=\"1512\" data-end=\"1636\"><strong data-start=\"1514\" data-end=\"1535\">AUX rel\u00e9 funksjon:<\/strong> Kan styre en ekstra d\u00f8r med egen eller delt kode, eller fungere som panikkalarmutgang.<\/li>\n<\/ul>\n<h3 data-start=\"1638\" data-end=\"1654\">Funksjoner<\/h3>\n<p data-start=\"1656\" data-end=\"2046\">Kodel\u00e5sen har et AUX-rel\u00e9 som kan brukes til \u00e5 styre en andre d\u00f8r med egen kode eller felles kode for begge d\u00f8rene. Funksjonen kan enkelt stilles inn ved programmering av koder og tilpasses etter behov.<\/p>\n<p data-start=\"1656\" data-end=\"2046\">AUX-rel\u00e9et kan ogs\u00e5 konfigureres til \u00e5 veksle mellom l\u00e5st og ul\u00e5st posisjon med en spesifikk kode, slik at d\u00f8ren kan forbli i \u00e5pen posisjon til koden tastes inn igjen.<\/p>\n<p data-start=\"2048\" data-end=\"2350\">Ved behov for ekstra sikkerhet kan AUX-utgangen brukes som panikkalarmutgang. Det betyr at dersom det f\u00f8rste sifferet i koden heves, aktiveres AUX-rel\u00e9et samtidig som d\u00f8rens vanlige rel\u00e9 aktiveres.<\/p>\n<p data-start=\"2048\" data-end=\"2350\">Denne funksjonen gj\u00f8r det mulig \u00e5 koble kodel\u00e5sen til en alarmsender for ekstra sikkerhet.<\/p>\n<h3 data-start=\"2352\" data-end=\"2382\">Tekniske spesifikasjoner<\/h3>\n<ul data-start=\"2384\" data-end=\"2562\">\n<li data-start=\"2384\" data-end=\"2423\"><strong data-start=\"2386\" data-end=\"2407\">Forsyningsspenningen:<\/strong> 12-24 V AC\/DC<\/li>\n<li data-start=\"2424\" data-end=\"2459\"><strong data-start=\"2426\" data-end=\"2451\">Maksimalt str\u00f8mforbruk:<\/strong> 85mA<\/li>\n<li data-start=\"2460\" data-end=\"2519\"><strong data-start=\"2462\" data-end=\"2506\">Utgang, spenning eller fri rel\u00e9lukking:<\/strong> Maks 24V\/1A<\/li>\n<li data-start=\"2520\" data-end=\"2539\"><strong data-start=\"2522\" data-end=\"2531\">Farge:<\/strong> Svart<\/li>\n<li data-start=\"2540\" data-end=\"2562\"><strong data-start=\"2542\" data-end=\"2555\">IP-klasse:<\/strong> IP54<\/li>\n<\/ul>\n<h3 data-start=\"2564\" data-end=\"2588\">Bruksomr\u00e5der<\/h3>\n<p data-start=\"2590\" data-end=\"2816\">22CL-kodel\u00e5sen er ideell for installasjoner hvor enkel og sikker adgangskontroll er n\u00f8dvendig. Den er egnet for leilighetsbygg, forretningslokaler, lager og andre milj\u00f8er hvor p\u00e5litelig og smidig adgangskontroll er \u00f8nsket.<\/p>\n<p data-start=\"2818\" data-end=\"2950\" data-is-last-node=\"\">Med sin robuste design, smarte funksjoner og brukervennlighet er 22CL-kodel\u00e5sen en utmerket l\u00f8sning for b\u00e5de innend\u00f8rs og utend\u00f8rs bruk.<\/p>","protected":false},"excerpt":{"rendered":"<p>22CL er en kompakt og allsidig kombinasjonsl\u00e5s med enkel montering og h\u00f8y brukervennlighet.<\/p>\n<p>Den er designet for \u00e5 kontrollere tilgang til lokaler som ikke krever det h\u00f8yeste sikkerhetsniv\u00e5et, som garderober, innvendige boder og innganger til byg\u00e5rder.<\/p>","protected":false},"featured_media":147752,"template":"","meta":{"_acf_changed":false},"product_brand":[],"product_cat":[1481],"product_tag":[],"class_list":{"0":"post-147753","1":"product","2":"type-product","3":"status-publish","4":"has-post-thumbnail","6":"product_cat-kodlas-kodlas","7":"product_shipping_class-tunga-paket","8":"pa_brands-abloy","9":"pa_farg-svart","10":"tm-no-options","12":"first","13":"instock","14":"sale","15":"taxable","16":"shipping-taxable","17":"purchasable","18":"product-type-simple"},"acf":[],"_links":{"self":[{"href":"https:\/\/secureus.se\/no\/wp-json\/wp\/v2\/product\/147753","targetHints":{"allow":["GET"]}}],"collection":[{"href":"https:\/\/secureus.se\/no\/wp-json\/wp\/v2\/product"}],"about":[{"href":"https:\/\/secureus.se\/no\/wp-json\/wp\/v2\/types\/product"}],"wp:featuredmedia":[{"embeddable":true,"href":"https:\/\/secureus.se\/no\/wp-json\/wp\/v2\/media\/147752"}],"wp:attachment":[{"href":"https:\/\/secureus.se\/no\/wp-json\/wp\/v2\/media?parent=147753"}],"wp:term":[{"taxonomy":"product_brand","embeddable":true,"href":"https:\/\/secureus.se\/no\/wp-json\/wp\/v2\/product_brand?post=147753"},{"taxonomy":"product_cat","embeddable":true,"href":"https:\/\/secureus.se\/no\/wp-json\/wp\/v2\/product_cat?post=147753"},{"taxonomy":"product_tag","embeddable":true,"href":"https:\/\/secureus.se\/no\/wp-json\/wp\/v2\/product_tag?post=147753"}],"curies":[{"name":"wp","href":"https:\/\/api.w.org\/{rel}","templated":true}]}}