{"id":147765,"date":"2025-02-11T13:27:26","date_gmt":"2025-02-11T12:27:26","guid":{"rendered":"https:\/\/secureus.se\/skyddshuv-sh2\/"},"modified":"2026-04-08T16:34:08","modified_gmt":"2026-04-08T14:34:08","slug":"skyddshuv-sh2","status":"publish","type":"product","link":"https:\/\/secureus.se\/no\/skyddshuv-sh2\/","title":{"rendered":"BESKYTTENDE HETTE SH2"},"content":{"rendered":"<h1 data-start=\"467\" data-end=\"939\">Beskyttelsesdeksel SH2 er det perfekte tilbeh\u00f8ret for \u00e5 beskytte Bewator og Vanderbilt kodel\u00e5ser, tastaturer og kortlesere som PP500 og RB500 i utsatte omgivelser.<\/h1>\n<p data-start=\"467\" data-end=\"939\">Laget av 5 mm akrylplast, er denne robuste beskyttelseshetten designet for \u00e5 t\u00e5le v\u00e6rforhold og beskytte elektronikken mot regn og skitt.<\/p>\n<p data-start=\"467\" data-end=\"939\">Utskj\u00e6ringene for kabling gj\u00f8r det enkelt \u00e5 installere eller supplere eksisterende systemer uten \u00e5 m\u00e5tte gj\u00f8re omfattende endringer.<\/p>\n<p data-start=\"941\" data-end=\"1293\">Beskyttelsesdekselet er plassert mellom veggen og baksiden av tastaturet, noe som gj\u00f8r installasjonen rask og enkel.<\/p>\n<p data-start=\"941\" data-end=\"1293\">SH2 gir p\u00e5litelig beskyttelse mot v\u00e6rp\u00e5virkninger, noe som er spesielt nyttig i utend\u00f8rsmilj\u00f8er hvor enhetene er utsatt for elementene.<\/p>\n<p data-start=\"941\" data-end=\"1293\">Den fungerer utmerket i b\u00e5de kommersielle og industrielle milj\u00f8er hvor sikkerhet og holdbarhet er avgj\u00f8rende.<\/p>\n<p data-start=\"1295\" data-end=\"1325\"><strong data-start=\"1295\" data-end=\"1323\">Funksjoner og fordeler:<\/strong><\/p>\n<ul data-start=\"1326\" data-end=\"1557\">\n<li data-start=\"1326\" data-end=\"1365\">Beskytter mot v\u00e6r og smuss<\/li>\n<li data-start=\"1366\" data-end=\"1434\">Passer til Bewator og Vanderbilt kodel\u00e5ser, tastaturer og kortlesere<\/li>\n<li data-start=\"1435\" data-end=\"1516\">Enkel \u00e5 komplementere eksisterende installasjoner med utskj\u00e6ringer for kabling<\/li>\n<li data-start=\"1517\" data-end=\"1557\">Robust konstruksjon for lang levetid<\/li>\n<\/ul>\n<p data-start=\"1564\" data-end=\"1595\"><strong data-start=\"1564\" data-end=\"1593\">Tekniske spesifikasjoner:<\/strong><\/p>\n<ul data-start=\"1596\" data-end=\"1703\">\n<li data-start=\"1596\" data-end=\"1625\">Materiale: 5 mm akrylplast<\/li>\n<li data-start=\"1626\" data-end=\"1665\">M\u00e5l (B x H x D): 104 x 168 x 90 mm<\/li>\n<li data-start=\"1666\" data-end=\"1703\">Vekt: Lett og slitesterk konstruksjon<\/li>\n<\/ul>","protected":false},"excerpt":{"rendered":"<p data-start=\"71\" data-end=\"460\">Beskyttelsesdeksel SH2 er et regntrekk for Bewator kodel\u00e5ser, tastaturer og kortlesere som PP500.<\/p>\n<p data-start=\"71\" data-end=\"460\">Den er designet for \u00e5 beskytte enheter i utsatte omgivelser og har utskj\u00e6ringer for kabling, noe som gj\u00f8r installasjonen enkel selv n\u00e5r den supplerer eksisterende systemer.<\/p>\n<p data-start=\"71\" data-end=\"460\">Laget av slitesterk 5 mm akrylplast gir den p\u00e5litelig beskyttelse mot v\u00e6r og skitt.<\/p>","protected":false},"featured_media":147764,"template":"","meta":{"_acf_changed":false},"product_brand":[],"product_cat":[1481],"product_tag":[],"class_list":{"0":"post-147765","1":"product","2":"type-product","3":"status-publish","4":"has-post-thumbnail","6":"product_cat-kodlas-kodlas","7":"product_shipping_class-tunga-paket","8":"pa_brands-6vanderbilt","9":"tm-no-options","11":"first","12":"instock","13":"sale","14":"taxable","15":"shipping-taxable","16":"purchasable","17":"product-type-simple"},"acf":[],"_links":{"self":[{"href":"https:\/\/secureus.se\/no\/wp-json\/wp\/v2\/product\/147765","targetHints":{"allow":["GET"]}}],"collection":[{"href":"https:\/\/secureus.se\/no\/wp-json\/wp\/v2\/product"}],"about":[{"href":"https:\/\/secureus.se\/no\/wp-json\/wp\/v2\/types\/product"}],"wp:featuredmedia":[{"embeddable":true,"href":"https:\/\/secureus.se\/no\/wp-json\/wp\/v2\/media\/147764"}],"wp:attachment":[{"href":"https:\/\/secureus.se\/no\/wp-json\/wp\/v2\/media?parent=147765"}],"wp:term":[{"taxonomy":"product_brand","embeddable":true,"href":"https:\/\/secureus.se\/no\/wp-json\/wp\/v2\/product_brand?post=147765"},{"taxonomy":"product_cat","embeddable":true,"href":"https:\/\/secureus.se\/no\/wp-json\/wp\/v2\/product_cat?post=147765"},{"taxonomy":"product_tag","embeddable":true,"href":"https:\/\/secureus.se\/no\/wp-json\/wp\/v2\/product_tag?post=147765"}],"curies":[{"name":"wp","href":"https:\/\/api.w.org\/{rel}","templated":true}]}}