{"id":147767,"date":"2025-02-11T15:05:49","date_gmt":"2025-02-11T14:05:49","guid":{"rendered":"https:\/\/secureus.se\/dorrhallare-440-gra-assa-abloy\/"},"modified":"2026-04-08T15:28:32","modified_gmt":"2026-04-08T13:28:32","slug":"dorrhallare-440-gra-assa-abloy","status":"publish","type":"product","link":"https:\/\/secureus.se\/no\/dorrhallare-440-gra-assa-abloy\/","title":{"rendered":"D\u00f8rholder 440 Gr\u00e5 \u2013 Assa Abloy"},"content":{"rendered":"<p>ASSA ABLOY 440 er en d\u00f8rholder laget av sort gummi og acetalplast for \u00e5 holde d\u00f8rene i helt \u00e5pen stilling. I \u00e5pen stilling presses d\u00f8rbraketten inn i holderen, slik at d\u00f8ren forblir p\u00e5 plass. N\u00e5r du trekker i d\u00f8ren, frigj\u00f8r holderen d\u00f8rbraketten. Holderen monteres p\u00e5 veggen, d\u00f8rbraketten p\u00e5 d\u00f8ren.<\/p>\n<p><b>Kjennetegn:<\/b><\/p>\n<ul>\n<li>D\u00f8rbeslag diameter: \u00d8 23 mm<\/li>\n<li>Lengde p\u00e5 d\u00f8rbeslag: 16 mm.<\/li>\n<li>Holderdiameter: \u00d8 40 mm.<\/li>\n<li>Holderlengde: 60 mm<\/li>\n<li>Anbefalt skrue: TKX 5.5 for holder og TKX 4.5 for d\u00f8rfeste<\/li>\n<\/ul>\n<p><strong>Pakken inneholder<\/strong><br \/>\n1 x d\u00f8rholder<br \/>\n1 x d\u00f8rfeste<\/p>\n<div><\/div>","protected":false},"excerpt":{"rendered":"<p>For \u00e5 holde d\u00f8ren i helt \u00e5pen stilling.<\/p>\n<p>I \u00e5pen stilling presses d\u00f8rbraketten inn i holderen slik at d\u00f8ren forblir p\u00e5 plass. N\u00e5r du s\u00e5 trekker i d\u00f8ren, frigj\u00f8r holderen d\u00f8rbraketten.<\/p>","protected":false},"featured_media":147766,"template":"","meta":{"_acf_changed":false},"product_brand":[],"product_cat":[4605],"product_tag":[],"class_list":{"0":"post-147767","1":"product","2":"type-product","3":"status-publish","4":"has-post-thumbnail","6":"product_cat-dorrhallare","7":"product_shipping_class-postnord-varubrev","8":"pa_brands-abloy","9":"tm-no-options","11":"first","12":"instock","13":"sale","14":"taxable","15":"shipping-taxable","16":"purchasable","17":"product-type-simple"},"acf":[],"_links":{"self":[{"href":"https:\/\/secureus.se\/no\/wp-json\/wp\/v2\/product\/147767","targetHints":{"allow":["GET"]}}],"collection":[{"href":"https:\/\/secureus.se\/no\/wp-json\/wp\/v2\/product"}],"about":[{"href":"https:\/\/secureus.se\/no\/wp-json\/wp\/v2\/types\/product"}],"wp:featuredmedia":[{"embeddable":true,"href":"https:\/\/secureus.se\/no\/wp-json\/wp\/v2\/media\/147766"}],"wp:attachment":[{"href":"https:\/\/secureus.se\/no\/wp-json\/wp\/v2\/media?parent=147767"}],"wp:term":[{"taxonomy":"product_brand","embeddable":true,"href":"https:\/\/secureus.se\/no\/wp-json\/wp\/v2\/product_brand?post=147767"},{"taxonomy":"product_cat","embeddable":true,"href":"https:\/\/secureus.se\/no\/wp-json\/wp\/v2\/product_cat?post=147767"},{"taxonomy":"product_tag","embeddable":true,"href":"https:\/\/secureus.se\/no\/wp-json\/wp\/v2\/product_tag?post=147767"}],"curies":[{"name":"wp","href":"https:\/\/api.w.org\/{rel}","templated":true}]}}