{"id":147790,"date":"2025-02-11T15:45:44","date_gmt":"2025-02-11T14:45:44","guid":{"rendered":"https:\/\/secureus.se\/porthallare-270-dorrbedd-800-1100mm-assa-abloy\/"},"modified":"2026-04-23T11:55:55","modified_gmt":"2026-04-23T09:55:55","slug":"porthallare-270-dorrbedd-800-1100mm-assa-abloy","status":"publish","type":"product","link":"https:\/\/secureus.se\/no\/porthallare-270-dorrbedd-800-1100mm-assa-abloy\/","title":{"rendered":"D\u00f8rholder 270 \u2013 D\u00f8rseng 800-1100mm \u2013 Assa Abloy"},"content":{"rendered":"<div>ASSA ABLOY 270 er en d\u00f8rholder for \u00e5 plassere en d\u00f8r eller port i helt \u00e5pen posisjon, ca. 90 grader. Skrue inkludert.<\/div>\n<div><b><br \/>\nKjennetegn: <\/b><\/div>\n<div>\n<ul>\n<li>For d\u00f8rbredder 800-1100 mm. (271 kan h\u00e5ndtere 1100-1300 mm)<\/li>\n<li>Passer til h\u00f8yre og venstre d\u00f8rer (bestemmes ved montering).<\/li>\n<li>Maks d\u00f8rvekt: 125 kg<\/li>\n<li>I helt \u00e5pen stilling (ca. 90 grader) faller l\u00e5sen automatisk inn i l\u00e5seposisjon, og holder d\u00f8ren p\u00e5 plass.<\/li>\n<li>N\u00e5r d\u00f8ren skyves videre mot \u00e5pen posisjon, frigj\u00f8res l\u00e5sen, slik at d\u00f8ren kan lukkes.<\/li>\n<li>Stoppfj\u00e6ren fungerer ogs\u00e5 som st\u00f8tdemper og beskytter dermed d\u00f8r og hengsler.<\/li>\n<\/ul>\n<\/div>\n<div><\/div>","protected":false},"excerpt":{"rendered":"<p>ASSA ABLOY D\u00f8rholder 270<\/p>","protected":false},"featured_media":147786,"template":"","meta":{"_acf_changed":false},"product_brand":[],"product_cat":[4607],"product_tag":[],"class_list":{"0":"post-147790","1":"product","2":"type-product","3":"status-publish","4":"has-post-thumbnail","6":"product_cat-porthallare","7":"pa_brands-abloy","8":"tm-no-options","10":"first","11":"instock","12":"sale","13":"taxable","14":"shipping-taxable","15":"purchasable","16":"product-type-simple"},"acf":[],"_links":{"self":[{"href":"https:\/\/secureus.se\/no\/wp-json\/wp\/v2\/product\/147790","targetHints":{"allow":["GET"]}}],"collection":[{"href":"https:\/\/secureus.se\/no\/wp-json\/wp\/v2\/product"}],"about":[{"href":"https:\/\/secureus.se\/no\/wp-json\/wp\/v2\/types\/product"}],"wp:featuredmedia":[{"embeddable":true,"href":"https:\/\/secureus.se\/no\/wp-json\/wp\/v2\/media\/147786"}],"wp:attachment":[{"href":"https:\/\/secureus.se\/no\/wp-json\/wp\/v2\/media?parent=147790"}],"wp:term":[{"taxonomy":"product_brand","embeddable":true,"href":"https:\/\/secureus.se\/no\/wp-json\/wp\/v2\/product_brand?post=147790"},{"taxonomy":"product_cat","embeddable":true,"href":"https:\/\/secureus.se\/no\/wp-json\/wp\/v2\/product_cat?post=147790"},{"taxonomy":"product_tag","embeddable":true,"href":"https:\/\/secureus.se\/no\/wp-json\/wp\/v2\/product_tag?post=147790"}],"curies":[{"name":"wp","href":"https:\/\/api.w.org\/{rel}","templated":true}]}}