{"id":147843,"date":"2025-02-12T16:32:47","date_gmt":"2025-02-12T15:32:47","guid":{"rendered":"https:\/\/secureus.se\/ajax-externalantenna-antenn-till-hub-bp\/"},"modified":"2026-03-09T17:37:19","modified_gmt":"2026-03-09T16:37:19","slug":"ajax-externalantenna-antenn-till-hub-bp","status":"publish","type":"product","link":"https:\/\/secureus.se\/no\/ajax-externalantenna-antenn-till-hub-bp\/","title":{"rendered":"Ajax ExternalAntenna \u2013 Antenne for Hub BP"},"content":{"rendered":"<p data-start=\"0\" data-end=\"65\"><strong data-start=\"0\" data-end=\"65\">Ajax ekstern antenne \u2013 forbedret signalstyrke for din hub BP<\/strong><\/p>\n<p data-start=\"67\" data-end=\"341\">Gi Hub BP optimal kommunikasjon med Ajax ExternalAntenna. Denne eksterne antennen er spesialdesignet for \u00e5 forsterke signalet i milj\u00f8er der tr\u00e5dl\u00f8se signaler er svake eller helt frav\u00e6rende, for eksempel i containere, safer, betongrom eller andre utfordrende steder.<\/p>\n<hr data-start=\"343\" data-end=\"346\" \/>\n<h3 data-start=\"348\" data-end=\"370\">N\u00f8kkelfunksjoner<\/h3>\n<ul data-start=\"372\" data-end=\"1125\">\n<li data-start=\"372\" data-end=\"616\">\n<p data-start=\"374\" data-end=\"616\"><strong data-start=\"374\" data-end=\"396\">Forbedret signal:<\/strong><br data-start=\"396\" data-end=\"399\" \/>\u00d8ker signalstyrken til Hub BP, noe som resulterer i en mer p\u00e5litelig og stabil tilkobling.<br data-start=\"494\" data-end=\"497\" \/>St\u00f8tter kommunikasjonskanaler for Jeweller (tr\u00e5dl\u00f8se produkter), Wings (tr\u00e5dl\u00f8se produkter med kamera) og LTE (4G).<\/p>\n<\/li>\n<li data-start=\"618\" data-end=\"742\">\n<p data-start=\"620\" data-end=\"742\"><strong data-start=\"620\" data-end=\"640\">Lang kabellengde:<\/strong><br data-start=\"640\" data-end=\"643\" \/>Med en 3 meter lang kabel har du fleksibiliteten til \u00e5 plassere antennen der signalet er svakest.<\/p>\n<\/li>\n<li data-start=\"744\" data-end=\"975\">\n<p data-start=\"746\" data-end=\"975\"><strong data-start=\"746\" data-end=\"768\">Sikkerhetsfunksjon:<\/strong><br data-start=\"768\" data-end=\"771\" \/>Hvis antennekabelen er kuttet eller skadet, sendes det direkte varsel til b\u00e5de alarmsentralen og via appen. Samtidig bytter Hub BP automatisk over til sine interne antenner for \u00e5 sikre fortsatt drift.<\/p>\n<\/li>\n<li data-start=\"977\" data-end=\"1125\">\n<p data-start=\"979\" data-end=\"1125\"><strong data-start=\"979\" data-end=\"1002\">Enkel installasjon:<\/strong><br data-start=\"1002\" data-end=\"1005\" \/>Monter antennen raskt og enkelt med den medf\u00f8lgende dobbeltsidige teipen - uten problemer med kompliserte verkt\u00f8y.<\/p>\n<\/li>\n<\/ul>\n<hr data-start=\"1127\" data-end=\"1130\" \/>\n<h3 data-start=\"1132\" data-end=\"1151\">Spesifikasjoner<\/h3>\n<ul data-start=\"1153\" data-end=\"1338\">\n<li data-start=\"1153\" data-end=\"1196\">\n<p data-start=\"1155\" data-end=\"1196\"><strong data-start=\"1155\" data-end=\"1174\">Kompatibilitet:<\/strong><br data-start=\"1174\" data-end=\"1177\" \/>Kun for Hub BP<\/p>\n<\/li>\n<li data-start=\"1198\" data-end=\"1227\">\n<p data-start=\"1200\" data-end=\"1227\"><strong data-start=\"1200\" data-end=\"1215\">Kabel lengde:<\/strong><br data-start=\"1215\" data-end=\"1218\" \/>3 meter<\/p>\n<\/li>\n<li data-start=\"1229\" data-end=\"1254\">\n<p data-start=\"1231\" data-end=\"1254\"><strong data-start=\"1231\" data-end=\"1246\">Kontakttype:<\/strong><br data-start=\"1246\" data-end=\"1249\" \/>SMA<\/p>\n<\/li>\n<li data-start=\"1256\" data-end=\"1338\">\n<p data-start=\"1258\" data-end=\"1338\"><strong data-start=\"1258\" data-end=\"1279\">Temperaturspenn:<\/strong><br data-start=\"1279\" data-end=\"1282\" \/>-10\u00b0C til +85\u00b0C, med luftfuktighet opp til 95%<\/p>\n<\/li>\n<\/ul>\n<hr data-start=\"1340\" data-end=\"1343\" \/>\n<p data-start=\"1365\" data-end=\"1746\">Ajax ExternalAntenna er din l\u00f8sning for \u00e5 overvinne fysiske barrierer som p\u00e5virker radiokommunikasjon. Ved \u00e5 plassere antennen der det trengs mest, forbedres signalet for b\u00e5de tr\u00e5dl\u00f8se produkter og 4G-forbindelser. Med enkel installasjon, sikkerhetsfunksjoner og en robust design sikrer denne antennen p\u00e5litelig drift av Hub BP selv i de mest utfordrende milj\u00f8er.<\/p>\n<p data-start=\"1748\" data-end=\"1868\" data-is-last-node=\"\">Velg Ajax ExternalAntenna for \u00e5 sikre at Hub BP alltid opprettholder en sterk og stabil forbindelse, uavhengig av milj\u00f8et!<\/p>","protected":false},"excerpt":{"rendered":"<p data-start=\"0\" data-end=\"65\"><strong data-start=\"0\" data-end=\"65\">Ajax ekstern antenne \u2013 forbedret signalstyrke for din hub BP<\/strong><\/p>\n<p data-start=\"67\" data-end=\"341\">Gi Hub BP optimal kommunikasjon med Ajax ExternalAntenna. Denne eksterne antennen er spesialdesignet for \u00e5 forsterke signalet i milj\u00f8er der tr\u00e5dl\u00f8se signaler er svake eller helt frav\u00e6rende, for eksempel i containere, safer, betongrom eller andre utfordrende steder.<\/p>","protected":false},"featured_media":156679,"template":"","meta":{"_acf_changed":false},"product_brand":[],"product_cat":[3168],"product_tag":[4863],"class_list":{"0":"post-147843","1":"product","2":"type-product","3":"status-publish","4":"has-post-thumbnail","6":"product_cat-range-extender-repeater","7":"product_tag-pf","8":"product_shipping_class-postnord-varubrev","9":"pa_brands-ajax-systems","10":"pa_farg-svart","11":"tm-no-options","13":"first","14":"instock","15":"taxable","16":"shipping-taxable","17":"purchasable","18":"product-type-simple"},"acf":[],"_links":{"self":[{"href":"https:\/\/secureus.se\/no\/wp-json\/wp\/v2\/product\/147843","targetHints":{"allow":["GET"]}}],"collection":[{"href":"https:\/\/secureus.se\/no\/wp-json\/wp\/v2\/product"}],"about":[{"href":"https:\/\/secureus.se\/no\/wp-json\/wp\/v2\/types\/product"}],"wp:featuredmedia":[{"embeddable":true,"href":"https:\/\/secureus.se\/no\/wp-json\/wp\/v2\/media\/156679"}],"wp:attachment":[{"href":"https:\/\/secureus.se\/no\/wp-json\/wp\/v2\/media?parent=147843"}],"wp:term":[{"taxonomy":"product_brand","embeddable":true,"href":"https:\/\/secureus.se\/no\/wp-json\/wp\/v2\/product_brand?post=147843"},{"taxonomy":"product_cat","embeddable":true,"href":"https:\/\/secureus.se\/no\/wp-json\/wp\/v2\/product_cat?post=147843"},{"taxonomy":"product_tag","embeddable":true,"href":"https:\/\/secureus.se\/no\/wp-json\/wp\/v2\/product_tag?post=147843"}],"curies":[{"name":"wp","href":"https:\/\/api.w.org\/{rel}","templated":true}]}}