{"id":147870,"date":"2025-02-14T11:54:09","date_gmt":"2025-02-14T10:54:09","guid":{"rendered":"https:\/\/secureus.se\/kolsyreslackare-co2-5kg\/"},"modified":"2026-01-07T10:15:39","modified_gmt":"2026-01-07T09:15:39","slug":"kolsyreslackare-co2-5kg","status":"publish","type":"product","link":"https:\/\/secureus.se\/no\/kolsyreslackare-co2-5kg\/","title":{"rendered":"Karbondioksidslukningsapparat Co2 5 kg \u2013 Kraftig brannslokking for klasse B branner"},"content":{"rendered":"<h3 data-start=\"0\" data-end=\"81\"><strong data-start=\"4\" data-end=\"79\">Karbondioksidslukningsapparat Co2 5 kg \u2013 Kraftig brannslokking for klasse B branner<\/strong><\/h3>\n<p data-start=\"331\" data-end=\"655\">Denne <strong data-start=\"375\" data-end=\"403\">kullsyre brannslukningsapparat Co2 5 kg<\/strong> er en kraftig og p\u00e5litelig l\u00f8sning for h\u00e5ndtering av brann i brennbare v\u00e6sker (klasse B). Den er bygget i henhold til UNI EN 3-7:2008 og sertifisert i henhold til PED Pressure Equipment Directive 2014\/68\/EU, noe som sikrer h\u00f8yeste kvalitet og ytelse.<\/p>\n<p data-start=\"657\" data-end=\"1025\">Karbondioksidslukningsapparatet inneholder <strong data-start=\"685\" data-end=\"706\">99,99 % karbondioksid<\/strong>, som betyr at den slukker brannen uten \u00e5 etterlate rester. Dette gj\u00f8r den ideell for sensitivt elektronisk utstyr og elektriske installasjoner opp til 1000V. Slukkeren har en robust konstruksjon i h\u00f8yfast st\u00e5l, belagt med epoksypolyester i RAL 3000, som gir utmerket korrosjonsbeskyttelse og holdbarhet.<\/p>\n<p data-start=\"1027\" data-end=\"1057\"><strong data-start=\"1027\" data-end=\"1055\">Funksjoner og fordeler:<\/strong><\/p>\n<ul data-start=\"1058\" data-end=\"1375\">\n<li data-start=\"1058\" data-end=\"1119\"><strong data-start=\"1060\" data-end=\"1079\">H\u00f8y slukkekraft<\/strong> \u2013 klasse 113B for brennbare v\u00e6sker<\/li>\n<li data-start=\"1120\" data-end=\"1184\"><strong data-start=\"1122\" data-end=\"1167\">Trygg \u00e5 bruke p\u00e5 elektrisk utstyr<\/strong> opptil 1000V<\/li>\n<li data-start=\"1185\" data-end=\"1246\"><strong data-start=\"1187\" data-end=\"1215\">Slitesterk st\u00e5lkonstruksjon<\/strong> med epoxy polyester belegg<\/li>\n<li data-start=\"1247\" data-end=\"1313\"><strong data-start=\"1249\" data-end=\"1269\">Lang t\u00f8mmetid<\/strong> p\u00e5 15 sekunder for maksimal slokkekapasitet<\/li>\n<li data-start=\"1314\" data-end=\"1375\"><strong data-start=\"1316\" data-end=\"1373\">Sertifisert i henhold til UNI EN 3-7:2008 og PED 2014\/68\/EU<\/strong><\/li>\n<\/ul>\n<p data-start=\"1377\" data-end=\"1408\"><strong data-start=\"1377\" data-end=\"1406\">Tekniske spesifikasjoner:<\/strong><\/p>\n<ul data-start=\"1409\" data-end=\"1856\">\n<li data-start=\"1409\" data-end=\"1440\"><strong data-start=\"1411\" data-end=\"1426\">Slukningsmidler:<\/strong> 99,99 % Co2<\/li>\n<li data-start=\"1441\" data-end=\"1465\"><strong data-start=\"1443\" data-end=\"1458\">Brannklasse:<\/strong> 113B<\/li>\n<li data-start=\"1466\" data-end=\"1509\"><strong data-start=\"1468\" data-end=\"1488\">Driftstemperatur:<\/strong> -20 \u00b0C til +60 \u00b0C<\/li>\n<li data-start=\"1510\" data-end=\"1541\"><strong data-start=\"1512\" data-end=\"1534\">Nominell fylling:<\/strong> 5 kg<\/li>\n<li data-start=\"1542\" data-end=\"1569\"><strong data-start=\"1544\" data-end=\"1558\">Totalvekt:<\/strong> ~13,8 kg<\/li>\n<li data-start=\"1570\" data-end=\"1602\"><strong data-start=\"1572\" data-end=\"1588\">T\u00f8mmetid:<\/strong> 15 sekunder<\/li>\n<li data-start=\"1603\" data-end=\"1633\"><strong data-start=\"1605\" data-end=\"1624\">Maks dreiemoment:<\/strong> 196 Nm<\/li>\n<li data-start=\"1634\" data-end=\"1668\"><strong data-start=\"1636\" data-end=\"1658\">Tanktesttrykk:<\/strong> 250 bar<\/li>\n<li data-start=\"1669\" data-end=\"1697\"><strong data-start=\"1671\" data-end=\"1689\">Tankkapasitet:<\/strong> 7,5 liter<\/li>\n<li data-start=\"1698\" data-end=\"1746\"><strong data-start=\"1700\" data-end=\"1729\">Sikkerhetsventiltrykk:<\/strong> 185 +\/- 15 bar<\/li>\n<li data-start=\"1747\" data-end=\"1777\"><strong data-start=\"1749\" data-end=\"1762\">Materiale:<\/strong> Legert st\u00e5l<\/li>\n<li data-start=\"1778\" data-end=\"1856\"><strong data-start=\"1780\" data-end=\"1797\">Overflatebehandling:<\/strong> Epoxy polyester RAL 3000, sandbl\u00e5st og pulverlakkert<\/li>\n<\/ul>\n<p data-start=\"1991\" data-end=\"2156\" data-is-last-node=\"\">","protected":false},"excerpt":{"rendered":"<p>Karbondioksidslukningsapparat Co2 5 kg - Kraftig brannslokking for klasse B brann Dette karbondioksidslukkingsapparatet Co2 5 kg er en kraftig og p\u00e5litelig l\u00f8sning for h\u00e5ndtering av brann i brennbare v\u00e6sker (klasse B).<\/p>","protected":false},"featured_media":147869,"template":"","meta":{"_acf_changed":false},"product_brand":[],"product_cat":[1533],"product_tag":[],"class_list":{"0":"post-147870","1":"product","2":"type-product","3":"status-publish","4":"has-post-thumbnail","6":"product_cat-brandslackare","7":"tm-no-options","9":"first","10":"outofstock","11":"sale","12":"taxable","13":"shipping-taxable","14":"purchasable","15":"product-type-simple"},"acf":[],"_links":{"self":[{"href":"https:\/\/secureus.se\/no\/wp-json\/wp\/v2\/product\/147870","targetHints":{"allow":["GET"]}}],"collection":[{"href":"https:\/\/secureus.se\/no\/wp-json\/wp\/v2\/product"}],"about":[{"href":"https:\/\/secureus.se\/no\/wp-json\/wp\/v2\/types\/product"}],"wp:featuredmedia":[{"embeddable":true,"href":"https:\/\/secureus.se\/no\/wp-json\/wp\/v2\/media\/147869"}],"wp:attachment":[{"href":"https:\/\/secureus.se\/no\/wp-json\/wp\/v2\/media?parent=147870"}],"wp:term":[{"taxonomy":"product_brand","embeddable":true,"href":"https:\/\/secureus.se\/no\/wp-json\/wp\/v2\/product_brand?post=147870"},{"taxonomy":"product_cat","embeddable":true,"href":"https:\/\/secureus.se\/no\/wp-json\/wp\/v2\/product_cat?post=147870"},{"taxonomy":"product_tag","embeddable":true,"href":"https:\/\/secureus.se\/no\/wp-json\/wp\/v2\/product_tag?post=147870"}],"curies":[{"name":"wp","href":"https:\/\/api.w.org\/{rel}","templated":true}]}}