{"id":147918,"date":"2025-02-17T12:59:02","date_gmt":"2025-02-17T11:59:02","guid":{"rendered":"https:\/\/secureus.se\/?post_type=product&#038;p=147918"},"modified":"2026-04-23T11:59:02","modified_gmt":"2026-04-23T09:59:02","slug":"fonsterhallare-225-vit","status":"publish","type":"product","link":"https:\/\/secureus.se\/no\/fonsterhallare-225-vit\/","title":{"rendered":"Vindusholder 225 Hvit"},"content":{"rendered":"<div>ASSA ABLOY Window Holder 225 brukes til utadsl\u00e5ende vinduer.<\/div>\n<div><b><br \/>Kjennetegn: <\/b><\/div>\n<div>\n<ul>\n<li>\u00d8nsket \u00e5pningsposisjon festes med justeringsskruen.<\/li>\n<li>Passer b\u00e5de h\u00f8yre og venstre<\/li>\n<li>For buebredder under 500 mm (230 for buebredder over 500 mm)<\/li>\n<li>Kan ogs\u00e5 brukes for oppsett i egen bue. L\u00f8ft stangpinnen, koble stangen fra stangbraketten og hekt den inn i skiven p\u00e5 den ytre b\u00f8ylen<\/li>\n<li>Anbefalt skrue: Stangbrakett TKX 4,0 mm &amp; rammebrakett TKFX 3,5 mm<\/li>\n<li>OPPMERKSOMHET! Ikke barnesikker<\/li>\n<\/ul>\n<\/div>\n<div><b><br \/>Montering:<\/b><\/div>\n<div>\n<ul>\n<li>Sett sammen i henhold til instruksjonene<\/li>\n<li>Dimensjoner beregnes fra hengselsiden.<\/li>\n<li>Stangbraketten monteres slik at stangen er parallell med rammen.<\/li>\n<li>Skiven monteres p\u00e5 ytterrammen etter \u00e5 ha laget en utsparing for stangenden.<\/li>\n<\/ul>\n<\/div>\n<div><\/div>\n<div><\/div>","protected":false},"excerpt":{"rendered":"<p>ASSA ABLOY Window Holder 225 brukes til utadsl\u00e5ende vinduer. Egenskaper: \u00d8nsket \u00e5pningsposisjon festes med justeringsskruen Passer b\u00e5de h\u00f8yre og venstre For buebredder under 500 mm (230 for buebredder over 500 mm)<\/p>","protected":false},"featured_media":147917,"template":"","meta":{"_acf_changed":false},"product_brand":[],"product_cat":[4649],"product_tag":[],"class_list":{"0":"post-147918","1":"product","2":"type-product","3":"status-publish","4":"has-post-thumbnail","6":"product_cat-fonsterhallare","7":"product_shipping_class-postnord-varubrev","8":"pa_brands-abloy","9":"tm-no-options","11":"first","12":"instock","13":"sale","14":"taxable","15":"shipping-taxable","16":"purchasable","17":"product-type-simple"},"acf":[],"_links":{"self":[{"href":"https:\/\/secureus.se\/no\/wp-json\/wp\/v2\/product\/147918","targetHints":{"allow":["GET"]}}],"collection":[{"href":"https:\/\/secureus.se\/no\/wp-json\/wp\/v2\/product"}],"about":[{"href":"https:\/\/secureus.se\/no\/wp-json\/wp\/v2\/types\/product"}],"wp:featuredmedia":[{"embeddable":true,"href":"https:\/\/secureus.se\/no\/wp-json\/wp\/v2\/media\/147917"}],"wp:attachment":[{"href":"https:\/\/secureus.se\/no\/wp-json\/wp\/v2\/media?parent=147918"}],"wp:term":[{"taxonomy":"product_brand","embeddable":true,"href":"https:\/\/secureus.se\/no\/wp-json\/wp\/v2\/product_brand?post=147918"},{"taxonomy":"product_cat","embeddable":true,"href":"https:\/\/secureus.se\/no\/wp-json\/wp\/v2\/product_cat?post=147918"},{"taxonomy":"product_tag","embeddable":true,"href":"https:\/\/secureus.se\/no\/wp-json\/wp\/v2\/product_tag?post=147918"}],"curies":[{"name":"wp","href":"https:\/\/api.w.org\/{rel}","templated":true}]}}