{"id":147943,"date":"2025-02-17T12:59:04","date_gmt":"2025-02-17T11:59:04","guid":{"rendered":"https:\/\/secureus.se\/?post_type=product&#038;p=147943"},"modified":"2025-11-17T23:39:21","modified_gmt":"2025-11-17T22:39:21","slug":"stormkrok-sats-nickel","status":"publish","type":"product","link":"https:\/\/secureus.se\/no\/stormkrok-sats-nickel\/","title":{"rendered":"Stormkroksett nikkel"},"content":{"rendered":"<p>ROCA Stormkrok er et klassisk og p\u00e5litelig ventilasjonsarmatur med to ventilasjonsposisjoner. Et dekorativt og funksjonelt beslag beregnet for sidehengte, utadsl\u00e5ende vinduer. Ogs\u00e5 egnet for rustikke vinduer i skandinavisk g\u00e5rdsstil. Leveres med halekrok.<\/p>\n<p><b>Kjennetegn:<\/b><\/p>\n<ul>\n<li>Materiale: St\u00e5l\/sink<\/li>\n<li>Overflatebehandling: Nikkelbelagt<\/li>\n<\/ul>","protected":false},"excerpt":{"rendered":"<p>ROCA Stormkrok er et klassisk og p\u00e5litelig ventilasjonsarmatur med to ventilasjonsposisjoner. Et dekorativt og funksjonelt beslag beregnet for sidehengte, utadsl\u00e5ende vinduer. Ogs\u00e5 egnet for rustikke vinduer i skandinavisk g\u00e5rdsstil. Levert<\/p>","protected":false},"featured_media":147942,"template":"","meta":{"_acf_changed":false},"product_brand":[],"product_cat":[4649],"product_tag":[],"class_list":{"0":"post-147943","1":"product","2":"type-product","3":"status-publish","4":"has-post-thumbnail","6":"product_cat-fonsterhallare","7":"product_shipping_class-postnord-varubrev","8":"pa_brands-roca","9":"tm-no-options","11":"first","12":"instock","13":"taxable","14":"shipping-taxable","15":"purchasable","16":"product-type-woosb"},"acf":[],"_links":{"self":[{"href":"https:\/\/secureus.se\/no\/wp-json\/wp\/v2\/product\/147943","targetHints":{"allow":["GET"]}}],"collection":[{"href":"https:\/\/secureus.se\/no\/wp-json\/wp\/v2\/product"}],"about":[{"href":"https:\/\/secureus.se\/no\/wp-json\/wp\/v2\/types\/product"}],"wp:featuredmedia":[{"embeddable":true,"href":"https:\/\/secureus.se\/no\/wp-json\/wp\/v2\/media\/147942"}],"wp:attachment":[{"href":"https:\/\/secureus.se\/no\/wp-json\/wp\/v2\/media?parent=147943"}],"wp:term":[{"taxonomy":"product_brand","embeddable":true,"href":"https:\/\/secureus.se\/no\/wp-json\/wp\/v2\/product_brand?post=147943"},{"taxonomy":"product_cat","embeddable":true,"href":"https:\/\/secureus.se\/no\/wp-json\/wp\/v2\/product_cat?post=147943"},{"taxonomy":"product_tag","embeddable":true,"href":"https:\/\/secureus.se\/no\/wp-json\/wp\/v2\/product_tag?post=147943"}],"curies":[{"name":"wp","href":"https:\/\/api.w.org\/{rel}","templated":true}]}}