{"id":147966,"date":"2025-02-17T12:59:06","date_gmt":"2025-02-17T11:59:06","guid":{"rendered":"https:\/\/secureus.se\/?post_type=product&#038;p=147966"},"modified":"2026-04-23T11:55:42","modified_gmt":"2026-04-23T09:55:42","slug":"stormkrok-kultur-nickel","status":"publish","type":"product","link":"https:\/\/secureus.se\/no\/stormkrok-kultur-nickel\/","title":{"rendered":"Stormkrok Kultur Nikkel"},"content":{"rendered":"<p>ROCA Kultur stormkrok i rustikk stil. En klassisk stormkrok og et p\u00e5litelig ventilasjonsarmatur med to ventilasjonsposisjoner og er tilpasset for \u00e5 passe med myggnett. Et dekorativt og funksjonelt beslag beregnet for sidehengte, utadsl\u00e5ende vinduer. Ogs\u00e5 egnet for rustikke vinduer i skandinavisk g\u00e5rdsstil. Komplett med halekrok og spiker. Se under fanen Kombiner med.<\/p>\n<p><b>Kjennetegn:<\/b><\/p>\n<ul>\n<li>Materiale: Zamak<\/li>\n<li>Overflatebehandling: Forniklet<\/li>\n<\/ul>","protected":false},"excerpt":{"rendered":"<p>ROCA Kultur stormkrok i rustikk stil. En klassisk stormkrok og et p\u00e5litelig ventilasjonsarmatur med to ventilasjonsposisjoner og er tilpasset for \u00e5 passe med myggnett. Et dekorativt og funksjonelt beslag beregnet p\u00e5<\/p>","protected":false},"featured_media":147965,"template":"","meta":{"_acf_changed":false},"product_brand":[],"product_cat":[4649],"product_tag":[],"class_list":{"0":"post-147966","1":"product","2":"type-product","3":"status-publish","4":"has-post-thumbnail","6":"product_cat-fonsterhallare","7":"product_shipping_class-postnord-varubrev","8":"pa_brands-roca","9":"tm-no-options","11":"first","12":"instock","13":"sale","14":"taxable","15":"shipping-taxable","16":"purchasable","17":"product-type-simple"},"acf":[],"_links":{"self":[{"href":"https:\/\/secureus.se\/no\/wp-json\/wp\/v2\/product\/147966","targetHints":{"allow":["GET"]}}],"collection":[{"href":"https:\/\/secureus.se\/no\/wp-json\/wp\/v2\/product"}],"about":[{"href":"https:\/\/secureus.se\/no\/wp-json\/wp\/v2\/types\/product"}],"wp:featuredmedia":[{"embeddable":true,"href":"https:\/\/secureus.se\/no\/wp-json\/wp\/v2\/media\/147965"}],"wp:attachment":[{"href":"https:\/\/secureus.se\/no\/wp-json\/wp\/v2\/media?parent=147966"}],"wp:term":[{"taxonomy":"product_brand","embeddable":true,"href":"https:\/\/secureus.se\/no\/wp-json\/wp\/v2\/product_brand?post=147966"},{"taxonomy":"product_cat","embeddable":true,"href":"https:\/\/secureus.se\/no\/wp-json\/wp\/v2\/product_cat?post=147966"},{"taxonomy":"product_tag","embeddable":true,"href":"https:\/\/secureus.se\/no\/wp-json\/wp\/v2\/product_tag?post=147966"}],"curies":[{"name":"wp","href":"https:\/\/api.w.org\/{rel}","templated":true}]}}