{"id":147990,"date":"2025-02-25T12:22:20","date_gmt":"2025-02-25T11:22:20","guid":{"rendered":"https:\/\/secureus.se\/?post_type=product&#038;p=147990"},"modified":"2026-04-08T16:28:16","modified_gmt":"2026-04-08T14:28:16","slug":"plejd-belysning-downlight-tilt-svart","status":"publish","type":"product","link":"https:\/\/secureus.se\/no\/plejd-belysning-downlight-tilt-svart\/","title":{"rendered":"Plejd belysning Downlight Tilt sort"},"content":{"rendered":"<h1>Plejd DWN-01 \u2013 Smart Downlight med Tunable White og tr\u00e5dl\u00f8s kontroll<\/h1>\n<p data-start=\"586\" data-end=\"842\">Plejd DWN-01 er en intelligent og fleksibel downlight designet for \u00e5 gi optimal lysstyring.<\/p>\n<p data-start=\"586\" data-end=\"842\">Med sin innebygde dimmerfunksjon trengs ingen ekstern dimmer \u2013 alt styres enkelt via Plejd-appen, en trykknapp eller andre Plejd-enheter.<\/p>\n<p data-start=\"844\" data-end=\"1278\">Lyskilden har 22\u00b0 vippefunksjon, som gj\u00f8r det mulig \u00e5 rette lyset og skape den perfekte belysningen i rommet.<\/p>\n<p data-start=\"844\" data-end=\"1278\">Tunable white-teknologi lar brukeren justere fargetemperaturen mellom 2200K og 4000K, noe som gj\u00f8r det enkelt \u00e5 tilpasse lyset til dine behov \u2013 fra varmt og koselig til mer n\u00f8ytralt arbeidslys.<\/p>\n<p data-start=\"844\" data-end=\"1278\">Produktet st\u00f8tter ogs\u00e5 dimming til varm, noe som gir en mer naturlig lysopplevelse ved dimming.<\/p>\n<p data-start=\"1280\" data-end=\"1603\">Takket v\u00e6re Bluetooth\u00ae mesh-teknologi kan DWN-01 integreres i et smart belysningssystem der flere enheter kan grupperes tr\u00e5dl\u00f8st og kontrolleres sammen.<\/p>\n<p data-start=\"1280\" data-end=\"1603\">For ytterligere automatisering har DWN-01 innebygde tidsfunksjoner som astro- og ukeklokker, som gj\u00f8r at lyset automatisk kan justeres etter klokkeslettet.<\/p>\n<p data-start=\"1605\" data-end=\"1955\">DWN-01 har en IP44-klassifisering, noe som betyr at den er egnet for bad og andre fuktige milj\u00f8er.<\/p>\n<p data-start=\"1605\" data-end=\"1955\">Den har ogs\u00e5 overtemperaturbeskyttelse, noe som sikrer sikker og langvarig drift.<\/p>\n<p data-start=\"1605\" data-end=\"1955\">Installasjonen er enkel takket v\u00e6re en lav installasjonsdybde p\u00e5 kun 40 mm, noe som betyr at den kan monteres selv i rom med begrenset dybde.<\/p>\n<h3 data-start=\"1962\" data-end=\"1997\"><strong data-start=\"1966\" data-end=\"1995\">Tekniske spesifikasjoner:<\/strong><\/h3>\n<ul data-start=\"1998\" data-end=\"2808\">\n<li data-start=\"1998\" data-end=\"2034\"><strong data-start=\"2000\" data-end=\"2014\">Lyskilde:<\/strong> LED (kan ikke byttes ut)<\/li>\n<li data-start=\"2035\" data-end=\"2060\"><strong data-start=\"2037\" data-end=\"2051\">Lysstr\u00f8m:<\/strong> 515 lumen<\/li>\n<li data-start=\"2061\" data-end=\"2111\"><strong data-start=\"2063\" data-end=\"2082\">Fargetemperatur:<\/strong> 2200\u20134000K (avstembar hvit)<\/li>\n<li data-start=\"2112\" data-end=\"2145\"><strong data-start=\"2114\" data-end=\"2133\">Dimmeomr\u00e5de:<\/strong> 0,1\u2013100 %<\/li>\n<li data-start=\"2146\" data-end=\"2169\"><strong data-start=\"2148\" data-end=\"2163\">Tiltbarhet:<\/strong> 22\u00b0<\/li>\n<li data-start=\"2170\" data-end=\"2199\"><strong data-start=\"2172\" data-end=\"2193\">Spredningsvinkel:<\/strong> 40\u00b0<\/li>\n<li data-start=\"2200\" data-end=\"2233\"><strong data-start=\"2202\" data-end=\"2228\">Fargegjengivelse (CRI):<\/strong> 90<\/li>\n<li data-start=\"2234\" data-end=\"2286\"><strong data-start=\"2236\" data-end=\"2250\">Levetid:<\/strong> 60 000 timer (L70\/B50 ved 25 \u00b0C)<\/li>\n<li data-start=\"2287\" data-end=\"2306\"><strong data-start=\"2289\" data-end=\"2300\">Effekt:<\/strong> 8W<\/li>\n<li data-start=\"2307\" data-end=\"2342\"><strong data-start=\"2309\" data-end=\"2338\">Energieffektivitetsklasse:<\/strong> F<\/li>\n<li data-start=\"2343\" data-end=\"2372\"><strong data-start=\"2345\" data-end=\"2361\">Beskyttelses klasse:<\/strong> Klasse II<\/li>\n<li data-start=\"2373\" data-end=\"2421\"><strong data-start=\"2375\" data-end=\"2388\">IP-klasse:<\/strong> IP44 (armatur), IP20 (driver)<\/li>\n<li data-start=\"2422\" data-end=\"2454\"><strong data-start=\"2424\" data-end=\"2440\">Nettspenning:<\/strong> 230V \/ 50Hz<\/li>\n<li data-start=\"2455\" data-end=\"2481\"><strong data-start=\"2457\" data-end=\"2474\">Effektfaktor:<\/strong> 0,84<\/li>\n<li data-start=\"2482\" data-end=\"2528\"><strong data-start=\"2484\" data-end=\"2502\">Kommunikasjon:<\/strong> 2,4 GHz Bluetooth\u00ae mesh<\/li>\n<li data-start=\"2529\" data-end=\"2604\"><strong data-start=\"2531\" data-end=\"2549\">Radiorekkevidde:<\/strong> Omtrent 10 meter innend\u00f8rs (utvidet med Plejd mesh-teknologi)<\/li>\n<li data-start=\"2605\" data-end=\"2651\"><strong data-start=\"2607\" data-end=\"2621\">Montering:<\/strong> Innfelt i tak (\u00d8 83 mm hull)<\/li>\n<li data-start=\"2652\" data-end=\"2691\"><strong data-start=\"2654\" data-end=\"2683\">Minimum installasjonsdybde:<\/strong> 40 mm<\/li>\n<li data-start=\"2692\" data-end=\"2752\"><strong data-start=\"2694\" data-end=\"2707\">Materiale:<\/strong> Pulverlakkert aluminium, sort (RAL 9004)<\/li>\n<li data-start=\"2753\" data-end=\"2808\"><strong data-start=\"2755\" data-end=\"2774\">Kompatibilitet:<\/strong> Apple HomeKit, Google Assistant<\/li>\n<\/ul>\n<p data-start=\"2810\" data-end=\"2958\">Plejd DWN-01 er en h\u00f8ykvalitets og stilig l\u00f8sning for deg som \u00f8nsker smart og fleksibel belysning i hjemmet eller i offentlige milj\u00f8er.<\/p>","protected":false},"excerpt":{"rendered":"<p>Plejd DWN-01 er en smart downlight med justerbar hvit og innebygd dimmerfunksjon - ingen ekstern dimmer n\u00f8dvendig.<\/p>\n<p>Lyskilden kan vinkles for fleksibel belysning og styres tr\u00e5dl\u00f8st via Plejd-appen, andre Plejd-produkter eller trykknapp.<\/p>\n<p>Justerbar fargetemperatur fra 2200K\u20134000K og kompatibel med tidsstyring via astro og ukeklokke.<\/p>","protected":false},"featured_media":147989,"template":"","meta":{"_acf_changed":false},"product_brand":[],"product_cat":[4664],"product_tag":[4670],"class_list":{"0":"post-147990","1":"product","2":"type-product","3":"status-publish","4":"has-post-thumbnail","6":"product_cat-plejd-belysning","7":"product_tag-plejd","8":"product_shipping_class-postnord-varubrev","9":"pa_brands-plejd","10":"tm-has-options","12":"first","13":"instock","14":"sale","15":"taxable","16":"shipping-taxable","17":"purchasable","18":"product-type-simple"},"acf":[],"_links":{"self":[{"href":"https:\/\/secureus.se\/no\/wp-json\/wp\/v2\/product\/147990","targetHints":{"allow":["GET"]}}],"collection":[{"href":"https:\/\/secureus.se\/no\/wp-json\/wp\/v2\/product"}],"about":[{"href":"https:\/\/secureus.se\/no\/wp-json\/wp\/v2\/types\/product"}],"wp:featuredmedia":[{"embeddable":true,"href":"https:\/\/secureus.se\/no\/wp-json\/wp\/v2\/media\/147989"}],"wp:attachment":[{"href":"https:\/\/secureus.se\/no\/wp-json\/wp\/v2\/media?parent=147990"}],"wp:term":[{"taxonomy":"product_brand","embeddable":true,"href":"https:\/\/secureus.se\/no\/wp-json\/wp\/v2\/product_brand?post=147990"},{"taxonomy":"product_cat","embeddable":true,"href":"https:\/\/secureus.se\/no\/wp-json\/wp\/v2\/product_cat?post=147990"},{"taxonomy":"product_tag","embeddable":true,"href":"https:\/\/secureus.se\/no\/wp-json\/wp\/v2\/product_tag?post=147990"}],"curies":[{"name":"wp","href":"https:\/\/api.w.org\/{rel}","templated":true}]}}