{"id":147996,"date":"2025-02-25T12:22:21","date_gmt":"2025-02-25T11:22:21","guid":{"rendered":"https:\/\/secureus.se\/?post_type=product&#038;p=147996"},"modified":"2026-04-23T10:19:20","modified_gmt":"2026-04-23T08:19:20","slug":"plejd-plafond-svart","status":"publish","type":"product","link":"https:\/\/secureus.se\/no\/plejd-plafond-svart\/","title":{"rendered":"Plaid Plafond svart"},"content":{"rendered":"<h1>Plejd CCL-01 \u2013 Smart LED-taklys med justerbar hvit og tr\u00e5dl\u00f8s kontroll<\/h1>\n<p data-start=\"471\" data-end=\"826\">Plejd CCL-01 er en moderne og stilig LED-taklampe som tilbyr fleksibel og intelligent belysning.<\/p>\n<p data-start=\"471\" data-end=\"826\">Den er utstyrt med en innebygd dimmerfunksjon, som gj\u00f8r at det ikke er behov for ekstern dimmer.<\/p>\n<p data-start=\"471\" data-end=\"826\">Belysningen kan enkelt styres via Plejd-appen, trykknappen eller andre Plejd-enheter, noe som gj\u00f8r den til en allsidig l\u00f8sning for ulike milj\u00f8er.<\/p>\n<p data-start=\"828\" data-end=\"1223\">Taklampen har tunable white-teknologi, som gj\u00f8r det mulig \u00e5 justere fargetemperaturen mellom 2200K og 4000K.<\/p>\n<p data-start=\"828\" data-end=\"1223\">Dette gj\u00f8r det mulig \u00e5 justere lyset fra en varm og koselig tone til et mer funksjonelt og n\u00f8ytralt lys.<\/p>\n<p data-start=\"828\" data-end=\"1223\">Funksjonen dimme til varm justerer automatisk fargetemperaturen n\u00e5r lysstyrken justeres, og skaper en komfortabel og naturlig lysopplevelse.<\/p>\n<p data-start=\"1225\" data-end=\"1423\">Denne taklampen har en bred str\u00e5levinkel p\u00e5 120\u00b0, noe som gj\u00f8r at lyset fordeles jevnt over rommet.<\/p>\n<p data-start=\"1225\" data-end=\"1423\">Den er derfor ideell for generell belysning i hjem, kontorer og kommersielle rom.<\/p>\n<p data-start=\"1425\" data-end=\"1705\">Takket v\u00e6re Bluetooth\u00ae mesh-teknologi kan flere CCL-01-enheter grupperes tr\u00e5dl\u00f8st og styres sammen via Plejd-systemet.<\/p>\n<p data-start=\"1425\" data-end=\"1705\">I tillegg har produktet innebygde tidsfunksjoner som astro og ukeklokker, som gj\u00f8r det mulig \u00e5 automatisere lysplaner etter klokkeslett.<\/p>\n<p data-start=\"1707\" data-end=\"1979\">Installasjonen er enkel og fleksibel \u2013 taklampen kan monteres i tak eller vegg og har en robust konstruksjon.<\/p>\n<p data-start=\"1707\" data-end=\"1979\">Den er IP44-klassifisert, noe som gj\u00f8r den egnet for baderom og andre fuktige milj\u00f8er, mens dens IK07-klassifiserte slagfasthet gj\u00f8r den ekstra slitesterk.<\/p>\n<p data-start=\"1981\" data-end=\"2281\">Plejd CCL-01 er en energieffektiv belysningsl\u00f8sning med en levetid p\u00e5 opptil 100 000 timer, noe som sikrer langsiktig og p\u00e5litelig drift.<\/p>\n<p data-start=\"1981\" data-end=\"2281\">Den h\u00f8ye fargegjengivelsesindeksen p\u00e5 CRI 93 garanterer et naturlig og behagelig lys, perfekt for alle milj\u00f8er der h\u00f8y lyskvalitet kreves.<\/p>\n<h3 data-start=\"2283\" data-end=\"2318\"><strong data-start=\"2287\" data-end=\"2316\">Tekniske spesifikasjoner:<\/strong><\/h3>\n<ul data-start=\"2319\" data-end=\"3143\">\n<li data-start=\"2319\" data-end=\"2355\"><strong data-start=\"2321\" data-end=\"2335\">Lyskilde:<\/strong> LED (kan ikke byttes ut)<\/li>\n<li data-start=\"2356\" data-end=\"2382\"><strong data-start=\"2358\" data-end=\"2372\">Lysstr\u00f8m:<\/strong> 2000 lumen<\/li>\n<li data-start=\"2383\" data-end=\"2433\"><strong data-start=\"2385\" data-end=\"2404\">Fargetemperatur:<\/strong> 2200\u20134000K (avstembar hvit)<\/li>\n<li data-start=\"2434\" data-end=\"2467\"><strong data-start=\"2436\" data-end=\"2455\">Dimmeomr\u00e5de:<\/strong> 0,1\u2013100 %<\/li>\n<li data-start=\"2468\" data-end=\"2498\"><strong data-start=\"2470\" data-end=\"2491\">Spredningsvinkel:<\/strong> 120\u00b0<\/li>\n<li data-start=\"2499\" data-end=\"2532\"><strong data-start=\"2501\" data-end=\"2527\">Fargegjengivelse (CRI):<\/strong> 93<\/li>\n<li data-start=\"2533\" data-end=\"2586\"><strong data-start=\"2535\" data-end=\"2549\">Levetid:<\/strong> 100 000 timer (L70\/B50 ved 25 \u00b0C)<\/li>\n<li data-start=\"2587\" data-end=\"2607\"><strong data-start=\"2589\" data-end=\"2600\">Effekt:<\/strong> 22W<\/li>\n<li data-start=\"2608\" data-end=\"2643\"><strong data-start=\"2610\" data-end=\"2639\">Energieffektivitetsklasse:<\/strong> F<\/li>\n<li data-start=\"2644\" data-end=\"2673\"><strong data-start=\"2646\" data-end=\"2662\">Beskyttelses klasse:<\/strong> Klasse II<\/li>\n<li data-start=\"2674\" data-end=\"2733\"><strong data-start=\"2676\" data-end=\"2689\">IP-klasse:<\/strong> IP44 (takmontering), IP20 (veggmontering)<\/li>\n<li data-start=\"2734\" data-end=\"2760\"><strong data-start=\"2736\" data-end=\"2753\">Slagfasthet:<\/strong> IK07<\/li>\n<li data-start=\"2761\" data-end=\"2793\"><strong data-start=\"2763\" data-end=\"2779\">Nettspenning:<\/strong> 230V \/ 50Hz<\/li>\n<li data-start=\"2794\" data-end=\"2819\"><strong data-start=\"2796\" data-end=\"2813\">Effektfaktor:<\/strong> 0,9<\/li>\n<li data-start=\"2820\" data-end=\"2866\"><strong data-start=\"2822\" data-end=\"2840\">Kommunikasjon:<\/strong> 2,4 GHz Bluetooth\u00ae mesh<\/li>\n<li data-start=\"2867\" data-end=\"2942\"><strong data-start=\"2869\" data-end=\"2887\">Radiorekkevidde:<\/strong> Omtrent 10 meter innend\u00f8rs (utvidet med Plejd mesh-teknologi)<\/li>\n<li data-start=\"2943\" data-end=\"2991\"><strong data-start=\"2945\" data-end=\"2959\">Montering:<\/strong> Overflatemontering i tak eller vegg<\/li>\n<li data-start=\"2992\" data-end=\"3026\"><strong data-start=\"2994\" data-end=\"3003\">M\u00e5le:<\/strong> \u00d8 294 mm, h\u00f8yde 50 mm<\/li>\n<li data-start=\"3027\" data-end=\"3073\"><strong data-start=\"3029\" data-end=\"3042\">Materiale:<\/strong> Matt plast, svart (RAL 7016)<\/li>\n<li data-start=\"3074\" data-end=\"3143\"><strong data-start=\"3076\" data-end=\"3095\">Kompatibilitet:<\/strong> Apple HomeKit, Google Assistant, Amazon Alexa<\/li>\n<\/ul>\n<p data-start=\"3145\" data-end=\"3275\">Plejd CCL-01 er en h\u00f8ykvalitets og energieffektiv taklampe som kombinerer moderne design med avansert lysteknologi.<\/p>","protected":false},"excerpt":{"rendered":"<p>Plejd CCL-01 er en smart LED-taklampe med justerbar hvit og innebygd dimmerfunksjon.<\/p>\n<p>Ingen ekstern dimmer er n\u00f8dvendig.<\/p>\n<p>Den kan styres via Plejd-appen, trykknapp eller andre Plejd-enheter og har justerbar fargetemperatur fra 2200K\u20134000K samt st\u00f8tte for dimme til varme.<\/p>\n<p>Passer for b\u00e5de tak- og veggmontering.<\/p>","protected":false},"featured_media":147995,"template":"","meta":{"_acf_changed":false},"product_brand":[],"product_cat":[4664],"product_tag":[4670],"class_list":{"0":"post-147996","1":"product","2":"type-product","3":"status-publish","4":"has-post-thumbnail","6":"product_cat-plejd-belysning","7":"product_tag-plejd","8":"product_shipping_class-postnord-varubrev","9":"pa_brands-plejd","10":"tm-has-options","12":"first","13":"instock","14":"sale","15":"taxable","16":"shipping-taxable","17":"purchasable","18":"product-type-simple"},"acf":[],"_links":{"self":[{"href":"https:\/\/secureus.se\/no\/wp-json\/wp\/v2\/product\/147996","targetHints":{"allow":["GET"]}}],"collection":[{"href":"https:\/\/secureus.se\/no\/wp-json\/wp\/v2\/product"}],"about":[{"href":"https:\/\/secureus.se\/no\/wp-json\/wp\/v2\/types\/product"}],"wp:featuredmedia":[{"embeddable":true,"href":"https:\/\/secureus.se\/no\/wp-json\/wp\/v2\/media\/147995"}],"wp:attachment":[{"href":"https:\/\/secureus.se\/no\/wp-json\/wp\/v2\/media?parent=147996"}],"wp:term":[{"taxonomy":"product_brand","embeddable":true,"href":"https:\/\/secureus.se\/no\/wp-json\/wp\/v2\/product_brand?post=147996"},{"taxonomy":"product_cat","embeddable":true,"href":"https:\/\/secureus.se\/no\/wp-json\/wp\/v2\/product_cat?post=147996"},{"taxonomy":"product_tag","embeddable":true,"href":"https:\/\/secureus.se\/no\/wp-json\/wp\/v2\/product_tag?post=147996"}],"curies":[{"name":"wp","href":"https:\/\/api.w.org\/{rel}","templated":true}]}}