{"id":148002,"date":"2025-02-25T12:22:21","date_gmt":"2025-02-25T11:22:21","guid":{"rendered":"https:\/\/secureus.se\/?post_type=product&#038;p=148002"},"modified":"2026-03-26T11:07:48","modified_gmt":"2026-03-26T10:07:48","slug":"plejd-belysning-downlight-deep-vit","status":"publish","type":"product","link":"https:\/\/secureus.se\/no\/plejd-belysning-downlight-deep-vit\/","title":{"rendered":"Plejd belysning Downlight Dyp hvit"},"content":{"rendered":"<h1 data-start=\"415\" data-end=\"499\"><strong data-start=\"419\" data-end=\"497\">Plejd DWN-02 \u2013 Smart Downlight Deep med Tunable White og tr\u00e5dl\u00f8s kontroll<\/strong><\/h1>\n<p data-start=\"501\" data-end=\"837\">Plejd DWN-02 er en stilig og funksjonell downlight som tilbyr intelligent belysning for moderne milj\u00f8er.<\/p>\n<p data-start=\"501\" data-end=\"837\">Med den innebygde dimmerfunksjonen er ingen ekstern dimmer n\u00f8dvendig, noe som gj\u00f8r installasjonen enklere og gir mer kontroll over lyset.<\/p>\n<p data-start=\"501\" data-end=\"837\">Kontrollen skjer via Plejd-appen, kablet trykknapp eller andre Plejd-enheter.<\/p>\n<p data-start=\"839\" data-end=\"1199\">Den avanserte tunable white-teknologien gj\u00f8r det mulig \u00e5 justere fargetemperaturen mellom 2200K og 4000K, noe som gj\u00f8r det enkelt \u00e5 tilpasse lyset til dine behov \u2013 fra en varm og koselig gl\u00f8d til et mer n\u00f8ytralt arbeidslys.<\/p>\n<p data-start=\"839\" data-end=\"1199\">Funksjonen dimme til varm s\u00f8rger for at fargetemperaturen justeres naturlig ved dimming for en myk og behagelig lysopplevelse.<\/p>\n<p data-start=\"1201\" data-end=\"1492\">DWN-02 har en str\u00e5levinkel p\u00e5 40\u00b0, noe som gir en symmetrisk lysfordeling som er perfekt for b\u00e5de generell belysning og retningsbelysning.<\/p>\n<p data-start=\"1201\" data-end=\"1492\">Med en h\u00f8y fargegjengivelsesindeks (CRI 90) gjengis farger p\u00e5 en naturlig og behagelig m\u00e5te, noe som gj\u00f8r den ideell for hjem, kontorer og butikker.<\/p>\n<p data-start=\"1494\" data-end=\"1792\">Takket v\u00e6re Bluetooth\u00ae mesh-teknologi kan flere downlights grupperes tr\u00e5dl\u00f8st og styres sammen via Plejd-systemet.<\/p>\n<p data-start=\"1494\" data-end=\"1792\">Produktet har ogs\u00e5 innebygde tidsfunksjoner som astro- og ukeklokker, noe som gj\u00f8r det enkelt \u00e5 automatisere belysning basert p\u00e5 tid p\u00e5 d\u00f8gnet og lysforhold.<\/p>\n<p data-start=\"1794\" data-end=\"2072\">Monteringen er enkel og takket v\u00e6re en lav installasjonsdybde p\u00e5 kun 40 mm kan downlighten ogs\u00e5 installeres i rom med begrenset dybde.<\/p>\n<p data-start=\"1794\" data-end=\"2072\">Den er IP44-klassifisert, noe som betyr at den er beskyttet mot fuktighet og er egnet for baderom og installasjoner utend\u00f8rs.<\/p>\n<p data-start=\"2074\" data-end=\"2240\">Plejd DWN-02 er en energieffektiv og b\u00e6rekraftig l\u00f8sning, med en levetid p\u00e5 opptil 60 000 timer, som sikrer langsiktig og p\u00e5litelig belysning.<\/p>\n<h3 data-start=\"2242\" data-end=\"2277\"><strong data-start=\"2246\" data-end=\"2275\">Tekniske spesifikasjoner:<\/strong><\/h3>\n<ul data-start=\"2278\" data-end=\"3062\">\n<li data-start=\"2278\" data-end=\"2314\"><strong data-start=\"2280\" data-end=\"2294\">Lyskilde:<\/strong> LED (kan ikke byttes ut)<\/li>\n<li data-start=\"2315\" data-end=\"2340\"><strong data-start=\"2317\" data-end=\"2331\">Lysstr\u00f8m:<\/strong> 515 lumen<\/li>\n<li data-start=\"2341\" data-end=\"2391\"><strong data-start=\"2343\" data-end=\"2362\">Fargetemperatur:<\/strong> 2200\u20134000K (avstembar hvit)<\/li>\n<li data-start=\"2392\" data-end=\"2425\"><strong data-start=\"2394\" data-end=\"2413\">Dimmeomr\u00e5de:<\/strong> 0,1\u2013100 %<\/li>\n<li data-start=\"2426\" data-end=\"2455\"><strong data-start=\"2428\" data-end=\"2449\">Spredningsvinkel:<\/strong> 40\u00b0<\/li>\n<li data-start=\"2456\" data-end=\"2489\"><strong data-start=\"2458\" data-end=\"2484\">Fargegjengivelse (CRI):<\/strong> 90<\/li>\n<li data-start=\"2490\" data-end=\"2542\"><strong data-start=\"2492\" data-end=\"2506\">Levetid:<\/strong> 60 000 timer (L70\/B50 ved 25 \u00b0C)<\/li>\n<li data-start=\"2543\" data-end=\"2562\"><strong data-start=\"2545\" data-end=\"2556\">Effekt:<\/strong> 8W<\/li>\n<li data-start=\"2563\" data-end=\"2598\"><strong data-start=\"2565\" data-end=\"2594\">Energieffektivitetsklasse:<\/strong> F<\/li>\n<li data-start=\"2599\" data-end=\"2628\"><strong data-start=\"2601\" data-end=\"2617\">Beskyttelses klasse:<\/strong> Klasse II<\/li>\n<li data-start=\"2629\" data-end=\"2677\"><strong data-start=\"2631\" data-end=\"2644\">IP-klasse:<\/strong> IP44 (armatur), IP20 (driver)<\/li>\n<li data-start=\"2678\" data-end=\"2710\"><strong data-start=\"2680\" data-end=\"2696\">Nettspenning:<\/strong> 230V \/ 50Hz<\/li>\n<li data-start=\"2711\" data-end=\"2737\"><strong data-start=\"2713\" data-end=\"2730\">Effektfaktor:<\/strong> 0,84<\/li>\n<li data-start=\"2738\" data-end=\"2784\"><strong data-start=\"2740\" data-end=\"2758\">Kommunikasjon:<\/strong> 2,4 GHz Bluetooth\u00ae mesh<\/li>\n<li data-start=\"2785\" data-end=\"2860\"><strong data-start=\"2787\" data-end=\"2805\">Radiorekkevidde:<\/strong> Omtrent 10 meter innend\u00f8rs (utvidet med Plejd mesh-teknologi)<\/li>\n<li data-start=\"2861\" data-end=\"2907\"><strong data-start=\"2863\" data-end=\"2877\">Montering:<\/strong> Innfelt i tak (\u00d8 83 mm hull)<\/li>\n<li data-start=\"2908\" data-end=\"2947\"><strong data-start=\"2910\" data-end=\"2939\">Minimum installasjonsdybde:<\/strong> 40 mm<\/li>\n<li data-start=\"2948\" data-end=\"3006\"><strong data-start=\"2950\" data-end=\"2963\">Materiale:<\/strong> Pulverlakkert aluminium, hvit (RAL 9003)<\/li>\n<li data-start=\"3007\" data-end=\"3062\"><strong data-start=\"3009\" data-end=\"3028\">Kompatibilitet:<\/strong> Apple HomeKit, Google Assistant<\/li>\n<\/ul>\n<p data-start=\"3064\" data-end=\"3213\">Plejd DWN-02 er den perfekte l\u00f8sningen for smart og stilig belysning, hvor funksjon, design og teknologi samarbeider for et optimalt lysmilj\u00f8.<\/p>","protected":false},"excerpt":{"rendered":"<p>Plejd DWN-02 er en smart downlight med justerbar hvit og innebygd dimmerfunksjon - ingen ekstern dimmer n\u00f8dvendig.<\/p>\n<p>Den kan styres via Plejd-appen, trykknappen eller andre Plejd-enheter.<\/p>\n<p>Justerbar fargetemperatur fra 2200K\u20134000K og st\u00f8tte for dimme til varme.<\/p>\n<p>IP44-klassifisert og egnet for b\u00e5de innend\u00f8rs og beskyttede utend\u00f8rsmilj\u00f8er.<\/p>","protected":false},"featured_media":148001,"template":"","meta":{"_acf_changed":false},"product_brand":[],"product_cat":[4664],"product_tag":[4670],"class_list":{"0":"post-148002","1":"product","2":"type-product","3":"status-publish","4":"has-post-thumbnail","6":"product_cat-plejd-belysning","7":"product_tag-plejd","8":"product_shipping_class-tunga-paket","9":"pa_brands-plejd","10":"tm-has-options","12":"first","13":"instock","14":"sale","15":"taxable","16":"shipping-taxable","17":"purchasable","18":"product-type-simple"},"acf":[],"_links":{"self":[{"href":"https:\/\/secureus.se\/no\/wp-json\/wp\/v2\/product\/148002","targetHints":{"allow":["GET"]}}],"collection":[{"href":"https:\/\/secureus.se\/no\/wp-json\/wp\/v2\/product"}],"about":[{"href":"https:\/\/secureus.se\/no\/wp-json\/wp\/v2\/types\/product"}],"wp:featuredmedia":[{"embeddable":true,"href":"https:\/\/secureus.se\/no\/wp-json\/wp\/v2\/media\/148001"}],"wp:attachment":[{"href":"https:\/\/secureus.se\/no\/wp-json\/wp\/v2\/media?parent=148002"}],"wp:term":[{"taxonomy":"product_brand","embeddable":true,"href":"https:\/\/secureus.se\/no\/wp-json\/wp\/v2\/product_brand?post=148002"},{"taxonomy":"product_cat","embeddable":true,"href":"https:\/\/secureus.se\/no\/wp-json\/wp\/v2\/product_cat?post=148002"},{"taxonomy":"product_tag","embeddable":true,"href":"https:\/\/secureus.se\/no\/wp-json\/wp\/v2\/product_tag?post=148002"}],"curies":[{"name":"wp","href":"https:\/\/api.w.org\/{rel}","templated":true}]}}