{"id":148010,"date":"2025-02-25T12:22:22","date_gmt":"2025-02-25T11:22:22","guid":{"rendered":"https:\/\/secureus.se\/?post_type=product&#038;p=148010"},"modified":"2026-03-26T11:07:25","modified_gmt":"2026-03-26T10:07:25","slug":"plejd-belysning-plafond-sensor-vit","status":"publish","type":"product","link":"https:\/\/secureus.se\/no\/plejd-belysning-plafond-sensor-vit\/","title":{"rendered":"Plejd belysning Plafond Sensor hvit"},"content":{"rendered":"<h1>Plejd CCL-01-S \u2013 Smart LED-taklys med bevegelsessensor og justerbar hvit<\/h1>\n<p data-start=\"508\" data-end=\"757\">Plejd CCL-01-S er en intelligent LED-taklampe med innebygd bevegelsessensor og lysstyring, perfekt for hjem og offentlige milj\u00f8er.<\/p>\n<p data-start=\"508\" data-end=\"757\">Med innebygget dimmerfunksjon trengs ingen ekstern dimmer, noe som gj\u00f8r installasjonen enklere og mer fleksibel.<\/p>\n<p data-start=\"759\" data-end=\"1078\">Den kan styres via Plejd-appen, trykknappen eller andre Plejd-enheter og kan ogs\u00e5 grupperes tr\u00e5dl\u00f8st, noe som muliggj\u00f8r jevn kontroll av flere armaturer samtidig.<\/p>\n<p data-start=\"759\" data-end=\"1078\">I tillegg har den innebygde tidsfunksjoner som astro og ukeklokker, som gj\u00f8r at belysningen automatisk kan justeres etter klokkeslett.<\/p>\n<p data-start=\"1080\" data-end=\"1483\">Den integrerte bevegelsessensoren kombinerer PIR- og HF-teknologi for optimal bevegelsesdeteksjon.<\/p>\n<p data-start=\"1080\" data-end=\"1483\">PIR-sensoren har en rekkevidde p\u00e5 opptil 11 meter, mens HF-sensoren er justerbar opptil 10 meter og kan registrere selv sm\u00e5 bevegelser.<\/p>\n<p data-start=\"1080\" data-end=\"1483\">Den er ogs\u00e5 utstyrt med dagslyssensor, som gj\u00f8r at belysningen kun aktiveres ved lave omgivelseslysniv\u00e5er, noe som bidrar til energisparing.<\/p>\n<p data-start=\"1485\" data-end=\"1830\">Med tunable white-teknologi kan fargetemperaturen justeres mellom 2200K og 4000K, noe som gj\u00f8r det enkelt \u00e5 tilpasse belysningen til dine behov \u2013 fra en varm og koselig gl\u00f8d til et mer n\u00f8ytralt arbeidslys.<\/p>\n<p data-start=\"1485\" data-end=\"1830\">Funksjonen dimme til varm s\u00f8rger for at fargetemperaturen justeres naturlig ved dimming for en myk og behagelig lysopplevelse.<\/p>\n<p data-start=\"1832\" data-end=\"2072\">Taklampen har en str\u00e5levinkel p\u00e5 120\u00b0, noe som gir en bred og jevn lysfordeling.<\/p>\n<p data-start=\"1832\" data-end=\"2072\">Med en h\u00f8y fargegjengivelsesindeks (CRI 93) gjengis farger naturlig og behagelig, noe som gj\u00f8r armaturen ideell for hjem, kontorer og butikker.<\/p>\n<p data-start=\"2074\" data-end=\"2253\">Takket v\u00e6re Bluetooth\u00ae mesh-teknologi kan flere enheter kommunisere og utvide radiorekkevidden, noe som sikrer stabil og p\u00e5litelig kontroll i st\u00f8rre installasjoner.<\/p>\n<p data-start=\"2255\" data-end=\"2478\">Den er IP44-klassifisert n\u00e5r den er takmontert, noe som gj\u00f8r den egnet for baderom og fuktige milj\u00f8er.<\/p>\n<p data-start=\"2255\" data-end=\"2478\">N\u00e5r den er veggmontert, er den IP20-klassifisert. Taklampen har ogs\u00e5 IK07-klassifisert slagfasthet, noe som gj\u00f8r den ekstra slitesterk.<\/p>\n<p data-start=\"2480\" data-end=\"2653\">Plejd CCL-01-S er en energieffektiv og langvarig belysningsl\u00f8sning, med en levetid p\u00e5 opptil 100 000 timer, som sikrer b\u00e6rekraftig og p\u00e5litelig drift.<\/p>\n<h3 data-start=\"2655\" data-end=\"2690\"><strong data-start=\"2659\" data-end=\"2688\">Tekniske spesifikasjoner:<\/strong><\/h3>\n<ul data-start=\"2691\" data-end=\"3645\">\n<li data-start=\"2691\" data-end=\"2727\"><strong data-start=\"2693\" data-end=\"2707\">Lyskilde:<\/strong> LED (kan ikke byttes ut)<\/li>\n<li data-start=\"2728\" data-end=\"2754\"><strong data-start=\"2730\" data-end=\"2744\">Lysstr\u00f8m:<\/strong> 2000 lumen<\/li>\n<li data-start=\"2755\" data-end=\"2805\"><strong data-start=\"2757\" data-end=\"2776\">Fargetemperatur:<\/strong> 2200\u20134000K (avstembar hvit)<\/li>\n<li data-start=\"2806\" data-end=\"2839\"><strong data-start=\"2808\" data-end=\"2827\">Dimmeomr\u00e5de:<\/strong> 0,1\u2013100 %<\/li>\n<li data-start=\"2840\" data-end=\"2870\"><strong data-start=\"2842\" data-end=\"2863\">Spredningsvinkel:<\/strong> 120\u00b0<\/li>\n<li data-start=\"2871\" data-end=\"2904\"><strong data-start=\"2873\" data-end=\"2899\">Fargegjengivelse (CRI):<\/strong> 93<\/li>\n<li data-start=\"2905\" data-end=\"2958\"><strong data-start=\"2907\" data-end=\"2921\">Levetid:<\/strong> 100 000 timer (L70\/B50 ved 25 \u00b0C)<\/li>\n<li data-start=\"2959\" data-end=\"2979\"><strong data-start=\"2961\" data-end=\"2972\">Effekt:<\/strong> 22W<\/li>\n<li data-start=\"2980\" data-end=\"3015\"><strong data-start=\"2982\" data-end=\"3011\">Energieffektivitetsklasse:<\/strong> F<\/li>\n<li data-start=\"3016\" data-end=\"3045\"><strong data-start=\"3018\" data-end=\"3034\">Beskyttelses klasse:<\/strong> Klasse II<\/li>\n<li data-start=\"3046\" data-end=\"3122\"><strong data-start=\"3048\" data-end=\"3061\">IP-klasse:<\/strong>\n<ul data-start=\"3066\" data-end=\"3122\">\n<li data-start=\"3066\" data-end=\"3092\"><strong data-start=\"3068\" data-end=\"3085\">Takmontering:<\/strong> IP44<\/li>\n<li data-start=\"3095\" data-end=\"3122\"><strong data-start=\"3097\" data-end=\"3115\">Veggmontering:<\/strong> IP20<\/li>\n<\/ul>\n<\/li>\n<li data-start=\"3123\" data-end=\"3149\"><strong data-start=\"3125\" data-end=\"3142\">Slagfasthet:<\/strong> IK07<\/li>\n<li data-start=\"3150\" data-end=\"3182\"><strong data-start=\"3152\" data-end=\"3168\">Nettspenning:<\/strong> 230V \/ 50Hz<\/li>\n<li data-start=\"3183\" data-end=\"3208\"><strong data-start=\"3185\" data-end=\"3202\">Effektfaktor:<\/strong> 0,9<\/li>\n<li data-start=\"3209\" data-end=\"3255\"><strong data-start=\"3211\" data-end=\"3229\">Kommunikasjon:<\/strong> 2,4 GHz Bluetooth\u00ae mesh<\/li>\n<li data-start=\"3256\" data-end=\"3331\"><strong data-start=\"3258\" data-end=\"3276\">Radiorekkevidde:<\/strong> Omtrent 10 meter innend\u00f8rs (utvidet med Plejd mesh-teknologi)<\/li>\n<li data-start=\"3332\" data-end=\"3375\"><strong data-start=\"3334\" data-end=\"3348\">Montering:<\/strong> Tak- eller veggmontering<\/li>\n<li data-start=\"3376\" data-end=\"3410\"><strong data-start=\"3378\" data-end=\"3387\">M\u00e5le:<\/strong> \u00d8 294 mm, h\u00f8yde 50 mm<\/li>\n<li data-start=\"3411\" data-end=\"3455\"><strong data-start=\"3413\" data-end=\"3426\">Materiale:<\/strong> Matt plast, hvit (RAL 9003)<\/li>\n<li data-start=\"3456\" data-end=\"3520\"><strong data-start=\"3458\" data-end=\"3476\">Bevegelsessensor:<\/strong> PIR + HF-sensor (justerbar opp til 10 m)<\/li>\n<li data-start=\"3521\" data-end=\"3575\"><strong data-start=\"3523\" data-end=\"3541\">Dagslyssensor:<\/strong> Aktiveres kun i d\u00e5rlig lys<\/li>\n<li data-start=\"3576\" data-end=\"3645\"><strong data-start=\"3578\" data-end=\"3597\">Kompatibilitet:<\/strong> Apple HomeKit, Google Assistant, Amazon Alexa<\/li>\n<\/ul>\n<p data-start=\"3647\" data-end=\"3816\">Plejd CCL-01-S er den optimale lysl\u00f8sningen for smarte installasjoner, hvor design, funksjonalitet og moderne teknologi kombineres for et perfekt lysmilj\u00f8.<\/p>\n<p>&nbsp;<\/p>","protected":false},"excerpt":{"rendered":"<p>Plejd CCL-01-S er en smart LED-taklampe med bevegelsessensor og innebygd dimmerfunksjon. Ingen ekstern dimmer er n\u00f8dvendig.<\/p>\n<p>Den kan styres via Plejd-appen, trykknapp eller andre Plejd-enheter og har justerbar fargetemperatur fra 2200K\u20134000K samt st\u00f8tte for dimme til varme.<\/p>\n<p>IP44-klassifisert, perfekt for b\u00e5de innend\u00f8rs og beskyttede utend\u00f8rsmilj\u00f8er.<\/p>","protected":false},"featured_media":148009,"template":"","meta":{"_acf_changed":false},"product_brand":[],"product_cat":[4664],"product_tag":[4670],"class_list":{"0":"post-148010","1":"product","2":"type-product","3":"status-publish","4":"has-post-thumbnail","6":"product_cat-plejd-belysning","7":"product_tag-plejd","8":"product_shipping_class-tunga-paket","9":"pa_brands-plejd","10":"pa_farg-vit","11":"tm-has-options","13":"first","14":"instock","15":"sale","16":"taxable","17":"shipping-taxable","18":"purchasable","19":"product-type-simple"},"acf":[],"_links":{"self":[{"href":"https:\/\/secureus.se\/no\/wp-json\/wp\/v2\/product\/148010","targetHints":{"allow":["GET"]}}],"collection":[{"href":"https:\/\/secureus.se\/no\/wp-json\/wp\/v2\/product"}],"about":[{"href":"https:\/\/secureus.se\/no\/wp-json\/wp\/v2\/types\/product"}],"wp:featuredmedia":[{"embeddable":true,"href":"https:\/\/secureus.se\/no\/wp-json\/wp\/v2\/media\/148009"}],"wp:attachment":[{"href":"https:\/\/secureus.se\/no\/wp-json\/wp\/v2\/media?parent=148010"}],"wp:term":[{"taxonomy":"product_brand","embeddable":true,"href":"https:\/\/secureus.se\/no\/wp-json\/wp\/v2\/product_brand?post=148010"},{"taxonomy":"product_cat","embeddable":true,"href":"https:\/\/secureus.se\/no\/wp-json\/wp\/v2\/product_cat?post=148010"},{"taxonomy":"product_tag","embeddable":true,"href":"https:\/\/secureus.se\/no\/wp-json\/wp\/v2\/product_tag?post=148010"}],"curies":[{"name":"wp","href":"https:\/\/api.w.org\/{rel}","templated":true}]}}