{"id":148014,"date":"2025-02-25T12:22:22","date_gmt":"2025-02-25T11:22:22","guid":{"rendered":"https:\/\/secureus.se\/?post_type=product&#038;p=148014"},"modified":"2026-04-08T16:27:46","modified_gmt":"2026-04-08T14:27:46","slug":"plejd-vridadapter-rtr-01-rb-svart","status":"publish","type":"product","link":"https:\/\/secureus.se\/no\/plejd-vridadapter-rtr-01-rb-svart\/","title":{"rendered":"Plejd Svingadapter RTR-01-RB sort"},"content":{"rendered":"<h1 data-start=\"513\" data-end=\"564\"><strong data-start=\"517\" data-end=\"562\">Glatt og tr\u00e5dl\u00f8s lyskontroll med Plejd<\/strong><\/h1>\n<p data-start=\"565\" data-end=\"971\">Rotasjonsadapter RB Black er en innovativ l\u00f8sning for de som \u00f8nsker \u00e5 kombinere den klassiske roterende dimmerfunksjonen med den nyeste smartteknologien.<\/p>\n<p data-start=\"565\" data-end=\"971\">Ved \u00e5 klikke p\u00e5 dreieadapteren sammen med en Plejd-puck etter eget valg f\u00e5r du intuitiv lysstyring som fungerer b\u00e5de manuelt og via Plejds tr\u00e5dl\u00f8se mesh-nettverk.<\/p>\n<p data-start=\"565\" data-end=\"971\">Perfekt for alle som \u00f8nsker enkel og effektiv kontroll over belysningen i sitt smarte hjem eller arbeidsplass.<\/p>\n<h3 data-start=\"973\" data-end=\"1010\"><strong data-start=\"977\" data-end=\"1008\">Fleksibel og tilpasningsdyktig<\/strong><\/h3>\n<p data-start=\"1011\" data-end=\"1373\">En av de st\u00f8rste fordelene med RB Black Swivel Adapter er dens tr\u00e5dl\u00f8se funksjonalitet.<\/p>\n<p data-start=\"1011\" data-end=\"1373\">Gjennom Plejds innebygde mesh-teknologi kan adapteren kommunisere med andre produkter i systemet, noe som gj\u00f8r den ideell for b\u00e5de sm\u00e5 og store belysningsl\u00f8sninger.<\/p>\n<p data-start=\"1011\" data-end=\"1373\">I tillegg kan du enkelt tilpasse innstillingene via Plejd-appen for \u00e5 lage lysscener og planlagte kontroller.<\/p>\n<h3 data-start=\"1375\" data-end=\"1415\"><strong data-start=\"1379\" data-end=\"1413\">Produktegenskaper og fordeler<\/strong><\/h3>\n<ul data-start=\"1417\" data-end=\"2141\">\n<li data-start=\"1417\" data-end=\"1514\"><strong data-start=\"1419\" data-end=\"1450\">Klassisk roterende dimmerfunksjon<\/strong> \u2013 Fungerer som en tradisjonell dimmer, men med smart kontroll.<\/li>\n<li data-start=\"1515\" data-end=\"1608\"><strong data-start=\"1517\" data-end=\"1540\">Tr\u00e5dl\u00f8s integrasjon<\/strong> \u2013 Kobles til via Plejd-systemets mesh-nettverk for fleksibel kontroll.<\/li>\n<li data-start=\"1609\" data-end=\"1689\"><strong data-start=\"1611\" data-end=\"1630\">Enkel montering<\/strong> \u2013 Snap-on-feste gj\u00f8r installasjonen rask og enkel.<\/li>\n<li data-start=\"1690\" data-end=\"1786\"><strong data-start=\"1692\" data-end=\"1719\">Materialer av h\u00f8y kvalitet<\/strong> \u2013 Laget av halogenfri termoplast med lakkert, blank overflate.<\/li>\n<li data-start=\"1787\" data-end=\"1856\"><strong data-start=\"1789\" data-end=\"1807\">Kompatibilitet<\/strong> \u2013 Passer med svart ramme fra Schneider Renova\u00ae.<\/li>\n<li data-start=\"1857\" data-end=\"1940\"><strong data-start=\"1859\" data-end=\"1877\">Stilig design<\/strong> \u2013 Sort farge (RAL 9005) som passer inn i moderne interi\u00f8r.<\/li>\n<li data-start=\"1941\" data-end=\"2008\"><strong data-start=\"1943\" data-end=\"1959\">IP20-klassifisert<\/strong> \u2013 Beskyttet mot faste gjenstander st\u00f8rre enn 12,5 mm.<\/li>\n<li data-start=\"2009\" data-end=\"2086\"><strong data-start=\"2011\" data-end=\"2025\">IK00 beskyttelse<\/strong> \u2013 Ingen ekstra slagfasthet, anbefalt for innend\u00f8rs bruk.<\/li>\n<li data-start=\"2087\" data-end=\"2141\"><strong data-start=\"2089\" data-end=\"2097\">M\u00e5le<\/strong> \u2013 Bredde: 52 mm, H\u00f8yde: 52 mm, Dybde: 18 mm.<\/li>\n<\/ul>\n<h3 data-start=\"2143\" data-end=\"2171\"><strong data-start=\"2147\" data-end=\"2169\">Bruksomr\u00e5der<\/strong><\/h3>\n<p data-start=\"2172\" data-end=\"2499\">RB Black roterende adapter er en ideell l\u00f8sning for alle som \u00f8nsker \u00e5 kombinere tradisjonell lysstyring med moderne smarte funksjoner.<\/p>\n<p data-start=\"2172\" data-end=\"2499\">Den er perfekt for hjem, kontorer og butikker der det er behov for jevn og tr\u00e5dl\u00f8s kontroll. Fordi det fungerer med Plejds mesh-nettverk, kan det enkelt integreres i b\u00e5de nye og eksisterende installasjoner.<\/p>\n<h3 data-start=\"2501\" data-end=\"2541\"><strong data-start=\"2505\" data-end=\"2539\">Installasjon og konfigurasjon<\/strong><\/h3>\n<p data-start=\"2542\" data-end=\"2850\">Installasjonen er enkel og krever ingen avansert verkt\u00f8y. Svingadapteren klikkes sammen med en Plejd-puck og monteres i standard enhetsboks med snap-on-feste.<\/p>\n<p data-start=\"2542\" data-end=\"2850\">Innstillingene konfigureres s\u00e5 i Plejd-appen, hvor du kan lage dine egne lysscener, stille inn dimmerniv\u00e5er og styre belysningen tr\u00e5dl\u00f8st.<\/p>\n<h3 data-start=\"2852\" data-end=\"2883\"><strong data-start=\"2856\" data-end=\"2881\">Design og b\u00e6rekraft<\/strong><\/h3>\n<p data-start=\"2884\" data-end=\"3245\">Svingadapter RB Black er designet for \u00e5 passe inn i moderne interi\u00f8r.<\/p>\n<p data-start=\"2884\" data-end=\"3245\">Den har en elegant, sortlakkert finish med en blank overflate og er laget av slitesterk, halogenfri termoplast.<\/p>\n<p data-start=\"2884\" data-end=\"3245\">Den er imidlertid ikke antibakteriell og har ikke en utskrivbar etikett eller utskiftbar linse.<\/p>\n<p data-start=\"2884\" data-end=\"3245\">Med sin IP20-klassifisering er den egnet for innend\u00f8rs bruk, men b\u00f8r unng\u00e5s i fuktige omgivelser.<\/p>\n<h3 data-start=\"3247\" data-end=\"3265\"><strong data-start=\"3251\" data-end=\"3263\">Konklusjon<\/strong><\/h3>\n<p data-start=\"3266\" data-end=\"3587\">Med Rotary Adapter RB Black f\u00e5r du en perfekt kombinasjon av klassisk roterende dimmerfunksjon og moderne smart lysstyring.<\/p>\n<p data-start=\"3266\" data-end=\"3587\">Den enkle installasjonen, den tr\u00e5dl\u00f8se fleksibiliteten og den stilige designen gj\u00f8r den til et utmerket valg for alle som \u00f8nsker jevn og effektiv lysstyring i sitt smarte hjem eller arbeidsmilj\u00f8.<\/p>","protected":false},"excerpt":{"rendered":"<p>Rotasjonsadapter RB Black klikker sammen med en valgfri Plejd-puck og fungerer som en klassisk roterende dimmer.<\/p>\n<p>Med tr\u00e5dl\u00f8s mesh-teknologi kan den styre andre Plejd-produkter i systemet.<\/p>\n<p>Enkel installasjon via appen.<\/p>\n<p>Laget av sort, halogenfri termoplast med lakkert, blank overflate.<\/p>\n<p>Passer med svart ramme fra Schneider Renova\u00ae.<\/p>","protected":false},"featured_media":148013,"template":"","meta":{"_acf_changed":false},"product_brand":[],"product_cat":[4661],"product_tag":[4670],"class_list":{"0":"post-148014","1":"product","2":"type-product","3":"status-publish","4":"has-post-thumbnail","6":"product_cat-plejd-vridadapter","7":"product_tag-plejd","8":"product_shipping_class-postnord-varubrev","9":"pa_brands-plejd","10":"pa_farg-svart","11":"tm-has-options","13":"first","14":"instock","15":"sale","16":"taxable","17":"shipping-taxable","18":"purchasable","19":"product-type-simple"},"acf":[],"_links":{"self":[{"href":"https:\/\/secureus.se\/no\/wp-json\/wp\/v2\/product\/148014","targetHints":{"allow":["GET"]}}],"collection":[{"href":"https:\/\/secureus.se\/no\/wp-json\/wp\/v2\/product"}],"about":[{"href":"https:\/\/secureus.se\/no\/wp-json\/wp\/v2\/types\/product"}],"wp:featuredmedia":[{"embeddable":true,"href":"https:\/\/secureus.se\/no\/wp-json\/wp\/v2\/media\/148013"}],"wp:attachment":[{"href":"https:\/\/secureus.se\/no\/wp-json\/wp\/v2\/media?parent=148014"}],"wp:term":[{"taxonomy":"product_brand","embeddable":true,"href":"https:\/\/secureus.se\/no\/wp-json\/wp\/v2\/product_brand?post=148014"},{"taxonomy":"product_cat","embeddable":true,"href":"https:\/\/secureus.se\/no\/wp-json\/wp\/v2\/product_cat?post=148014"},{"taxonomy":"product_tag","embeddable":true,"href":"https:\/\/secureus.se\/no\/wp-json\/wp\/v2\/product_tag?post=148014"}],"curies":[{"name":"wp","href":"https:\/\/api.w.org\/{rel}","templated":true}]}}