{"id":148020,"date":"2025-02-25T12:22:22","date_gmt":"2025-02-25T11:22:22","guid":{"rendered":"https:\/\/secureus.se\/?post_type=product&#038;p=148020"},"modified":"2026-04-07T12:46:37","modified_gmt":"2026-04-07T10:46:37","slug":"plejd-vridadapter-rtr-01-sa-antracit","status":"publish","type":"product","link":"https:\/\/secureus.se\/no\/plejd-vridadapter-rtr-01-sa-antracit\/","title":{"rendered":"Plejd Svingadapter RTR-01-SA antrasitt"},"content":{"rendered":"<h1 data-start=\"479\" data-end=\"539\"><strong data-start=\"483\" data-end=\"537\">Kombiner klassisk dimmerfunksjon med smart teknologi<\/strong><\/h1>\n<p data-start=\"540\" data-end=\"919\">Svingadapter SA Antrasitt er en elegant og funksjonell l\u00f8sning for smart lysstyring.<\/p>\n<p data-start=\"540\" data-end=\"919\">Ved \u00e5 klikke adapteren sammen med en Plejd-puck etter eget valg f\u00e5r du en tradisjonell dreiedimmer som kan styres b\u00e5de manuelt og tr\u00e5dl\u00f8st via Plejd-systemets mesh-teknologi.<\/p>\n<p data-start=\"540\" data-end=\"919\">Dette gj\u00f8r den ideell for b\u00e5de moderne hjem og profesjonelle installasjoner hvor fleksibilitet og design er viktige faktorer.<\/p>\n<h3 data-start=\"921\" data-end=\"970\"><strong data-start=\"925\" data-end=\"968\">Tr\u00e5dl\u00f8s og fleksibel lysstyring<\/strong><\/h3>\n<p data-start=\"971\" data-end=\"1349\">En av de store fordelene med Vridadapter SA antrasitt er dens evne til \u00e5 fungere i Plejd-\u00f8kosystemet.<\/p>\n<p data-start=\"971\" data-end=\"1349\">Med tr\u00e5dl\u00f8s mesh-teknologi kan den kontrollere andre Plejd-enheter og integreres s\u00f8ml\u00f8st i ditt eksisterende system.<\/p>\n<p data-start=\"971\" data-end=\"1349\">Pucken som brukes med adapteren beholder sine funksjoner som kontrollinngang og tidsinnstillinger, slik at du kan kontrollere belysningen fra flere forskjellige knapper.<\/p>\n<h3 data-start=\"1351\" data-end=\"1391\"><strong data-start=\"1355\" data-end=\"1389\">Produktegenskaper og fordeler<\/strong><\/h3>\n<ul data-start=\"1393\" data-end=\"2051\">\n<li data-start=\"1393\" data-end=\"1482\"><strong data-start=\"1395\" data-end=\"1426\">Klassisk roterende dimmerfunksjon<\/strong> \u2013 Gir et tradisjonelt preg med moderne smartteknologi.<\/li>\n<li data-start=\"1483\" data-end=\"1557\"><strong data-start=\"1485\" data-end=\"1508\">Tr\u00e5dl\u00f8s integrasjon<\/strong> \u2013 Kontroller andre Plejd-enheter via mesh-nettverket.<\/li>\n<li data-start=\"1558\" data-end=\"1628\"><strong data-start=\"1560\" data-end=\"1582\">Enkel installasjon<\/strong> \u2013 Trykkfeste i boks eller dobbel ramme.<\/li>\n<li data-start=\"1629\" data-end=\"1695\"><strong data-start=\"1631\" data-end=\"1649\">Elegant design<\/strong> \u2013 Lakkert, matt overflate i antrasitt (RAL 7024).<\/li>\n<li data-start=\"1696\" data-end=\"1794\"><strong data-start=\"1698\" data-end=\"1720\">Fleksibel montering<\/strong> \u2013 Kan monteres frittst\u00e5ende eller i dobbel ramme med standard lysbryter.<\/li>\n<li data-start=\"1795\" data-end=\"1883\"><strong data-start=\"1797\" data-end=\"1818\">B\u00e6rekraftig materiale<\/strong> \u2013 Laget av halogenfri termoplast for langvarig holdbarhet.<\/li>\n<li data-start=\"1884\" data-end=\"1964\"><strong data-start=\"1886\" data-end=\"1901\">App kontroll<\/strong> \u2013 Konfigurasjon og innstillinger gj\u00f8res enkelt i Plejd-appen.<\/li>\n<li data-start=\"1884\" data-end=\"1964\"><strong data-start=\"1967\" data-end=\"2005\">Passer med Schneider Exxact\u00ae-rammer<\/strong> \u2013 For en enhetlig og stilig installasjon.<\/li>\n<\/ul>\n<h3><strong data-start=\"2057\" data-end=\"2110\">Perfekt for smarte hjem og profesjonelle milj\u00f8er<\/strong><\/h3>\n<p data-start=\"2113\" data-end=\"2325\">SA Antrasitt roterende adapter er en perfekt l\u00f8sning for de som \u00f8nsker stilig og funksjonell lysstyring. Den passer like godt i moderne hjem og kontormilj\u00f8er hvor du \u00f8nsker \u00e5 kombinere stil med smarte funksjoner.<\/p>\n<h3 data-start=\"2327\" data-end=\"2364\"><strong data-start=\"2331\" data-end=\"2362\">Installasjon og bruk<\/strong><\/h3>\n<p data-start=\"2365\" data-end=\"2422\">Installasjonen er enkel og krever ingen spesialverkt\u00f8y:<\/p>\n<ol data-start=\"2424\" data-end=\"2843\">\n<li data-start=\"2424\" data-end=\"2522\"><strong data-start=\"2427\" data-end=\"2473\">Klikk svingadapteren sammen med en Plejd-puck<\/strong> \u2013 Velg en kompatibel puck fra Plejds sortiment.<\/li>\n<li data-start=\"2523\" data-end=\"2633\"><strong data-start=\"2526\" data-end=\"2546\">Monter adapteren<\/strong> \u2013 Klikk den inn i en boks eller en dobbel ramme sammen med en vanlig lysbryter.<\/li>\n<li data-start=\"2634\" data-end=\"2734\"><strong data-start=\"2637\" data-end=\"2662\">Konfigurer via appen<\/strong> \u2013 Juster lysstyrke, scenarier og andre funksjoner via Plejd-appen.<\/li>\n<li data-start=\"2735\" data-end=\"2843\"><strong data-start=\"2738\" data-end=\"2765\">Begynn \u00e5 kontrollere belysningen<\/strong> \u2013 Demp lyset med knappen eller bruk Plejd-systemets tr\u00e5dl\u00f8se funksjoner.<\/li>\n<\/ol>\n<p data-start=\"2845\" data-end=\"2985\">Den fleksible monteringen gj\u00f8r det mulig \u00e5 installere Swivel Adapter SA Antrasitt b\u00e5de frittst\u00e5ende og i kombinasjon med andre Plejd-enheter.<\/p>\n<h3 data-start=\"2987\" data-end=\"3021\"><strong data-start=\"2991\" data-end=\"3019\">Tekniske spesifikasjoner<\/strong><\/h3>\n<ul data-start=\"3023\" data-end=\"3576\">\n<li data-start=\"3023\" data-end=\"3043\"><strong data-start=\"3025\" data-end=\"3036\">Modell:<\/strong> Vrak<\/li>\n<li data-start=\"3044\" data-end=\"3083\"><strong data-start=\"3046\" data-end=\"3068\">Driftsmetode:<\/strong> Rotasjonsfunksjon<\/li>\n<li data-start=\"3084\" data-end=\"3116\"><strong data-start=\"3086\" data-end=\"3108\">Forseglingstype:<\/strong> Snap<\/li>\n<li data-start=\"3117\" data-end=\"3158\"><strong data-start=\"3119\" data-end=\"3132\">Materiale:<\/strong> Termoplast (halogenfri)<\/li>\n<li data-start=\"3159\" data-end=\"3199\"><strong data-start=\"3161\" data-end=\"3178\">Overflatebehandling:<\/strong> Lakkert, matt overflate<\/li>\n<li data-start=\"3200\" data-end=\"3233\"><strong data-start=\"3202\" data-end=\"3211\">Farge:<\/strong> Antrasitt (RAL 7024)<\/li>\n<li data-start=\"3234\" data-end=\"3274\"><strong data-start=\"3236\" data-end=\"3249\">IP-klasse:<\/strong> IP20 (for innend\u00f8rs bruk)<\/li>\n<li data-start=\"3275\" data-end=\"3301\"><strong data-start=\"3277\" data-end=\"3294\">Slagfasthet:<\/strong> IK00<\/li>\n<li data-start=\"3302\" data-end=\"3322\"><strong data-start=\"3304\" data-end=\"3314\">Bredde:<\/strong> 55 mm<\/li>\n<li data-start=\"3323\" data-end=\"3342\"><strong data-start=\"3325\" data-end=\"3334\">H\u00f8yde:<\/strong> 55 mm<\/li>\n<li data-start=\"3343\" data-end=\"3362\"><strong data-start=\"3345\" data-end=\"3354\">Dybde:<\/strong> 18 mm<\/li>\n<li data-start=\"3363\" data-end=\"3417\"><strong data-start=\"3365\" data-end=\"3411\">Egnet for ber\u00f8ringssensor for bussystemer:<\/strong> Nei<\/li>\n<li data-start=\"3418\" data-end=\"3461\"><strong data-start=\"3420\" data-end=\"3455\">Skannbart symbol \/ barrierefritt:<\/strong> Nei<\/li>\n<li data-start=\"3462\" data-end=\"3495\"><strong data-start=\"3464\" data-end=\"3489\">Med utskrivbar etikett:<\/strong> Nei<\/li>\n<li data-start=\"3496\" data-end=\"3533\"><strong data-start=\"3498\" data-end=\"3527\">Med utskiftbar linse\/symbol:<\/strong> Nei<\/li>\n<li data-start=\"3534\" data-end=\"3576\"><strong data-start=\"3536\" data-end=\"3570\">Overv\u00e5kingsvindu\/lysuttak:<\/strong> Nei<\/li>\n<\/ul>\n<h3 data-start=\"3578\" data-end=\"3625\"><strong data-start=\"3582\" data-end=\"3623\">Design og funksjon i perfekt harmoni<\/strong><\/h3>\n<p data-start=\"3626\" data-end=\"3911\">Den antrasittfargede, matte overflaten og kompatibiliteten med Schneider Exxact\u00ae-rammer gj\u00f8r Swivel Adapter SA Anthracite til et stilig valg for alle typer milj\u00f8er.<\/p>\n<p data-start=\"3626\" data-end=\"3911\">Den minimalistiske designen smelter fint inn i moderne interi\u00f8r samtidig som den gir full kontroll over belysningen.<\/p>\n<h3 data-start=\"3913\" data-end=\"3931\"><strong data-start=\"3917\" data-end=\"3929\">Konklusjon<\/strong><\/h3>\n<p data-start=\"3932\" data-end=\"4246\">Roterende adapter SA Antrasitt er en elegant og smart lysstyringsl\u00f8sning som kombinerer klassisk roterende dimmerfunksjon med moderne tr\u00e5dl\u00f8s teknologi.<\/p>\n<p data-start=\"3932\" data-end=\"4246\">Den enkle installasjonen, stilrene designen og integrasjonen med Plejd-systemet gj\u00f8r det til et opplagt valg for b\u00e5de privatpersoner og profesjonelle installat\u00f8rer.<\/p>","protected":false},"excerpt":{"rendered":"<p>Roterende adapter SA Antrasitt klikker sammen med en valgfri Plejd-puck og fungerer som en klassisk roterende dimmer.<\/p>\n<p>Tr\u00e5dl\u00f8s mesh-teknologi gj\u00f8r det mulig \u00e5 kontrollere andre Plejd-enheter.<\/p>\n<p>Enkel installasjon og konfigurering via Plejd-appen.<\/p>\n<p>Passer med antrasittfarget ramme fra Schneider Exxact\u00ae.<\/p>","protected":false},"featured_media":148019,"template":"","meta":{"_acf_changed":false},"product_brand":[],"product_cat":[4661],"product_tag":[4670],"class_list":{"0":"post-148020","1":"product","2":"type-product","3":"status-publish","4":"has-post-thumbnail","6":"product_cat-plejd-vridadapter","7":"product_tag-plejd","8":"product_shipping_class-postnord-varubrev","9":"pa_brands-plejd","10":"pa_farg-antracit","11":"tm-has-options","13":"first","14":"instock","15":"sale","16":"taxable","17":"shipping-taxable","18":"purchasable","19":"product-type-simple"},"acf":[],"_links":{"self":[{"href":"https:\/\/secureus.se\/no\/wp-json\/wp\/v2\/product\/148020","targetHints":{"allow":["GET"]}}],"collection":[{"href":"https:\/\/secureus.se\/no\/wp-json\/wp\/v2\/product"}],"about":[{"href":"https:\/\/secureus.se\/no\/wp-json\/wp\/v2\/types\/product"}],"wp:featuredmedia":[{"embeddable":true,"href":"https:\/\/secureus.se\/no\/wp-json\/wp\/v2\/media\/148019"}],"wp:attachment":[{"href":"https:\/\/secureus.se\/no\/wp-json\/wp\/v2\/media?parent=148020"}],"wp:term":[{"taxonomy":"product_brand","embeddable":true,"href":"https:\/\/secureus.se\/no\/wp-json\/wp\/v2\/product_brand?post=148020"},{"taxonomy":"product_cat","embeddable":true,"href":"https:\/\/secureus.se\/no\/wp-json\/wp\/v2\/product_cat?post=148020"},{"taxonomy":"product_tag","embeddable":true,"href":"https:\/\/secureus.se\/no\/wp-json\/wp\/v2\/product_tag?post=148020"}],"curies":[{"name":"wp","href":"https:\/\/api.w.org\/{rel}","templated":true}]}}