{"id":148022,"date":"2025-02-25T12:22:23","date_gmt":"2025-02-25T11:22:23","guid":{"rendered":"https:\/\/secureus.se\/?post_type=product&#038;p=148022"},"modified":"2026-04-08T16:37:37","modified_gmt":"2026-04-08T14:37:37","slug":"plejd-monteringsdosa","status":"publish","type":"product","link":"https:\/\/secureus.se\/no\/plejd-monteringsdosa\/","title":{"rendered":"Plejd Monteringsboks"},"content":{"rendered":"<h1 data-start=\"450\" data-end=\"501\"><strong data-start=\"454\" data-end=\"499\">Sikker og enkel montering av Plejd Pucker<\/strong><\/h1>\n<p data-start=\"502\" data-end=\"791\">Monteringsboksen er en praktisk og sikker l\u00f8sning for montering av Plejd-pucker p\u00e5 vegg, i et el-skap eller i et punkthull.<\/p>\n<p data-start=\"502\" data-end=\"791\">Med sin kompakte design og funksjonelle konstruksjon sikrer boksen en ber\u00f8ringssikker installasjon samtidig som den gir stabil montering og ryddig kabelh\u00e5ndtering.<\/p>\n<p data-start=\"793\" data-end=\"1019\">Den er designet for \u00e5 passe en rekke installasjonsmilj\u00f8er og er kompatibel med standard vegg- og takinstallasjoner.<\/p>\n<p data-start=\"793\" data-end=\"1019\">Monteringsboksen er laget av slitesterk, halogenfri plast og er IP20-klassifisert for innend\u00f8rs bruk.<\/p>\n<h3 data-start=\"1021\" data-end=\"1068\"><strong data-start=\"1025\" data-end=\"1066\">Fleksibel og tilpasningsdyktig montering<\/strong><\/h3>\n<p data-start=\"1069\" data-end=\"1385\">Monteringsboksen er utviklet for \u00e5 passe en rekke ulike installasjoner og kan brukes b\u00e5de i veggmontering og i el-skap.<\/p>\n<p data-start=\"1069\" data-end=\"1385\">Med seks innganger og pre-puncher for kabling kan boksen enkelt tilpasses ulike behov.<\/p>\n<p data-start=\"1069\" data-end=\"1385\">Den er ogs\u00e5 utstyrt med strekkavlastning for \u00e5 sikre en stabil og sikker kabelforbindelse.<\/p>\n<h3 data-start=\"1387\" data-end=\"1427\"><strong data-start=\"1391\" data-end=\"1425\">Produktegenskaper og fordeler<\/strong><\/h3>\n<ul data-start=\"1429\" data-end=\"2080\">\n<li data-start=\"1429\" data-end=\"1506\"><strong data-start=\"1431\" data-end=\"1450\">Sikker montering<\/strong> \u2013 Gir en ber\u00f8ringssikker installasjon av Plejd-pucker.<\/li>\n<li data-start=\"1507\" data-end=\"1592\"><strong data-start=\"1509\" data-end=\"1527\">Strekkavlastning<\/strong> \u2013 Forhindrer at kabler l\u00f8sner eller blir skadet under installasjonen.<\/li>\n<li data-start=\"1593\" data-end=\"1670\"><strong data-start=\"1595\" data-end=\"1620\">Fleksibel installasjon<\/strong> \u2013 Kan monteres p\u00e5 veggen, i et skap eller i et spotlight-hull.<\/li>\n<li data-start=\"1671\" data-end=\"1749\"><strong data-start=\"1673\" data-end=\"1699\">Plassbesparende design<\/strong> \u2013 Kompakt st\u00f8rrelse som passer p\u00e5 trange steder.<\/li>\n<li data-start=\"1750\" data-end=\"1830\"><strong data-start=\"1752\" data-end=\"1776\">Slitesterk konstruksjon<\/strong> \u2013 Laget av halogenfri plast for lang levetid.<\/li>\n<li data-start=\"1831\" data-end=\"1905\"><strong data-start=\"1833\" data-end=\"1856\">Kapslingsklasse IP20<\/strong> \u2013 Beskyttet mot faste gjenstander st\u00f8rre enn 12,5 mm.<\/li>\n<li data-start=\"1906\" data-end=\"1995\"><strong data-start=\"1908\" data-end=\"1931\">Enkel kabling<\/strong> \u2013 Seks innganger med forstanser for lederr\u00f8r opp til 16 mm.<\/li>\n<li data-start=\"1996\" data-end=\"2080\"><strong data-start=\"1998\" data-end=\"2026\">Brukervennlig montering<\/strong> \u2013 Rask og enkel installasjon uten ekstra verkt\u00f8y.<\/li>\n<\/ul>\n<h3 data-start=\"2082\" data-end=\"2110\"><strong data-start=\"2086\" data-end=\"2108\">Bruksomr\u00e5der<\/strong><\/h3>\n<p data-start=\"2111\" data-end=\"2298\">Monteringsboksen er perfekt for b\u00e5de hjemmebrukere og profesjonelle installat\u00f8rer som \u00f8nsker en trygg og enkel installasjon av Plejd-pucker. Den kan brukes i forskjellige milj\u00f8er, inkludert:<\/p>\n<ul data-start=\"2300\" data-end=\"2560\">\n<li data-start=\"2300\" data-end=\"2373\"><strong data-start=\"2302\" data-end=\"2319\">Veggmontering<\/strong> \u2013 Perfekt for installasjon i standard elektriske installasjoner.<\/li>\n<li data-start=\"2374\" data-end=\"2487\"><strong data-start=\"2376\" data-end=\"2405\">El-skap og koblingsbokser<\/strong> \u2013 Ideell for installasjon i skap der sikker og ryddig kabelf\u00f8ring er n\u00f8dvendig.<\/li>\n<li data-start=\"2488\" data-end=\"2560\"><strong data-start=\"2490\" data-end=\"2501\">Flekkhull<\/strong> \u2013 Egnet for takinstallasjoner og belysningssystemer.<\/li>\n<\/ul>\n<h3 data-start=\"2562\" data-end=\"2596\"><strong data-start=\"2566\" data-end=\"2594\">Tekniske spesifikasjoner<\/strong><\/h3>\n<ul data-start=\"2598\" data-end=\"3189\">\n<li data-start=\"2598\" data-end=\"2625\"><strong data-start=\"2600\" data-end=\"2611\">Modell:<\/strong> Enhetsboks<\/li>\n<li data-start=\"2626\" data-end=\"2667\"><strong data-start=\"2628\" data-end=\"2648\">Monteringsmetode:<\/strong> Vegg\/takmontering<\/li>\n<li data-start=\"2668\" data-end=\"2704\"><strong data-start=\"2670\" data-end=\"2683\">Materiale:<\/strong> Plast (halogenfri)<\/li>\n<li data-start=\"2705\" data-end=\"2722\"><strong data-start=\"2707\" data-end=\"2716\">Farge:<\/strong> Hvit<\/li>\n<li data-start=\"2723\" data-end=\"2751\"><strong data-start=\"2725\" data-end=\"2744\">Beskyttelses klasse:<\/strong> IP20<\/li>\n<li data-start=\"2752\" data-end=\"2777\"><strong data-start=\"2754\" data-end=\"2773\">Antall innganger:<\/strong> 6<\/li>\n<li data-start=\"2778\" data-end=\"2826\"><strong data-start=\"2780\" data-end=\"2812\">Type kapslingsinntrengning:<\/strong> Pre-preging<\/li>\n<li data-start=\"2827\" data-end=\"2860\"><strong data-start=\"2829\" data-end=\"2851\">Maksimal lederareal:<\/strong> 16 mm\u00b2<\/li>\n<li data-start=\"2861\" data-end=\"2896\"><strong data-start=\"2863\" data-end=\"2888\">For lederr\u00f8rdiameter:<\/strong> 16 mm<\/li>\n<li data-start=\"2897\" data-end=\"2924\"><strong data-start=\"2899\" data-end=\"2919\">Inntak fra baksiden:<\/strong> Ja<\/li>\n<li data-start=\"2925\" data-end=\"2945\"><strong data-start=\"2927\" data-end=\"2937\">Lengde:<\/strong> 93 mm<\/li>\n<li data-start=\"2946\" data-end=\"2966\"><strong data-start=\"2948\" data-end=\"2958\">Bredde:<\/strong> 53 mm<\/li>\n<li data-start=\"2967\" data-end=\"2986\"><strong data-start=\"2969\" data-end=\"2978\">Dybde:<\/strong> 25 mm<\/li>\n<li data-start=\"2987\" data-end=\"3010\"><strong data-start=\"2989\" data-end=\"3002\">Diameter:<\/strong> 70 mm<\/li>\n<li data-start=\"3011\" data-end=\"3044\"><strong data-start=\"3013\" data-end=\"3027\">Lokk\/deksel:<\/strong> Monteringshette<\/li>\n<li data-start=\"3045\" data-end=\"3074\"><strong data-start=\"3047\" data-end=\"3068\">Gjennomsiktig lokk:<\/strong> Nei<\/li>\n<li data-start=\"3075\" data-end=\"3098\"><strong data-start=\"3077\" data-end=\"3092\">Forseglbar:<\/strong> Nei<\/li>\n<li data-start=\"3099\" data-end=\"3141\"><strong data-start=\"3101\" data-end=\"3133\">Nominell isolasjonsspenning:<\/strong> 400V<\/li>\n<li data-start=\"3142\" data-end=\"3189\"><strong data-start=\"3144\" data-end=\"3170\">Driftstemperaturomr\u00e5de:<\/strong> -30\u00b0C til +60\u00b0C<\/li>\n<\/ul>\n<h3 data-start=\"3191\" data-end=\"3229\"><strong data-start=\"3195\" data-end=\"3227\">Enkel og sikker installasjon<\/strong><\/h3>\n<p data-start=\"3230\" data-end=\"3523\">Monteringsboksen er designet for \u00e5 v\u00e6re enkel \u00e5 installere og h\u00e5ndtere. Takket v\u00e6re forstansene kan du enkelt trekke inn kabler og tilpasse installasjonen etter behov.<\/p>\n<p data-start=\"3230\" data-end=\"3523\">Den stabile strekkavlastningen s\u00f8rger for at kablene holdes p\u00e5 plass og minimerer risikoen for skade eller feilkoblinger.<\/p>\n<h3 data-start=\"3525\" data-end=\"3583\"><strong data-start=\"3529\" data-end=\"3581\">En n\u00f8dvendig komponent i smarte lyssystemer<\/strong><\/h3>\n<p data-start=\"3584\" data-end=\"3840\">Med sin robuste konstruksjon og tilpasningsdyktige design er monteringsboksen en viktig del av alle Plejd installasjoner.<\/p>\n<p data-start=\"3584\" data-end=\"3840\">Den tilbyr en sikker og profesjonell montering samtidig som den gj\u00f8r det enklere \u00e5 organisere og beskytte kabler i installasjonen.<\/p>\n<h3 data-start=\"3842\" data-end=\"3860\"><strong data-start=\"3846\" data-end=\"3858\">Konklusjon<\/strong><\/h3>\n<p data-start=\"3861\" data-end=\"4180\">Monteringsboksen er en smart, fleksibel og sikker l\u00f8sning for montering av Plejd-pucker p\u00e5 en ber\u00f8ringsbeskyttet m\u00e5te.<\/p>\n<p data-start=\"3861\" data-end=\"4180\">Den er ideell for b\u00e5de profesjonelle og hjemmebrukere som \u00f8nsker et stabilt og organisert oppsett.<\/p>\n<p data-start=\"3861\" data-end=\"4180\">Med sin enkle montering og holdbare konstruksjon er den en perfekt komponent for Plejd-systemet.<\/p>","protected":false},"excerpt":{"rendered":"<p>Monteringsboks for sikker og ber\u00f8ringsbeskyttet montering av Plejd-pucker p\u00e5 vegg, i skap eller punkthull.<\/p>\n<p>Utstyrt med strekkavlastning for sikker kabeltilkobling.<\/p>\n<p>IP20-klassifisert, laget av halogenfri plast med seks innganger og kompakt design for enkel installasjon.<\/p>","protected":false},"featured_media":148021,"template":"","meta":{"_acf_changed":false},"product_brand":[],"product_cat":[4662],"product_tag":[4670],"class_list":{"0":"post-148022","1":"product","2":"type-product","3":"status-publish","4":"has-post-thumbnail","6":"product_cat-plejd-tillbehor","7":"product_tag-plejd","8":"product_shipping_class-postnord-varubrev","9":"pa_brands-plejd","10":"pa_farg-vit","11":"tm-has-options","13":"first","14":"instock","15":"sale","16":"taxable","17":"shipping-taxable","18":"purchasable","19":"product-type-simple"},"acf":[],"_links":{"self":[{"href":"https:\/\/secureus.se\/no\/wp-json\/wp\/v2\/product\/148022","targetHints":{"allow":["GET"]}}],"collection":[{"href":"https:\/\/secureus.se\/no\/wp-json\/wp\/v2\/product"}],"about":[{"href":"https:\/\/secureus.se\/no\/wp-json\/wp\/v2\/types\/product"}],"wp:featuredmedia":[{"embeddable":true,"href":"https:\/\/secureus.se\/no\/wp-json\/wp\/v2\/media\/148021"}],"wp:attachment":[{"href":"https:\/\/secureus.se\/no\/wp-json\/wp\/v2\/media?parent=148022"}],"wp:term":[{"taxonomy":"product_brand","embeddable":true,"href":"https:\/\/secureus.se\/no\/wp-json\/wp\/v2\/product_brand?post=148022"},{"taxonomy":"product_cat","embeddable":true,"href":"https:\/\/secureus.se\/no\/wp-json\/wp\/v2\/product_cat?post=148022"},{"taxonomy":"product_tag","embeddable":true,"href":"https:\/\/secureus.se\/no\/wp-json\/wp\/v2\/product_tag?post=148022"}],"curies":[{"name":"wp","href":"https:\/\/api.w.org\/{rel}","templated":true}]}}