{"id":148026,"date":"2025-02-25T12:22:23","date_gmt":"2025-02-25T11:22:23","guid":{"rendered":"https:\/\/secureus.se\/?post_type=product&#038;p=148026"},"modified":"2026-03-26T11:07:26","modified_gmt":"2026-03-26T10:07:26","slug":"plejd-vridadapter-rtr-01-ew-vit","status":"publish","type":"product","link":"https:\/\/secureus.se\/no\/plejd-vridadapter-rtr-01-ew-vit\/","title":{"rendered":"Plejd Svingadapter RTR-01-EW hvit"},"content":{"rendered":"<h1 data-start=\"437\" data-end=\"491\"><strong data-start=\"441\" data-end=\"489\">Enkel og jevn lyskontroll for smarte hjem<\/strong><\/h1>\n<p data-start=\"492\" data-end=\"864\">Svingadapter EW White er en stilig og funksjonell l\u00f8sning for smart lysstyring.<\/p>\n<p data-start=\"492\" data-end=\"864\">Ved \u00e5 klikke adapteren sammen med en Plejd-puck etter eget valg f\u00e5r du en tradisjonell dreiedimmer som kan styres b\u00e5de manuelt og tr\u00e5dl\u00f8st via Plejd-systemets mesh-teknologi.<\/p>\n<p data-start=\"492\" data-end=\"864\">Dette gj\u00f8r den til en perfekt l\u00f8sning for b\u00e5de hjem og kommersielle milj\u00f8er hvor enkel og fleksibel lysstyring er et krav.<\/p>\n<h3 data-start=\"866\" data-end=\"912\"><strong data-start=\"870\" data-end=\"910\">Smart og tr\u00e5dl\u00f8s lysstyring<\/strong><\/h3>\n<p data-start=\"913\" data-end=\"1239\">Ved \u00e5 bruke Plejds tr\u00e5dl\u00f8se mesh-teknologi kan EW White Swivel Adapter kontrollere andre Plejd-enheter og integreres s\u00f8ml\u00f8st i ditt eksisterende smarte system.<\/p>\n<p data-start=\"913\" data-end=\"1239\">Pucken som brukes med adapteren beholder sine funksjoner som kontrollinngang og tidsinnstillinger, slik at du kan kontrollere belysningen fra flere forskjellige knapper og enheter.<\/p>\n<h3 data-start=\"1241\" data-end=\"1281\"><strong data-start=\"1245\" data-end=\"1279\">Produktegenskaper og fordeler<\/strong><\/h3>\n<ul data-start=\"1283\" data-end=\"2024\">\n<li data-start=\"1283\" data-end=\"1363\"><strong data-start=\"1285\" data-end=\"1316\">Klassisk roterende dimmerfunksjon<\/strong> \u2013 Muliggj\u00f8r enkel og intuitiv lysstyring.<\/li>\n<li data-start=\"1364\" data-end=\"1442\"><strong data-start=\"1366\" data-end=\"1389\">Tr\u00e5dl\u00f8s integrasjon<\/strong> \u2013 Kontroller andre Plejd-enheter via Plejd mesh-nettverk.<\/li>\n<li data-start=\"1443\" data-end=\"1513\"><strong data-start=\"1445\" data-end=\"1467\">Enkel installasjon<\/strong> \u2013 Trykkfeste i boks eller dobbel ramme.<\/li>\n<li data-start=\"1514\" data-end=\"1576\"><strong data-start=\"1516\" data-end=\"1534\">Stilig design<\/strong> \u2013 Ubehandlet, blank hvit overflate (RAL 9010).<\/li>\n<li data-start=\"1577\" data-end=\"1675\"><strong data-start=\"1579\" data-end=\"1601\">Fleksibel montering<\/strong> \u2013 Kan monteres frittst\u00e5ende eller i dobbel ramme med standard lysbryter.<\/li>\n<li data-start=\"1676\" data-end=\"1764\"><strong data-start=\"1678\" data-end=\"1699\">B\u00e6rekraftig materiale<\/strong> \u2013 Laget av halogenfri termoplast for langvarig holdbarhet.<\/li>\n<li data-start=\"1765\" data-end=\"1848\"><strong data-start=\"1767\" data-end=\"1782\">App kontroll<\/strong> \u2013 Tilpass enkelt innstillinger og lysscenarier i Plejd-appen.<\/li>\n<li data-start=\"1849\" data-end=\"1945\"><strong data-start=\"1851\" data-end=\"1885\">Passer med ELKO\u00ae RS\/Plus-rammer<\/strong> \u2013 For en enhetlig og estetisk tiltalende installasjon.<\/li>\n<li data-start=\"1946\" data-end=\"2024\"><strong data-start=\"1948\" data-end=\"1972\">Flere fargealternativer<\/strong> \u2013 Tilgjengelig i forskjellige farger for \u00e5 matche interi\u00f8ret.<\/li>\n<\/ul>\n<h3 data-start=\"2026\" data-end=\"2092\"><strong data-start=\"2030\" data-end=\"2090\">Perfekt for smarte hjem og profesjonelle installasjoner<\/strong><\/h3>\n<p data-start=\"2093\" data-end=\"2317\">Roterende adapter EW White er en perfekt l\u00f8sning for de som \u00f8nsker jevn og elegant lysstyring.<\/p>\n<p data-start=\"2093\" data-end=\"2317\">Den er ideell for moderne hjem, kontormilj\u00f8er og andre installasjoner hvor fleksibilitet og brukervennlighet er i fokus.<\/p>\n<h3 data-start=\"2319\" data-end=\"2356\"><strong data-start=\"2323\" data-end=\"2354\">Installasjon og bruk<\/strong><\/h3>\n<p data-start=\"2357\" data-end=\"2414\">Installasjonen er enkel og krever ingen spesialverkt\u00f8y:<\/p>\n<ol data-start=\"2416\" data-end=\"2835\">\n<li data-start=\"2416\" data-end=\"2514\"><strong data-start=\"2419\" data-end=\"2465\">Klikk svingadapteren sammen med en Plejd-puck<\/strong> \u2013 Velg en kompatibel puck fra Plejds sortiment.<\/li>\n<li data-start=\"2515\" data-end=\"2625\"><strong data-start=\"2518\" data-end=\"2538\">Monter adapteren<\/strong> \u2013 Klikk den inn i en boks eller en dobbel ramme sammen med en vanlig lysbryter.<\/li>\n<li data-start=\"2626\" data-end=\"2726\"><strong data-start=\"2629\" data-end=\"2654\">Konfigurer via appen<\/strong> \u2013 Juster lysstyrke, scenarier og andre funksjoner via Plejd-appen.<\/li>\n<li data-start=\"2727\" data-end=\"2835\"><strong data-start=\"2730\" data-end=\"2757\">Begynn \u00e5 kontrollere belysningen<\/strong> \u2013 Demp lyset med knappen eller bruk Plejd-systemets tr\u00e5dl\u00f8se funksjoner.<\/li>\n<\/ol>\n<p data-start=\"2837\" data-end=\"2972\">Den fleksible monteringen gj\u00f8r det mulig \u00e5 installere EW White Swivel Adapter b\u00e5de frittst\u00e5ende og i kombinasjon med andre Plejd-enheter.<\/p>\n<h3 data-start=\"2974\" data-end=\"3008\"><strong data-start=\"2978\" data-end=\"3006\">Tekniske spesifikasjoner<\/strong><\/h3>\n<ul data-start=\"3010\" data-end=\"3561\">\n<li data-start=\"3010\" data-end=\"3030\"><strong data-start=\"3012\" data-end=\"3023\">Modell:<\/strong> Vrak<\/li>\n<li data-start=\"3031\" data-end=\"3070\"><strong data-start=\"3033\" data-end=\"3055\">Driftsmetode:<\/strong> Rotasjonsfunksjon<\/li>\n<li data-start=\"3071\" data-end=\"3103\"><strong data-start=\"3073\" data-end=\"3095\">Forseglingstype:<\/strong> Snap<\/li>\n<li data-start=\"3104\" data-end=\"3145\"><strong data-start=\"3106\" data-end=\"3119\">Materiale:<\/strong> Termoplast (halogenfri)<\/li>\n<li data-start=\"3146\" data-end=\"3189\"><strong data-start=\"3148\" data-end=\"3165\">Overflatebehandling:<\/strong> Ubehandlet, blank overflate<\/li>\n<li data-start=\"3190\" data-end=\"3218\"><strong data-start=\"3192\" data-end=\"3201\">Farge:<\/strong> Hvit (RAL 9010)<\/li>\n<li data-start=\"3219\" data-end=\"3259\"><strong data-start=\"3221\" data-end=\"3234\">IP-klasse:<\/strong> IP20 (for innend\u00f8rs bruk)<\/li>\n<li data-start=\"3260\" data-end=\"3286\"><strong data-start=\"3262\" data-end=\"3279\">Slagfasthet:<\/strong> IK00<\/li>\n<li data-start=\"3287\" data-end=\"3307\"><strong data-start=\"3289\" data-end=\"3299\">Bredde:<\/strong> 55 mm<\/li>\n<li data-start=\"3308\" data-end=\"3327\"><strong data-start=\"3310\" data-end=\"3319\">H\u00f8yde:<\/strong> 55 mm<\/li>\n<li data-start=\"3328\" data-end=\"3347\"><strong data-start=\"3330\" data-end=\"3339\">Dybde:<\/strong> 18 mm<\/li>\n<li data-start=\"3348\" data-end=\"3402\"><strong data-start=\"3350\" data-end=\"3396\">Egnet for ber\u00f8ringssensor for bussystemer:<\/strong> Nei<\/li>\n<li data-start=\"3403\" data-end=\"3446\"><strong data-start=\"3405\" data-end=\"3440\">Skannbart symbol \/ barrierefritt:<\/strong> Nei<\/li>\n<li data-start=\"3447\" data-end=\"3480\"><strong data-start=\"3449\" data-end=\"3474\">Med utskrivbar etikett:<\/strong> Nei<\/li>\n<li data-start=\"3481\" data-end=\"3518\"><strong data-start=\"3483\" data-end=\"3512\">Med utskiftbar linse\/symbol:<\/strong> Nei<\/li>\n<li data-start=\"3519\" data-end=\"3561\"><strong data-start=\"3521\" data-end=\"3555\">Overv\u00e5kingsvindu\/lysuttak:<\/strong> Nei<\/li>\n<\/ul>\n<h3 data-start=\"3563\" data-end=\"3610\"><strong data-start=\"3567\" data-end=\"3608\">Design og funksjon i perfekt harmoni<\/strong><\/h3>\n<p data-start=\"3611\" data-end=\"3877\">Den hvite, blanke overflaten og kompatibiliteten med ELKO\u00ae RS\/Plus-rammer gj\u00f8r Swivel Adapter EW White til et stilig valg for alle typer milj\u00f8er.<\/p>\n<p data-start=\"3611\" data-end=\"3877\">Den minimalistiske designen smelter fint inn i moderne interi\u00f8r samtidig som den gir full kontroll over belysningen.<\/p>\n<h3 data-start=\"3879\" data-end=\"3897\"><strong data-start=\"3883\" data-end=\"3895\">Konklusjon<\/strong><\/h3>\n<p data-start=\"3898\" data-end=\"4207\">Rotasjonsadapter EW White er en elegant og smart lysstyringsl\u00f8sning som kombinerer klassisk roterende dimmerfunksjon med moderne tr\u00e5dl\u00f8s teknologi.<\/p>\n<p data-start=\"3898\" data-end=\"4207\">Den enkle installasjonen, stilrene designen og integrasjonen med Plejd-systemet gj\u00f8r det til et opplagt valg for b\u00e5de privatpersoner og profesjonelle installat\u00f8rer.<\/p>","protected":false},"excerpt":{"rendered":"<p>Roterende adapter EW White klikker sammen med en valgfri Plejd-puck og fungerer som en klassisk roterende dimmer.<\/p>\n<p>Med tr\u00e5dl\u00f8s mesh-teknologi kan den kontrollere andre Plejd-enheter.<\/p>\n<p>Enkel installasjon og konfigurering via Plejd-appen.<\/p>\n<p>Passer med hvit ramme fra ELKO\u00ae RS\/Plus.<\/p>","protected":false},"featured_media":148025,"template":"","meta":{"_acf_changed":false},"product_brand":[],"product_cat":[4661],"product_tag":[4670],"class_list":{"0":"post-148026","1":"product","2":"type-product","3":"status-publish","4":"has-post-thumbnail","6":"product_cat-plejd-vridadapter","7":"product_tag-plejd","8":"product_shipping_class-tunga-paket","9":"pa_brands-plejd","10":"pa_farg-vit","11":"tm-has-options","13":"first","14":"instock","15":"sale","16":"taxable","17":"shipping-taxable","18":"purchasable","19":"product-type-simple"},"acf":[],"_links":{"self":[{"href":"https:\/\/secureus.se\/no\/wp-json\/wp\/v2\/product\/148026","targetHints":{"allow":["GET"]}}],"collection":[{"href":"https:\/\/secureus.se\/no\/wp-json\/wp\/v2\/product"}],"about":[{"href":"https:\/\/secureus.se\/no\/wp-json\/wp\/v2\/types\/product"}],"wp:featuredmedia":[{"embeddable":true,"href":"https:\/\/secureus.se\/no\/wp-json\/wp\/v2\/media\/148025"}],"wp:attachment":[{"href":"https:\/\/secureus.se\/no\/wp-json\/wp\/v2\/media?parent=148026"}],"wp:term":[{"taxonomy":"product_brand","embeddable":true,"href":"https:\/\/secureus.se\/no\/wp-json\/wp\/v2\/product_brand?post=148026"},{"taxonomy":"product_cat","embeddable":true,"href":"https:\/\/secureus.se\/no\/wp-json\/wp\/v2\/product_cat?post=148026"},{"taxonomy":"product_tag","embeddable":true,"href":"https:\/\/secureus.se\/no\/wp-json\/wp\/v2\/product_tag?post=148026"}],"curies":[{"name":"wp","href":"https:\/\/api.w.org\/{rel}","templated":true}]}}