{"id":148030,"date":"2025-02-25T12:22:23","date_gmt":"2025-02-25T11:22:23","guid":{"rendered":"https:\/\/secureus.se\/?post_type=product&#038;p=148030"},"modified":"2026-04-08T16:29:25","modified_gmt":"2026-04-08T14:29:25","slug":"plejd-vridratt-tradlos-wrt-01-saantracit","status":"publish","type":"product","link":"https:\/\/secureus.se\/no\/plejd-vridratt-tradlos-wrt-01-saantracit\/","title":{"rendered":"Plejd Dreieknapp tr\u00e5dl\u00f8s WRT-01-SAntrasitt"},"content":{"rendered":"<h1 data-start=\"496\" data-end=\"543\"><strong data-start=\"500\" data-end=\"541\">Tr\u00e5dl\u00f8s og praktisk lyskontroll<\/strong><\/h1>\n<p data-start=\"544\" data-end=\"939\">Rotary Wireless SA Antrasitt er en stilig og fleksibel l\u00f8sning for \u00e5 kontrollere belysningen i ditt smarte hjem.<\/p>\n<p data-start=\"544\" data-end=\"939\">Med denne tr\u00e5dl\u00f8se dreie- og trykknappen kan du enkelt justere lysstyrken til en eller flere Plejd-enheter uten behov for kabling eller avanserte installasjoner.<\/p>\n<p data-start=\"544\" data-end=\"939\">Konfigurasjonen gj\u00f8res jevnt via Plejd-appen, hvor du kan tilpasse innstillinger og scenariokontroll til dine behov.<\/p>\n<p data-start=\"941\" data-end=\"1109\">Med lang batterilevetid p\u00e5 opptil 15 \u00e5r og st\u00f8tte for Apple HomeKit og Google Assistant er dette en fremtidssikker og energieffektiv l\u00f8sning for moderne lysstyring.<\/p>\n<h3 data-start=\"1111\" data-end=\"1154\"><strong data-start=\"1115\" data-end=\"1152\">Fleksibel montering for alle behov<\/strong><\/h3>\n<p data-start=\"1155\" data-end=\"1417\">Dreieknapp Wireless SA Antrasitt kan monteres akkurat der du \u00f8nsker det. Den kan festes med dobbeltsidig tape eller skrus fast p\u00e5 en standard elektrisk boks.<\/p>\n<p data-start=\"1155\" data-end=\"1417\">Den kan ogs\u00e5 monteres i dobbel ramme sammen med en vanlig lysbryter for en mer integrert installasjon.<\/p>\n<h3 data-start=\"1419\" data-end=\"1459\"><strong data-start=\"1423\" data-end=\"1457\">Produktegenskaper og fordeler<\/strong><\/h3>\n<ul data-start=\"1461\" data-end=\"2231\">\n<li data-start=\"1461\" data-end=\"1544\"><strong data-start=\"1463\" data-end=\"1487\">Tr\u00e5dl\u00f8s lysstyring<\/strong> \u2013 Juster lyset enkelt via sving- eller skyvefunksjon.<\/li>\n<li data-start=\"1545\" data-end=\"1639\"><strong data-start=\"1547\" data-end=\"1565\">Kompatibilitet<\/strong> \u2013 Fungerer med alle Plejd-enheter og kan kontrollere flere lys samtidig.<\/li>\n<li data-start=\"1640\" data-end=\"1712\"><strong data-start=\"1642\" data-end=\"1663\">Smart integrasjon<\/strong> \u2013 St\u00f8tte for Apple HomeKit og Google Assistant.<\/li>\n<li data-start=\"1713\" data-end=\"1798\"><strong data-start=\"1715\" data-end=\"1734\">Lang batterilevetid<\/strong> \u2013 Opptil 15 \u00e5r (ca. 200 000 klikk) med 3 x CR2032-batterier.<\/li>\n<li data-start=\"1799\" data-end=\"1875\"><strong data-start=\"1801\" data-end=\"1821\">Scenariokontroll<\/strong> \u2013 Dobbeltklikk kan aktivere forh\u00e5ndsinnstilte lysscener.<\/li>\n<li data-start=\"1876\" data-end=\"1956\"><strong data-start=\"1878\" data-end=\"1897\">Enkel montering<\/strong> \u2013 Rask montering med tape\/skruer eller i koblingsboks.<\/li>\n<li data-start=\"1957\" data-end=\"2063\"><strong data-start=\"1959\" data-end=\"1977\">Stilig design<\/strong> \u2013 Lakkert, matt antrasittfarget overflate (RAL 7024) som f\u00f8yer seg inn i moderne interi\u00f8r.<\/li>\n<li data-start=\"2064\" data-end=\"2150\"><strong data-start=\"2066\" data-end=\"2104\">Passer med Schneider Exxact\u00ae-rammer<\/strong> \u2013 For en enhetlig og elegant installasjon.<\/li>\n<li data-start=\"2151\" data-end=\"2231\"><strong data-start=\"2153\" data-end=\"2177\">Flere fargealternativer<\/strong> \u2013 Tilgjengelig i forskjellige farger for \u00e5 passe til forskjellige milj\u00f8er.<\/li>\n<\/ul>\n<h3 data-start=\"2233\" data-end=\"2267\"><strong data-start=\"2237\" data-end=\"2265\">Tekniske spesifikasjoner<\/strong><\/h3>\n<ul data-start=\"2269\" data-end=\"2968\">\n<li data-start=\"2269\" data-end=\"2300\"><strong data-start=\"2271\" data-end=\"2282\">Modell:<\/strong> Seriell trykknapp<\/li>\n<li data-start=\"2301\" data-end=\"2344\"><strong data-start=\"2303\" data-end=\"2325\">Driftsmetode:<\/strong> Roterende\/trykknapp<\/li>\n<li data-start=\"2345\" data-end=\"2385\"><strong data-start=\"2347\" data-end=\"2369\">Forseglingstype:<\/strong> Lim\/skrue<\/li>\n<li data-start=\"2386\" data-end=\"2427\"><strong data-start=\"2388\" data-end=\"2401\">Materiale:<\/strong> Termoplast (halogenfri)<\/li>\n<li data-start=\"2428\" data-end=\"2468\"><strong data-start=\"2430\" data-end=\"2447\">Overflatebehandling:<\/strong> Lakkert, matt overflate<\/li>\n<li data-start=\"2469\" data-end=\"2502\"><strong data-start=\"2471\" data-end=\"2480\">Farge:<\/strong> Antrasitt (RAL 7024)<\/li>\n<li data-start=\"2503\" data-end=\"2543\"><strong data-start=\"2505\" data-end=\"2518\">IP-klasse:<\/strong> IP20 (for innend\u00f8rs bruk)<\/li>\n<li data-start=\"2544\" data-end=\"2570\"><strong data-start=\"2546\" data-end=\"2563\">Slagfasthet:<\/strong> IK00<\/li>\n<li data-start=\"2571\" data-end=\"2591\"><strong data-start=\"2573\" data-end=\"2583\">Bredde:<\/strong> 71 mm<\/li>\n<li data-start=\"2592\" data-end=\"2611\"><strong data-start=\"2594\" data-end=\"2603\">H\u00f8yde:<\/strong> 71 mm<\/li>\n<li data-start=\"2612\" data-end=\"2631\"><strong data-start=\"2614\" data-end=\"2623\">Dybde:<\/strong> 20 mm<\/li>\n<li data-start=\"2632\" data-end=\"2674\"><strong data-start=\"2634\" data-end=\"2649\">Batteritype:<\/strong> 3 x CR2032 (utskiftbar)<\/li>\n<li data-start=\"2675\" data-end=\"2709\"><strong data-start=\"2677\" data-end=\"2692\">Batteritid:<\/strong> Inntil 15 \u00e5r<\/li>\n<li data-start=\"2710\" data-end=\"2765\"><strong data-start=\"2712\" data-end=\"2728\">Radiosystem:<\/strong> 2,4 GHz mesh, Bluetooth\u00ae (&lt;10 dBm)<\/li>\n<li data-start=\"2766\" data-end=\"2808\"><strong data-start=\"2768\" data-end=\"2786\">Radiorekkevidde:<\/strong> Ca 10 meter innend\u00f8rs<\/li>\n<li data-start=\"2809\" data-end=\"2849\"><strong data-start=\"2811\" data-end=\"2843\">Mesh-nettverksutvidelse:<\/strong> Nei<\/li>\n<li data-start=\"2850\" data-end=\"2933\"><strong data-start=\"2852\" data-end=\"2871\">Kompatibilitet:<\/strong> Apple HomeKit, Google Assistant (ikke Amazon Alexa, ikke IFTTT)<\/li>\n<li data-start=\"2934\" data-end=\"2968\"><strong data-start=\"2936\" data-end=\"2962\">Lys\/signallys:<\/strong> Nei<\/li>\n<\/ul>\n<h3 data-start=\"2970\" data-end=\"3027\"><strong data-start=\"2974\" data-end=\"3025\">Perfekt for smarte hjem og kommersielle milj\u00f8er<\/strong><\/h3>\n<p data-start=\"3028\" data-end=\"3292\">Rotary Wireless SA Antrasitt er ideell for b\u00e5de hjemmebrukere og profesjonelle installat\u00f8rer som \u00f8nsker tr\u00e5dl\u00f8s og fleksibel lysstyring.<\/p>\n<p data-start=\"3028\" data-end=\"3292\">Kontroller enkelt Plejd-belysningen uten \u00e5 m\u00e5tte trekke kabler, og lag tilpassede lysscener for ulike anledninger.<\/p>\n<p data-start=\"3294\" data-end=\"3456\">Med st\u00f8tte for Apple HomeKit og Google Assistant kan du ogs\u00e5 kontrollere belysningen med talekommandoer eller appen, noe som gir en s\u00f8ml\u00f8s og moderne brukeropplevelse.<\/p>\n<h3 data-start=\"3458\" data-end=\"3496\"><strong data-start=\"3462\" data-end=\"3494\">Enkel og rask installasjon<\/strong><\/h3>\n<p data-start=\"3497\" data-end=\"3554\">Installasjonen er enkel og krever ingen spesialverkt\u00f8y:<\/p>\n<ol data-start=\"3556\" data-end=\"3889\">\n<li data-start=\"3556\" data-end=\"3683\"><strong data-start=\"3559\" data-end=\"3592\">Fest dreieknappen til \u00f8nsket plassering<\/strong> \u2013 Monteres p\u00e5 standard elboks eller med tape\/skruer p\u00e5 hvilken som helst overflate.<\/li>\n<li data-start=\"3684\" data-end=\"3771\"><strong data-start=\"3687\" data-end=\"3716\">Konfigurer i Plejd-appen<\/strong> \u2013 Koble til og juster innstillinger direkte i appen.<\/li>\n<li data-start=\"3772\" data-end=\"3889\"><strong data-start=\"3775\" data-end=\"3802\">Begynn \u00e5 kontrollere belysningen<\/strong> \u2013 Vri for \u00e5 dempe, trykk for \u00e5 sl\u00e5 p\u00e5\/av og dobbeltklikk for scenariokontroll.<\/li>\n<\/ol>\n<h3 data-start=\"3891\" data-end=\"3940\"><strong data-start=\"3895\" data-end=\"3938\">Elegant design og holdbar konstruksjon<\/strong><\/h3>\n<p data-start=\"3941\" data-end=\"4258\">Den matte, antrasittfargede finishen og kompatibiliteten med Schneider Exxact\u00ae-rammer gj\u00f8r Rotary Wireless SA Anthracite til et stilig valg for alle typer milj\u00f8er.<\/p>\n<p data-start=\"3941\" data-end=\"4258\">Den minimalistiske designen gj\u00f8r at den smelter godt inn i b\u00e5de moderne og klassisk interi\u00f8r samtidig som den tilbyr avansert lyskontroll.<\/p>\n<h3 data-start=\"4260\" data-end=\"4278\"><strong data-start=\"4264\" data-end=\"4276\">Konklusjon<\/strong><\/h3>\n<p data-start=\"4279\" data-end=\"4522\">Rotary Knob Wireless SA Antrasitt er en innovativ og fleksibel l\u00f8sning for tr\u00e5dl\u00f8s lysstyring.<\/p>\n<p data-start=\"4279\" data-end=\"4522\">Med lang batterilevetid, enkel installasjon og smarte funksjoner er dette en optimal enhet for alle som \u00f8nsker jevn og moderne lysstyring.<\/p>","protected":false},"excerpt":{"rendered":"<p>Dreieknapp Wireless SA Antrasitt muliggj\u00f8r tr\u00e5dl\u00f8s kontroll av en eller flere Plejd-enheter.<\/p>\n<p>Enkel montering p\u00e5 utsiden av standard elboks eller med tape\/skruer.<\/p>\n<p>Opptil 15 \u00e5rs batterilevetid. Kompatibel med Apple HomeKit og Google Assistant.<\/p>\n<p>Passer med antrasittfarget ramme fra Schneider Exxact\u00ae.<\/p>","protected":false},"featured_media":148029,"template":"","meta":{"_acf_changed":false},"product_brand":[],"product_cat":[4661],"product_tag":[4670],"class_list":{"0":"post-148030","1":"product","2":"type-product","3":"status-publish","4":"has-post-thumbnail","6":"product_cat-plejd-vridadapter","7":"product_tag-plejd","8":"product_shipping_class-postnord-varubrev","9":"pa_brands-plejd","10":"pa_farg-antracit","11":"tm-has-options","13":"first","14":"instock","15":"sale","16":"taxable","17":"shipping-taxable","18":"purchasable","19":"product-type-simple"},"acf":[],"_links":{"self":[{"href":"https:\/\/secureus.se\/no\/wp-json\/wp\/v2\/product\/148030","targetHints":{"allow":["GET"]}}],"collection":[{"href":"https:\/\/secureus.se\/no\/wp-json\/wp\/v2\/product"}],"about":[{"href":"https:\/\/secureus.se\/no\/wp-json\/wp\/v2\/types\/product"}],"wp:featuredmedia":[{"embeddable":true,"href":"https:\/\/secureus.se\/no\/wp-json\/wp\/v2\/media\/148029"}],"wp:attachment":[{"href":"https:\/\/secureus.se\/no\/wp-json\/wp\/v2\/media?parent=148030"}],"wp:term":[{"taxonomy":"product_brand","embeddable":true,"href":"https:\/\/secureus.se\/no\/wp-json\/wp\/v2\/product_brand?post=148030"},{"taxonomy":"product_cat","embeddable":true,"href":"https:\/\/secureus.se\/no\/wp-json\/wp\/v2\/product_cat?post=148030"},{"taxonomy":"product_tag","embeddable":true,"href":"https:\/\/secureus.se\/no\/wp-json\/wp\/v2\/product_tag?post=148030"}],"curies":[{"name":"wp","href":"https:\/\/api.w.org\/{rel}","templated":true}]}}