{"id":148034,"date":"2025-02-25T12:22:23","date_gmt":"2025-02-25T11:22:23","guid":{"rendered":"https:\/\/secureus.se\/?post_type=product&#038;p=148034"},"modified":"2026-04-07T12:45:35","modified_gmt":"2026-04-07T10:45:35","slug":"plejd-tryckknapp-tradlos-wph-01-eb-svart","status":"publish","type":"product","link":"https:\/\/secureus.se\/no\/plejd-tryckknapp-tradlos-wph-01-eb-svart\/","title":{"rendered":"Plejd Trykknapp tr\u00e5dl\u00f8s WPH-01-EB svart"},"content":{"rendered":"<h1 data-start=\"443\" data-end=\"490\"><strong data-start=\"447\" data-end=\"488\">Tr\u00e5dl\u00f8s og praktisk lyskontroll<\/strong><\/h1>\n<p data-start=\"491\" data-end=\"772\">Push Button Wireless EB Black er en stilig og fleksibel l\u00f8sning for \u00e5 kontrollere belysningen i ditt smarte hjem eller arbeidsplass.<\/p>\n<p data-start=\"491\" data-end=\"772\">Med denne tr\u00e5dl\u00f8sknappen kan du enkelt sl\u00e5 p\u00e5, sl\u00e5 av eller dempe belysningen p\u00e5 en eller flere Plejd-enheter \u2013 uten behov for ledninger.<\/p>\n<p data-start=\"774\" data-end=\"995\">Innstillinger gj\u00f8res enkelt i Plejd-appen, hvor du kan lage scenarier, kontrollere lysniv\u00e5er og tilpasse funksjoner etter behov.<\/p>\n<p data-start=\"774\" data-end=\"995\">Den er ogs\u00e5 kompatibel med Plejds 2,4 GHz mesh-teknologi for p\u00e5litelig kommunikasjon i systemet.<\/p>\n<h3 data-start=\"997\" data-end=\"1048\"><strong data-start=\"1001\" data-end=\"1046\">Fleksibel montering og enkel installasjon<\/strong><\/h3>\n<p data-start=\"1049\" data-end=\"1137\">Trykknapp Wireless EB Black kan monteres p\u00e5 flere m\u00e5ter for \u00e5 passe din installasjon:<\/p>\n<ul data-start=\"1139\" data-end=\"1352\">\n<li data-start=\"1139\" data-end=\"1209\"><strong data-start=\"1141\" data-end=\"1158\">Tape montering<\/strong> \u2013 Perfekt for glatte overflater som vegger eller fliser.<\/li>\n<li data-start=\"1210\" data-end=\"1282\"><strong data-start=\"1212\" data-end=\"1230\">Skruemontering<\/strong> \u2013 Kan monteres direkte p\u00e5 standard elboks.<\/li>\n<li data-start=\"1283\" data-end=\"1352\"><strong data-start=\"1285\" data-end=\"1309\">Frittst\u00e5ende montering<\/strong> \u2013 Kan plasseres hvor som helst i rommet.<\/li>\n<\/ul>\n<p data-start=\"1354\" data-end=\"1456\">Med sin stilige design og kompatibilitet med ELKO\u00ae Plus-rammer smelter den inn i moderne interi\u00f8r.<\/p>\n<h3 data-start=\"1458\" data-end=\"1498\"><strong data-start=\"1462\" data-end=\"1496\">Produktegenskaper og fordeler<\/strong><\/h3>\n<ul data-start=\"1500\" data-end=\"2199\">\n<li data-start=\"1500\" data-end=\"1588\"><strong data-start=\"1502\" data-end=\"1522\">Tr\u00e5dl\u00f8s kontroll<\/strong> \u2013 Sl\u00e5 p\u00e5, sl\u00e5 av eller demp belysningen med et knappetrykk.<\/li>\n<li data-start=\"1589\" data-end=\"1670\"><strong data-start=\"1591\" data-end=\"1613\">Fleksibel montering<\/strong> \u2013 Festes med tape, skruer eller direkte til en koblingsboks.<\/li>\n<li data-start=\"1671\" data-end=\"1766\"><strong data-start=\"1673\" data-end=\"1692\">Lang batterilevetid<\/strong> \u2013 Opptil 15 \u00e5r eller 200 000 klikk (2 x CR2032-batterier, utskiftbare).<\/li>\n<li data-start=\"1767\" data-end=\"1859\"><strong data-start=\"1769\" data-end=\"1801\">Direkte kontroll og scenarier<\/strong> \u2013 Tilpass funksjoner og lag tidsplaner via Plejd-appen.<\/li>\n<li data-start=\"1860\" data-end=\"1921\"><strong data-start=\"1862\" data-end=\"1880\">Stilig design<\/strong> \u2013 Lakkert, matt sort overflate (RAL 9005).<\/li>\n<li data-start=\"1922\" data-end=\"1997\"><strong data-start=\"1924\" data-end=\"1951\">Passer til ELKO\u00ae Plus rammer<\/strong> \u2013 For en enhetlig og elegant installasjon.<\/li>\n<li data-start=\"1998\" data-end=\"2080\"><strong data-start=\"2000\" data-end=\"2025\">Tr\u00e5dl\u00f8s kommunikasjon<\/strong> \u2013 2,4 GHz mesh og Bluetooth\u00ae for stabil tilkobling.<\/li>\n<li data-start=\"2081\" data-end=\"2128\"><strong data-start=\"2083\" data-end=\"2100\">Radiorekkevidde<\/strong> \u2013 Cirka 10 meter innend\u00f8rs.<\/li>\n<li data-start=\"2129\" data-end=\"2199\"><strong data-start=\"2131\" data-end=\"2152\">To-knapps betjening<\/strong> \u2013 Leveres med b\u00e5de enkel og dobbel vippe.<\/li>\n<\/ul>\n<h3 data-start=\"2201\" data-end=\"2267\"><strong data-start=\"2205\" data-end=\"2265\">Perfekt for smarte hjem og profesjonelle installasjoner<\/strong><\/h3>\n<p data-start=\"2268\" data-end=\"2509\">Push Button Wireless EB Black er en perfekt l\u00f8sning for de som \u00f8nsker enkel og tr\u00e5dl\u00f8s kontroll av belysningen din.<\/p>\n<p data-start=\"2268\" data-end=\"2509\">Den er ideell for smarte hjem, kontormilj\u00f8er og andre installasjoner der fleksibilitet og brukervennlighet er i fokus.<\/p>\n<h3 data-start=\"2511\" data-end=\"2548\"><strong data-start=\"2515\" data-end=\"2546\">Installasjon og bruk<\/strong><\/h3>\n<p data-start=\"2549\" data-end=\"2606\">Installasjonen er enkel og krever ingen spesialverkt\u00f8y:<\/p>\n<ol data-start=\"2608\" data-end=\"2890\">\n<li data-start=\"2608\" data-end=\"2713\"><strong data-start=\"2611\" data-end=\"2630\">Installer knappen<\/strong> \u2013 Fest med medf\u00f8lgende tape, skru inn i enhetsboksen eller plasser frittst\u00e5ende.<\/li>\n<li data-start=\"2714\" data-end=\"2783\"><strong data-start=\"2717\" data-end=\"2741\">Koble til i Plejd-appen<\/strong> \u2013 Konfigurer og tilpass funksjonene.<\/li>\n<li data-start=\"2784\" data-end=\"2890\"><strong data-start=\"2787\" data-end=\"2812\">Begynn \u00e5 bruke knappen<\/strong> \u2013 Styr belysningen enkelt via knappetrykk eller planlagte scenarier.<\/li>\n<\/ol>\n<h3 data-start=\"2892\" data-end=\"2926\"><strong data-start=\"2896\" data-end=\"2924\">Tekniske spesifikasjoner<\/strong><\/h3>\n<ul data-start=\"2928\" data-end=\"3608\">\n<li data-start=\"2928\" data-end=\"2959\"><strong data-start=\"2930\" data-end=\"2941\">Modell:<\/strong> Seriell trykknapp<\/li>\n<li data-start=\"2960\" data-end=\"2997\"><strong data-start=\"2962\" data-end=\"2984\">Driftsmetode:<\/strong> Trykknapp<\/li>\n<li data-start=\"2998\" data-end=\"3038\"><strong data-start=\"3000\" data-end=\"3022\">Forseglingstype:<\/strong> Lim\/skrue<\/li>\n<li data-start=\"3039\" data-end=\"3067\"><strong data-start=\"3041\" data-end=\"3054\">Materiale:<\/strong> Termoplast<\/li>\n<li data-start=\"3068\" data-end=\"3108\"><strong data-start=\"3070\" data-end=\"3087\">Overflatebehandling:<\/strong> Lakkert, matt overflate<\/li>\n<li data-start=\"3109\" data-end=\"3139\"><strong data-start=\"3111\" data-end=\"3120\">Farge:<\/strong> Svart (RAL 9005)<\/li>\n<li data-start=\"3140\" data-end=\"3180\"><strong data-start=\"3142\" data-end=\"3155\">IP-klasse:<\/strong> IP20 (for innend\u00f8rs bruk)<\/li>\n<li data-start=\"3181\" data-end=\"3236\"><strong data-start=\"3183\" data-end=\"3201\">Antall knapper:<\/strong> 2 (enkelt og dobbel vippe inkludert)<\/li>\n<li data-start=\"3237\" data-end=\"3268\"><strong data-start=\"3239\" data-end=\"3264\">Antall kontrollpunkter:<\/strong> 4<\/li>\n<li data-start=\"3269\" data-end=\"3289\"><strong data-start=\"3271\" data-end=\"3281\">Bredde:<\/strong> 71 mm<\/li>\n<li data-start=\"3290\" data-end=\"3309\"><strong data-start=\"3292\" data-end=\"3301\">H\u00f8yde:<\/strong> 71 mm<\/li>\n<li data-start=\"3310\" data-end=\"3329\"><strong data-start=\"3312\" data-end=\"3321\">Dybde:<\/strong> 14 mm<\/li>\n<li data-start=\"3330\" data-end=\"3372\"><strong data-start=\"3332\" data-end=\"3347\">Batteritype:<\/strong> 2 x CR2032 (utskiftbar)<\/li>\n<li data-start=\"3373\" data-end=\"3427\"><strong data-start=\"3375\" data-end=\"3390\">Batteritid:<\/strong> Opptil 15 \u00e5r eller 200 000 klikk<\/li>\n<li data-start=\"3428\" data-end=\"3483\"><strong data-start=\"3430\" data-end=\"3446\">Radiosystem:<\/strong> 2,4 GHz mesh, Bluetooth\u00ae (&lt;10 dBm)<\/li>\n<li data-start=\"3484\" data-end=\"3526\"><strong data-start=\"3486\" data-end=\"3504\">Radiorekkevidde:<\/strong> Ca 10 meter innend\u00f8rs<\/li>\n<li data-start=\"3527\" data-end=\"3567\"><strong data-start=\"3529\" data-end=\"3561\">Mesh-nettverksutvidelse:<\/strong> Nei<\/li>\n<li data-start=\"3568\" data-end=\"3608\"><strong data-start=\"3570\" data-end=\"3589\">Kompatibilitet:<\/strong> ELKO\u00ae Plus rammer<\/li>\n<\/ul>\n<h3 data-start=\"3610\" data-end=\"3659\"><strong data-start=\"3614\" data-end=\"3657\">Elegant design og holdbar konstruksjon<\/strong><\/h3>\n<p data-start=\"3660\" data-end=\"3960\">Den matte, svarte finishen og kompatibiliteten med ELKO\u00ae Plus-rammer gj\u00f8r Push Button Wireless EB Black til et stilig valg for alle typer milj\u00f8er.<\/p>\n<p data-start=\"3660\" data-end=\"3960\">Den minimalistiske designen gj\u00f8r at den smelter godt inn i b\u00e5de moderne og klassisk interi\u00f8r samtidig som den tilbyr avansert lyskontroll.<\/p>\n<h3 data-start=\"3962\" data-end=\"3980\"><strong data-start=\"3966\" data-end=\"3978\">Konklusjon<\/strong><\/h3>\n<p data-start=\"3981\" data-end=\"4223\">Push Button Wireless EB Black er en innovativ og fleksibel l\u00f8sning for tr\u00e5dl\u00f8s lysstyring.<\/p>\n<p data-start=\"3981\" data-end=\"4223\">Med lang batterilevetid, enkel installasjon og smarte funksjoner er dette en optimal enhet for alle som \u00f8nsker jevn og moderne lysstyring.<\/p>","protected":false},"excerpt":{"rendered":"<p>Push Button Wireless EB Black muliggj\u00f8r tr\u00e5dl\u00f8s kontroll av \u00e9n eller flere Plejd-enheter.<\/p>\n<p>Enkel montering p\u00e5 utsiden av standard elboks eller med tape\/skruer.<\/p>\n<p>Opptil 15 \u00e5rs batterilevetid eller 200 000 klikk.<\/p>\n<p>Kompatibel med ELKO\u00ae Plus-rammer.<\/p>","protected":false},"featured_media":148033,"template":"","meta":{"_acf_changed":false},"product_brand":[],"product_cat":[4658],"product_tag":[4670],"class_list":{"0":"post-148034","1":"product","2":"type-product","3":"status-publish","4":"has-post-thumbnail","6":"product_cat-plejd-stromstallare","7":"product_tag-plejd","8":"product_shipping_class-postnord-varubrev","9":"pa_brands-plejd","10":"pa_farg-svart","11":"tm-has-options","13":"first","14":"instock","15":"sale","16":"taxable","17":"shipping-taxable","18":"purchasable","19":"product-type-simple"},"acf":[],"_links":{"self":[{"href":"https:\/\/secureus.se\/no\/wp-json\/wp\/v2\/product\/148034","targetHints":{"allow":["GET"]}}],"collection":[{"href":"https:\/\/secureus.se\/no\/wp-json\/wp\/v2\/product"}],"about":[{"href":"https:\/\/secureus.se\/no\/wp-json\/wp\/v2\/types\/product"}],"wp:featuredmedia":[{"embeddable":true,"href":"https:\/\/secureus.se\/no\/wp-json\/wp\/v2\/media\/148033"}],"wp:attachment":[{"href":"https:\/\/secureus.se\/no\/wp-json\/wp\/v2\/media?parent=148034"}],"wp:term":[{"taxonomy":"product_brand","embeddable":true,"href":"https:\/\/secureus.se\/no\/wp-json\/wp\/v2\/product_brand?post=148034"},{"taxonomy":"product_cat","embeddable":true,"href":"https:\/\/secureus.se\/no\/wp-json\/wp\/v2\/product_cat?post=148034"},{"taxonomy":"product_tag","embeddable":true,"href":"https:\/\/secureus.se\/no\/wp-json\/wp\/v2\/product_tag?post=148034"}],"curies":[{"name":"wp","href":"https:\/\/api.w.org\/{rel}","templated":true}]}}