{"id":148044,"date":"2025-02-25T12:22:24","date_gmt":"2025-02-25T11:22:24","guid":{"rendered":"https:\/\/secureus.se\/?post_type=product&#038;p=148044"},"modified":"2026-03-26T11:06:27","modified_gmt":"2026-03-26T10:06:27","slug":"plejd-extender-ext-01-2xin-bat-mesh-bt","status":"publish","type":"product","link":"https:\/\/secureus.se\/no\/plejd-extender-ext-01-2xin-bat-mesh-bt\/","title":{"rendered":"Plejd Extender EXT-01 2xIN BAT Mesh BT"},"content":{"rendered":"<h1 data-start=\"527\" data-end=\"590\"><strong data-start=\"531\" data-end=\"588\">Forbedret rekkevidde og driftssikkerhet med rutenett<\/strong><\/h1>\n<p data-start=\"591\" data-end=\"936\">Plejd Extender 2xIN BAT Mesh BT (EXT-01) er en kraftig enhet som <strong data-start=\"658\" data-end=\"705\">utvider rekkevidden til Plejd mesh-nettverket<\/strong> ved \u00e5 fungere som en tr\u00e5dl\u00f8s bro mellom enheter.<\/p>\n<p data-start=\"591\" data-end=\"936\">Det hjelper \u00e5 <strong data-start=\"783\" data-end=\"819\">sikre stabil kommunikasjon<\/strong> inne i systemet, noe som gj\u00f8r det perfekt for st\u00f8rre installasjoner hvor avstanden mellom enhetene kan v\u00e6re en utfordring.<\/p>\n<p data-start=\"938\" data-end=\"1220\">Takket v\u00e6re det <strong data-start=\"952\" data-end=\"992\">integrert batteribackup (BAT-01)<\/strong> kan tidsfunksjoner som f.eks <strong data-start=\"1016\" data-end=\"1062\">astro-klokke og andre tidskontrollerte innstillinger<\/strong> fortsette \u00e5 fungere selv under et str\u00f8mbrudd.<\/p>\n<p data-start=\"938\" data-end=\"1220\">Dette gj\u00f8r EXT-01 til en viktig komponent i smarte lysinstallasjoner hvor p\u00e5litelighet er avgj\u00f8rende.<\/p>\n<h3 data-start=\"1222\" data-end=\"1267\"><strong data-start=\"1226\" data-end=\"1265\">Tr\u00e5dl\u00f8s kontroll med flere innganger<\/strong><\/h3>\n<p data-start=\"1268\" data-end=\"1416\">Plejd Extender kan ogs\u00e5 fungere som en <strong data-start=\"1308\" data-end=\"1321\">kontrollmodul<\/strong> for andre Plejd-enheter gjennom sine to separate innganger. Dette gj\u00f8r det mulig \u00e5 koble til:<\/p>\n<ul data-start=\"1418\" data-end=\"1500\">\n<li data-start=\"1418\" data-end=\"1452\"><strong data-start=\"1420\" data-end=\"1450\">Fj\u00e6rbelastede trykknapper<\/strong><\/li>\n<li data-start=\"1453\" data-end=\"1474\"><strong data-start=\"1455\" data-end=\"1472\">Trafikkvakter<\/strong><\/li>\n<li data-start=\"1475\" data-end=\"1500\"><strong data-start=\"1477\" data-end=\"1498\">Roterende adapter (RTR)<\/strong><\/li>\n<\/ul>\n<p data-start=\"1502\" data-end=\"1622\">Disse funksjonene gj\u00f8r det enkelt \u00e5 tilpasse lysstyringen etter behov og skape en fleksibel, smart lysl\u00f8sning.<\/p>\n<h3 data-start=\"1624\" data-end=\"1666\"><strong data-start=\"1628\" data-end=\"1664\">Enkel og allsidig installasjon<\/strong><\/h3>\n<p data-start=\"1667\" data-end=\"1753\">EXT-01 er designet for \u00e5 v\u00e6re enkel \u00e5 installere og kan monteres p\u00e5 flere m\u00e5ter:<\/p>\n<ul data-start=\"1755\" data-end=\"1930\">\n<li data-start=\"1755\" data-end=\"1813\"><strong data-start=\"1757\" data-end=\"1774\">I enhetsboksen<\/strong> \u2013 Bak en trykknapp eller bokslokk.<\/li>\n<li data-start=\"1814\" data-end=\"1854\"><strong data-start=\"1816\" data-end=\"1827\">P\u00e5 veggen<\/strong> \u2013 For diskret plassering.<\/li>\n<li data-start=\"1855\" data-end=\"1930\"><strong data-start=\"1857\" data-end=\"1873\">P\u00e5 DIN-skinne<\/strong> \u2013 Bruk av monteringsklips (MNT-01, ikke inkludert).<\/li>\n<\/ul>\n<p data-start=\"1932\" data-end=\"2098\">Den kompakte designen (46x46x18 mm) gj\u00f8r den enkel \u00e5 plassere p\u00e5 trange steder, og den <strong data-start=\"2021\" data-end=\"2061\">lav standby-effekt p\u00e5 kun 0,2 W<\/strong> sikrer energieffektiv drift.<\/p>\n<h3 data-start=\"2100\" data-end=\"2140\"><strong data-start=\"2104\" data-end=\"2138\">Produktegenskaper og fordeler<\/strong><\/h3>\n<ul data-start=\"2142\" data-end=\"2700\">\n<li data-start=\"2142\" data-end=\"2217\"><strong data-start=\"2144\" data-end=\"2181\">Forlenger rekkevidden i rutete mesh<\/strong> \u2013 Perfekt for st\u00f8rre eiendommer.<\/li>\n<li data-start=\"2218\" data-end=\"2307\"><strong data-start=\"2220\" data-end=\"2257\">Integrert batteribackup (BAT-01)<\/strong> \u2013 Sikrer tidsfunksjoner ved str\u00f8mbrudd.<\/li>\n<li data-start=\"2308\" data-end=\"2405\"><strong data-start=\"2310\" data-end=\"2347\">To innganger for tr\u00e5dl\u00f8s styring<\/strong> \u2013 Koble til trykknapper, bevegelsessensorer eller roterende adaptere.<\/li>\n<li data-start=\"2406\" data-end=\"2491\"><strong data-start=\"2408\" data-end=\"2431\">Glatt installasjon<\/strong> \u2013 Kan monteres i koblingsboks, p\u00e5 vegg eller p\u00e5 DIN-skinne.<\/li>\n<li data-start=\"2492\" data-end=\"2547\"><strong data-start=\"2494\" data-end=\"2512\">Energieffektiv<\/strong> \u2013 Standby-effekt p\u00e5 kun 0,2 W.<\/li>\n<li data-start=\"2548\" data-end=\"2615\"><strong data-start=\"2550\" data-end=\"2582\">Stabil tr\u00e5dl\u00f8s kommunikasjon<\/strong> \u2013 2,4 GHz mesh og Bluetooth\u00ae.<\/li>\n<li data-start=\"2616\" data-end=\"2700\"><strong data-start=\"2618\" data-end=\"2658\">Radiorekkevidde p\u00e5 ca 10 meter innend\u00f8rs<\/strong> \u2013 Utvider og stabiliserer nettverket.<\/li>\n<\/ul>\n<h3 data-start=\"2702\" data-end=\"2739\"><strong data-start=\"2706\" data-end=\"2737\">Installasjon og bruk<\/strong><\/h3>\n<p data-start=\"2740\" data-end=\"2807\">Installasjonen er enkel og krever ingen avansert konfigurasjon:<\/p>\n<ol data-start=\"2809\" data-end=\"3129\">\n<li data-start=\"2809\" data-end=\"2878\"><strong data-start=\"2812\" data-end=\"2875\">Plasser EXT-01 i en koblingsboks, p\u00e5 vegg eller p\u00e5 en DIN-skinne<\/strong>.<\/li>\n<li data-start=\"2879\" data-end=\"2943\"><strong data-start=\"2882\" data-end=\"2940\">Koble til str\u00f8mforsyningen (230V AC, 50 Hz, maks 0,02 A)<\/strong>.<\/li>\n<li data-start=\"2944\" data-end=\"3048\"><strong data-start=\"2947\" data-end=\"3002\">Koble til valgfrie trykknapper eller andre innganger<\/strong> (for eksempel bevegelsessensor eller roterende adapter).<\/li>\n<li data-start=\"3049\" data-end=\"3129\"><strong data-start=\"3052\" data-end=\"3089\">Konfigurer enheten i Plejd-appen<\/strong> og tilpasse funksjonene etter behov.<\/li>\n<\/ol>\n<p data-start=\"3131\" data-end=\"3247\">EXT-01 vil da starte automatisk <strong data-start=\"3170\" data-end=\"3233\">utvide rekkevidden og kommunisere med andre Plejd-enheter<\/strong> i systemet.<\/p>\n<h3 data-start=\"3249\" data-end=\"3283\"><strong data-start=\"3253\" data-end=\"3281\">Tekniske spesifikasjoner<\/strong><\/h3>\n<ul data-start=\"3285\" data-end=\"3853\">\n<li data-start=\"3285\" data-end=\"3307\"><strong data-start=\"3287\" data-end=\"3298\">Modell:<\/strong> EXT-01<\/li>\n<li data-start=\"3308\" data-end=\"3354\"><strong data-start=\"3310\" data-end=\"3326\">Nettspenning:<\/strong> 230V \/ 50Hz, maks. 0,02A<\/li>\n<li data-start=\"3355\" data-end=\"3383\"><strong data-start=\"3357\" data-end=\"3375\">Standby str\u00f8m:<\/strong> 0,2W<\/li>\n<li data-start=\"3384\" data-end=\"3439\"><strong data-start=\"3386\" data-end=\"3421\">Driftstemperatur (utenfor esken):<\/strong> -25 til +35\u00b0C<\/li>\n<li data-start=\"3440\" data-end=\"3489\"><strong data-start=\"3442\" data-end=\"3460\">Reserve batteri:<\/strong> Opptil 10 \u00e5rs gangreserve<\/li>\n<li data-start=\"3490\" data-end=\"3526\"><strong data-start=\"3492\" data-end=\"3508\">Dimensjoner:<\/strong> 46 x 46 x 18 mm<\/li>\n<li data-start=\"3527\" data-end=\"3557\"><strong data-start=\"3529\" data-end=\"3543\">Kabelomr\u00e5de:<\/strong> 0,5\u20134,0 mm\u00b2<\/li>\n<li data-start=\"3558\" data-end=\"3613\"><strong data-start=\"3560\" data-end=\"3576\">Radiosystem:<\/strong> 2,4 GHz mesh, Bluetooth\u00ae (&lt;10 dBm)<\/li>\n<li data-start=\"3614\" data-end=\"3656\"><strong data-start=\"3616\" data-end=\"3634\">Radiorekkevidde:<\/strong> Ca 10 meter innend\u00f8rs<\/li>\n<li data-start=\"3657\" data-end=\"3685\"><strong data-start=\"3659\" data-end=\"3678\">Beskyttelses klasse:<\/strong> IP20<\/li>\n<li data-start=\"3686\" data-end=\"3711\"><strong data-start=\"3688\" data-end=\"3707\">Antall innganger:<\/strong> 2<\/li>\n<li data-start=\"3712\" data-end=\"3756\"><strong data-start=\"3714\" data-end=\"3741\">Type inngangsspenning:<\/strong> AC 220\u2013240V<\/li>\n<li data-start=\"3757\" data-end=\"3853\"><strong data-start=\"3759\" data-end=\"3784\">Monteringsalternativer:<\/strong> Enhetshusboks, vegg eller DIN-skinne (med monteringsklips, MNT-01)<\/li>\n<\/ul>\n<h3 data-start=\"3855\" data-end=\"3899\"><strong data-start=\"3859\" data-end=\"3897\">Fordeler med rutenett og EXT-01<\/strong><\/h3>\n<p data-start=\"3900\" data-end=\"4183\">Rutenett er en <strong data-start=\"3917\" data-end=\"3961\">selvhelbredende og skalerbar nettverksl\u00f8sning<\/strong> hvor hver enhet kommuniserer med andre enheter for \u00e5 sikre optimal tilkobling.<\/p>\n<p data-start=\"3900\" data-end=\"4183\">Ved \u00e5 bruke EXT-01 kan du <strong data-start=\"4081\" data-end=\"4103\">utvide nettverket<\/strong> og muliggj\u00f8r samtidig flere kontrollmuligheter i ditt smarte lyssystem.<\/p>\n<h3 data-start=\"4185\" data-end=\"4203\"><strong data-start=\"4189\" data-end=\"4201\">Konklusjon<\/strong><\/h3>\n<p data-start=\"4204\" data-end=\"4544\">Plejd Extender 2xIN BAT Mesh BT (EXT-01) er en allsidig og kraftig enhet som b\u00e5de <strong data-start=\"4290\" data-end=\"4357\">utvider utvalget av Plejd mesh og fungerer som en kontrollmodul<\/strong> for andre enheter.<\/p>\n<p data-start=\"4204\" data-end=\"4544\">Med <strong data-start=\"4381\" data-end=\"4409\">integrert batteribackup<\/strong>, to innganger for trykknapper og enkel installasjon, dette er en <strong data-start=\"4476\" data-end=\"4496\">m\u00e5-ha-produkt<\/strong> for alle som \u00f8nsker \u00e5 optimalisere sitt Plejd-system.<\/p>\n<p>&nbsp;<\/p>","protected":false},"excerpt":{"rendered":"<p>Plejd Extender (EXT-01) utvider rekkevidden til Plejd mesh og sikrer at tidsfunksjoner som astro-klokke fungerer selv under str\u00f8mbrudd takket v\u00e6re integrert batteribackup.<\/p>\n<p>Tr\u00e5dl\u00f8s styring av Plejd-enheter via trykknapp, bevegelsessensor eller roterende adapter.<\/p>\n<p>Enkel montering i koblingsboks eller p\u00e5 DIN-skinne.<\/p>","protected":false},"featured_media":148043,"template":"","meta":{"_acf_changed":false},"product_brand":[],"product_cat":[4656],"product_tag":[4670],"class_list":{"0":"post-148044","1":"product","2":"type-product","3":"status-publish","4":"has-post-thumbnail","6":"product_cat-plejd-controller-extender","7":"product_tag-plejd","8":"product_shipping_class-tunga-paket","9":"pa_brands-plejd","10":"tm-has-options","12":"first","13":"instock","14":"sale","15":"taxable","16":"shipping-taxable","17":"purchasable","18":"product-type-simple"},"acf":[],"_links":{"self":[{"href":"https:\/\/secureus.se\/no\/wp-json\/wp\/v2\/product\/148044","targetHints":{"allow":["GET"]}}],"collection":[{"href":"https:\/\/secureus.se\/no\/wp-json\/wp\/v2\/product"}],"about":[{"href":"https:\/\/secureus.se\/no\/wp-json\/wp\/v2\/types\/product"}],"wp:featuredmedia":[{"embeddable":true,"href":"https:\/\/secureus.se\/no\/wp-json\/wp\/v2\/media\/148043"}],"wp:attachment":[{"href":"https:\/\/secureus.se\/no\/wp-json\/wp\/v2\/media?parent=148044"}],"wp:term":[{"taxonomy":"product_brand","embeddable":true,"href":"https:\/\/secureus.se\/no\/wp-json\/wp\/v2\/product_brand?post=148044"},{"taxonomy":"product_cat","embeddable":true,"href":"https:\/\/secureus.se\/no\/wp-json\/wp\/v2\/product_cat?post=148044"},{"taxonomy":"product_tag","embeddable":true,"href":"https:\/\/secureus.se\/no\/wp-json\/wp\/v2\/product_tag?post=148044"}],"curies":[{"name":"wp","href":"https:\/\/api.w.org\/{rel}","templated":true}]}}