{"id":148046,"date":"2025-02-25T12:22:24","date_gmt":"2025-02-25T11:22:24","guid":{"rendered":"https:\/\/secureus.se\/?post_type=product&#038;p=148046"},"modified":"2026-04-08T16:32:19","modified_gmt":"2026-04-08T14:32:19","slug":"plejd-rela-rel-01-2p-1-2-pol-16a-13a-mesh-bluetooth","status":"publish","type":"product","link":"https:\/\/secureus.se\/no\/plejd-rela-rel-01-2p-1-2-pol-16a-13a-mesh-bluetooth\/","title":{"rendered":"Plejd Rel\u00e9 REL-01-2P 1\/2-polet 16A\/13A Mesh Bluetooth"},"content":{"rendered":"<h1 data-start=\"480\" data-end=\"539\"><strong data-start=\"484\" data-end=\"537\">Avansert rel\u00e9bryter for smarte lyssystemer<\/strong><\/h1>\n<p data-start=\"540\" data-end=\"762\">Plejd Relay 1\/2-polet 16A\/13A Mesh BT (REL-01-2P) er en allsidig og kraftig <strong data-start=\"617\" data-end=\"661\">rel\u00e9bryter for smart lysstyring<\/strong>.<\/p>\n<p data-start=\"540\" data-end=\"762\">Den har st\u00f8tte for <strong data-start=\"680\" data-end=\"709\">1- eller 2-polet bryter<\/strong>, noe som gj\u00f8r den fleksibel for ulike installasjoner.<\/p>\n<ul data-start=\"764\" data-end=\"978\">\n<li data-start=\"764\" data-end=\"849\"><strong data-start=\"766\" data-end=\"790\">Ved 1-pols brudd<\/strong> enheten kan h\u00e5ndtere en belastning p\u00e5 opptil <strong data-start=\"831\" data-end=\"846\">16A (3500W)<\/strong>.<\/li>\n<li data-start=\"850\" data-end=\"978\"><strong data-start=\"852\" data-end=\"876\">Ved 2-pols kobling<\/strong> er maksimal str\u00f8m <strong data-start=\"894\" data-end=\"909\">13A (3000W)<\/strong>, noe som gj\u00f8r den ideell for <strong data-start=\"939\" data-end=\"975\">sikkerhetskrevende installasjoner<\/strong>.<\/li>\n<\/ul>\n<p data-start=\"980\" data-end=\"1145\">REL-01-2P er utstyrt med <strong data-start=\"1006\" data-end=\"1035\">nullkryssdeteksjon<\/strong> og <strong data-start=\"1040\" data-end=\"1055\">effektbryterbeskyttelse<\/strong>, som minimerer slitasje og forlenger levetiden til b\u00e5de rel\u00e9et og tilkoblede laster.<\/p>\n<h3 data-start=\"1147\" data-end=\"1204\"><strong data-start=\"1151\" data-end=\"1202\">Tr\u00e5dl\u00f8s kontroll og integrerte tidsfunksjoner<\/strong><\/h3>\n<p data-start=\"1205\" data-end=\"1230\">Enheten kan styres via:<\/p>\n<ul data-start=\"1232\" data-end=\"1574\">\n<li data-start=\"1232\" data-end=\"1305\"><strong data-start=\"1234\" data-end=\"1249\">Plejd-appen<\/strong> \u2013 Full kontroll over belysningen direkte fra mobiltelefonen.<\/li>\n<li data-start=\"1306\" data-end=\"1368\"><strong data-start=\"1308\" data-end=\"1336\">Fj\u00e6rbelastet trykknapp<\/strong> \u2013 For direkte fysisk kontroll.<\/li>\n<li data-start=\"1369\" data-end=\"1456\"><strong data-start=\"1371\" data-end=\"1406\">Bryter eller bevegelsessensor<\/strong> \u2013 For automatisk aktivering basert p\u00e5 bevegelse.<\/li>\n<li data-start=\"1457\" data-end=\"1574\"><strong data-start=\"1459\" data-end=\"1477\">Tidsfunksjoner<\/strong> \u2013 REL-01-2P har innebygd timer-, astro- og ukeklokkefunksjoner for <strong data-start=\"1544\" data-end=\"1571\">automatisk lysstyring<\/strong>.<\/li>\n<\/ul>\n<p data-start=\"1576\" data-end=\"1706\">Du kan ogs\u00e5 lage <strong data-start=\"1594\" data-end=\"1621\">scenarier i Plejd-appen<\/strong> og kontroller en eller flere enheter samtidig via mobil, nettbrett eller trykknapp.<\/p>\n<h3 data-start=\"1708\" data-end=\"1772\"><strong data-start=\"1712\" data-end=\"1770\">Enkel installasjon og allsidige monteringsmuligheter<\/strong><\/h3>\n<p data-start=\"1773\" data-end=\"1841\">REL-01-2P kan installeres p\u00e5 flere m\u00e5ter for \u00e5 passe ulike behov:<\/p>\n<ul data-start=\"1843\" data-end=\"2028\">\n<li data-start=\"1843\" data-end=\"1901\"><strong data-start=\"1845\" data-end=\"1862\">I enhetsboksen<\/strong> \u2013 Bak en trykknapp eller bokslokk.<\/li>\n<li data-start=\"1902\" data-end=\"1952\"><strong data-start=\"1904\" data-end=\"1915\">P\u00e5 veggen<\/strong> \u2013 For mer fleksible installasjoner.<\/li>\n<li data-start=\"1953\" data-end=\"2028\"><strong data-start=\"1955\" data-end=\"1971\">P\u00e5 DIN-skinne<\/strong> \u2013 Bruk av monteringsklips (MNT-01, ikke inkludert).<\/li>\n<\/ul>\n<p data-start=\"2030\" data-end=\"2120\">Den kompakte st\u00f8rrelsen (46x46x18 mm) gj\u00f8r den enkel \u00e5 installere i <strong data-start=\"2098\" data-end=\"2117\">trange plasser<\/strong>.<\/p>\n<h3 data-start=\"2122\" data-end=\"2162\"><strong data-start=\"2126\" data-end=\"2160\">Produktegenskaper og fordeler<\/strong><\/h3>\n<ul data-start=\"2164\" data-end=\"2767\">\n<li data-start=\"2164\" data-end=\"2244\"><strong data-start=\"2166\" data-end=\"2186\">Tr\u00e5dl\u00f8s kontroll<\/strong> \u2013 Styr enheten via Plejd-appen eller trykknappen.<\/li>\n<li data-start=\"2245\" data-end=\"2320\"><strong data-start=\"2247\" data-end=\"2283\">St\u00f8tte for 1- og 2-polet veksling<\/strong> \u2013 Tilpass i henhold til installasjonskrav.<\/li>\n<li data-start=\"2321\" data-end=\"2403\"><strong data-start=\"2323\" data-end=\"2371\">Maks effekt 3500W (1-polet) eller 3000W (2-polet)<\/strong> \u2013 St\u00f8tte for kraftige belastninger.<\/li>\n<li data-start=\"2404\" data-end=\"2490\"><strong data-start=\"2406\" data-end=\"2435\">Deteksjon av null kryssing<\/strong> \u2013 Beskytter tilkoblede laster og forlenger levetiden.<\/li>\n<li data-start=\"2491\" data-end=\"2551\"><strong data-start=\"2493\" data-end=\"2520\">Innebygde tidsfunksjoner<\/strong> \u2013 Timer, astro og ukeklokke.<\/li>\n<li data-start=\"2552\" data-end=\"2610\"><strong data-start=\"2554\" data-end=\"2576\">St\u00f8tte for scenarier<\/strong> - Kontroller flere enheter samtidig.<\/li>\n<li data-start=\"2611\" data-end=\"2699\"><strong data-start=\"2613\" data-end=\"2642\">Kompatibel med rutete mesh<\/strong> \u2013 Utvider rekkevidden til ditt smarte lyssystem.<\/li>\n<li data-start=\"2700\" data-end=\"2767\"><strong data-start=\"2702\" data-end=\"2720\">Energieffektiv<\/strong> \u2013 Lavt standby-forbruk p\u00e5 kun <strong data-start=\"2756\" data-end=\"2764\">0,3W<\/strong>.<\/li>\n<\/ul>\n<h3 data-start=\"2769\" data-end=\"2806\"><strong data-start=\"2773\" data-end=\"2804\">Installasjon og bruk<\/strong><\/h3>\n<ol data-start=\"2807\" data-end=\"3098\">\n<li data-start=\"2807\" data-end=\"2877\"><strong data-start=\"2810\" data-end=\"2874\">Plasser enheten i en koblingsboks, p\u00e5 en vegg eller p\u00e5 en DIN-skinne<\/strong>.<\/li>\n<li data-start=\"2878\" data-end=\"2948\"><strong data-start=\"2881\" data-end=\"2925\">Koble til laster i henhold til installasjonskrav<\/strong> (1-polet eller 2-polet).<\/li>\n<li data-start=\"2949\" data-end=\"3020\"><strong data-start=\"2952\" data-end=\"2989\">Konfigurer enheten i Plejd-appen<\/strong> og tilpasse innstillingene.<\/li>\n<li data-start=\"3021\" data-end=\"3098\"><strong data-start=\"3024\" data-end=\"3095\">Begynn \u00e5 kontrollere belysningen din via appen, trykknapper eller bevegelsessensorer<\/strong>.<\/li>\n<\/ol>\n<h3 data-start=\"3100\" data-end=\"3134\"><strong data-start=\"3104\" data-end=\"3132\">Tekniske spesifikasjoner<\/strong><\/h3>\n<ul data-start=\"3136\" data-end=\"3902\">\n<li data-start=\"3136\" data-end=\"3161\"><strong data-start=\"3138\" data-end=\"3149\">Modell:<\/strong> REL-01-2P<\/li>\n<li data-start=\"3162\" data-end=\"3194\"><strong data-start=\"3164\" data-end=\"3180\">Nettspenning:<\/strong> 230V \/ 50Hz<\/li>\n<li data-start=\"3195\" data-end=\"3223\"><strong data-start=\"3197\" data-end=\"3215\">Standby str\u00f8m:<\/strong> 0,3W<\/li>\n<li data-start=\"3224\" data-end=\"3264\"><strong data-start=\"3226\" data-end=\"3246\">Driftstemperatur:<\/strong> -25 til +35\u00b0C<\/li>\n<li data-start=\"3265\" data-end=\"3301\"><strong data-start=\"3267\" data-end=\"3283\">Dimensjoner:<\/strong> 46 x 46 x 18 mm<\/li>\n<li data-start=\"3302\" data-end=\"3332\"><strong data-start=\"3304\" data-end=\"3318\">Kabelomr\u00e5de:<\/strong> 0,5\u20134,0 mm\u00b2<\/li>\n<li data-start=\"3333\" data-end=\"3411\"><strong data-start=\"3335\" data-end=\"3351\">Brytekapasitet:<\/strong>\n<ul data-start=\"3356\" data-end=\"3411\">\n<li data-start=\"3356\" data-end=\"3382\">1-polet: <strong data-start=\"3365\" data-end=\"3380\">16A (3500W)<\/strong><\/li>\n<li data-start=\"3385\" data-end=\"3411\">2-polet: <strong data-start=\"3394\" data-end=\"3409\">13A (3000W)<\/strong><\/li>\n<\/ul>\n<\/li>\n<li data-start=\"3412\" data-end=\"3589\"><strong data-start=\"3414\" data-end=\"3428\">Lastetyper:<\/strong>\n<ul data-start=\"3433\" data-end=\"3589\">\n<li data-start=\"3433\" data-end=\"3471\">Halogen\/gl\u00f8delampe (230V): <strong data-start=\"3460\" data-end=\"3469\">3500W<\/strong><\/li>\n<li data-start=\"3474\" data-end=\"3498\">LED laster: <strong data-start=\"3488\" data-end=\"3496\">800W<\/strong><\/li>\n<li data-start=\"3501\" data-end=\"3522\">Fluorescerende: <strong data-start=\"3511\" data-end=\"3520\">1500W<\/strong><\/li>\n<li data-start=\"3525\" data-end=\"3589\">Lavspent halogen elektronisk\/konvensjonell: <strong data-start=\"3570\" data-end=\"3587\">1500W \/ 1200W<\/strong><\/li>\n<\/ul>\n<\/li>\n<li data-start=\"3590\" data-end=\"3687\"><strong data-start=\"3592\" data-end=\"3602\">Beskyttelse:<\/strong>\n<ul data-start=\"3607\" data-end=\"3687\">\n<li data-start=\"3607\" data-end=\"3650\">Nullkryssdeteksjon (beskyttelse av effektbryter)<\/li>\n<li data-start=\"3653\" data-end=\"3687\">Overtemperaturbeskyttelse (programvare)<\/li>\n<\/ul>\n<\/li>\n<li data-start=\"3688\" data-end=\"3733\"><strong data-start=\"3690\" data-end=\"3706\">Radiosystem:<\/strong> 2,4 GHz mesh, Bluetooth\u00ae<\/li>\n<li data-start=\"3734\" data-end=\"3776\"><strong data-start=\"3736\" data-end=\"3754\">Radiorekkevidde:<\/strong> Ca 10 meter innend\u00f8rs<\/li>\n<li data-start=\"3777\" data-end=\"3805\"><strong data-start=\"3779\" data-end=\"3798\">Beskyttelses klasse:<\/strong> IP20<\/li>\n<li data-start=\"3806\" data-end=\"3902\"><strong data-start=\"3808\" data-end=\"3833\">Monteringsalternativer:<\/strong> Enhetshusboks, vegg eller DIN-skinne (med monteringsklips, MNT-01)<\/li>\n<\/ul>\n<h3 data-start=\"3904\" data-end=\"3970\"><strong data-start=\"3908\" data-end=\"3968\">Perfekt for smarte hjem og profesjonelle installasjoner<\/strong><\/h3>\n<p data-start=\"3971\" data-end=\"4239\">Plejd REL-01-2P er ideell for begge <strong data-start=\"4008\" data-end=\"4055\">private hjem og n\u00e6ringsinstallasjoner<\/strong> der det er behov for smart og fleksibel lysstyring.<\/p>\n<p data-start=\"3971\" data-end=\"4239\">Takk til <strong data-start=\"4116\" data-end=\"4137\">Rutet mesh-teknologi<\/strong> kan du <strong data-start=\"4145\" data-end=\"4170\">utvide nettverket ditt<\/strong> og sikre <strong data-start=\"4187\" data-end=\"4236\">stabil tr\u00e5dl\u00f8s kommunikasjon mellom enheter<\/strong>.<\/p>\n<h3 data-start=\"4241\" data-end=\"4259\"><strong data-start=\"4245\" data-end=\"4257\">Konklusjon<\/strong><\/h3>\n<p data-start=\"4260\" data-end=\"4618\">Plejd Rel\u00e9 1\/2-polet 16A\/13A Mesh BT (REL-01-2P) er en kraftig og fleksibel l\u00f8sning for <strong data-start=\"4348\" data-end=\"4403\">tr\u00e5dl\u00f8s styring av lys og elektriske laster<\/strong>.<\/p>\n<p data-start=\"4260\" data-end=\"4618\">Med st\u00f8tte for begge <strong data-start=\"4423\" data-end=\"4450\">1- og 2-polet kobling<\/strong>, <strong data-start=\"4452\" data-end=\"4488\">tr\u00e5dl\u00f8s styring via Plejd-appen<\/strong> og <strong data-start=\"4493\" data-end=\"4520\">innebygde tidsfunksjoner<\/strong> er dette en <strong data-start=\"4533\" data-end=\"4551\">enhet som m\u00e5 ha<\/strong> for alle som vil <strong data-start=\"4573\" data-end=\"4615\">et smart og energieffektivt elektrisk system<\/strong>.<\/p>\n<p data-start=\"2030\" data-end=\"2120\">","protected":false},"excerpt":{"rendered":"<p>Plejd Relay (REL-01-2P) er en tr\u00e5dl\u00f8s rel\u00e9bryter med st\u00f8tte for 1- eller 2-polet kobling.<\/p>\n<p>Maksimal str\u00f8m: 16A ved 1-pol, 13A ved 2-pol.<\/p>\n<p>Styring via app, trykknapp eller bevegelsessensor. Tidsfunksjoner som astro og ukeklokke er inkludert.<\/p>\n<p>Monteres i en koblingsboks eller p\u00e5 en DIN-skinne.<\/p>","protected":false},"featured_media":148045,"template":"","meta":{"_acf_changed":false},"product_brand":[],"product_cat":[4660],"product_tag":[4670],"class_list":{"0":"post-148046","1":"product","2":"type-product","3":"status-publish","4":"has-post-thumbnail","6":"product_cat-plejd-relaer-led","7":"product_tag-plejd","8":"product_shipping_class-postnord-varubrev","9":"pa_brands-plejd","10":"tm-has-options","12":"first","13":"instock","14":"sale","15":"taxable","16":"shipping-taxable","17":"purchasable","18":"product-type-simple"},"acf":[],"_links":{"self":[{"href":"https:\/\/secureus.se\/no\/wp-json\/wp\/v2\/product\/148046","targetHints":{"allow":["GET"]}}],"collection":[{"href":"https:\/\/secureus.se\/no\/wp-json\/wp\/v2\/product"}],"about":[{"href":"https:\/\/secureus.se\/no\/wp-json\/wp\/v2\/types\/product"}],"wp:featuredmedia":[{"embeddable":true,"href":"https:\/\/secureus.se\/no\/wp-json\/wp\/v2\/media\/148045"}],"wp:attachment":[{"href":"https:\/\/secureus.se\/no\/wp-json\/wp\/v2\/media?parent=148046"}],"wp:term":[{"taxonomy":"product_brand","embeddable":true,"href":"https:\/\/secureus.se\/no\/wp-json\/wp\/v2\/product_brand?post=148046"},{"taxonomy":"product_cat","embeddable":true,"href":"https:\/\/secureus.se\/no\/wp-json\/wp\/v2\/product_cat?post=148046"},{"taxonomy":"product_tag","embeddable":true,"href":"https:\/\/secureus.se\/no\/wp-json\/wp\/v2\/product_tag?post=148046"}],"curies":[{"name":"wp","href":"https:\/\/api.w.org\/{rel}","templated":true}]}}