{"id":148048,"date":"2025-02-25T12:22:24","date_gmt":"2025-02-25T11:22:24","guid":{"rendered":"https:\/\/secureus.se\/?post_type=product&#038;p=148048"},"modified":"2026-04-23T10:17:52","modified_gmt":"2026-04-23T08:17:52","slug":"gateway-bluetooth-internet","status":"publish","type":"product","link":"https:\/\/secureus.se\/no\/gateway-bluetooth-internet\/","title":{"rendered":"Gateway Bluetooth Internett"},"content":{"rendered":"<h1 data-start=\"538\" data-end=\"624\"><strong data-start=\"542\" data-end=\"622\">Ta Plejd-systemet til neste niv\u00e5 med fjernkontroll og smarte integrasjoner<\/strong><\/h1>\n<p data-start=\"625\" data-end=\"875\">Plejd Gateway GWY-01 er en kraftig og kompakt l\u00f8sning for <strong data-start=\"690\" data-end=\"730\">koble Plejd-systemet til internett<\/strong>.<\/p>\n<p data-start=\"625\" data-end=\"875\">Ved \u00e5 koble Plejd mesh med internett, gir det brukeren <strong data-start=\"796\" data-end=\"842\">mulighet for \u00e5 fjernstyre belysningen<\/strong>, uavhengig av hvor du er.<\/p>\n<p data-start=\"877\" data-end=\"1058\">Med st\u00f8tte til <strong data-start=\"890\" data-end=\"938\">Google Home, Apple HomeKit\u00ae, Alexa og Homey<\/strong> Du kan enkelt integrere Plejd med ditt smarthus og styre belysningen via talekommandoer eller automatiseringsscenarier.<\/p>\n<h3 data-start=\"1060\" data-end=\"1099\"><strong data-start=\"1064\" data-end=\"1097\">N\u00f8kkelfunksjoner og fordeler<\/strong><\/h3>\n<ul data-start=\"1101\" data-end=\"1743\">\n<li data-start=\"1101\" data-end=\"1186\"><strong data-start=\"1103\" data-end=\"1135\">Fjernkontroll av belysning<\/strong> \u2013 Administrer Plejd-systemet uansett hvor du er.<\/li>\n<li data-start=\"1187\" data-end=\"1260\"><strong data-start=\"1189\" data-end=\"1219\">Aktiverer feriemodus<\/strong> \u2013 Simuler tilstedev\u00e6relse n\u00e5r du er borte.<\/li>\n<li data-start=\"1261\" data-end=\"1376\"><strong data-start=\"1263\" data-end=\"1306\">Beskytter tidsfunksjoner ved str\u00f8mbrudd<\/strong> \u2013 Sikrer at astro- og ukeklokker fungerer selv ved str\u00f8mbrudd.<\/li>\n<li data-start=\"1377\" data-end=\"1487\"><strong data-start=\"1379\" data-end=\"1428\">Muliggj\u00f8r integrasjon med tredjepartstjenester<\/strong> \u2013 St\u00f8tte for Google Home, Apple HomeKit\u00ae, Alexa og Homey.<\/li>\n<li data-start=\"1488\" data-end=\"1582\"><strong data-start=\"1490\" data-end=\"1512\">Enkel installasjon<\/strong> \u2013 Kobles til med nettverkskabel (Ethernet\/RJ45) og USB-C str\u00f8madapter.<\/li>\n<li data-start=\"1583\" data-end=\"1686\"><strong data-start=\"1585\" data-end=\"1606\">Del av rutete netting<\/strong> \u2013 Installert via Plejd-appen og utvider rekkevidden gjennom mesh-kommunikasjon.<\/li>\n<li data-start=\"1687\" data-end=\"1743\"><strong data-start=\"1689\" data-end=\"1707\">Energieffektiv<\/strong> \u2013 Forbruker kun 0,6 W i drift.<\/li>\n<\/ul>\n<h3 data-start=\"1745\" data-end=\"1786\"><strong data-start=\"1749\" data-end=\"1784\">S\u00f8ml\u00f8s integrering i rutenett<\/strong><\/h3>\n<p data-start=\"1787\" data-end=\"1977\">Gateway GWY-01 blir en <strong data-start=\"1810\" data-end=\"1855\">integrert del av ditt Plejd mesh-nettverk<\/strong>, som betyr at den b\u00e5de kan kommunisere direkte med enheter og bruke Plejds mesh-teknologi for \u00e5 utvide rekkevidden.<\/p>\n<p data-start=\"1979\" data-end=\"2158\">Den har en <strong data-start=\"1990\" data-end=\"2030\">radiorekkevidde p\u00e5 ca 10 meter innend\u00f8rs<\/strong>, men takket v\u00e6re Plejd mesh kan andre Plejd-enheter videresende signalet, noe som muliggj\u00f8r store og stabile installasjoner.<\/p>\n<h3 data-start=\"2160\" data-end=\"2195\"><strong data-start=\"2164\" data-end=\"2193\">Smart fjernkontroll<\/strong><\/h3>\n<p data-start=\"2196\" data-end=\"2432\">Med Gateway installert kan du <strong data-start=\"2227\" data-end=\"2267\">kontroller belysningen fra hvor som helst<\/strong> via Plejd-appen.<\/p>\n<p data-start=\"2196\" data-end=\"2432\">Enten du er p\u00e5 ferie eller \u00f8nsker \u00e5 justere belysningen f\u00f8r du kommer hjem, kan du enkelt kontrollere Plejd-enhetene dine med smarttelefonen.<\/p>\n<p data-start=\"2434\" data-end=\"2470\"><strong data-start=\"2434\" data-end=\"2468\">Eksempler p\u00e5 bruk:<\/strong><\/p>\n<ul data-start=\"2471\" data-end=\"2664\">\n<li data-start=\"2471\" data-end=\"2520\">Sl\u00e5 lysene av og p\u00e5 n\u00e5r du er borte.<\/li>\n<li data-start=\"2521\" data-end=\"2581\">Lag automatiseringsscenarier basert p\u00e5 tid og lysniv\u00e5.<\/li>\n<li data-start=\"2582\" data-end=\"2664\">Styr individuelle lys eller hele rom med stemmekommandoer via smarte assistenter.<\/li>\n<\/ul>\n<h3 data-start=\"2666\" data-end=\"2709\"><strong data-start=\"2670\" data-end=\"2707\">Enkel installasjon og bruk<\/strong><\/h3>\n<p data-start=\"2710\" data-end=\"2756\">Installasjonen av GWY-01 er rask og enkel:<\/p>\n<ol data-start=\"2758\" data-end=\"3089\">\n<li data-start=\"2758\" data-end=\"2848\"><strong data-start=\"2761\" data-end=\"2794\">Koble enheten til nettverket<\/strong> med den medf\u00f8lgende nettverkskabelen (Ethernet\/RJ45).<\/li>\n<li data-start=\"2849\" data-end=\"2906\"><strong data-start=\"2852\" data-end=\"2884\">Koble til str\u00f8mforsyningen<\/strong> via USB-C-adapteren.<\/li>\n<li data-start=\"2907\" data-end=\"2998\"><strong data-start=\"2910\" data-end=\"2946\">Installer enheten i Plejd-appen<\/strong> og koble den til ditt eksisterende Plejd-system.<\/li>\n<li data-start=\"2999\" data-end=\"3089\"><strong data-start=\"3002\" data-end=\"3030\">Begynn \u00e5 kontrollere enhetene dine<\/strong> eksternt og integrere dem med tredjepartsplattformer.<\/li>\n<\/ol>\n<p data-start=\"3091\" data-end=\"3235\">Gateway GWY-01 kan monteres <strong data-start=\"3119\" data-end=\"3163\">p\u00e5 veggen med medf\u00f8lgende veggbrakett<\/strong>, som lar deg plassere den optimalt for best signalrekkevidde.<\/p>\n<h3 data-start=\"3237\" data-end=\"3271\"><strong data-start=\"3241\" data-end=\"3269\">Tekniske spesifikasjoner<\/strong><\/h3>\n<ul data-start=\"3273\" data-end=\"3712\">\n<li data-start=\"3273\" data-end=\"3295\"><strong data-start=\"3275\" data-end=\"3286\">Modell:<\/strong> GWY-01<\/li>\n<li data-start=\"3296\" data-end=\"3331\"><strong data-start=\"3298\" data-end=\"3313\">Forbindelse:<\/strong> Ethernet (RJ45)<\/li>\n<li data-start=\"3332\" data-end=\"3371\"><strong data-start=\"3334\" data-end=\"3355\">Str\u00f8mforsyning:<\/strong> USB-C adapter<\/li>\n<li data-start=\"3372\" data-end=\"3404\"><strong data-start=\"3374\" data-end=\"3396\">Str\u00f8mforbruk:<\/strong> 0,6W<\/li>\n<li data-start=\"3405\" data-end=\"3450\"><strong data-start=\"3407\" data-end=\"3423\">Radiosystem:<\/strong> 2,4 GHz mesh, Bluetooth\u00ae<\/li>\n<li data-start=\"3451\" data-end=\"3493\"><strong data-start=\"3453\" data-end=\"3471\">Radiorekkevidde:<\/strong> Ca 10 meter innend\u00f8rs<\/li>\n<li data-start=\"3494\" data-end=\"3533\"><strong data-start=\"3496\" data-end=\"3524\">Kommunikasjonsprotokoll:<\/strong> TCP\/IP<\/li>\n<li data-start=\"3534\" data-end=\"3573\"><strong data-start=\"3536\" data-end=\"3568\">Maks antall enheter per kanal:<\/strong> 80<\/li>\n<li data-start=\"3574\" data-end=\"3612\"><strong data-start=\"3576\" data-end=\"3596\">Driftstemperatur:<\/strong> 0 til +35\u00b0C<\/li>\n<li data-start=\"3613\" data-end=\"3649\"><strong data-start=\"3615\" data-end=\"3631\">Dimensjoner:<\/strong> 70 x 70 x 20 mm<\/li>\n<li data-start=\"3650\" data-end=\"3689\"><strong data-start=\"3652\" data-end=\"3672\">Monteringsmetode:<\/strong> Overflatemontert<\/li>\n<li data-start=\"3690\" data-end=\"3712\"><strong data-start=\"3692\" data-end=\"3705\">IP-klasse:<\/strong> IP20<\/li>\n<\/ul>\n<h3 data-start=\"3714\" data-end=\"3762\"><strong data-start=\"3718\" data-end=\"3760\">Forbedret sikkerhet og automatisering<\/strong><\/h3>\n<p data-start=\"3763\" data-end=\"3942\">Plejd Gateway s\u00f8rger for at din <strong data-start=\"3799\" data-end=\"3862\">tidsfunksjonene fortsetter \u00e5 fungere selv ved str\u00f8mbrudd<\/strong>, som betyr at f.eks. <strong data-start=\"3890\" data-end=\"3912\">astro og ukeklokke<\/strong> kan opprettholde timeplanene sine.<\/p>\n<p data-start=\"3944\" data-end=\"4083\">Ved \u00e5 koble den til <strong data-start=\"3971\" data-end=\"4021\">Google Home, Apple HomeKit\u00ae, Alexa eller Homey<\/strong>, kan du ogs\u00e5 lage automatiserte scenarier som:<\/p>\n<ul data-start=\"4085\" data-end=\"4267\">\n<li data-start=\"4085\" data-end=\"4148\">Sl\u00e5 p\u00e5 lysene automatisk ved soloppgang eller solnedgang.<\/li>\n<li data-start=\"4149\" data-end=\"4201\">Sl\u00e5 av alle lysene i huset med en talekommando.<\/li>\n<li data-start=\"4202\" data-end=\"4267\">Bruk bevegelsessensorer i kombinasjon med lysstyring.<\/li>\n<\/ul>\n<h3 data-start=\"4269\" data-end=\"4335\"><strong data-start=\"4273\" data-end=\"4333\">Perfekt for smarte hjem og profesjonelle installasjoner<\/strong><\/h3>\n<p data-start=\"4336\" data-end=\"4577\">Plejd Gateway GWY-01 er et must for alle som \u00f8nsker <strong data-start=\"4391\" data-end=\"4446\">en mer intelligent og tilkoblet belysningsl\u00f8sning<\/strong>.<\/p>\n<p data-start=\"4336\" data-end=\"4577\">Den er perfekt for begge <strong data-start=\"4476\" data-end=\"4520\">private boliger og n\u00e6ringseiendommer<\/strong> der fjernkontroll og smarte integrasjoner er viktig.<\/p>\n<p data-start=\"4579\" data-end=\"4767\">Enten du vil <strong data-start=\"4598\" data-end=\"4700\">forbedre sikkerheten til hjemmet ditt, effektivisere energibruken eller lage jevne automatiseringer<\/strong> er denne gatewayen en <strong data-start=\"4721\" data-end=\"4764\">n\u00f8dvendig komponent i ditt Plejd-system<\/strong>.<\/p>\n<h3 data-start=\"4769\" data-end=\"4787\"><strong data-start=\"4773\" data-end=\"4785\">Konklusjon<\/strong><\/h3>\n<p data-start=\"4788\" data-end=\"5151\">Plejd Gateway GWY-01 er en smart og effektiv l\u00f8sning for <strong data-start=\"4850\" data-end=\"4894\">koble Plejd-nettverket til internett<\/strong> og muliggj\u00f8r fjernkontroll, smarte automatiseringer og tredjepartsintegrasjoner.<\/p>\n<p data-start=\"4788\" data-end=\"5151\">Enkel installasjon, lavt energiforbruk og en kraftig tilkobling gj\u00f8r denne gatewayen <strong data-start=\"5068\" data-end=\"5148\">en uunnv\u00e6rlig del av ditt smarthus eller kommersielle belysningsl\u00f8sning<\/strong>.<\/p>","protected":false},"excerpt":{"rendered":"<p>Plejd Gateway (GWY-01) kobler Plejd mesh til internett, og muliggj\u00f8r fjernkontroll av systemet og aktivering av feriemodus.<\/p>\n<p>Den beskytter timingfunksjoner i tilfelle str\u00f8mbrudd og muliggj\u00f8r integrasjon med Google Home, Apple HomeKit\u00ae, Alexa og Homey.<\/p>\n<p>Enkel installasjon med nettverkskabel og USB-C str\u00f8madapter.<\/p>","protected":false},"featured_media":148047,"template":"","meta":{"_acf_changed":false},"product_brand":[],"product_cat":[4668],"product_tag":[4670],"class_list":{"0":"post-148048","1":"product","2":"type-product","3":"status-publish","4":"has-post-thumbnail","6":"product_cat-plejd-gateway","7":"product_tag-plejd","8":"product_shipping_class-postnord-varubrev","9":"pa_brands-plejd","10":"tm-has-options","12":"first","13":"instock","14":"sale","15":"taxable","16":"shipping-taxable","17":"purchasable","18":"product-type-simple"},"acf":[],"_links":{"self":[{"href":"https:\/\/secureus.se\/no\/wp-json\/wp\/v2\/product\/148048","targetHints":{"allow":["GET"]}}],"collection":[{"href":"https:\/\/secureus.se\/no\/wp-json\/wp\/v2\/product"}],"about":[{"href":"https:\/\/secureus.se\/no\/wp-json\/wp\/v2\/types\/product"}],"wp:featuredmedia":[{"embeddable":true,"href":"https:\/\/secureus.se\/no\/wp-json\/wp\/v2\/media\/148047"}],"wp:attachment":[{"href":"https:\/\/secureus.se\/no\/wp-json\/wp\/v2\/media?parent=148048"}],"wp:term":[{"taxonomy":"product_brand","embeddable":true,"href":"https:\/\/secureus.se\/no\/wp-json\/wp\/v2\/product_brand?post=148048"},{"taxonomy":"product_cat","embeddable":true,"href":"https:\/\/secureus.se\/no\/wp-json\/wp\/v2\/product_cat?post=148048"},{"taxonomy":"product_tag","embeddable":true,"href":"https:\/\/secureus.se\/no\/wp-json\/wp\/v2\/product_tag?post=148048"}],"curies":[{"name":"wp","href":"https:\/\/api.w.org\/{rel}","templated":true}]}}