{"id":148050,"date":"2025-02-25T12:22:24","date_gmt":"2025-02-25T11:22:24","guid":{"rendered":"https:\/\/secureus.se\/?post_type=product&#038;p=148050"},"modified":"2026-04-08T16:32:11","modified_gmt":"2026-04-08T14:32:11","slug":"plejd-kronrela-rel-02-16a-2-mesh-bluetooth","status":"publish","type":"product","link":"https:\/\/secureus.se\/no\/plejd-kronrela-rel-02-16a-2-mesh-bluetooth\/","title":{"rendered":"Plejd Crown Relay REL-02 16A\/2 Mesh Bluetooth"},"content":{"rendered":"<h1 data-start=\"505\" data-end=\"567\"><strong data-start=\"509\" data-end=\"565\">Intelligent rel\u00e9kontroll for smarte lyssystemer<\/strong><\/h1>\n<p data-start=\"568\" data-end=\"911\">Plejd Crown Relay 16A\/2 Mesh Bluetooth (REL-02) er en <strong data-start=\"619\" data-end=\"657\">kraftig og fleksibel rel\u00e9bryter<\/strong> for styring av belysning og andre elektriske belastninger.<\/p>\n<p data-start=\"568\" data-end=\"911\">Med <strong data-start=\"717\" data-end=\"746\">to separate rel\u00e9utganger<\/strong> enheten kan brukes til <strong data-start=\"776\" data-end=\"827\">brytefase (L) til en eller to separate laster<\/strong>, for eksempel i en trappforbindelse, eller for \u00e5 styre to lysgrupper individuelt.<\/p>\n<p data-start=\"913\" data-end=\"1172\">De <strong data-start=\"917\" data-end=\"949\">maksimal bruddkapasitet er 16A<\/strong>, noe som gj\u00f8r den perfekt for <strong data-start=\"978\" data-end=\"1015\">krevende lysinstallasjoner<\/strong>.<\/p>\n<p data-start=\"913\" data-end=\"1172\">Med st\u00f8tte til <strong data-start=\"1030\" data-end=\"1075\">nullkryssdeteksjon og effektbryterbeskyttelse<\/strong> Slitasje p\u00e5 b\u00e5de rel\u00e9 og tilkoblede laster minimeres, noe som forlenger produktets levetid.<\/p>\n<h3 data-start=\"1174\" data-end=\"1219\"><strong data-start=\"1178\" data-end=\"1217\">Tr\u00e5dl\u00f8s kontroll og automatisering<\/strong><\/h3>\n<p data-start=\"1220\" data-end=\"1260\">Plejd REL-02 kan styres p\u00e5 flere m\u00e5ter:<\/p>\n<ul data-start=\"1262\" data-end=\"1566\">\n<li data-start=\"1262\" data-end=\"1310\"><strong data-start=\"1264\" data-end=\"1279\">Plejd-appen<\/strong> \u2013 Full kontroll via mobil.<\/li>\n<li data-start=\"1311\" data-end=\"1369\"><strong data-start=\"1313\" data-end=\"1341\">Fj\u00e6rbelastet trykknapp<\/strong> \u2013 Direkte fysisk kontroll.<\/li>\n<li data-start=\"1370\" data-end=\"1450\"><strong data-start=\"1372\" data-end=\"1407\">Bryter eller bevegelsessensor<\/strong> \u2013 For automatisk tenning og slokking.<\/li>\n<li data-start=\"1451\" data-end=\"1566\"><strong data-start=\"1453\" data-end=\"1480\">Innebygde tidsfunksjoner<\/strong> \u2013 REL-02 har innebygd timer, astro og ukeklokker for automatisk lysstyring.<\/li>\n<\/ul>\n<p data-start=\"1568\" data-end=\"1748\">Den smarte <strong data-start=\"1579\" data-end=\"1601\">scenariokontroll<\/strong> gj\u00f8r det enkelt \u00e5 justere belysningen etter behov, og enheten kan ogs\u00e5 integreres med andre <strong data-start=\"1696\" data-end=\"1715\">Rutete produkter<\/strong> til <strong data-start=\"1720\" data-end=\"1745\">tr\u00e5dl\u00f8s gruppekontroll<\/strong>.<\/p>\n<h3 data-start=\"1750\" data-end=\"1814\"><strong data-start=\"1754\" data-end=\"1812\">Enkel installasjon og allsidige monteringsmuligheter<\/strong><\/h3>\n<p data-start=\"1815\" data-end=\"1881\">REL-02 kan monteres p\u00e5 flere m\u00e5ter avhengig av installasjonskrav:<\/p>\n<ul data-start=\"1883\" data-end=\"2060\">\n<li data-start=\"1883\" data-end=\"1943\"><strong data-start=\"1885\" data-end=\"1902\">I enhetsboksen<\/strong> \u2013 Perfekt for diskrete installasjoner.<\/li>\n<li data-start=\"1944\" data-end=\"1993\"><strong data-start=\"1946\" data-end=\"1957\">P\u00e5 veggen<\/strong> \u2013 Kan monteres utenp\u00e5liggende.<\/li>\n<li data-start=\"1994\" data-end=\"2060\"><strong data-start=\"1996\" data-end=\"2012\">P\u00e5 DIN-skinne<\/strong> \u2013 Med monteringsklips (MNT-01, ikke inkludert).<\/li>\n<\/ul>\n<p data-start=\"2062\" data-end=\"2171\">De <strong data-start=\"2066\" data-end=\"2101\">kompakt design (46x46x18 mm)<\/strong> Dette betyr at enheten enkelt kan passe selv i trange installasjonsplasser.<\/p>\n<h3 data-start=\"2173\" data-end=\"2213\"><strong data-start=\"2177\" data-end=\"2211\">Produktegenskaper og fordeler<\/strong><\/h3>\n<ul data-start=\"2215\" data-end=\"2855\">\n<li data-start=\"2215\" data-end=\"2281\"><strong data-start=\"2217\" data-end=\"2246\">To separate rel\u00e9utganger<\/strong> \u2013 Kan kontrollere to separate laster.<\/li>\n<li data-start=\"2282\" data-end=\"2368\"><strong data-start=\"2284\" data-end=\"2319\">Tr\u00e5dl\u00f8s styring via Plejd mesh<\/strong> \u2013 Integrerer i det smarte lysnettverket.<\/li>\n<li data-start=\"2369\" data-end=\"2446\"><strong data-start=\"2371\" data-end=\"2397\">Maks effekt 3500W (16A)<\/strong> \u2013 Perfekt for st\u00f8rre lysinstallasjoner.<\/li>\n<li data-start=\"2447\" data-end=\"2533\"><strong data-start=\"2449\" data-end=\"2478\">Deteksjon av null kryssing<\/strong> \u2013 Beskytter tilkoblede laster og forlenger levetiden.<\/li>\n<li data-start=\"2534\" data-end=\"2621\"><strong data-start=\"2536\" data-end=\"2579\">Tidsfunksjoner (astro, ukeklokke, timer)<\/strong> \u2013 For automatisert lysstyring.<\/li>\n<li data-start=\"2622\" data-end=\"2701\"><strong data-start=\"2624\" data-end=\"2653\">St\u00f8tte for scenariokontroll<\/strong> \u2013 S\u00f8ml\u00f8s integrasjon med andre Plejd-enheter.<\/li>\n<li data-start=\"2702\" data-end=\"2779\"><strong data-start=\"2704\" data-end=\"2725\">Lav standby-effekt<\/strong> \u2013 Energieffektiv med kun <strong data-start=\"2754\" data-end=\"2762\">0,3W<\/strong> i standby-modus.<\/li>\n<li data-start=\"2780\" data-end=\"2855\"><strong data-start=\"2782\" data-end=\"2804\">Enkel installasjon<\/strong> \u2013 Kan monteres i enhetsboks eller p\u00e5 DIN-skinne.<\/li>\n<\/ul>\n<h3 data-start=\"2857\" data-end=\"2894\"><strong data-start=\"2861\" data-end=\"2892\">Installasjon og bruk<\/strong><\/h3>\n<ol data-start=\"2895\" data-end=\"3193\">\n<li data-start=\"2895\" data-end=\"2961\"><strong data-start=\"2898\" data-end=\"2958\">Installer REL-02 i en koblingsboks, p\u00e5 vegg eller DIN-skinne<\/strong>.<\/li>\n<li data-start=\"2962\" data-end=\"3043\"><strong data-start=\"2965\" data-end=\"3009\">Koble til laster i henhold til installasjonskrav<\/strong> (en eller to separate laster).<\/li>\n<li data-start=\"3044\" data-end=\"3115\"><strong data-start=\"3047\" data-end=\"3084\">Konfigurer enheten i Plejd-appen<\/strong> og tilpasse innstillingene.<\/li>\n<li data-start=\"3116\" data-end=\"3193\"><strong data-start=\"3119\" data-end=\"3190\">Begynn \u00e5 kontrollere belysningen din via appen, trykknapper eller bevegelsessensorer<\/strong>.<\/li>\n<\/ol>\n<h3 data-start=\"3195\" data-end=\"3229\"><strong data-start=\"3199\" data-end=\"3227\">Tekniske spesifikasjoner<\/strong><\/h3>\n<ul data-start=\"3231\" data-end=\"3940\">\n<li data-start=\"3231\" data-end=\"3253\"><strong data-start=\"3233\" data-end=\"3244\">Modell:<\/strong> REL-02<\/li>\n<li data-start=\"3254\" data-end=\"3286\"><strong data-start=\"3256\" data-end=\"3272\">Nettspenning:<\/strong> 230V \/ 50Hz<\/li>\n<li data-start=\"3287\" data-end=\"3315\"><strong data-start=\"3289\" data-end=\"3307\">Standby str\u00f8m:<\/strong> 0,3W<\/li>\n<li data-start=\"3316\" data-end=\"3356\"><strong data-start=\"3318\" data-end=\"3338\">Driftstemperatur:<\/strong> -25 til +35\u00b0C<\/li>\n<li data-start=\"3357\" data-end=\"3393\"><strong data-start=\"3359\" data-end=\"3375\">Dimensjoner:<\/strong> 46 x 46 x 18 mm<\/li>\n<li data-start=\"3394\" data-end=\"3424\"><strong data-start=\"3396\" data-end=\"3410\">Kabelomr\u00e5de:<\/strong> 0,5\u20134,0 mm\u00b2<\/li>\n<li data-start=\"3425\" data-end=\"3641\"><strong data-start=\"3427\" data-end=\"3443\">Brytekapasitet:<\/strong>\n<ul data-start=\"3448\" data-end=\"3641\">\n<li data-start=\"3448\" data-end=\"3484\"><strong data-start=\"3450\" data-end=\"3467\">Total effekt:<\/strong> 16A (10A + 6A)<\/li>\n<li data-start=\"3487\" data-end=\"3513\"><strong data-start=\"3489\" data-end=\"3506\">Maks belastning LED:<\/strong> 800W<\/li>\n<li data-start=\"3516\" data-end=\"3556\"><strong data-start=\"3518\" data-end=\"3548\">Maks belastning halogen\/gl\u00f8delampe:<\/strong> 3500W<\/li>\n<li data-start=\"3559\" data-end=\"3589\"><strong data-start=\"3561\" data-end=\"3581\">Maks belastning lysstoffr\u00f8r:<\/strong> 1500W<\/li>\n<li data-start=\"3592\" data-end=\"3641\"><strong data-start=\"3594\" data-end=\"3633\">Maks belastning elektronisk transformator:<\/strong> 1500W<\/li>\n<\/ul>\n<\/li>\n<li data-start=\"3642\" data-end=\"3725\"><strong data-start=\"3644\" data-end=\"3654\">Beskyttelse:<\/strong>\n<ul data-start=\"3659\" data-end=\"3725\">\n<li data-start=\"3659\" data-end=\"3688\">Deteksjon av null kryssing<\/li>\n<li data-start=\"3691\" data-end=\"3725\">Overtemperaturbeskyttelse (programvare)<\/li>\n<\/ul>\n<\/li>\n<li data-start=\"3726\" data-end=\"3771\"><strong data-start=\"3728\" data-end=\"3744\">Radiosystem:<\/strong> 2,4 GHz mesh, Bluetooth\u00ae<\/li>\n<li data-start=\"3772\" data-end=\"3814\"><strong data-start=\"3774\" data-end=\"3792\">Radiorekkevidde:<\/strong> Ca 10 meter innend\u00f8rs<\/li>\n<li data-start=\"3815\" data-end=\"3843\"><strong data-start=\"3817\" data-end=\"3836\">Beskyttelses klasse:<\/strong> IP20<\/li>\n<li data-start=\"3844\" data-end=\"3940\"><strong data-start=\"3846\" data-end=\"3871\">Monteringsalternativer:<\/strong> Enhetshusboks, vegg eller DIN-skinne (med monteringsklips, MNT-01)<\/li>\n<\/ul>\n<h3 data-start=\"3942\" data-end=\"4008\"><strong data-start=\"3946\" data-end=\"4006\">Perfekt for smarte hjem og profesjonelle installasjoner<\/strong><\/h3>\n<p data-start=\"4009\" data-end=\"4266\">Plejd REL-02 er perfekt for <strong data-start=\"4037\" data-end=\"4090\">private hjem, kontorer, hoteller og andre eiendommer<\/strong> hvor <strong data-start=\"4095\" data-end=\"4125\">smarte lysl\u00f8sninger<\/strong> n\u00f8dvendig.<\/p>\n<p data-start=\"4009\" data-end=\"4266\">Takk til <strong data-start=\"4143\" data-end=\"4164\">Rutet mesh-teknologi<\/strong> kan du <strong data-start=\"4172\" data-end=\"4197\">utvide nettverket ditt<\/strong> og sikre <strong data-start=\"4214\" data-end=\"4263\">stabil tr\u00e5dl\u00f8s kommunikasjon mellom enheter<\/strong>.<\/p>\n<p data-start=\"4268\" data-end=\"4447\">Uansett om du vil <strong data-start=\"4290\" data-end=\"4390\">jevn manuell styring, automatiserte tidsfunksjoner eller full fjernkontroll via appen<\/strong>, tilbyr REL-02 en <strong data-start=\"4411\" data-end=\"4444\">effektiv og fleksibel l\u00f8sning<\/strong>.<\/p>\n<h3 data-start=\"4449\" data-end=\"4467\"><strong data-start=\"4453\" data-end=\"4465\">Konklusjon<\/strong><\/h3>\n<p data-start=\"4468\" data-end=\"4789\">Plejd Crown Relay 16A\/2 Mesh Bluetooth (REL-02) er en <strong data-start=\"4519\" data-end=\"4558\">kraftig og allsidig rel\u00e9bryter<\/strong> for smarte lysinstallasjoner.<\/p>\n<p data-start=\"4468\" data-end=\"4789\">Med <strong data-start=\"4600\" data-end=\"4682\">to separate utganger, st\u00f8tte for tr\u00e5dl\u00f8s kontroll og avanserte tidsfunksjoner<\/strong> er dette en <strong data-start=\"4695\" data-end=\"4786\">ideell l\u00f8sning for alle som \u00f8nsker intelligent og energieffektiv lysstyring<\/strong>.<\/p>","protected":false},"excerpt":{"rendered":"<p>Plejd Crown-rel\u00e9 (REL-02) muliggj\u00f8r bytte av en eller to separate laster opp til 16A (f.eks. 10+6A).<\/p>\n<p>Styring via app, trykknapp eller bevegelsessensor. Innebygde tidsfunksjoner som astro og ukeklokke.<\/p>\n<p>Installert i en enhetsboks eller p\u00e5 en DIN-skinne.<\/p>\n<p>Perfekt for fleksibel og tr\u00e5dl\u00f8s lysstyring.<\/p>","protected":false},"featured_media":148049,"template":"","meta":{"_acf_changed":false},"product_brand":[],"product_cat":[4660],"product_tag":[4670],"class_list":{"0":"post-148050","1":"product","2":"type-product","3":"status-publish","4":"has-post-thumbnail","6":"product_cat-plejd-relaer-led","7":"product_tag-plejd","8":"product_shipping_class-postnord-varubrev","9":"pa_brands-plejd","10":"tm-has-options","12":"first","13":"instock","14":"sale","15":"taxable","16":"shipping-taxable","17":"purchasable","18":"product-type-simple"},"acf":[],"_links":{"self":[{"href":"https:\/\/secureus.se\/no\/wp-json\/wp\/v2\/product\/148050","targetHints":{"allow":["GET"]}}],"collection":[{"href":"https:\/\/secureus.se\/no\/wp-json\/wp\/v2\/product"}],"about":[{"href":"https:\/\/secureus.se\/no\/wp-json\/wp\/v2\/types\/product"}],"wp:featuredmedia":[{"embeddable":true,"href":"https:\/\/secureus.se\/no\/wp-json\/wp\/v2\/media\/148049"}],"wp:attachment":[{"href":"https:\/\/secureus.se\/no\/wp-json\/wp\/v2\/media?parent=148050"}],"wp:term":[{"taxonomy":"product_brand","embeddable":true,"href":"https:\/\/secureus.se\/no\/wp-json\/wp\/v2\/product_brand?post=148050"},{"taxonomy":"product_cat","embeddable":true,"href":"https:\/\/secureus.se\/no\/wp-json\/wp\/v2\/product_cat?post=148050"},{"taxonomy":"product_tag","embeddable":true,"href":"https:\/\/secureus.se\/no\/wp-json\/wp\/v2\/product_tag?post=148050"}],"curies":[{"name":"wp","href":"https:\/\/api.w.org\/{rel}","templated":true}]}}