{"id":148054,"date":"2025-02-25T12:22:24","date_gmt":"2025-02-25T11:22:24","guid":{"rendered":"https:\/\/secureus.se\/?post_type=product&#038;p=148054"},"modified":"2026-04-08T16:28:59","modified_gmt":"2026-04-08T14:28:59","slug":"plejd-smart-plug-spr-01-on-off-16a-mesh-bluetooth","status":"publish","type":"product","link":"https:\/\/secureus.se\/no\/plejd-smart-plug-spr-01-on-off-16a-mesh-bluetooth\/","title":{"rendered":"Plejd Smart Plug SPR-01 On\/Off 16A Mesh Bluetooth"},"content":{"rendered":"<h1 data-start=\"542\" data-end=\"607\"><strong data-start=\"546\" data-end=\"605\">Gj\u00f8r dine elektriske enheter smarte med Plejd Smart Plug<\/strong><\/h1>\n<p data-start=\"608\" data-end=\"875\">Plejd Smart Plug SPR-01 er en <strong data-start=\"638\" data-end=\"670\">fleksibel og kraftig l\u00f8sning<\/strong> \u00e5 styre belysning og elektriske apparater hjemme eller p\u00e5 jobb.<\/p>\n<p data-start=\"608\" data-end=\"875\">Ved <strong data-start=\"763\" data-end=\"801\">enkelt kobles til en stikkontakt<\/strong> gir SPR-01 <strong data-start=\"813\" data-end=\"872\">full kontroll over enheter opptil 16A (3600W)<\/strong>.<\/p>\n<p data-start=\"877\" data-end=\"1108\">Den kan styres via <strong data-start=\"896\" data-end=\"911\">Plejd-appen<\/strong>, gjennom andre Plejd-enheter eller manuelt via <strong data-start=\"962\" data-end=\"985\">integrert knapp<\/strong> p\u00e5 siden.<\/p>\n<p data-start=\"877\" data-end=\"1108\">For fjernkontroll og integrasjon med Google Home, Apple HomeKit\u00ae, Alexa og Homey, en <strong data-start=\"1088\" data-end=\"1105\">Rutet gateway<\/strong>.<\/p>\n<h3 data-start=\"1110\" data-end=\"1167\"><strong data-start=\"1114\" data-end=\"1165\">Jevn p\u00e5\/av-kontroll for enkle installasjoner<\/strong><\/h3>\n<p data-start=\"1168\" data-end=\"1294\">SPR-01 er <strong data-start=\"1178\" data-end=\"1211\">perfekt for \u00e5 sl\u00e5 av og p\u00e5<\/strong> elektriske apparater, men er <strong data-start=\"1239\" data-end=\"1252\">ikke dimbar<\/strong>. Dette gj\u00f8r den optimal for enheter som:<\/p>\n<ul data-start=\"1296\" data-end=\"1436\">\n<li data-start=\"1296\" data-end=\"1313\"><strong data-start=\"1298\" data-end=\"1311\">Belysning<\/strong><\/li>\n<li data-start=\"1314\" data-end=\"1334\"><strong data-start=\"1316\" data-end=\"1332\">Varmevifte<\/strong><\/li>\n<li data-start=\"1335\" data-end=\"1356\"><strong data-start=\"1337\" data-end=\"1354\">Kaffetrakter<\/strong><\/li>\n<li data-start=\"1357\" data-end=\"1391\"><strong data-start=\"1359\" data-end=\"1389\">Ladestasjoner for elsykler<\/strong><\/li>\n<li data-start=\"1392\" data-end=\"1436\"><strong data-start=\"1394\" data-end=\"1434\">Andre elektriske belastninger opp til 16A<\/strong><\/li>\n<\/ul>\n<p data-start=\"1438\" data-end=\"1594\">Det fungerer begge deler <strong data-start=\"1456\" data-end=\"1470\">selvstendig<\/strong> og som en del av en <strong data-start=\"1493\" data-end=\"1515\">Rutet mesh-nettverk<\/strong>, hvor signalet kan <strong data-start=\"1534\" data-end=\"1571\">utvidet via andre Plejd-enheter<\/strong> for bedre dekning.<\/p>\n<h3 data-start=\"1596\" data-end=\"1643\"><strong data-start=\"1600\" data-end=\"1641\">Smart tidsstyring og automatisering<\/strong><\/h3>\n<p data-start=\"1644\" data-end=\"1765\">I tillegg til enkel p\u00e5\/av-kontroll har SPR-01 innebygd <strong data-start=\"1692\" data-end=\"1710\">tidsfunksjoner<\/strong>, noe som gj\u00f8r den ideell for automatisert kontroll.<\/p>\n<p data-start=\"1767\" data-end=\"2083\">\u2714 <strong data-start=\"1769\" data-end=\"1778\">Timer<\/strong> \u2013 Still inn en automatisk avstenging etter en viss tid.<br data-start=\"1834\" data-end=\"1837\" \/>\u2714 <strong data-start=\"1839\" data-end=\"1851\">Astro klokke<\/strong> \u2013 Synkroniser enheten med soloppgang og solnedgang.<br data-start=\"1903\" data-end=\"1906\" \/>\u2714 <strong data-start=\"1908\" data-end=\"1919\">Ukentlig klokke<\/strong> \u2013 Planlegg enheter for \u00e5 sl\u00e5 av og p\u00e5 til bestemte tider.<br data-start=\"1986\" data-end=\"1989\" \/>\u2714 <strong data-start=\"1991\" data-end=\"2004\">Scenario<\/strong> \u2013 Brukes sammen med Plejd-appen for \u00e5 kontrollere flere enheter samtidig.<\/p>\n<h3 data-start=\"2085\" data-end=\"2127\"><strong data-start=\"2089\" data-end=\"2125\">Enkel \u00e5 bruke og fleksibel kontroll<\/strong><\/h3>\n<p data-start=\"2128\" data-end=\"2162\">SPR-01 kan styres p\u00e5 flere m\u00e5ter:<\/p>\n<ul data-start=\"2164\" data-end=\"2374\">\n<li data-start=\"2164\" data-end=\"2201\"><strong data-start=\"2166\" data-end=\"2181\">Plejd-appen<\/strong> (iOS og Android)<\/li>\n<li data-start=\"2202\" data-end=\"2248\"><strong data-start=\"2204\" data-end=\"2246\">Trykknapper eller andre Plejd-enheter<\/strong><\/li>\n<li data-start=\"2249\" data-end=\"2289\"><strong data-start=\"2251\" data-end=\"2287\">Den integrerte knappen p\u00e5 siden<\/strong><\/li>\n<li data-start=\"2290\" data-end=\"2374\"><strong data-start=\"2292\" data-end=\"2350\">Stemmekontroll via Google Home, Apple HomeKit\u00ae og Alexa<\/strong> <em data-start=\"2351\" data-end=\"2372\">(via Plaid Gateway)<\/em><\/li>\n<\/ul>\n<p data-start=\"2376\" data-end=\"2516\">Enten du vil <strong data-start=\"2395\" data-end=\"2420\">timeplan belysning<\/strong> eller <strong data-start=\"2427\" data-end=\"2462\">fjernkontroll av elektriske apparater<\/strong> SPR-01 tilbyr en <strong data-start=\"2482\" data-end=\"2513\">enkel og allsidig l\u00f8sning<\/strong>.<\/p>\n<h3 data-start=\"2518\" data-end=\"2558\"><strong data-start=\"2522\" data-end=\"2556\">Produktegenskaper og fordeler<\/strong><\/h3>\n<p data-start=\"2560\" data-end=\"3171\">\u2714 <strong data-start=\"2562\" data-end=\"2612\">Tr\u00e5dl\u00f8s styring via Bluetooth\u00ae og Plejd mesh<\/strong><br data-start=\"2612\" data-end=\"2615\" \/>\u2714 <strong data-start=\"2617\" data-end=\"2649\">Maksimal belastning p\u00e5 16A (3600W)<\/strong> \u2013 Kan h\u00e5ndtere kraftige elektriske apparater<br data-start=\"2690\" data-end=\"2693\" \/>\u2714 <strong data-start=\"2695\" data-end=\"2721\">Manuell av\/p\u00e5-kontroll<\/strong> via integrert knapp<br data-start=\"2742\" data-end=\"2745\" \/>\u2714 <strong data-start=\"2747\" data-end=\"2792\">Tidsfunksjoner (astro-klokke, ukeklokke, timer)<\/strong><br data-start=\"2792\" data-end=\"2795\" \/>\u2714 <strong data-start=\"2797\" data-end=\"2847\">Mulighet for fjernstyring via Plejd Gateway<\/strong><br data-start=\"2847\" data-end=\"2850\" \/>\u2714 <strong data-start=\"2852\" data-end=\"2908\">Kompatibel med Google Home, Apple HomeKit\u00ae og Alexa<\/strong> <em data-start=\"2909\" data-end=\"2930\">(via Plaid Gateway)<\/em><br data-start=\"2930\" data-end=\"2933\" \/>\u2714 <strong data-start=\"2935\" data-end=\"2987\">Energieffektiv med lavt standby-forbruk (0,3W)<\/strong><br data-start=\"2987\" data-end=\"2990\" \/>\u2714 <strong data-start=\"2992\" data-end=\"3022\">Kompakt og stilig design<\/strong> \u2013 Passer inn i alle milj\u00f8er<br data-start=\"3050\" data-end=\"3053\" \/>\u2714 <strong data-start=\"3055\" data-end=\"3078\">Overtemperaturbeskyttelse<\/strong> for sikker bruk<br data-start=\"3099\" data-end=\"3102\" \/>\u2714 <strong data-start=\"3104\" data-end=\"3139\">Radiorekkevidde opptil 10 meter<\/strong> <em data-start=\"3140\" data-end=\"3169\">(kan utvides med rutenett)<\/em><\/p>\n<h3 data-start=\"3173\" data-end=\"3207\"><strong data-start=\"3177\" data-end=\"3205\">Tekniske spesifikasjoner<\/strong><\/h3>\n<ul data-start=\"3209\" data-end=\"3638\">\n<li data-start=\"3209\" data-end=\"3231\"><strong data-start=\"3211\" data-end=\"3222\">Modell:<\/strong> SPR-01<\/li>\n<li data-start=\"3232\" data-end=\"3264\"><strong data-start=\"3234\" data-end=\"3250\">Nettspenning:<\/strong> 230V \/ 50Hz<\/li>\n<li data-start=\"3265\" data-end=\"3294\"><strong data-start=\"3267\" data-end=\"3279\">Maksimal belastning:<\/strong> 16A (3600W)<\/li>\n<li data-start=\"3295\" data-end=\"3350\"><strong data-start=\"3297\" data-end=\"3313\">Radiosystem:<\/strong> 2,4 GHz mesh, Bluetooth\u00ae (&lt;10 dBm)<\/li>\n<li data-start=\"3351\" data-end=\"3396\"><strong data-start=\"3353\" data-end=\"3371\">Radiorekkevidde:<\/strong> Ca 10 meter innend\u00f8rs<\/li>\n<li data-start=\"3397\" data-end=\"3430\"><strong data-start=\"3399\" data-end=\"3419\">Driftstemperatur:<\/strong> 0 \u2013 35\u00b0C<\/li>\n<li data-start=\"3431\" data-end=\"3473\"><strong data-start=\"3433\" data-end=\"3449\">Driftsmilj\u00f8:<\/strong> Kun innend\u00f8rs (IP20)<\/li>\n<li data-start=\"3474\" data-end=\"3505\"><strong data-start=\"3476\" data-end=\"3492\">Dimensjoner:<\/strong> 66 x 43 mm<\/li>\n<li data-start=\"3506\" data-end=\"3533\"><strong data-start=\"3508\" data-end=\"3526\">Standby str\u00f8m:<\/strong> 0,3W<\/li>\n<li data-start=\"3534\" data-end=\"3568\"><strong data-start=\"3536\" data-end=\"3546\">Beskyttelse:<\/strong> Overtemperaturbeskyttelse<\/li>\n<li data-start=\"3569\" data-end=\"3638\"><strong data-start=\"3571\" data-end=\"3580\">Farge:<\/strong> Tilgjengelig i hvit og sort (E-nummer 13 777 40 \/ 13 777 41)<\/li>\n<\/ul>\n<h3 data-start=\"3640\" data-end=\"3682\"><strong data-start=\"3644\" data-end=\"3680\">Enkel installasjon \u2013 Plug &amp; Play<\/strong><\/h3>\n<p data-start=\"3683\" data-end=\"3735\">Ingen avansert installasjon kreves! Slik gj\u00f8r du det:<\/p>\n<ol data-start=\"3737\" data-end=\"3988\">\n<li data-start=\"3737\" data-end=\"3775\"><strong data-start=\"3740\" data-end=\"3773\">Koble SPR-01 til en stikkontakt.<\/strong><\/li>\n<li data-start=\"3776\" data-end=\"3814\"><strong data-start=\"3779\" data-end=\"3812\">Koble til enheten du vil kontrollere.<\/strong><\/li>\n<li data-start=\"3815\" data-end=\"3865\"><strong data-start=\"3818\" data-end=\"3847\">Koble sammen med Plejd-appen<\/strong> via Bluetooth\u00ae.<\/li>\n<li data-start=\"3866\" data-end=\"3930\"><strong data-start=\"3869\" data-end=\"3915\">Konfigurer tidsfunksjoner eller scenarier<\/strong> etter behov.<\/li>\n<li data-start=\"3931\" data-end=\"3988\"><strong data-start=\"3934\" data-end=\"3965\">Fjernkontroll med Plejd Gateway<\/strong> <em data-start=\"3966\" data-end=\"3985\">(hvis tilgjengelig)<\/em>.<\/li>\n<\/ol>\n<p data-start=\"3990\" data-end=\"4114\">I l\u00f8pet av f\u00e5 minutter vil du ha <strong data-start=\"4016\" data-end=\"4067\">full kontroll over tilkoblede enheter<\/strong>, direkte via appen eller andre Plejd-enheter!<\/p>\n<h3 data-start=\"4116\" data-end=\"4182\"><strong data-start=\"4120\" data-end=\"4180\">Perfekt for smarte hjem og profesjonelle installasjoner<\/strong><\/h3>\n<p data-start=\"4183\" data-end=\"4418\">Plejd Smart Plug SPR-01 er en <strong data-start=\"4213\" data-end=\"4276\">ideell l\u00f8sning for b\u00e5de privat og kommersiell bruk<\/strong>.<\/p>\n<p data-start=\"4183\" data-end=\"4418\">Perfekt for <strong data-start=\"4290\" data-end=\"4304\">smarte hjem<\/strong>, <strong data-start=\"4306\" data-end=\"4317\">butikker<\/strong>, <strong data-start=\"4319\" data-end=\"4329\">kontor<\/strong>, <strong data-start=\"4331\" data-end=\"4341\">Hotell<\/strong> og andre milj\u00f8er hvor <strong data-start=\"4364\" data-end=\"4415\">tr\u00e5dl\u00f8s styring av elektriske apparater er n\u00f8dvendig<\/strong>.<\/p>\n<h3 data-start=\"4420\" data-end=\"4438\"><strong data-start=\"4424\" data-end=\"4436\">Konklusjon<\/strong><\/h3>\n<p data-start=\"4439\" data-end=\"4819\">Plejd Smart Plug SPR-01 er <strong data-start=\"4466\" data-end=\"4503\">en kraftig og fleksibel l\u00f8sning<\/strong> \u00e5 automatisere og fjernstyre <strong data-start=\"4540\" data-end=\"4576\">belysning og elektrisk utstyr<\/strong>.<\/p>\n<p data-start=\"4439\" data-end=\"4819\">Med <strong data-start=\"4582\" data-end=\"4632\">tr\u00e5dl\u00f8s kontroll via Bluetooth\u00ae og Plejd mesh<\/strong>, <strong data-start=\"4634\" data-end=\"4652\">tidsfunksjoner<\/strong> og <strong data-start=\"4657\" data-end=\"4707\">mulighet for fjernstyring via Plejd Gateway<\/strong>, er dette en <strong data-start=\"4721\" data-end=\"4739\">enhet som m\u00e5 ha<\/strong> for alle som vil ha en <strong data-start=\"4765\" data-end=\"4816\">smart og energieffektivt hjem eller arbeidsplass<\/strong>.<\/p>","protected":false},"excerpt":{"rendered":"<p>Plejd Smart Plug SPR-01 er en tr\u00e5dl\u00f8s smart stikkontakt som styrer belysning og apparater opp til 16A (3600W).<\/p>\n<p>Kontroll via Plejd-appen, andre Plejd-produkter eller den integrerte knappen.<\/p>\n<p>St\u00f8tte for timer, astro og ukeklokke.<\/p>\n<p>Kan integreres med tredjepartssystemer via Plejd Gateway.<\/p>\n<p>IP20, kun for innend\u00f8rs bruk.<\/p>","protected":false},"featured_media":148053,"template":"","meta":{"_acf_changed":false},"product_brand":[],"product_cat":[4659],"product_tag":[4670],"class_list":{"0":"post-148054","1":"product","2":"type-product","3":"status-publish","4":"has-post-thumbnail","6":"product_cat-plejd-plugg","7":"product_tag-plejd","8":"product_shipping_class-postnord-varubrev","9":"pa_farg-vit","10":"tm-has-options","12":"first","13":"instock","14":"sale","15":"taxable","16":"shipping-taxable","17":"purchasable","18":"product-type-simple"},"acf":[],"_links":{"self":[{"href":"https:\/\/secureus.se\/no\/wp-json\/wp\/v2\/product\/148054","targetHints":{"allow":["GET"]}}],"collection":[{"href":"https:\/\/secureus.se\/no\/wp-json\/wp\/v2\/product"}],"about":[{"href":"https:\/\/secureus.se\/no\/wp-json\/wp\/v2\/types\/product"}],"wp:featuredmedia":[{"embeddable":true,"href":"https:\/\/secureus.se\/no\/wp-json\/wp\/v2\/media\/148053"}],"wp:attachment":[{"href":"https:\/\/secureus.se\/no\/wp-json\/wp\/v2\/media?parent=148054"}],"wp:term":[{"taxonomy":"product_brand","embeddable":true,"href":"https:\/\/secureus.se\/no\/wp-json\/wp\/v2\/product_brand?post=148054"},{"taxonomy":"product_cat","embeddable":true,"href":"https:\/\/secureus.se\/no\/wp-json\/wp\/v2\/product_cat?post=148054"},{"taxonomy":"product_tag","embeddable":true,"href":"https:\/\/secureus.se\/no\/wp-json\/wp\/v2\/product_tag?post=148054"}],"curies":[{"name":"wp","href":"https:\/\/api.w.org\/{rel}","templated":true}]}}