{"id":148062,"date":"2025-02-25T12:22:25","date_gmt":"2025-02-25T11:22:25","guid":{"rendered":"https:\/\/secureus.se\/?post_type=product&#038;p=148062"},"modified":"2026-04-23T10:17:42","modified_gmt":"2026-04-23T08:17:42","slug":"plejd-krondimmer-dim-02-2x100va-mesh","status":"publish","type":"product","link":"https:\/\/secureus.se\/no\/plejd-krondimmer-dim-02-2x100va-mesh\/","title":{"rendered":"Plejd Crown Dimmer DIM-02 2x100VA Mesh"},"content":{"rendered":"<h1 data-start=\"500\" data-end=\"573\"><strong data-start=\"504\" data-end=\"571\">Plejd DIM-02 \u2013 Smart lysekronedimmer for fleksibel lysstyring<\/strong><\/h1>\n<p data-start=\"575\" data-end=\"892\">Plejd Crown Dimmer DIM-02 er en innovativ og fleksibel <strong data-start=\"628\" data-end=\"649\">to-kanals dimmer<\/strong> som muliggj\u00f8r uavhengig kontroll av to separate laster.<\/p>\n<p data-start=\"575\" data-end=\"892\">Med st\u00f8tte for begge <strong data-start=\"725\" data-end=\"759\">bakkant og forkant dimming<\/strong> DIM-02 kan h\u00e5ndtere en rekke lyskilder og skape det perfekte lysmilj\u00f8et for b\u00e5de hjemme- og kommersielle installasjoner.<\/p>\n<p data-start=\"894\" data-end=\"1245\">Dimmeren monteres enkelt i en <strong data-start=\"926\" data-end=\"975\">enhetsboks bak en trykknapp eller boksdeksel<\/strong>, alternativt kan den monteres p\u00e5 vegg eller DIN-skinne vha <strong data-start=\"1043\" data-end=\"1069\">monteringsklips MNT-01<\/strong> (selges separat).<\/p>\n<p data-start=\"894\" data-end=\"1245\">Med <strong data-start=\"1091\" data-end=\"1120\">Bluetooth\u00ae mesh-teknologi<\/strong> enheten kan styres tr\u00e5dl\u00f8st via <strong data-start=\"1153\" data-end=\"1168\">Plejd-appen<\/strong>, som muliggj\u00f8r fjernkontroll og integrasjon med andre Plejd-produkter.<\/p>\n<p data-start=\"1247\" data-end=\"1577\">DIM-02 har ogs\u00e5 <strong data-start=\"1263\" data-end=\"1290\">innebygde tidsfunksjoner<\/strong> som <strong data-start=\"1295\" data-end=\"1317\">astro og ukeklokke<\/strong>, som gj\u00f8r det mulig \u00e5 automatisere belysning basert p\u00e5 soloppgang og solnedgang eller forh\u00e5ndsdefinerte tidsplaner.<\/p>\n<p data-start=\"1247\" data-end=\"1577\">Den er utstyrt med <strong data-start=\"1456\" data-end=\"1497\">justerbare min, maks og startniv\u00e5er<\/strong>, som gir full kontroll over lysstyrken og en optimal dimmeopplevelse.<\/p>\n<p data-start=\"1579\" data-end=\"1906\">Med to separate innganger kan DIM-02 styres med <strong data-start=\"1627\" data-end=\"1701\">fj\u00e6rbelastet trykknapp, bevegelsessensor eller andre eksterne styresignaler<\/strong>, noe som gj\u00f8r den ideell for tilpassede belysningsl\u00f8sninger.<\/p>\n<p data-start=\"1579\" data-end=\"1906\">Den har ogs\u00e5 flere innebygde beskyttelser, bl.a <strong data-start=\"1811\" data-end=\"1848\">overtemperatur- og overbelastningsbeskyttelse<\/strong>, som sikrer lang levetid og p\u00e5litelig drift.<\/p>\n<h3 data-start=\"1908\" data-end=\"1943\"><strong data-start=\"1912\" data-end=\"1941\">Tekniske spesifikasjoner:<\/strong><\/h3>\n<ul data-start=\"1944\" data-end=\"2727\">\n<li data-start=\"1944\" data-end=\"1976\"><strong data-start=\"1946\" data-end=\"1962\">Nettspenning:<\/strong> 230V \/ 50Hz<\/li>\n<li data-start=\"1977\" data-end=\"2005\"><strong data-start=\"1979\" data-end=\"1997\">Standby str\u00f8m:<\/strong> 0,3W<\/li>\n<li data-start=\"2006\" data-end=\"2239\"><strong data-start=\"2008\" data-end=\"2031\">Maks belastning per kanal:<\/strong>\n<ul data-start=\"2036\" data-end=\"2239\">\n<li data-start=\"2036\" data-end=\"2072\">Halogen\/gl\u00f8delampe (230V): 0\u2013100 W<\/li>\n<li data-start=\"2075\" data-end=\"2126\">LED-lyskilder\/drivere (230V bakkant): 0\u2013100 VA<\/li>\n<li data-start=\"2129\" data-end=\"2180\">LED-lyskilder\/drivere (230V forkant): 0\u201350 VA<\/li>\n<li data-start=\"2183\" data-end=\"2239\">Elektroniske transformatorer (12V halogen): 0\u2013100 VA<\/li>\n<\/ul>\n<\/li>\n<li data-start=\"2240\" data-end=\"2272\"><strong data-start=\"2242\" data-end=\"2263\">Total maksimal effekt:<\/strong> 200 VA<\/li>\n<li data-start=\"2273\" data-end=\"2319\"><strong data-start=\"2275\" data-end=\"2293\">Kommunikasjon:<\/strong> 2,4 GHz Bluetooth\u00ae mesh<\/li>\n<li data-start=\"2320\" data-end=\"2395\"><strong data-start=\"2322\" data-end=\"2340\">Radiorekkevidde:<\/strong> Omtrent 10 meter innend\u00f8rs (utvidet med Plejd mesh-teknologi)<\/li>\n<li data-start=\"2396\" data-end=\"2473\"><strong data-start=\"2398\" data-end=\"2412\">Montering:<\/strong> Innfelt montering i koblingsboks, vegg eller DIN-skinne<\/li>\n<li data-start=\"2474\" data-end=\"2499\"><strong data-start=\"2476\" data-end=\"2485\">M\u00e5le:<\/strong> 46x46x18mm<\/li>\n<li data-start=\"2500\" data-end=\"2562\"><strong data-start=\"2502\" data-end=\"2512\">Beskyttelse:<\/strong> Overtemperatur programvare\/maskinvare, overbelastningsbeskyttelse<\/li>\n<li data-start=\"2563\" data-end=\"2606\"><strong data-start=\"2565\" data-end=\"2578\">IP-klasse:<\/strong> IP20 (kun innend\u00f8rs bruk)<\/li>\n<li data-start=\"2607\" data-end=\"2671\"><strong data-start=\"2609\" data-end=\"2622\">Materiale:<\/strong> Halogenfri termoplast, blank turkis (RAL 6027)<\/li>\n<li data-start=\"2672\" data-end=\"2727\"><strong data-start=\"2674\" data-end=\"2693\">Kompatibilitet:<\/strong> Apple HomeKit, Google Assistant<\/li>\n<\/ul>\n<p data-start=\"2729\" data-end=\"2927\">Plejd DIM-02 er en <strong data-start=\"2748\" data-end=\"2787\">fremtidssikker og allsidig l\u00f8sning<\/strong> for dere som vil <strong data-start=\"2808\" data-end=\"2853\">jevn og intelligent lysstyring<\/strong>, enten det gjelder boligen, kontoret eller st\u00f8rre eiendomsprosjekter.<\/p>","protected":false},"excerpt":{"rendered":"<p>Plejd DIM-02 er en to-kanals universaldimmer med kontroll for to separate laster.<\/p>\n<p>Den kan brukes med en fj\u00e6rbelastet trykknapp eller bevegelsessensor og tilbyr smarte tidsfunksjoner som astro og ukeklokke.<\/p>\n<p>Dimmeren styres tr\u00e5dl\u00f8st via Plejd-appen eller andre Plejd-enheter og er optimert for LED-lyskilder opp til 100 VA per kanal.<\/p>","protected":false},"featured_media":148061,"template":"","meta":{"_acf_changed":false},"product_brand":[],"product_cat":[4660],"product_tag":[4670],"class_list":{"0":"post-148062","1":"product","2":"type-product","3":"status-publish","4":"has-post-thumbnail","6":"product_cat-plejd-relaer-led","7":"product_tag-plejd","8":"product_shipping_class-postnord-varubrev","9":"pa_brands-plejd","10":"pa_farg-turkos","11":"tm-has-options","13":"first","14":"instock","15":"sale","16":"taxable","17":"shipping-taxable","18":"purchasable","19":"product-type-simple"},"acf":[],"_links":{"self":[{"href":"https:\/\/secureus.se\/no\/wp-json\/wp\/v2\/product\/148062","targetHints":{"allow":["GET"]}}],"collection":[{"href":"https:\/\/secureus.se\/no\/wp-json\/wp\/v2\/product"}],"about":[{"href":"https:\/\/secureus.se\/no\/wp-json\/wp\/v2\/types\/product"}],"wp:featuredmedia":[{"embeddable":true,"href":"https:\/\/secureus.se\/no\/wp-json\/wp\/v2\/media\/148061"}],"wp:attachment":[{"href":"https:\/\/secureus.se\/no\/wp-json\/wp\/v2\/media?parent=148062"}],"wp:term":[{"taxonomy":"product_brand","embeddable":true,"href":"https:\/\/secureus.se\/no\/wp-json\/wp\/v2\/product_brand?post=148062"},{"taxonomy":"product_cat","embeddable":true,"href":"https:\/\/secureus.se\/no\/wp-json\/wp\/v2\/product_cat?post=148062"},{"taxonomy":"product_tag","embeddable":true,"href":"https:\/\/secureus.se\/no\/wp-json\/wp\/v2\/product_tag?post=148062"}],"curies":[{"name":"wp","href":"https:\/\/api.w.org\/{rel}","templated":true}]}}