{"id":148064,"date":"2025-02-25T12:22:25","date_gmt":"2025-02-25T11:22:25","guid":{"rendered":"https:\/\/secureus.se\/?post_type=product&#038;p=148064"},"modified":"2026-04-23T10:17:35","modified_gmt":"2026-04-23T08:17:35","slug":"plejd-dosdimmer-dim-01-300va-led-mesh","status":"publish","type":"product","link":"https:\/\/secureus.se\/no\/plejd-dosdimmer-dim-01-300va-led-mesh\/","title":{"rendered":"Plejd Dosdimmer DIM-01 300VA LED Mesh"},"content":{"rendered":"<h1>Plejd DIM-01 \u2013 Smart Dose Dimmer for effektiv og jevn lyskontroll<\/h1>\n<p data-start=\"85\" data-end=\"436\">Plejd Dosdimmer DIM-01 er en universaldimmer designet for \u00e5 gi maksimal fleksibilitet i lysstyring.<\/p>\n<p data-start=\"85\" data-end=\"436\">Med st\u00f8tte for b\u00e5de bak- og forkantdimming, kan den h\u00e5ndtere ulike typer lyskilder, inkludert LED-lyskilder og elektroniske transformatorer.<\/p>\n<p data-start=\"85\" data-end=\"436\">Den kan h\u00e5ndtere belastninger opp til 300 VA og kan styres b\u00e5de manuelt og tr\u00e5dl\u00f8st.<\/p>\n<p data-start=\"438\" data-end=\"843\">DIM-01 er utstyrt med to separate innganger, som gj\u00f8r det mulig \u00e5 styre den via en fj\u00e6rbelastet trykknapp, bevegelsessensor eller andre eksterne styresignaler.<\/p>\n<p data-start=\"438\" data-end=\"843\">Dette betyr at den kan integreres i b\u00e5de moderne og tradisjonelle belysningsl\u00f8sninger. I tillegg har dimmeren justerbare min-, maks- og startniv\u00e5er, noe som gj\u00f8r det enkelt \u00e5 finjustere lysstyrken for optimal ytelse og komfort.<\/p>\n<p data-start=\"845\" data-end=\"1228\">Takket v\u00e6re Bluetooth\u00ae mesh-teknologi kan DIM-01 styres tr\u00e5dl\u00f8st via Plejd-appen, og gir enkel tilgang til avanserte funksjoner som tidskontroll, scenarier og fjernkontroll.<\/p>\n<p data-start=\"845\" data-end=\"1228\">De innebygde astro- og ukeklokkene lar deg automatisere belysning basert p\u00e5 tid p\u00e5 dagen eller soloppgang og solnedgang, noe som bidrar til b\u00e5de komfort og energieffektivitet.<\/p>\n<p data-start=\"1230\" data-end=\"1623\">DIM-01 er kompakt med m\u00e5l p\u00e5 46x46x18 mm og kan monteres i en enhetsboks bak en trykknapp eller boksdeksel.<\/p>\n<p data-start=\"1230\" data-end=\"1623\">Den kan ogs\u00e5 monteres p\u00e5 vegg eller DIN-skinne ved hjelp av MNT-01 monteringsklips (selges separat).<\/p>\n<p data-start=\"1230\" data-end=\"1623\">Enheten har flere beskyttelsesmekanismer, inkludert overtemperaturbeskyttelse og overbelastningsbeskyttelse, som sikrer lang levetid og p\u00e5litelig drift.<\/p>\n<p data-start=\"1625\" data-end=\"1833\">Enten du \u00f8nsker \u00e5 skape atmosf\u00e6risk belysning i ditt hjem, kontor eller st\u00f8rre kommersielle milj\u00f8, er Plejd DIM-01 en smart og fremtidssikker l\u00f8sning for jevn og effektiv lysstyring.<\/p>\n<h3 data-start=\"1840\" data-end=\"1875\"><strong data-start=\"1844\" data-end=\"1873\">Tekniske spesifikasjoner:<\/strong><\/h3>\n<ul data-start=\"1876\" data-end=\"2617\">\n<li data-start=\"1876\" data-end=\"1908\"><strong data-start=\"1878\" data-end=\"1894\">Nettspenning:<\/strong> 230V \/ 50Hz<\/li>\n<li data-start=\"1909\" data-end=\"1937\"><strong data-start=\"1911\" data-end=\"1929\">Standby str\u00f8m:<\/strong> 0,3W<\/li>\n<li data-start=\"1938\" data-end=\"2162\"><strong data-start=\"1940\" data-end=\"1953\">Maksimal belastning:<\/strong>\n<ul data-start=\"1958\" data-end=\"2162\">\n<li data-start=\"1958\" data-end=\"1994\">Halogen\/gl\u00f8delampe (230V): 0\u2013300 W<\/li>\n<li data-start=\"1997\" data-end=\"2048\">LED-lyskilder\/drivere (230V bakkant): 0\u2013200 VA<\/li>\n<li data-start=\"2051\" data-end=\"2103\">LED-lyskilder\/drivere (230V forkant): 0\u2013100 VA<\/li>\n<li data-start=\"2106\" data-end=\"2162\">Elektroniske transformatorer (12V halogen): 0\u2013300 VA<\/li>\n<\/ul>\n<\/li>\n<li data-start=\"2163\" data-end=\"2209\"><strong data-start=\"2165\" data-end=\"2183\">Kommunikasjon:<\/strong> 2,4 GHz Bluetooth\u00ae mesh<\/li>\n<li data-start=\"2210\" data-end=\"2285\"><strong data-start=\"2212\" data-end=\"2230\">Radiorekkevidde:<\/strong> Omtrent 10 meter innend\u00f8rs (utvidet med Plejd mesh-teknologi)<\/li>\n<li data-start=\"2286\" data-end=\"2363\"><strong data-start=\"2288\" data-end=\"2302\">Montering:<\/strong> Innfelt montering i koblingsboks, vegg eller DIN-skinne<\/li>\n<li data-start=\"2364\" data-end=\"2389\"><strong data-start=\"2366\" data-end=\"2375\">M\u00e5le:<\/strong> 46x46x18mm<\/li>\n<li data-start=\"2390\" data-end=\"2452\"><strong data-start=\"2392\" data-end=\"2402\">Beskyttelse:<\/strong> Overtemperatur programvare\/maskinvare, overbelastningsbeskyttelse<\/li>\n<li data-start=\"2453\" data-end=\"2496\"><strong data-start=\"2455\" data-end=\"2468\">IP-klasse:<\/strong> IP20 (kun innend\u00f8rs bruk)<\/li>\n<li data-start=\"2497\" data-end=\"2561\"><strong data-start=\"2499\" data-end=\"2512\">Materiale:<\/strong> Halogenfri termoplast, blank turkis (RAL 6027)<\/li>\n<li data-start=\"2562\" data-end=\"2617\"><strong data-start=\"2564\" data-end=\"2583\">Kompatibilitet:<\/strong> Apple HomeKit, Google Assistant<\/li>\n<\/ul>","protected":false},"excerpt":{"rendered":"<p>Plejd DIM-01 er en kraftig universaldimmer med st\u00f8tte for b\u00e5de bakkant- og forkantdimming opp til 300 VA.<\/p>\n<p>Styres via Plejd-appen eller andre enheter og har innebygde tidsfunksjoner som astro og ukeklokke.<\/p>\n<p>Med to separate innganger kan den kobles til fj\u00e6rbelastede trykknapper eller bevegelsessensorer for fleksibel styring.<\/p>","protected":false},"featured_media":148063,"template":"","meta":{"_acf_changed":false},"product_brand":[],"product_cat":[4660],"product_tag":[],"class_list":{"0":"post-148064","1":"product","2":"type-product","3":"status-publish","4":"has-post-thumbnail","6":"product_cat-plejd-relaer-led","7":"product_shipping_class-postnord-varubrev","8":"pa_brands-plejd","9":"pa_farg-turkos","10":"tm-has-options","12":"first","13":"instock","14":"sale","15":"taxable","16":"shipping-taxable","17":"purchasable","18":"product-type-simple"},"acf":[],"_links":{"self":[{"href":"https:\/\/secureus.se\/no\/wp-json\/wp\/v2\/product\/148064","targetHints":{"allow":["GET"]}}],"collection":[{"href":"https:\/\/secureus.se\/no\/wp-json\/wp\/v2\/product"}],"about":[{"href":"https:\/\/secureus.se\/no\/wp-json\/wp\/v2\/types\/product"}],"wp:featuredmedia":[{"embeddable":true,"href":"https:\/\/secureus.se\/no\/wp-json\/wp\/v2\/media\/148063"}],"wp:attachment":[{"href":"https:\/\/secureus.se\/no\/wp-json\/wp\/v2\/media?parent=148064"}],"wp:term":[{"taxonomy":"product_brand","embeddable":true,"href":"https:\/\/secureus.se\/no\/wp-json\/wp\/v2\/product_brand?post=148064"},{"taxonomy":"product_cat","embeddable":true,"href":"https:\/\/secureus.se\/no\/wp-json\/wp\/v2\/product_cat?post=148064"},{"taxonomy":"product_tag","embeddable":true,"href":"https:\/\/secureus.se\/no\/wp-json\/wp\/v2\/product_tag?post=148064"}],"curies":[{"name":"wp","href":"https:\/\/api.w.org\/{rel}","templated":true}]}}