{"id":148066,"date":"2025-02-25T12:22:25","date_gmt":"2025-02-25T11:22:25","guid":{"rendered":"https:\/\/secureus.se\/?post_type=product&#038;p=148066"},"modified":"2026-04-08T16:28:55","modified_gmt":"2026-04-08T14:28:55","slug":"plejd-dimmer-dal-01-dali-bcast-128ma-dt8-bt","status":"publish","type":"product","link":"https:\/\/secureus.se\/no\/plejd-dimmer-dal-01-dali-bcast-128ma-dt8-bt\/","title":{"rendered":"Plejd Dimmer DAL-01 DALI Bcast 128mA DT8 BT"},"content":{"rendered":"<h1 data-start=\"503\" data-end=\"574\"><strong data-start=\"507\" data-end=\"572\">Plejd DAL-01 \u2013 Smart DALI dimmer med innebygd str\u00f8mforsyning<\/strong><\/h1>\n<p data-start=\"576\" data-end=\"896\">Plejd DAL-01 er en DALI kringkastingsdimmer som muliggj\u00f8r enkel og fleksibel styring av DALI-baserte lysl\u00f8sninger.<\/p>\n<p data-start=\"576\" data-end=\"896\">Med en innebygd PSU (str\u00f8mforsyning) kan DAL-01 h\u00e5ndtere opptil 64 DALI-belastninger uten behov for en ekstern str\u00f8mforsyning, noe som gj\u00f8r installasjonen jevnere og mer kostnadseffektiv.<\/p>\n<p data-start=\"898\" data-end=\"1213\">DAL-01 er kompatibel med justerbar hvit (Device Type 8 \u2013 DT8), som betyr at den kan kontrollere b\u00e5de lysstyrke og fargetemperatur p\u00e5 tilkoblede DALI-armaturer.<\/p>\n<p data-start=\"898\" data-end=\"1213\">Den har to separate innganger som gj\u00f8r det mulig \u00e5 styre enheten via en fj\u00e6rbelastet trykknapp, bevegelsessensor eller andre eksterne styresignaler.<\/p>\n<p data-start=\"1215\" data-end=\"1581\">Tr\u00e5dl\u00f8s kommunikasjon skjer via Bluetooth\u00ae mesh, som muliggj\u00f8r kontroll via Plejd-appen og integrasjon med andre Plejd-produkter.<\/p>\n<p data-start=\"1215\" data-end=\"1581\">Ved hjelp av appen kan brukeren lage scenarier, justere lysniv\u00e5er og programmere belysningen med innebygde astro- og ukeklokker, noe som gj\u00f8r det enkelt \u00e5 automatisere lysplaner basert p\u00e5 tid p\u00e5 d\u00f8gnet.<\/p>\n<p data-start=\"1583\" data-end=\"1921\">DAL-01 er kompakt og egnet for innfelt montering i en enhetsboks bak en trykknapp eller boksdeksel.<\/p>\n<p data-start=\"1583\" data-end=\"1921\">Alternativt kan den monteres p\u00e5 vegg eller DIN-skinne ved hjelp av MNT-01 monteringsklips (selges separat). Enheten har ogs\u00e5 kortslutningsbeskyttelse og overtemperaturbeskyttelse, noe som sikrer langsiktig og sikker drift.<\/p>\n<p data-start=\"1923\" data-end=\"2147\">Med en garantert str\u00f8mforsyning p\u00e5 128 mA og en maksimal kabellengde p\u00e5 300 meter er DAL-01 en ideell l\u00f8sning for b\u00e5de sm\u00e5 og store DALI-installasjoner der det kreves jevn og intelligent lysstyring.<\/p>\n<h3 data-start=\"2154\" data-end=\"2189\"><strong data-start=\"2158\" data-end=\"2187\">Tekniske spesifikasjoner:<\/strong><\/h3>\n<ul data-start=\"2190\" data-end=\"3010\">\n<li data-start=\"2190\" data-end=\"2235\"><strong data-start=\"2192\" data-end=\"2208\">Nettspenning:<\/strong> 230V \/ 50Hz (maks 0,05A)<\/li>\n<li data-start=\"2236\" data-end=\"2264\"><strong data-start=\"2238\" data-end=\"2256\">Standby str\u00f8m:<\/strong> 0,4W<\/li>\n<li data-start=\"2265\" data-end=\"2333\"><strong data-start=\"2267\" data-end=\"2281\">DALI-st\u00f8tte:<\/strong> DALI-2 kringkasting (64 belastninger), avstembar hvit (DT8)<\/li>\n<li data-start=\"2334\" data-end=\"2475\"><strong data-start=\"2336\" data-end=\"2350\">DALI buss:<\/strong>\n<ul data-start=\"2355\" data-end=\"2475\">\n<li data-start=\"2355\" data-end=\"2394\">Garantert str\u00f8mforsyning: 128 mA<\/li>\n<li data-start=\"2397\" data-end=\"2433\">Maksimal str\u00f8mforsyning: 150 mA<\/li>\n<li data-start=\"2436\" data-end=\"2475\">Maks kabellengde: 300 meter (1,5 mm\u00b2)<\/li>\n<\/ul>\n<\/li>\n<li data-start=\"2476\" data-end=\"2559\"><strong data-start=\"2478\" data-end=\"2497\">Antall innganger:<\/strong> 2 (for trykknapp, bevegelsessensor eller annen ekstern kontroll)<\/li>\n<li data-start=\"2560\" data-end=\"2606\"><strong data-start=\"2562\" data-end=\"2580\">Kommunikasjon:<\/strong> 2,4 GHz Bluetooth\u00ae mesh<\/li>\n<li data-start=\"2607\" data-end=\"2682\"><strong data-start=\"2609\" data-end=\"2627\">Radiorekkevidde:<\/strong> Omtrent 10 meter innend\u00f8rs (utvidet med Plejd mesh-teknologi)<\/li>\n<li data-start=\"2683\" data-end=\"2760\"><strong data-start=\"2685\" data-end=\"2699\">Montering:<\/strong> Innfelt montering i koblingsboks, vegg eller DIN-skinne<\/li>\n<li data-start=\"2761\" data-end=\"2786\"><strong data-start=\"2763\" data-end=\"2772\">M\u00e5le:<\/strong> 46x46x18mm<\/li>\n<li data-start=\"2787\" data-end=\"2845\"><strong data-start=\"2789\" data-end=\"2799\">Beskyttelse:<\/strong> Overtemperaturprogramvare, kortslutningsbeskyttelse<\/li>\n<li data-start=\"2846\" data-end=\"2889\"><strong data-start=\"2848\" data-end=\"2861\">IP-klasse:<\/strong> IP20 (kun innend\u00f8rs bruk)<\/li>\n<li data-start=\"2890\" data-end=\"2954\"><strong data-start=\"2892\" data-end=\"2905\">Materiale:<\/strong> Halogenfri termoplast, blank turkis (RAL 6027)<\/li>\n<li data-start=\"2955\" data-end=\"3010\"><strong data-start=\"2957\" data-end=\"2976\">Kompatibilitet:<\/strong> Apple HomeKit, Google Assistant<\/li>\n<\/ul>\n<p data-start=\"3012\" data-end=\"3198\">Plejd DAL-01 er en p\u00e5litelig og kraftig l\u00f8sning for moderne DALI-baserte lyssystemer og gir enkel og fleksibel styring for b\u00e5de bolig- og kommersielle milj\u00f8er.<\/p>","protected":false},"excerpt":{"rendered":"<p>Plejd DAL-01 er en avansert DALI-dimmer med innebygd str\u00f8mforsyning for opptil 64 DALI-belastninger.<\/p>\n<p>Den st\u00f8tter tunable white (DT8) og kan styres via Plejd-appen, trykknapp eller bevegelsessensor.<\/p>\n<p>Med innebygde tidsfunksjoner og Bluetooth\u00ae mesh-teknologi er DAL-01 en fleksibel og kraftig l\u00f8sning for smart lysstyring.<\/p>","protected":false},"featured_media":148065,"template":"","meta":{"_acf_changed":false},"product_brand":[],"product_cat":[4660],"product_tag":[4670],"class_list":{"0":"post-148066","1":"product","2":"type-product","3":"status-publish","4":"has-post-thumbnail","6":"product_cat-plejd-relaer-led","7":"product_tag-plejd","8":"product_shipping_class-postnord-varubrev","9":"pa_brands-plejd","10":"pa_farg-turkos","11":"tm-has-options","13":"first","14":"instock","15":"sale","16":"taxable","17":"shipping-taxable","18":"purchasable","19":"product-type-simple"},"acf":[],"_links":{"self":[{"href":"https:\/\/secureus.se\/no\/wp-json\/wp\/v2\/product\/148066","targetHints":{"allow":["GET"]}}],"collection":[{"href":"https:\/\/secureus.se\/no\/wp-json\/wp\/v2\/product"}],"about":[{"href":"https:\/\/secureus.se\/no\/wp-json\/wp\/v2\/types\/product"}],"wp:featuredmedia":[{"embeddable":true,"href":"https:\/\/secureus.se\/no\/wp-json\/wp\/v2\/media\/148065"}],"wp:attachment":[{"href":"https:\/\/secureus.se\/no\/wp-json\/wp\/v2\/media?parent=148066"}],"wp:term":[{"taxonomy":"product_brand","embeddable":true,"href":"https:\/\/secureus.se\/no\/wp-json\/wp\/v2\/product_brand?post=148066"},{"taxonomy":"product_cat","embeddable":true,"href":"https:\/\/secureus.se\/no\/wp-json\/wp\/v2\/product_cat?post=148066"},{"taxonomy":"product_tag","embeddable":true,"href":"https:\/\/secureus.se\/no\/wp-json\/wp\/v2\/product_tag?post=148066"}],"curies":[{"name":"wp","href":"https:\/\/api.w.org\/{rel}","templated":true}]}}