{"id":148355,"date":"2025-03-03T12:33:56","date_gmt":"2025-03-03T11:33:56","guid":{"rendered":"https:\/\/secureus.se\/eaton-640472full-0299x-flashni-horbart-visuellt-larm-bla-lins-djupvit\/"},"modified":"2026-04-09T11:32:18","modified_gmt":"2026-04-09T09:32:18","slug":"eaton-640472full-0299x-flashni-horbart-visuellt-larm-bla-lins-djupvit","status":"publish","type":"product","link":"https:\/\/secureus.se\/no\/eaton-640472full-0299x-flashni-horbart-visuellt-larm-bla-lins-djupvit\/","title":{"rendered":"Eaton 640472FULL-0299X Flashni h\u00f8rbar visuell alarm, bl\u00e5 linse, dyp hvit"},"content":{"rendered":"<h1 data-start=\"220\" data-end=\"699\">Eaton 640472FULL-0299X er en kraftig og p\u00e5litelig h\u00f8rbar og visuell alarm, designet for bruk i ulike sikkerhetssystemer.<\/h1>\n<p data-start=\"220\" data-end=\"699\">Alarmen har en bl\u00e5 linse og en dyp hvit base, noe som gj\u00f8r den b\u00e5de synlig og h\u00f8rbar i n\u00f8dssituasjoner.<\/p>\n<p data-start=\"220\" data-end=\"699\">Med et lydniv\u00e5 p\u00e5 110 dB er den kraftig nok til \u00e5 varsle om alvorlige hendelser.<\/p>\n<p data-start=\"220\" data-end=\"699\">Alarmen er kompatibel med 24V DC og har separate tilkoblinger for lyd og lys, noe som gir fleksibilitet i installasjonen.<\/p>\n<p data-start=\"701\" data-end=\"1086\">Produktets kapslingsgrad er IP65, noe som gj\u00f8r det b\u00e5de st\u00f8v- og vannbestandig og egnet for bruk b\u00e5de innend\u00f8rs og utend\u00f8rs.<\/p>\n<p data-start=\"701\" data-end=\"1086\">Den er overflatemontert og har et M20-hull for enkel installasjon.<\/p>\n<p data-start=\"701\" data-end=\"1086\">Alarmen har flere forskjellige lydalternativer, inkludert pulspip eller kontinuerlig lyd, for \u00e5 passe ulike behov.<\/p>\n<p data-start=\"701\" data-end=\"1086\">Alarmen er CE-merket og godkjent for bruk i flere sikkerhetsapplikasjoner.<\/p>\n<p data-start=\"1088\" data-end=\"1117\"><strong data-start=\"1088\" data-end=\"1117\">Tekniske spesifikasjoner for Eaton 640472FULL-0299X:<\/strong><\/p>\n<ul data-start=\"1118\" data-end=\"1426\">\n<li data-start=\"1118\" data-end=\"1151\"><strong data-start=\"1120\" data-end=\"1129\">Farge:<\/strong> Hvit (base), bl\u00e5 (linse)<\/li>\n<li data-start=\"1152\" data-end=\"1203\"><strong data-start=\"1154\" data-end=\"1163\">M\u00e5le:<\/strong> Bredde: 93 mm, H\u00f8yde: 93 mm, Dybde: 121 mm<\/li>\n<li data-start=\"1204\" data-end=\"1223\"><strong data-start=\"1206\" data-end=\"1215\">Vekt:<\/strong> 0,33 kg<\/li>\n<li data-start=\"1224\" data-end=\"1246\"><strong data-start=\"1226\" data-end=\"1239\">Lydniv\u00e5:<\/strong> 110dB<\/li>\n<li data-start=\"1247\" data-end=\"1273\"><strong data-start=\"1249\" data-end=\"1268\">Beskyttelses klasse:<\/strong> IP65<\/li>\n<li data-start=\"1274\" data-end=\"1296\"><strong data-start=\"1276\" data-end=\"1289\">Spenning:<\/strong> 24V DC<\/li>\n<li data-start=\"1297\" data-end=\"1325\"><strong data-start=\"1299\" data-end=\"1313\">Montering:<\/strong> Overflatemontering<\/li>\n<li data-start=\"1326\" data-end=\"1362\"><strong data-start=\"1328\" data-end=\"1340\">Alarmtype:<\/strong> Puls\/Kontinuerlig tone<\/li>\n<li data-start=\"1363\" data-end=\"1426\"><strong data-start=\"1365\" data-end=\"1385\">Akustisk signal:<\/strong> Separate koblinger for lyd og lys<\/li>\n<\/ul>","protected":false},"excerpt":{"rendered":"<p>Eaton 640472FULL-0299X Flashni h\u00f8rbar og visuell alarm med bl\u00e5 linse, 24V DC og dyp hvit base.<\/p>\n<p>Alarmen gir en lyd p\u00e5 110 dB og er sertifisert for IP65-beskyttelse.<\/p>","protected":false},"featured_media":148354,"template":"","meta":{"_acf_changed":false},"product_brand":[],"product_cat":[1562,5097,1825],"product_tag":[],"class_list":{"0":"post-148355","1":"product","2":"type-product","3":"status-publish","4":"has-post-thumbnail","6":"product_cat-larmdon-blixtljus","7":"product_cat-kombisiren-blixt-brand","8":"product_cat-sirener-brand","9":"pa_brands-eaton","10":"tm-no-options","12":"first","13":"onbackorder","14":"taxable","15":"shipping-taxable","16":"purchasable","17":"product-type-simple"},"acf":[],"_links":{"self":[{"href":"https:\/\/secureus.se\/no\/wp-json\/wp\/v2\/product\/148355","targetHints":{"allow":["GET"]}}],"collection":[{"href":"https:\/\/secureus.se\/no\/wp-json\/wp\/v2\/product"}],"about":[{"href":"https:\/\/secureus.se\/no\/wp-json\/wp\/v2\/types\/product"}],"wp:featuredmedia":[{"embeddable":true,"href":"https:\/\/secureus.se\/no\/wp-json\/wp\/v2\/media\/148354"}],"wp:attachment":[{"href":"https:\/\/secureus.se\/no\/wp-json\/wp\/v2\/media?parent=148355"}],"wp:term":[{"taxonomy":"product_brand","embeddable":true,"href":"https:\/\/secureus.se\/no\/wp-json\/wp\/v2\/product_brand?post=148355"},{"taxonomy":"product_cat","embeddable":true,"href":"https:\/\/secureus.se\/no\/wp-json\/wp\/v2\/product_cat?post=148355"},{"taxonomy":"product_tag","embeddable":true,"href":"https:\/\/secureus.se\/no\/wp-json\/wp\/v2\/product_tag?post=148355"}],"curies":[{"name":"wp","href":"https:\/\/api.w.org\/{rel}","templated":true}]}}