{"id":148414,"date":"2025-03-05T12:03:59","date_gmt":"2025-03-05T11:03:59","guid":{"rendered":"https:\/\/secureus.se\/provstangsforlangare-113-m-solo-101\/"},"modified":"2026-04-23T12:47:51","modified_gmt":"2026-04-23T10:47:51","slug":"provstangsforlangare-113-m-solo-101","status":"publish","type":"product","link":"https:\/\/secureus.se\/no\/provstangsforlangare-113-m-solo-101\/","title":{"rendered":"Teststavforlengelse 1,13 m \u2013 Solo 101"},"content":{"rendered":"<h1>Teststavforlengelse 1,13 m \u2013 Solo 101<\/h1>\n<h3 data-start=\"264\" data-end=\"319\">Fleksibel teststangforlengelse for st\u00f8rre rekkevidde<\/h3>\n<p data-start=\"320\" data-end=\"590\">Solo 101 er en 1,13 m lang teststangforlenger som gj\u00f8r det enkelt \u00e5 n\u00e5 h\u00f8yt plasserte r\u00f8yk-, varme- og CO-detektorer uten stige.<\/p>\n<p data-start=\"320\" data-end=\"590\">Den passer til teleskopstengene Solo 100, Solo 108 og Solo 110, noe som gj\u00f8r den til et allsidig tilbeh\u00f8r for installat\u00f8rer og teknikere.<\/p>\n<h3 data-start=\"592\" data-end=\"624\">Kombiner for maksimal h\u00f8yde<\/h3>\n<ul data-start=\"625\" data-end=\"823\">\n<li data-start=\"625\" data-end=\"699\">\n<p data-start=\"627\" data-end=\"699\">Opptil 3 Solo 101 kan kobles sammen for en total tilleggsh\u00f8yde p\u00e5 4,8 m.<\/p>\n<\/li>\n<li data-start=\"700\" data-end=\"761\">\n<p data-start=\"702\" data-end=\"761\">Kan kombineres med Solo 108 for \u00e5 n\u00e5 opptil ca. 7,3 m.<\/p>\n<\/li>\n<li data-start=\"762\" data-end=\"823\">\n<p data-start=\"764\" data-end=\"823\">Kan kombineres med Solo 100 for \u00e5 n\u00e5 opptil ca. 9,3 m.<\/p>\n<\/li>\n<\/ul>\n<h3 data-start=\"825\" data-end=\"852\">Fordeler med Solo 101<\/h3>\n<ul data-start=\"853\" data-end=\"1085\">\n<li data-start=\"853\" data-end=\"880\">\n<p data-start=\"855\" data-end=\"880\">Lengde: 1,13 m per enhet<\/p>\n<\/li>\n<li data-start=\"881\" data-end=\"921\">\n<p data-start=\"883\" data-end=\"921\">Kompatibel med Solo 100, 108 og 110<\/p>\n<\/li>\n<li data-start=\"922\" data-end=\"984\">\n<p data-start=\"924\" data-end=\"984\">Koble til opptil tre enheter for 4,8 m ekstra rekkevidde<\/p>\n<\/li>\n<li data-start=\"985\" data-end=\"1037\">\n<p data-start=\"987\" data-end=\"1037\">Kan kombineres med teleskopstenger for h\u00f8yere tak<\/p>\n<\/li>\n<li data-start=\"1038\" data-end=\"1085\">\n<p data-start=\"1040\" data-end=\"1085\">Lett og enkel \u00e5 bruke p\u00e5 arbeidsplassen<\/p>\n<\/li>\n<\/ul>\n<p data-start=\"1087\" data-end=\"1114\"><strong>TEKNISKE SPESIFIKASJONER:<\/strong><\/p>\n<ul data-start=\"1115\" data-end=\"1451\">\n<li data-start=\"1115\" data-end=\"1148\">\n<p data-start=\"1117\" data-end=\"1148\">Produkt: Teststangforlenger<\/p>\n<\/li>\n<li data-start=\"1149\" data-end=\"1169\">\n<p data-start=\"1151\" data-end=\"1169\">Modell: Solo 101<\/p>\n<\/li>\n<li data-start=\"1170\" data-end=\"1197\">\n<p data-start=\"1172\" data-end=\"1197\">Lengde per enhet: 1,13 m<\/p>\n<\/li>\n<li data-start=\"1198\" data-end=\"1236\">\n<p data-start=\"1200\" data-end=\"1236\">Kompatibel med: Solo 100, 108, 110<\/p>\n<\/li>\n<li data-start=\"1237\" data-end=\"1280\">\n<p data-start=\"1239\" data-end=\"1280\">Maks antall tilkoblede: 3 stk (totalt 4,8 m)<\/p>\n<\/li>\n<li data-start=\"1281\" data-end=\"1331\">\n<p data-start=\"1283\" data-end=\"1331\">Kan kombineres med Solo 108: ca. 7,3 m rekkevidde<\/p>\n<\/li>\n<li data-start=\"1332\" data-end=\"1382\">\n<p data-start=\"1334\" data-end=\"1382\">Kan kombineres med Solo 100: rekkevidde ca. 9,3 m<\/p>\n<\/li>\n<li data-start=\"1383\" data-end=\"1451\">\n<p data-start=\"1385\" data-end=\"1451\">Bruk: Forlenger teleskopstenger ved testing av detektorer<\/p>\n<\/li>\n<\/ul>","protected":false},"excerpt":{"rendered":"<p>Solo 101-forlengeren er en 1,13 m forlengelse for teleskopstenger som Solo 100, 108 og 110.<\/p>\n<p>Opptil 3 kan kobles sammen for \u00e5 n\u00e5 opptil 4,8 m, eller sammen med andre stenger opptil 9,3 m takh\u00f8yde.<\/p>","protected":false},"featured_media":148413,"template":"","meta":{"_acf_changed":false},"product_brand":[],"product_cat":[2945,5070,5088,5072,5089,2946],"product_tag":[],"class_list":{"0":"post-148414","1":"product","2":"type-product","3":"status-publish","4":"has-post-thumbnail","6":"product_cat-solo","7":"product_cat-provstanger","8":"product_cat-solo-solo","9":"product_cat-solo-365","10":"product_cat-solo-365-solo-365","11":"product_cat-testifire","12":"product_shipping_class-tunga-paket","13":"pa_brands-solo","14":"tm-no-options","16":"first","17":"instock","18":"sale","19":"taxable","20":"shipping-taxable","21":"purchasable","22":"product-type-simple"},"acf":[],"_links":{"self":[{"href":"https:\/\/secureus.se\/no\/wp-json\/wp\/v2\/product\/148414","targetHints":{"allow":["GET"]}}],"collection":[{"href":"https:\/\/secureus.se\/no\/wp-json\/wp\/v2\/product"}],"about":[{"href":"https:\/\/secureus.se\/no\/wp-json\/wp\/v2\/types\/product"}],"wp:featuredmedia":[{"embeddable":true,"href":"https:\/\/secureus.se\/no\/wp-json\/wp\/v2\/media\/148413"}],"wp:attachment":[{"href":"https:\/\/secureus.se\/no\/wp-json\/wp\/v2\/media?parent=148414"}],"wp:term":[{"taxonomy":"product_brand","embeddable":true,"href":"https:\/\/secureus.se\/no\/wp-json\/wp\/v2\/product_brand?post=148414"},{"taxonomy":"product_cat","embeddable":true,"href":"https:\/\/secureus.se\/no\/wp-json\/wp\/v2\/product_cat?post=148414"},{"taxonomy":"product_tag","embeddable":true,"href":"https:\/\/secureus.se\/no\/wp-json\/wp\/v2\/product_tag?post=148414"}],"curies":[{"name":"wp","href":"https:\/\/api.w.org\/{rel}","templated":true}]}}