{"id":148595,"date":"2025-03-10T11:52:35","date_gmt":"2025-03-10T10:52:35","guid":{"rendered":"https:\/\/secureus.se\/armbagskontakt-sparkfunktion-jck128\/"},"modified":"2025-12-31T21:46:39","modified_gmt":"2025-12-31T20:46:39","slug":"armbagskontakt-sparkfunktion-jck128","status":"publish","type":"product","link":"https:\/\/secureus.se\/no\/armbagskontakt-sparkfunktion-jck128\/","title":{"rendered":"Albuekontakt \u2013 Sparkefunksjon \u2013 JCK128"},"content":{"rendered":"<h1>Albuekontakt \u2013 Sparkefunksjon \u2013 JCK128<\/h1>\n<section>Kombinert albuekontakt\/sparkkontakt.<\/p>\n<p>Lang modell laget av aluminium, med sort eloksert trykkflate \u00f8verst og gr\u00e5 sparkeoverflate nederst.<\/p>\n<p>JCK128 tilh\u00f8rer en serie albuekoblinger som er kombinert med en sparkekobling i bunnen.<\/p>\n<p>Modellene er spesielt utviklet for \u00e5 legge til rette for f.eks. sykehuspersonell for raskt og enkelt \u00e5 kunne \u00e5pne d\u00f8rer med f.eks. sengen, albuen, hoften eller foten.<\/p>\n<\/section>\n<section>\n<h4>Teknisk spesifikasjon<\/h4>\n<ul>\n<li>Laget i Sverige.<\/li>\n<li>Materiale: Alu.6060-T6, POM Plast (Acetalplast).<\/li>\n<li>M\u00e5l standardversjon l\/b\/h: 1200x80x28 mm.<\/li>\n<li>Mikrobrytere: Standard 8 stk NR. IP67.<\/li>\n<\/ul>\n<\/section>\n<section>\n<h4>Tilbeh\u00f8r og alternativer<\/h4>\n<ul>\n<li>Styreenhet med doble utganger og forsinket signal p\u00e5 en utgang.<\/li>\n<\/ul>\n<\/section>","protected":false},"excerpt":{"rendered":"<p>Produktm\u00e5l: 1200 x 80 x 28 mm.<\/p>\n<p>Lang albuekobling i sort eloksert aluminium med sparkefunksjon\/sparkkobling i bunn i gr\u00e5tt.<\/p>","protected":false},"featured_media":148593,"template":"","meta":{"_acf_changed":false},"product_brand":[],"product_cat":[1422,4706],"product_tag":[],"class_list":{"0":"post-148595","1":"product","2":"type-product","3":"status-publish","4":"has-post-thumbnail","6":"product_cat-armbagskontakter-dorrautomatik","7":"product_cat-metall","8":"product_shipping_class-tunga-paket","9":"pa_brands-jc-kontakter","10":"tm-no-options","12":"first","13":"instock","14":"sale","15":"taxable","16":"shipping-taxable","17":"purchasable","18":"product-type-simple"},"acf":[],"_links":{"self":[{"href":"https:\/\/secureus.se\/no\/wp-json\/wp\/v2\/product\/148595","targetHints":{"allow":["GET"]}}],"collection":[{"href":"https:\/\/secureus.se\/no\/wp-json\/wp\/v2\/product"}],"about":[{"href":"https:\/\/secureus.se\/no\/wp-json\/wp\/v2\/types\/product"}],"wp:featuredmedia":[{"embeddable":true,"href":"https:\/\/secureus.se\/no\/wp-json\/wp\/v2\/media\/148593"}],"wp:attachment":[{"href":"https:\/\/secureus.se\/no\/wp-json\/wp\/v2\/media?parent=148595"}],"wp:term":[{"taxonomy":"product_brand","embeddable":true,"href":"https:\/\/secureus.se\/no\/wp-json\/wp\/v2\/product_brand?post=148595"},{"taxonomy":"product_cat","embeddable":true,"href":"https:\/\/secureus.se\/no\/wp-json\/wp\/v2\/product_cat?post=148595"},{"taxonomy":"product_tag","embeddable":true,"href":"https:\/\/secureus.se\/no\/wp-json\/wp\/v2\/product_tag?post=148595"}],"curies":[{"name":"wp","href":"https:\/\/api.w.org\/{rel}","templated":true}]}}