{"id":148610,"date":"2025-03-10T11:26:31","date_gmt":"2025-03-10T10:26:31","guid":{"rendered":"https:\/\/secureus.se\/armbagskontakt-aluminium-jck217-400-mm\/"},"modified":"2025-12-31T21:44:35","modified_gmt":"2025-12-31T20:44:35","slug":"armbagskontakt-aluminium-jck217-400-mm","status":"publish","type":"product","link":"https:\/\/secureus.se\/no\/armbagskontakt-aluminium-jck217-400-mm\/","title":{"rendered":"Albuekobling \u2013 Aluminium \u2013 JCK217 400 mm"},"content":{"rendered":"<h1>Albuekobling \u2013 Aluminium \u2013 JCK217 400 mm<\/h1>\n<section>\n<div class=\"elementor-element elementor-element-6a2939e elementor-widget elementor-widget-woocommerce-product-content\" data-id=\"6a2939e\" data-element_type=\"widget\" data-widget_type=\"woocommerce-product-content.default\">\n<div class=\"elementor-widget-container\">\n<section>JCK217 tilh\u00f8rer en serie albuekontakter som har en flat trykkflate med fire taktile riller i. Sporene fungerer som ekstra veiledning for personer med synshemming.<\/p>\n<p>Du kan enkelt kjenne hvor du skal trykke for \u00e5 aktivere d\u00f8r\u00e5pning.<\/p>\n<p>JCK217 er laget av sort anodisert aluminium og har hvite endestykker.<\/p>\n<p>Den leveres med 1 mikrobryter i IP67, men kan ogs\u00e5 bestilles med flere.<\/p>\n<\/section>\n<section>\n<h4>Teknisk spesifikasjon<\/h4>\n<ul>\n<li>Laget i Sverige.<\/li>\n<li>Materiale: Alu.6060-T6, POM Plast (Acetalplast).<\/li>\n<li>M\u00e5l standardversjon l\/b\/h: 400x80x23 mm.<\/li>\n<li>Mikrobryter: Standard 1 stk NO IP67. Kan bestilles med 2, samt med NO\/NC.<\/li>\n<\/ul>\n<\/section>\n<\/div>\n<\/div>\n<div class=\"elementor-element elementor-element-6b8d4c9 elementor-widget elementor-widget-html\" data-id=\"6b8d4c9\" data-element_type=\"widget\" data-widget_type=\"html.default\"><\/div>\n<\/section>","protected":false},"excerpt":{"rendered":"<p>Produktm\u00e5l: 400 x 80 x 23 mm.<\/p>\n<p>Albuekobling i sort anodisert aluminium med hvite endestykker.<\/p>\n<p>Flat trykkplate med taktile riller.<\/p>","protected":false},"featured_media":148608,"template":"","meta":{"_acf_changed":false},"product_brand":[],"product_cat":[1422,4706],"product_tag":[],"class_list":{"0":"post-148610","1":"product","2":"type-product","3":"status-publish","4":"has-post-thumbnail","6":"product_cat-armbagskontakter-dorrautomatik","7":"product_cat-metall","8":"product_shipping_class-tunga-paket","9":"pa_brands-jc-kontakter","10":"tm-has-options","12":"first","13":"instock","14":"sale","15":"taxable","16":"shipping-taxable","17":"purchasable","18":"product-type-simple"},"acf":[],"_links":{"self":[{"href":"https:\/\/secureus.se\/no\/wp-json\/wp\/v2\/product\/148610","targetHints":{"allow":["GET"]}}],"collection":[{"href":"https:\/\/secureus.se\/no\/wp-json\/wp\/v2\/product"}],"about":[{"href":"https:\/\/secureus.se\/no\/wp-json\/wp\/v2\/types\/product"}],"wp:featuredmedia":[{"embeddable":true,"href":"https:\/\/secureus.se\/no\/wp-json\/wp\/v2\/media\/148608"}],"wp:attachment":[{"href":"https:\/\/secureus.se\/no\/wp-json\/wp\/v2\/media?parent=148610"}],"wp:term":[{"taxonomy":"product_brand","embeddable":true,"href":"https:\/\/secureus.se\/no\/wp-json\/wp\/v2\/product_brand?post=148610"},{"taxonomy":"product_cat","embeddable":true,"href":"https:\/\/secureus.se\/no\/wp-json\/wp\/v2\/product_cat?post=148610"},{"taxonomy":"product_tag","embeddable":true,"href":"https:\/\/secureus.se\/no\/wp-json\/wp\/v2\/product_tag?post=148610"}],"curies":[{"name":"wp","href":"https:\/\/api.w.org\/{rel}","templated":true}]}}