{"id":148623,"date":"2025-03-04T15:26:28","date_gmt":"2025-03-04T14:26:28","guid":{"rendered":"https:\/\/secureus.se\/armbagskontakt-beroringsfri-jck201\/"},"modified":"2025-12-31T21:44:22","modified_gmt":"2025-12-31T20:44:22","slug":"armbagskontakt-beroringsfri-jck201","status":"publish","type":"product","link":"https:\/\/secureus.se\/no\/armbagskontakt-beroringsfri-jck201\/","title":{"rendered":"Albuekontakt \u2013 Kontaktl\u00f8s \u2013 JCK201"},"content":{"rendered":"<h1>Albuekontakt \u2013 Kontaktl\u00f8s \u2013 JCK201<\/h1>\n<section>JCK201 er en modell med innebygget IR-sensor, som muliggj\u00f8r ber\u00f8ringsfri drift. IR-sensoren reagerer p\u00e5 endringer i lyset, noe som gj\u00f8r at du kan aktivere d\u00f8r\u00e5pningen ved \u00e5 flytte h\u00e5nden foran kontakten.<\/p>\n<p>Denne typen albuekontakt er spesielt egnet i milj\u00f8er hvor man \u00f8nsker \u00e5 begrense spredning av bakterier, som skoler, sykehus og andre offentlige bygg.<\/p>\n<p>Modellen er ogs\u00e5 utstyrt med LED-lys som hjelper til med \u00e5 vise gjeldende status \u2013 gr\u00f8nn for standby og bl\u00e5 n\u00e5r den er aktivert.<\/p>\n<p>JCK201 kommer med to releer og en dipswitch som gir mulighet for en rekke forskjellige installasjonsalternativer.<\/p>\n<\/section>\n<section>\n<h4>Teknisk spesifikasjon<\/h4>\n<ul>\n<li>Laget i Sverige.<\/li>\n<li>Materiale: Alu.6060-T6, POM Plast (Acetalplast).<\/li>\n<li>M\u00e5l l\/b\/h: 245 x 80 x 26mm.<\/li>\n<li>IR sensor.<\/li>\n<li>LED lys.<\/li>\n<li>Kontrollenhet med dip-bryter.<\/li>\n<li>To releer.<\/li>\n<\/ul>\n<\/section>\n<p>&nbsp;<\/p>","protected":false},"excerpt":{"rendered":"<p>Produktm\u00e5l: 245 x 80 x 26 mm.<\/p>\n<p>Albuekontakt i aluminium med innebygd IR-sensor for ber\u00f8ringsfri drift.<\/p>\n<p>LED-lys som indikerer standby og aktiveringsmodus.<\/p>","protected":false},"featured_media":148621,"template":"","meta":{"_acf_changed":false},"product_brand":[],"product_cat":[1422,4706],"product_tag":[],"class_list":{"0":"post-148623","1":"product","2":"type-product","3":"status-publish","4":"has-post-thumbnail","6":"product_cat-armbagskontakter-dorrautomatik","7":"product_cat-metall","8":"product_shipping_class-tunga-paket","9":"pa_brands-jc-kontakter","10":"tm-no-options","12":"first","13":"instock","14":"sale","15":"taxable","16":"shipping-taxable","17":"purchasable","18":"product-type-simple"},"acf":[],"_links":{"self":[{"href":"https:\/\/secureus.se\/no\/wp-json\/wp\/v2\/product\/148623","targetHints":{"allow":["GET"]}}],"collection":[{"href":"https:\/\/secureus.se\/no\/wp-json\/wp\/v2\/product"}],"about":[{"href":"https:\/\/secureus.se\/no\/wp-json\/wp\/v2\/types\/product"}],"wp:featuredmedia":[{"embeddable":true,"href":"https:\/\/secureus.se\/no\/wp-json\/wp\/v2\/media\/148621"}],"wp:attachment":[{"href":"https:\/\/secureus.se\/no\/wp-json\/wp\/v2\/media?parent=148623"}],"wp:term":[{"taxonomy":"product_brand","embeddable":true,"href":"https:\/\/secureus.se\/no\/wp-json\/wp\/v2\/product_brand?post=148623"},{"taxonomy":"product_cat","embeddable":true,"href":"https:\/\/secureus.se\/no\/wp-json\/wp\/v2\/product_cat?post=148623"},{"taxonomy":"product_tag","embeddable":true,"href":"https:\/\/secureus.se\/no\/wp-json\/wp\/v2\/product_tag?post=148623"}],"curies":[{"name":"wp","href":"https:\/\/api.w.org\/{rel}","templated":true}]}}