{"id":148634,"date":"2025-03-10T12:32:40","date_gmt":"2025-03-10T11:32:40","guid":{"rendered":"https:\/\/secureus.se\/armbagskontakt-abs-plast-jck212\/"},"modified":"2026-04-16T16:11:45","modified_gmt":"2026-04-16T14:11:45","slug":"armbagskontakt-abs-plast-jck212","status":"publish","type":"product","link":"https:\/\/secureus.se\/no\/armbagskontakt-abs-plast-jck212\/","title":{"rendered":"Albuekobling \u2013 ABS-plast \u2013 JCK212"},"content":{"rendered":"<h1 class=\"product_title entry-title elementor-heading-title elementor-size-default\">Albuekobling \u2013 ABS-plast \u2013 JCK212<\/h1>\n<p>Robust albuekobling i slitesterk ABS-plast.<\/p>\n<p>Selvkontrasterende modell med taktile riller p\u00e5 trykkplaten som standard.<\/p>\n<p>JCK212 er utviklet av oss for \u00e5 gj\u00f8re d\u00f8r\u00e5pning enklere for personer med synshemming.<\/p>\n<p>Den selvkontrasterende funksjonen gj\u00f8r at selve albuekontakten alltid har en tydelig kontrast \u2013 uavhengig av milj\u00f8et den er montert i.<\/p>\n<p>Det vil derfor v\u00e6re enkelt \u00e5 oppdage og bruke for de som trenger det.<\/p>\n<h3>Teknisk spesifikasjon<\/h3>\n<ul>\n<li>Laget i Sverige.<\/li>\n<li>Materiale: Resirkulerbar ABS-plast.<\/li>\n<li>M\u00e5l l\/b\/h: 250x95x25 mm.<\/li>\n<li>Mikrobryter: Standard 1 stk NO IP67. Kan bestilles med 2 stk, samt med NO\/NC.<\/li>\n<\/ul>","protected":false},"excerpt":{"rendered":"<p>Produktm\u00e5l: 250 x 95 x 25 mm.<\/p>\n<p>Sort albuekobling med konveks trykkplate og hvit kontrastmarkering. M\u00f8rkegr\u00e5 ramme.<\/p>","protected":false},"featured_media":148632,"template":"","meta":{"_acf_changed":false},"product_brand":[],"product_cat":[1422,4705],"product_tag":[2989],"class_list":{"0":"post-148634","1":"product","2":"type-product","3":"status-publish","4":"has-post-thumbnail","6":"product_cat-armbagskontakter-dorrautomatik","7":"product_cat-abs-plast","8":"product_tag-egen-logo-ej-taggar-kort","9":"product_shipping_class-tunga-paket","10":"pa_brands-jc-kontakter","11":"tm-has-options","13":"first","14":"onbackorder","15":"sale","16":"featured","17":"taxable","18":"shipping-taxable","19":"purchasable","20":"product-type-simple"},"acf":[],"_links":{"self":[{"href":"https:\/\/secureus.se\/no\/wp-json\/wp\/v2\/product\/148634","targetHints":{"allow":["GET"]}}],"collection":[{"href":"https:\/\/secureus.se\/no\/wp-json\/wp\/v2\/product"}],"about":[{"href":"https:\/\/secureus.se\/no\/wp-json\/wp\/v2\/types\/product"}],"wp:featuredmedia":[{"embeddable":true,"href":"https:\/\/secureus.se\/no\/wp-json\/wp\/v2\/media\/148632"}],"wp:attachment":[{"href":"https:\/\/secureus.se\/no\/wp-json\/wp\/v2\/media?parent=148634"}],"wp:term":[{"taxonomy":"product_brand","embeddable":true,"href":"https:\/\/secureus.se\/no\/wp-json\/wp\/v2\/product_brand?post=148634"},{"taxonomy":"product_cat","embeddable":true,"href":"https:\/\/secureus.se\/no\/wp-json\/wp\/v2\/product_cat?post=148634"},{"taxonomy":"product_tag","embeddable":true,"href":"https:\/\/secureus.se\/no\/wp-json\/wp\/v2\/product_tag?post=148634"}],"curies":[{"name":"wp","href":"https:\/\/api.w.org\/{rel}","templated":true}]}}