{"id":148637,"date":"2025-03-10T12:29:53","date_gmt":"2025-03-10T11:29:53","guid":{"rendered":"https:\/\/secureus.se\/armbagskontakt-abs-plast-jck211\/"},"modified":"2026-04-16T16:12:45","modified_gmt":"2026-04-16T14:12:45","slug":"armbagskontakt-abs-plast-jck211","status":"publish","type":"product","link":"https:\/\/secureus.se\/no\/armbagskontakt-abs-plast-jck211\/","title":{"rendered":"Albuekobling \u2013 ABS-plast \u2013 JCK211"},"content":{"rendered":"<h1 class=\"product_title entry-title elementor-heading-title elementor-size-default\">Albuekobling \u2013 ABS-plast \u2013 JCK211<\/h1>\n<p>Robust modell i ABS-plast med konveks trykkplate og taktile riller.<\/p>\n<p>Sporene gj\u00f8r det lettere for synshemmede \u00e5 vite hvor de skal trykke for \u00e5 aktivere albuebryteren.<\/p>\n<p>Modellen har hvitt lokk og hvit base.<\/p>\n<p>JCK211 leveres med 1 mikrobryter, men kan ogs\u00e5 bestilles med flere.<\/p>\n<section>\n<h3>Teknisk spesifikasjon<\/h3>\n<ul>\n<li>Laget i Sverige.<\/li>\n<li>Materiale: Resirkulerbar ABS-plast.<\/li>\n<li>M\u00e5l l\/b\/h: 250x95x25 mm.<\/li>\n<li>Mikrobryter: Standard 1 stk NO IP67. Kan bestilles med 2, samt med NO\/NC.<\/li>\n<\/ul>\n<\/section>","protected":false},"excerpt":{"rendered":"<p>Produktm\u00e5l: 250 x 95 x 25 mm.<\/p>\n<p>Plast albuekobling med konveks trykkplate og taktile riller.<\/p>\n<p>Hvit trykkplate og hvit ramme.<\/p>","protected":false},"featured_media":148635,"template":"","meta":{"_acf_changed":false},"product_brand":[],"product_cat":[1422,4705],"product_tag":[2989],"class_list":{"0":"post-148637","1":"product","2":"type-product","3":"status-publish","4":"has-post-thumbnail","6":"product_cat-armbagskontakter-dorrautomatik","7":"product_cat-abs-plast","8":"product_tag-egen-logo-ej-taggar-kort","9":"product_shipping_class-tunga-paket","10":"pa_brands-jc-kontakter","11":"tm-has-options","13":"first","14":"instock","15":"sale","16":"featured","17":"taxable","18":"shipping-taxable","19":"purchasable","20":"product-type-simple"},"acf":[],"_links":{"self":[{"href":"https:\/\/secureus.se\/no\/wp-json\/wp\/v2\/product\/148637","targetHints":{"allow":["GET"]}}],"collection":[{"href":"https:\/\/secureus.se\/no\/wp-json\/wp\/v2\/product"}],"about":[{"href":"https:\/\/secureus.se\/no\/wp-json\/wp\/v2\/types\/product"}],"wp:featuredmedia":[{"embeddable":true,"href":"https:\/\/secureus.se\/no\/wp-json\/wp\/v2\/media\/148635"}],"wp:attachment":[{"href":"https:\/\/secureus.se\/no\/wp-json\/wp\/v2\/media?parent=148637"}],"wp:term":[{"taxonomy":"product_brand","embeddable":true,"href":"https:\/\/secureus.se\/no\/wp-json\/wp\/v2\/product_brand?post=148637"},{"taxonomy":"product_cat","embeddable":true,"href":"https:\/\/secureus.se\/no\/wp-json\/wp\/v2\/product_cat?post=148637"},{"taxonomy":"product_tag","embeddable":true,"href":"https:\/\/secureus.se\/no\/wp-json\/wp\/v2\/product_tag?post=148637"}],"curies":[{"name":"wp","href":"https:\/\/api.w.org\/{rel}","templated":true}]}}