{"id":148658,"date":"2025-03-10T11:43:26","date_gmt":"2025-03-10T10:43:26","guid":{"rendered":"https:\/\/secureus.se\/armbagskontakt-aluminium-jck257\/"},"modified":"2026-04-16T16:23:41","modified_gmt":"2026-04-16T14:23:41","slug":"armbagskontakt-aluminium-jck257","status":"publish","type":"product","link":"https:\/\/secureus.se\/no\/armbagskontakt-aluminium-jck257\/","title":{"rendered":"Albuekobling \u2013 Aluminium \u2013 JCK257"},"content":{"rendered":"<h1>Albuekobling \u2013 Aluminium \u2013 JCK257<\/h1>\n<section>JCK257 har to trykkflater og er laget av sort eloksert aluminium med hvite endestykker. Begge trykkflatene er utformet med fire taktile riller og fungerer som ekstra veiledning for personer med synshemming.<\/p>\n<p>JCK257 er en del av en produktserie av albuekontakter med to trykkflater som er like store.<\/p>\n<p>Serien er spesielt utviklet for milj\u00f8er med doble slagd\u00f8rer og gj\u00f8r det mulig \u00e5 styre hver d\u00f8r separat med sin egen trykknapp.<\/p>\n<p>Funksjonen bidrar til \u00e5 redusere kaldtrekk og trekk, og sparer energi sammenlignet med at begge d\u00f8rene \u00e5pnes hver gang de \u00e5pnes.<\/p>\n<p>Disse albuekoblingene kan ogs\u00e5 v\u00e6re egnet i en passasje hvor det er to innganger til lokalene.<\/p>\n<\/section>\n<section>\n<h4>Teknisk spesifikasjon<\/h4>\n<ul>\n<li>Laget i Sverige.<\/li>\n<li>Materiale: Alu.6060-T6, POM Plast (Acetalplast).<\/li>\n<li>M\u00e5l standardversjon l\/b\/h: 477x80x23 mm.<\/li>\n<li>Mikrobryter: Standard 2stk NO IP67.<\/li>\n<\/ul>\n<\/section>","protected":false},"excerpt":{"rendered":"<p>Produktm\u00e5l: 311 x 80 x 23 mm.<\/p>\n<p>Albuekobling i s\u00f8lv anodisert aluminium med sorte endestykker.<\/p>\n<p>Doble trykkflater med taktile riller.<\/p>","protected":false},"featured_media":148656,"template":"","meta":{"_acf_changed":false},"product_brand":[],"product_cat":[1422,4706],"product_tag":[],"class_list":{"0":"post-148658","1":"product","2":"type-product","3":"status-publish","4":"has-post-thumbnail","6":"product_cat-armbagskontakter-dorrautomatik","7":"product_cat-metall","8":"product_shipping_class-tunga-paket","9":"pa_brands-jc-kontakter","10":"tm-no-options","12":"first","13":"instock","14":"sale","15":"taxable","16":"shipping-taxable","17":"purchasable","18":"product-type-simple"},"acf":[],"_links":{"self":[{"href":"https:\/\/secureus.se\/no\/wp-json\/wp\/v2\/product\/148658","targetHints":{"allow":["GET"]}}],"collection":[{"href":"https:\/\/secureus.se\/no\/wp-json\/wp\/v2\/product"}],"about":[{"href":"https:\/\/secureus.se\/no\/wp-json\/wp\/v2\/types\/product"}],"wp:featuredmedia":[{"embeddable":true,"href":"https:\/\/secureus.se\/no\/wp-json\/wp\/v2\/media\/148656"}],"wp:attachment":[{"href":"https:\/\/secureus.se\/no\/wp-json\/wp\/v2\/media?parent=148658"}],"wp:term":[{"taxonomy":"product_brand","embeddable":true,"href":"https:\/\/secureus.se\/no\/wp-json\/wp\/v2\/product_brand?post=148658"},{"taxonomy":"product_cat","embeddable":true,"href":"https:\/\/secureus.se\/no\/wp-json\/wp\/v2\/product_cat?post=148658"},{"taxonomy":"product_tag","embeddable":true,"href":"https:\/\/secureus.se\/no\/wp-json\/wp\/v2\/product_tag?post=148658"}],"curies":[{"name":"wp","href":"https:\/\/api.w.org\/{rel}","templated":true}]}}