{"id":148663,"date":"2025-03-04T16:45:04","date_gmt":"2025-03-04T15:45:04","guid":{"rendered":"https:\/\/secureus.se\/armbagskontakt-aluminium-jck118\/"},"modified":"2026-04-16T16:42:37","modified_gmt":"2026-04-16T14:42:37","slug":"armbagskontakt-aluminium-jck118","status":"publish","type":"product","link":"https:\/\/secureus.se\/no\/armbagskontakt-aluminium-jck118\/","title":{"rendered":"Albuekobling \u2013 Aluminium \u2013 JCK118"},"content":{"rendered":"<h1>Albuekobling \u2013 Aluminium \u2013 JCK118<\/h1>\n<p>JCK118 er en slitesterk albuekobling laget av aluminium med svart eloksert finish.<\/p>\n<p>Med sine hvite endestykker gir modellen maksimal kontrast i de fleste milj\u00f8er.<\/p>\n<p>Modellen er f\u00f8rst og fremst beregnet for utend\u00f8rs bruk, og egner seg godt i krevende milj\u00f8er.<\/p>\n<p>JCK118 leveres med 2 mikrobrytere i IP67.<\/p>\n<section>\n<h4>Teknisk spesifikasjon<\/h4>\n<ul>\n<li>Laget i Sverige.<\/li>\n<li>Materiale: Alu.6060-T6, POM Plast (Acetalplast).<\/li>\n<li>M\u00e5l l\/b\/h: 245x80x28 mm.<\/li>\n<li>Mikrobryter: Standard 2stk NO IP67. Kan bestilles med NO\/NC.<\/li>\n<\/ul>\n<\/section>","protected":false},"excerpt":{"rendered":"<p>Produktm\u00e5l: 245 x 80 x 28 mm.<\/p>\n<p>Albuekobling med konkav trykkplate i sort anodisert aluminium og hvite endestykker.<\/p>","protected":false},"featured_media":148659,"template":"","meta":{"_acf_changed":false},"product_brand":[],"product_cat":[1422,4706],"product_tag":[],"class_list":{"0":"post-148663","1":"product","2":"type-product","3":"status-publish","4":"has-post-thumbnail","6":"product_cat-armbagskontakter-dorrautomatik","7":"product_cat-metall","8":"product_shipping_class-tunga-paket","9":"pa_brands-jc-kontakter","10":"tm-has-options","12":"first","13":"instock","14":"sale","15":"taxable","16":"shipping-taxable","17":"purchasable","18":"product-type-simple"},"acf":[],"_links":{"self":[{"href":"https:\/\/secureus.se\/no\/wp-json\/wp\/v2\/product\/148663","targetHints":{"allow":["GET"]}}],"collection":[{"href":"https:\/\/secureus.se\/no\/wp-json\/wp\/v2\/product"}],"about":[{"href":"https:\/\/secureus.se\/no\/wp-json\/wp\/v2\/types\/product"}],"wp:featuredmedia":[{"embeddable":true,"href":"https:\/\/secureus.se\/no\/wp-json\/wp\/v2\/media\/148659"}],"wp:attachment":[{"href":"https:\/\/secureus.se\/no\/wp-json\/wp\/v2\/media?parent=148663"}],"wp:term":[{"taxonomy":"product_brand","embeddable":true,"href":"https:\/\/secureus.se\/no\/wp-json\/wp\/v2\/product_brand?post=148663"},{"taxonomy":"product_cat","embeddable":true,"href":"https:\/\/secureus.se\/no\/wp-json\/wp\/v2\/product_cat?post=148663"},{"taxonomy":"product_tag","embeddable":true,"href":"https:\/\/secureus.se\/no\/wp-json\/wp\/v2\/product_tag?post=148663"}],"curies":[{"name":"wp","href":"https:\/\/api.w.org\/{rel}","templated":true}]}}