{"id":148669,"date":"2025-03-04T16:31:44","date_gmt":"2025-03-04T15:31:44","guid":{"rendered":"https:\/\/secureus.se\/armbagskontakt-50mm-alu-jck265\/"},"modified":"2026-04-16T16:49:17","modified_gmt":"2026-04-16T14:49:17","slug":"armbagskontakt-50mm-alu-jck265","status":"publish","type":"product","link":"https:\/\/secureus.se\/no\/armbagskontakt-50mm-alu-jck265\/","title":{"rendered":"Albuekontakt \u2013 50mm \u2013 Alu \u2013 JCK265"},"content":{"rendered":"<h1 class=\"product_title entry-title elementor-heading-title elementor-size-default\">Albuekontakt \u2013 50mm \u2013 Alu \u2013 JCK265<\/h1>\n<p>JCK265 er spesielt utviklet for montering p\u00e5 glasspartier med 50 mm profilsystemer.<\/p>\n<p>Modellen egner seg ogs\u00e5 for installasjon i andre milj\u00f8er hvor det er begrenset med plass.<\/p>\n<p>JCK265 er utstyrt med doble trykkflater og laget av sort eloksert aluminium med hvite endestykker.<\/p>\n<p>V\u00e5re albuebrytere med doble trykkflater er utviklet for milj\u00f8er med doble slagd\u00f8rer og muliggj\u00f8r separat styring av hver d\u00f8r.<\/p>\n<p>Dette reduserer kaldt trekk og trekk samtidig som det sparer energi, da begge d\u00f8rene ikke trenger \u00e5 \u00e5pnes for hver gang.<\/p>\n<p>Funksjonen er ogs\u00e5 praktisk i rom med to separate innganger til samme rom.<\/p>\n<h4>Teknisk spesifikasjon<\/h4>\n<ul>\n<li>Laget i Sverige.<\/li>\n<li>Materiale: Alu.6060-T6, POM Plast (Acetalplast).<\/li>\n<li>M\u00e5l standardversjon l\/b\/h: 311x50x23 mm.<\/li>\n<li>Mikrobrytere: 2 stk IP67. 1 NO\/NC (lite trykkomr\u00e5de), 1 NO (stort trykkomr\u00e5de).<\/li>\n<\/ul>\n<p>&nbsp;<\/p>","protected":false},"excerpt":{"rendered":"<p>Produktm\u00e5l: 311 x 50 x 23 mm.<\/p>\n<p>Albuekobling i sort anodisert aluminium med hvite endestykker.<\/p>\n<p>Slank modell med doble trykkflater.<\/p>","protected":false},"featured_media":148668,"template":"","meta":{"_acf_changed":false},"product_brand":[],"product_cat":[1422,4706],"product_tag":[],"class_list":{"0":"post-148669","1":"product","2":"type-product","3":"status-publish","4":"has-post-thumbnail","6":"product_cat-armbagskontakter-dorrautomatik","7":"product_cat-metall","8":"product_shipping_class-tunga-paket","9":"pa_brands-jc-kontakter","10":"tm-has-options","12":"first","13":"instock","14":"sale","15":"taxable","16":"shipping-taxable","17":"purchasable","18":"product-type-simple"},"acf":[],"_links":{"self":[{"href":"https:\/\/secureus.se\/no\/wp-json\/wp\/v2\/product\/148669","targetHints":{"allow":["GET"]}}],"collection":[{"href":"https:\/\/secureus.se\/no\/wp-json\/wp\/v2\/product"}],"about":[{"href":"https:\/\/secureus.se\/no\/wp-json\/wp\/v2\/types\/product"}],"wp:featuredmedia":[{"embeddable":true,"href":"https:\/\/secureus.se\/no\/wp-json\/wp\/v2\/media\/148668"}],"wp:attachment":[{"href":"https:\/\/secureus.se\/no\/wp-json\/wp\/v2\/media?parent=148669"}],"wp:term":[{"taxonomy":"product_brand","embeddable":true,"href":"https:\/\/secureus.se\/no\/wp-json\/wp\/v2\/product_brand?post=148669"},{"taxonomy":"product_cat","embeddable":true,"href":"https:\/\/secureus.se\/no\/wp-json\/wp\/v2\/product_cat?post=148669"},{"taxonomy":"product_tag","embeddable":true,"href":"https:\/\/secureus.se\/no\/wp-json\/wp\/v2\/product_tag?post=148669"}],"curies":[{"name":"wp","href":"https:\/\/api.w.org\/{rel}","templated":true}]}}