{"id":148671,"date":"2025-03-04T16:29:00","date_gmt":"2025-03-04T15:29:00","guid":{"rendered":"https:\/\/secureus.se\/armbagskontakt-50mm-alu-jck260\/"},"modified":"2026-04-16T16:50:15","modified_gmt":"2026-04-16T14:50:15","slug":"armbagskontakt-50mm-alu-jck260","status":"publish","type":"product","link":"https:\/\/secureus.se\/no\/armbagskontakt-50mm-alu-jck260\/","title":{"rendered":"Albuekontakt \u2013 50mm \u2013 Alu \u2013 JCK260"},"content":{"rendered":"<h1 class=\"product_title entry-title elementor-heading-title elementor-size-default\">Albuekontakt \u2013 50mm \u2013 Alu \u2013 JCK260<\/h1>\n<p>JCK260 er kun 50mm bred og utviklet for montering p\u00e5 glasseksjoner bygget med 50mm profilsystemer, samt i andre rom hvor det er begrenset med plass.<\/p>\n<p>Modellen har doble trykkflater og er laget av s\u00f8lv anodisert aluminium med sorte endestykker.<\/p>\n<p>V\u00e5re albuebrytere med doble trykkflater er utviklet for milj\u00f8er med doble slagd\u00f8rer og gj\u00f8r det mulig \u00e5 styre hver d\u00f8r separat med sin egen trykknapp.<\/p>\n<p>Funksjonen bidrar til \u00e5 redusere kaldtrekk og trekk, og sparer energi sammenlignet med at begge d\u00f8rene \u00e5pnes hver gang de \u00e5pnes.<\/p>\n<p>Disse albuekoblingene kan ogs\u00e5 v\u00e6re egnet i en passasje hvor det er to innganger til lokalene.<\/p>\n<h4>Teknisk spesifikasjon<\/h4>\n<ul>\n<li>Laget i Sverige.<\/li>\n<li>Materiale: Alu.6060-T6, POM Plast (Acetalplast).<\/li>\n<li>M\u00e5l standardversjon l\/b\/h: 311x50x23 mm.<\/li>\n<li>Mikrobrytere: 2 stk IP67. 1 NO\/NC (lite trykkomr\u00e5de), 1 NO (stort trykkomr\u00e5de).<\/li>\n<\/ul>\n<p>&nbsp;<\/p>","protected":false},"excerpt":{"rendered":"<p>Produktm\u00e5l: 311 x 50 x 23 mm.<\/p>\n<p>Albuekobling i s\u00f8lv anodisert aluminium med sorte endestykker.<\/p>\n<p>Slank modell med doble trykkflater.<\/p>","protected":false},"featured_media":148670,"template":"","meta":{"_acf_changed":false},"product_brand":[],"product_cat":[1422,4706],"product_tag":[],"class_list":{"0":"post-148671","1":"product","2":"type-product","3":"status-publish","4":"has-post-thumbnail","6":"product_cat-armbagskontakter-dorrautomatik","7":"product_cat-metall","8":"product_shipping_class-tunga-paket","9":"pa_brands-jc-kontakter","10":"tm-has-options","12":"first","13":"instock","14":"sale","15":"taxable","16":"shipping-taxable","17":"purchasable","18":"product-type-simple"},"acf":[],"_links":{"self":[{"href":"https:\/\/secureus.se\/no\/wp-json\/wp\/v2\/product\/148671","targetHints":{"allow":["GET"]}}],"collection":[{"href":"https:\/\/secureus.se\/no\/wp-json\/wp\/v2\/product"}],"about":[{"href":"https:\/\/secureus.se\/no\/wp-json\/wp\/v2\/types\/product"}],"wp:featuredmedia":[{"embeddable":true,"href":"https:\/\/secureus.se\/no\/wp-json\/wp\/v2\/media\/148670"}],"wp:attachment":[{"href":"https:\/\/secureus.se\/no\/wp-json\/wp\/v2\/media?parent=148671"}],"wp:term":[{"taxonomy":"product_brand","embeddable":true,"href":"https:\/\/secureus.se\/no\/wp-json\/wp\/v2\/product_brand?post=148671"},{"taxonomy":"product_cat","embeddable":true,"href":"https:\/\/secureus.se\/no\/wp-json\/wp\/v2\/product_cat?post=148671"},{"taxonomy":"product_tag","embeddable":true,"href":"https:\/\/secureus.se\/no\/wp-json\/wp\/v2\/product_tag?post=148671"}],"curies":[{"name":"wp","href":"https:\/\/api.w.org\/{rel}","templated":true}]}}