{"id":148796,"date":"2025-03-13T14:40:11","date_gmt":"2025-03-13T13:40:11","guid":{"rendered":"https:\/\/secureus.se\/rwc-larm-komplett-kit\/"},"modified":"2025-12-31T21:47:19","modified_gmt":"2025-12-31T20:47:19","slug":"rwc-larm-komplett-kit","status":"publish","type":"product","link":"https:\/\/secureus.se\/no\/rwc-larm-komplett-kit\/","title":{"rendered":"RWC Alarm \u2013 Komplett alarmsett for n\u00f8dsituasjoner inkludert str\u00f8mforsyning \u2013 CE-merket"},"content":{"rendered":"<h1 data-start=\"549\" data-end=\"788\">RWC Alarm er en p\u00e5litelig og brukervennlig l\u00f8sning for \u00e5 \u00f8ke sikkerheten p\u00e5 toaletter og andre tilgjengelige milj\u00f8er.<\/h1>\n<p>RWC-alarmen kobles med en 2-leder kabel eller en 4-leder kabel. Koble str\u00f8mforsyningen via elektrisk kabel til 220V.<\/p>\n<p data-start=\"549\" data-end=\"788\">Systemet er designet for \u00e5 muliggj\u00f8re rask assistanse i n\u00f8dssituasjoner gjennom en tydelig alarmindikasjon.<\/p>\n<p data-start=\"790\" data-end=\"820\"><strong data-start=\"790\" data-end=\"818\">Funksjoner og fordeler med denne RWC-alarmen:<\/strong><\/p>\n<ul data-start=\"821\" data-end=\"1230\">\n<li data-start=\"821\" data-end=\"894\"><strong data-start=\"823\" data-end=\"841\">Komplett pakke<\/strong> \u2013 Inkluderer n\u00f8dknapp, trekksnor og alarmindikator.<\/li>\n<li data-start=\"895\" data-end=\"981\"><strong data-start=\"897\" data-end=\"922\">Tydelig alarmindikasjon<\/strong> \u2013 Lyd- og lyssignalering for umiddelbar oppmerksomhet.<\/li>\n<li data-start=\"982\" data-end=\"1070\"><strong data-start=\"984\" data-end=\"1003\">Brukervennlig<\/strong> \u2013 Enkel \u00e5 aktivere, selv for personer med begrenset mobilitet.<\/li>\n<li data-start=\"1071\" data-end=\"1159\"><strong data-start=\"1073\" data-end=\"1096\">Enkel \u00e5 installere<\/strong> \u2013 Egnet for offentlige toaletter, helsetjenester og bedrifter.<\/li>\n<li data-start=\"1160\" data-end=\"1230\"><strong data-start=\"1162\" data-end=\"1183\">H\u00f8y driftssikkerhet<\/strong> \u2013 Robust design med p\u00e5litelig funksjonalitet.<\/li>\n<\/ul>\n<p data-start=\"1232\" data-end=\"1257\"><strong data-start=\"1232\" data-end=\"1255\">Bruksomr\u00e5der for RWC Alarm \u2013 Emergency Alarm<\/strong><\/p>\n<ul data-start=\"1258\" data-end=\"1370\">\n<li data-start=\"1258\" data-end=\"1282\">Offentlige toaletter<\/li>\n<li data-start=\"1283\" data-end=\"1315\">Sykehus og omsorgsanlegg<\/li>\n<li data-start=\"1316\" data-end=\"1344\">Skoler og arbeidsplasser<\/li>\n<li data-start=\"1345\" data-end=\"1370\">Hoteller og kj\u00f8pesentre<\/li>\n<\/ul>\n<p data-start=\"1372\" data-end=\"1403\"><strong data-start=\"1372\" data-end=\"1401\">Tekniske spesifikasjoner:<\/strong><\/p>\n<p>Str\u00f8mkilde: 12V\u201324V DC<\/p>\n<p>Alarmtype: Akustisk og visuell indikasjon<\/p>\n<p>Montering: Veggmontert enhet med trekksnor<\/p>\n<p>Materiale: Slitesterk og lett \u00e5 rengj\u00f8re<\/p>\n<p><strong>Produktlengde\/-dybde:<\/strong> 280 mm<\/p>\n<p><strong>Produkth\u00f8yde:<\/strong> 48 mm<\/p>\n<p><strong>Produktbredde:<\/strong> 211 mm<\/p>\n<p><strong>Produktvekt:<\/strong> 0,498 kg<\/p>\n<p><strong>Sertifiseringer:<\/strong> CE<\/p>\n<p>&nbsp;<\/p>\n<h3 data-start=\"191\" data-end=\"224\"><strong data-start=\"195\" data-end=\"222\">RWC alarminstallasjon<\/strong><\/h3>\n<p data-start=\"225\" data-end=\"325\">For \u00e5 sikre korrekt og sikker installasjon av toalettalarmen b\u00f8r f\u00f8lgende retningslinjer f\u00f8lges.<\/p>\n<h3 data-start=\"327\" data-end=\"366\"><strong data-start=\"331\" data-end=\"364\">Elektrisk installasjon (nettledning)<\/strong><\/h3>\n<ul data-start=\"367\" data-end=\"727\">\n<li data-start=\"367\" data-end=\"499\">Str\u00f8mforsyningen til alarmsentralen skal skje via en fast installasjon med en <strong data-start=\"448\" data-end=\"465\">trelederkabel<\/strong> med et areal p\u00e5 minst <strong data-start=\"487\" data-end=\"496\">1 mm\u00b2<\/strong>.<\/li>\n<li data-start=\"500\" data-end=\"595\">Tilkoblingen skal gj\u00f8res via en <strong data-start=\"530\" data-end=\"570\">isolert, brytbar og sikret forsyning<\/strong> med en <strong data-start=\"578\" data-end=\"592\">3A sikring<\/strong>.<\/li>\n<li data-start=\"596\" data-end=\"727\">Installasjonen skal utf\u00f8res iht <strong data-start=\"640\" data-end=\"676\">IEE Wiring Regulations (BS 7671)<\/strong> eller gjeldende nasjonale forskrifter for elektrisk installasjon.<\/li>\n<\/ul>\n<h3 data-start=\"729\" data-end=\"796\"><strong data-start=\"733\" data-end=\"794\">Kabling med ekstra lav spenning (ELV).<\/strong><\/h3>\n<ul data-start=\"797\" data-end=\"1019\">\n<li data-start=\"797\" data-end=\"868\">Alle <strong data-start=\"803\" data-end=\"827\">lavspenningsledninger<\/strong> m\u00e5 skilles fra nettspenningen.<\/li>\n<li data-start=\"869\" data-end=\"925\">Systemet krever en <strong data-start=\"890\" data-end=\"922\">minst 2-leder kabel (0,4 mm\u00b2)<\/strong>.<\/li>\n<li data-start=\"926\" data-end=\"1019\">Alle veggmonterte enheter skal installeres p\u00e5 en <strong data-start=\"977\" data-end=\"994\">monteringsramme<\/strong> med tilstrekkelig dybde.<\/li>\n<\/ul>\n<h3 data-start=\"1021\" data-end=\"1070\"><strong data-start=\"1025\" data-end=\"1068\">Koblingsskjema \u2013 Koble til enheter<\/strong><\/h3>\n<p data-start=\"1071\" data-end=\"1129\">F\u00f8lgende tilkoblinger skal gj\u00f8res i henhold til koblingsskjemaet:<\/p>\n<ol data-start=\"1131\" data-end=\"1644\">\n<li data-start=\"1131\" data-end=\"1229\">\n<p data-start=\"1134\" data-end=\"1176\"><strong data-start=\"1134\" data-end=\"1174\">Str\u00f8mforsyning (str\u00f8mforsyning, 12V)<\/strong><\/p>\n<ul data-start=\"1180\" data-end=\"1229\">\n<li data-start=\"1180\" data-end=\"1229\"><strong data-start=\"1182\" data-end=\"1198\">Kobler til<\/strong>: Trekk ledning enhet IN-port.<\/li>\n<\/ul>\n<\/li>\n<li data-start=\"1231\" data-end=\"1381\">\n<p data-start=\"1234\" data-end=\"1266\"><strong data-start=\"1234\" data-end=\"1264\">Trekkledningsenhet<\/strong><\/p>\n<ul data-start=\"1270\" data-end=\"1381\">\n<li data-start=\"1270\" data-end=\"1318\"><strong data-start=\"1272\" data-end=\"1283\">IN port<\/strong> koblet til str\u00f8mforsyningen.<\/li>\n<li data-start=\"1322\" data-end=\"1381\"><strong data-start=\"1324\" data-end=\"1336\">OUT port<\/strong> koblet til Cancel-knappen (Cancel Unit).<\/li>\n<\/ul>\n<\/li>\n<li data-start=\"1383\" data-end=\"1550\">\n<p data-start=\"1386\" data-end=\"1418\"><strong data-start=\"1386\" data-end=\"1416\">Avbryt-knapp (Avbryt enhet)<\/strong><\/p>\n<ul data-start=\"1422\" data-end=\"1550\">\n<li data-start=\"1422\" data-end=\"1479\"><strong data-start=\"1424\" data-end=\"1435\">IN port<\/strong> kobles til OUT-porten p\u00e5 Pull Cord-enheten.<\/li>\n<li data-start=\"1483\" data-end=\"1550\"><strong data-start=\"1485\" data-end=\"1497\">OUT port<\/strong> koblet til Overd\u00f8r-indikatoren.<\/li>\n<\/ul>\n<\/li>\n<li data-start=\"1552\" data-end=\"1644\">\n<p data-start=\"1555\" data-end=\"1596\"><strong data-start=\"1555\" data-end=\"1594\">Overd\u00f8rsindikator<\/strong><\/p>\n<ul data-start=\"1600\" data-end=\"1644\">\n<li data-start=\"1600\" data-end=\"1644\"><strong data-start=\"1602\" data-end=\"1613\">IN port<\/strong> koblet til Avbryt-knappen.<\/li>\n<\/ul>\n<\/li>\n<\/ol>\n<h3 data-start=\"1646\" data-end=\"1678\"><strong data-start=\"1650\" data-end=\"1676\">Oversikt over forbindelser<\/strong><\/h3>\n<div class=\"overflow-x-auto contain-inline-size\">\n<table data-start=\"1680\" data-end=\"1840\">\n<thead data-start=\"1680\" data-end=\"1711\">\n<tr data-start=\"1680\" data-end=\"1711\">\n<th data-start=\"1680\" data-end=\"1694\"><strong data-start=\"1682\" data-end=\"1693\">OUT port<\/strong><\/th>\n<th data-start=\"1694\" data-end=\"1711\"><strong data-start=\"1696\" data-end=\"1707\">IN port<\/strong><\/th>\n<\/tr>\n<\/thead>\n<tbody data-start=\"1743\" data-end=\"1840\">\n<tr data-start=\"1743\" data-end=\"1768\">\n<td>PSU<\/td>\n<td>D\u00f8rindikator<\/td>\n<\/tr>\n<tr data-start=\"1769\" data-end=\"1803\">\n<td>D\u00f8rindikator<\/td>\n<td>Avbryt-knapp<\/td>\n<\/tr>\n<tr data-start=\"1804\" data-end=\"1840\">\n<td>Avbryt-knapp<\/td>\n<td>Trekkledningsenhet<\/td>\n<\/tr>\n<\/tbody>\n<\/table>\n<p>&nbsp;<\/p>\n<\/div>\n<h2 data-start=\"1847\" data-end=\"1896\"><strong data-start=\"1850\" data-end=\"1894\">Sammendrag installasjonsbeskrivelse<\/strong><\/h2>\n<h3 data-start=\"1898\" data-end=\"1944\"><strong data-start=\"1902\" data-end=\"1942\">Hurtigveiledning \u2013 RWC Alarminstallasjon<\/strong><\/h3>\n<ol data-start=\"1945\" data-end=\"2472\">\n<li data-start=\"1945\" data-end=\"2059\"><strong data-start=\"1948\" data-end=\"1969\">Str\u00f8mforsyning:<\/strong> Koble alarmen til en fast elektrisk installasjon med en <strong data-start=\"2019\" data-end=\"2033\">3A sikring<\/strong> og en <strong data-start=\"2041\" data-end=\"2056\">1 mm\u00b2 kabel<\/strong>.<\/li>\n<li data-start=\"2060\" data-end=\"2173\"><strong data-start=\"2063\" data-end=\"2088\">Lavspenningsledninger:<\/strong> Skille lavspentkabler fra nettspenningen og bruk <strong data-start=\"2147\" data-end=\"2170\">minst 0,4 mm\u00b2 kabel<\/strong>.<\/li>\n<li data-start=\"2174\" data-end=\"2376\"><strong data-start=\"2177\" data-end=\"2190\">Kobling:<\/strong>\n<ul data-start=\"2196\" data-end=\"2376\">\n<li data-start=\"2196\" data-end=\"2257\">Koble til <strong data-start=\"2205\" data-end=\"2227\">str\u00f8mforsyningen<\/strong> til <strong data-start=\"2233\" data-end=\"2254\">Trekkledningsenheten<\/strong>.<\/li>\n<li data-start=\"2261\" data-end=\"2318\">Koble til <strong data-start=\"2270\" data-end=\"2291\">Trekkledningsenheten<\/strong> til <strong data-start=\"2297\" data-end=\"2315\">Avbryt-knapp<\/strong>.<\/li>\n<li data-start=\"2322\" data-end=\"2376\">Koble til <strong data-start=\"2331\" data-end=\"2349\">Avbryt-knapp<\/strong> til <strong data-start=\"2355\" data-end=\"2373\">D\u00f8rindikatoren<\/strong>.<\/li>\n<\/ul>\n<\/li>\n<li data-start=\"2377\" data-end=\"2472\"><strong data-start=\"2380\" data-end=\"2401\">Sluttsjekk:<\/strong> Kontroller at alle enheter fungerer ved \u00e5 teste alarmfunksjonen.<\/li>\n<\/ol>","protected":false},"excerpt":{"rendered":"<p>RWC Alarm er et komplett n\u00f8dalarmsystem for tilgjengelige toaletter og andre rom hvor det kan v\u00e6re behov for hjelp raskt.<\/p>\n<p>Med trekksnor, alarmknapp og lyd\/lyssignalering s\u00f8rger dette systemet for rask respons i n\u00f8dssituasjoner. Enkel installasjon og h\u00f8y driftssikkerhet gj\u00f8r den til et utmerket valg for offentlige milj\u00f8er.<\/p>","protected":false},"featured_media":148794,"template":"","meta":{"_acf_changed":false},"product_brand":[],"product_cat":[1606],"product_tag":[],"class_list":{"0":"post-148796","1":"product","2":"type-product","3":"status-publish","4":"has-post-thumbnail","6":"product_cat-rwc-larm","7":"product_shipping_class-tunga-paket","8":"pa_brands-eaton","9":"tm-no-options","11":"first","12":"instock","13":"sale","14":"taxable","15":"shipping-taxable","16":"purchasable","17":"product-type-simple"},"acf":[],"_links":{"self":[{"href":"https:\/\/secureus.se\/no\/wp-json\/wp\/v2\/product\/148796","targetHints":{"allow":["GET"]}}],"collection":[{"href":"https:\/\/secureus.se\/no\/wp-json\/wp\/v2\/product"}],"about":[{"href":"https:\/\/secureus.se\/no\/wp-json\/wp\/v2\/types\/product"}],"wp:featuredmedia":[{"embeddable":true,"href":"https:\/\/secureus.se\/no\/wp-json\/wp\/v2\/media\/148794"}],"wp:attachment":[{"href":"https:\/\/secureus.se\/no\/wp-json\/wp\/v2\/media?parent=148796"}],"wp:term":[{"taxonomy":"product_brand","embeddable":true,"href":"https:\/\/secureus.se\/no\/wp-json\/wp\/v2\/product_brand?post=148796"},{"taxonomy":"product_cat","embeddable":true,"href":"https:\/\/secureus.se\/no\/wp-json\/wp\/v2\/product_cat?post=148796"},{"taxonomy":"product_tag","embeddable":true,"href":"https:\/\/secureus.se\/no\/wp-json\/wp\/v2\/product_tag?post=148796"}],"curies":[{"name":"wp","href":"https:\/\/api.w.org\/{rel}","templated":true}]}}