{"id":148866,"date":"2026-01-07T15:13:23","date_gmt":"2026-01-07T14:13:23","guid":{"rendered":"https:\/\/secureus.se\/?post_type=product&#038;p=148866"},"modified":"2026-03-13T10:45:50","modified_gmt":"2026-03-13T09:45:50","slug":"fjarrkontroll-for-led-ljuslist-med-rorelsesensor-full-kontroll-av-belysningen","status":"publish","type":"product","link":"https:\/\/secureus.se\/no\/fjarrkontroll-for-led-ljuslist-med-rorelsesensor-full-kontroll-av-belysningen\/","title":{"rendered":"Fjernkontroll for spotlight LED-lyslist i s\u00f8lv \u2013 full kontroll over belysningen"},"content":{"rendered":"<p data-start=\"0\" data-end=\"449\"><strong data-start=\"0\" data-end=\"83\">Fjernkontroll for LED-lysstripe med bevegelsessensor \u2013 Full kontroll over belysningen<\/strong><br data-start=\"83\" data-end=\"86\" \/>N\u00e5 trenger du ikke lenger st\u00e5 rett ved lyslisten for \u00e5 styre belysningen. Med denne fjernkontrollen kan du enkelt sl\u00e5 lampen eller flere lamper (opptil 20) av og p\u00e5, justere lysstyrken, bytte mellom forskjellige fargetemperaturer og til og med stille inn en timer mellom 15-60 minutter. Perfekt for de som \u00f8nsker maksimal bekvemmelighet og fleksibilitet ved bruk av v\u00e5re smarte LED-lyslister.<\/p>\n<hr data-start=\"451\" data-end=\"454\" \/>\n<h2 data-start=\"456\" data-end=\"475\">N\u00f8kkelegenskaper<\/h2>\n<ol data-start=\"477\" data-end=\"1293\">\n<li data-start=\"477\" data-end=\"593\">\n<p data-start=\"480\" data-end=\"593\"><strong data-start=\"480\" data-end=\"503\">P\u00e5\/av med ett klikk<\/strong><br data-start=\"503\" data-end=\"506\" \/>Hopp over bryet \u2013 sl\u00e5 LED-lyset p\u00e5 eller av direkte fra sofaen eller sengen.<\/p>\n<\/li>\n<li data-start=\"595\" data-end=\"771\">\n<p data-start=\"598\" data-end=\"771\"><strong data-start=\"598\" data-end=\"625\">Flere tidsinnstillinger<\/strong><br data-start=\"625\" data-end=\"628\" \/>Velg mellom <strong data-start=\"643\" data-end=\"673\">15, 30, 45 og 60 minutter<\/strong> tidtaker. Perfekt n\u00e5r du vil at lyset skal sl\u00e5 seg av automatisk uten at du trenger \u00e5 gj\u00f8re noe annet.<\/p>\n<\/li>\n<li data-start=\"773\" data-end=\"969\">\n<p data-start=\"776\" data-end=\"969\"><strong data-start=\"776\" data-end=\"800\">Justerbar lysstyrke<\/strong><br data-start=\"800\" data-end=\"803\" \/>Juster enkelt lysniv\u00e5et med <strong data-start=\"835\" data-end=\"846\">+\/- Lux<\/strong>knapper for \u00e5 f\u00e5 akkurat det rette lyset for \u00f8yeblikket, enten det er for lesing, dekorativ belysning eller en nattlampe.<\/p>\n<\/li>\n<li data-start=\"971\" data-end=\"1168\">\n<p data-start=\"974\" data-end=\"1168\"><strong data-start=\"974\" data-end=\"998\">Tre fargetemperaturer<\/strong><br data-start=\"998\" data-end=\"1001\" \/>Med et knappetrykk kan du bytte mellom <strong data-start=\"1044\" data-end=\"1078\">varmt, kj\u00f8lig og n\u00f8ytralt lys<\/strong>. Skap atmosf\u00e6ren du trenger \u2013 koselig belysning om kvelden eller sterk belysning mens du jobber.<\/p>\n<\/li>\n<li data-start=\"1170\" data-end=\"1293\">\n<p data-start=\"1173\" data-end=\"1293\"><strong data-start=\"1173\" data-end=\"1187\">Modusknapp<\/strong><br data-start=\"1187\" data-end=\"1190\" \/>Bytt raskt mellom ulike moduser.<\/p>\n<\/li>\n<\/ol>\n<hr data-start=\"1295\" data-end=\"1298\" \/>\n<h2 data-start=\"1300\" data-end=\"1322\">Teknisk informasjon<\/h2>\n<ul data-start=\"1324\" data-end=\"1912\">\n<li data-start=\"1324\" data-end=\"1433\"><strong data-start=\"1326\" data-end=\"1344\">Kompatibilitet<\/strong>: Fungerer med v\u00e5re LED-lyslister utstyrt med bevegelsessensor og fargetemperaturendring. Disse er lenket p\u00e5 denne produktsiden.<\/li>\n<li data-start=\"1434\" data-end=\"1518\"><strong data-start=\"1436\" data-end=\"1448\">omfang<\/strong>: Inntil flere meter, avhengig av milj\u00f8 og eventuelle hindringer.<\/li>\n<li data-start=\"1519\" data-end=\"1623\"><strong data-start=\"1521\" data-end=\"1538\">Batteridrevet<\/strong>: Drevet av et knappcellebatteri (CR2025) (inkludert) for lang driftstid.<\/li>\n<li data-start=\"1624\" data-end=\"1912\"><strong data-start=\"1626\" data-end=\"1637\">Knapper<\/strong>:\n<ul data-start=\"1643\" data-end=\"1912\">\n<li data-start=\"1643\" data-end=\"1672\"><strong data-start=\"1645\" data-end=\"1655\">P\u00c5\/AV<\/strong> \u2013 Str\u00f8mbryter<\/li>\n<li data-start=\"1675\" data-end=\"1718\"><strong data-start=\"1677\" data-end=\"1696\">15\/30\/45\/60 minutter<\/strong> \u2013 Tidsinnstillinger<\/li>\n<li data-start=\"1721\" data-end=\"1766\"><strong data-start=\"1723\" data-end=\"1734\">LUX +\/-<\/strong> \u2013 Trinnl\u00f8s lysstyrkejustering<\/li>\n<li data-start=\"1769\" data-end=\"1845\"><strong data-start=\"1771\" data-end=\"1779\">MOTE<\/strong> \u2013 Aktiverer forskjellige sensormoduser eller fargetemperaturinnstillinger<\/li>\n<li data-start=\"1848\" data-end=\"1912\"><strong data-start=\"1850\" data-end=\"1875\">Bytting av fargetemperatur<\/strong> \u2013 Varmt, kj\u00f8lig eller n\u00f8ytralt lys<\/li>\n<\/ul>\n<\/li>\n<\/ul>\n<blockquote data-start=\"1914\" data-end=\"2021\">\n<p data-start=\"1916\" data-end=\"2021\"><strong data-start=\"1916\" data-end=\"1929\">Merk<\/strong>: N\u00f8yaktige funksjoner kan variere avhengig av hvilken LED-lysmodell du bruker den til. Vi kan ikke svare p\u00e5 om det fungerer med andre lyslister enn v\u00e5re egne.<\/p>\n<\/blockquote>\n<h2 data-start=\"2028\" data-end=\"2065\">Hvorfor du trenger en fjernkontroll<\/h2>\n<ul data-start=\"2067\" data-end=\"2486\">\n<li data-start=\"2067\" data-end=\"2156\"><strong data-start=\"2069\" data-end=\"2093\">Maksimal komfort<\/strong>: Du trenger ikke g\u00e5 til lampen for \u00e5 endre innstillinger eller sl\u00e5 den p\u00e5.<\/li>\n<li data-start=\"2157\" data-end=\"2244\"><strong data-start=\"2159\" data-end=\"2175\">Spar energi<\/strong>: Timerfunksjonene s\u00f8rger for at du aldri glemmer \u00e5 sl\u00e5 av lampen.<\/li>\n<li data-start=\"2245\" data-end=\"2378\"><strong data-start=\"2247\" data-end=\"2270\">Fleksibel bruk<\/strong>: Perfekt hvis du har flere lamper p\u00e5 forskjellige steder eller hvis lampen er plassert h\u00f8yt eller vanskelig tilgjengelig.<\/li>\n<li data-start=\"2379\" data-end=\"2486\"><strong data-start=\"2381\" data-end=\"2403\">Rask installasjon<\/strong>: Par fjernkontrollen med lampen ved \u00e5 f\u00f8lge instruksjonene i h\u00e5ndboken.<\/li>\n<\/ul>\n<hr data-start=\"2488\" data-end=\"2491\" \/>\n<h2 data-start=\"2493\" data-end=\"2513\">Pakkeinnhold<\/h2>\n<ul data-start=\"2515\" data-end=\"2625\">\n<li data-start=\"2515\" data-end=\"2539\"><strong data-start=\"2517\" data-end=\"2537\">1\u00d7 Fjernkontroll<\/strong><\/li>\n<li data-start=\"2540\" data-end=\"2599\"><strong data-start=\"2542\" data-end=\"2569\">1\u00d7 CR knappcellebatteri<\/strong> (forh\u00e5ndsinstallert)<\/li>\n<li data-start=\"2600\" data-end=\"2625\"><strong data-start=\"2602\" data-end=\"2623\">1\u00d7 Brukerh\u00e5ndbok<\/strong><\/li>\n<\/ul>","protected":false},"excerpt":{"rendered":"<p><strong data-start=\"2826\" data-end=\"2878\">MERK: Fungerer kun med s\u00f8lvfargede spotlight-lysstriper!<\/strong><\/p>\n<p>Fjernkontroll for LED-lysstripe med bevegelsessensor \u2013 styr belysningen p\u00e5 avstand! Juster lysstyrken, bytt mellom varm, n\u00f8ytral eller kald fargetemperatur og still inn en timer for automatisk avstenging. Med brukervennlige knapper har du full kontroll over lampens funksjoner, uansett om den er plassert h\u00f8yt oppe eller vanskelig tilgjengelig. Oppgrader lysopplevelsen og spar energi med denne hendige fjernkontrollen som kan kobles til flere lyslister (opptil 20) samtidig!<\/p>","protected":false},"featured_media":148863,"template":"","meta":{"_acf_changed":false},"product_brand":[],"product_cat":[4181],"product_tag":[],"class_list":{"0":"post-148866","1":"product","2":"type-product","3":"status-publish","4":"has-post-thumbnail","6":"product_cat-belysning","7":"product_shipping_class-postnord-varubrev","8":"pa_brands-secureus","9":"tm-no-options","11":"first","12":"instock","13":"sale","14":"taxable","15":"shipping-taxable","16":"purchasable","17":"product-type-simple"},"acf":[],"_links":{"self":[{"href":"https:\/\/secureus.se\/no\/wp-json\/wp\/v2\/product\/148866","targetHints":{"allow":["GET"]}}],"collection":[{"href":"https:\/\/secureus.se\/no\/wp-json\/wp\/v2\/product"}],"about":[{"href":"https:\/\/secureus.se\/no\/wp-json\/wp\/v2\/types\/product"}],"wp:featuredmedia":[{"embeddable":true,"href":"https:\/\/secureus.se\/no\/wp-json\/wp\/v2\/media\/148863"}],"wp:attachment":[{"href":"https:\/\/secureus.se\/no\/wp-json\/wp\/v2\/media?parent=148866"}],"wp:term":[{"taxonomy":"product_brand","embeddable":true,"href":"https:\/\/secureus.se\/no\/wp-json\/wp\/v2\/product_brand?post=148866"},{"taxonomy":"product_cat","embeddable":true,"href":"https:\/\/secureus.se\/no\/wp-json\/wp\/v2\/product_cat?post=148866"},{"taxonomy":"product_tag","embeddable":true,"href":"https:\/\/secureus.se\/no\/wp-json\/wp\/v2\/product_tag?post=148866"}],"curies":[{"name":"wp","href":"https:\/\/api.w.org\/{rel}","templated":true}]}}